{"id":1001,"date":"2017-08-20T16:03:41","date_gmt":"2017-08-20T16:03:41","guid":{"rendered":"http:\/\/www.tatanka.nl\/?page_id=1001"},"modified":"2025-04-16T15:57:44","modified_gmt":"2025-04-16T14:57:44","slug":"shipping-psychedelics","status":"publish","type":"page","link":"https:\/\/www.tatanka.nl\/de\/shipping-psychedelics\/","title":{"rendered":"Versandmethoden"},"content":{"rendered":"<div id=\"gap-1253345036\" class=\"gap-element clearfix\" style=\"display:block; height:auto;\">\n\t\t\n<style>\n#gap-1253345036 {\n  padding-top: 70px;\n}\n<\/style>\n\t<\/div>\n\t\n\n<div class=\"row row-large\"  id=\"row-698893081\">\n\n\n\t<div id=\"col-2048995488\" class=\"col small-12 large-12\"  >\n\t\t\t\t<div class=\"col-inner text-left\"  >\n\t\t\t\n\t\t\t\n\n<h1>Liefern Sie auch in mein Land?<\/h1>\n<p>Wir liefern in die meisten EU-L\u00e4nder. Sie k\u00f6nnen diese in der Tabelle unten finden. Wir versenden alle unsere EU-Pakete mit DHL, DPD oder PostNL, je nach Region. Auf diese Weise k\u00f6nnen wir den bestm\u00f6glichen Service bieten. Sie erhalten immer einen Track-and-Trace-Code, mit dem Sie Ihr Paket von T\u00fcr zu T\u00fcr verfolgen k\u00f6nnen.<\/p>\n<table class=\"tblcal;\">\n<tbody>\n<tr>\n<th class=\"tblcall\">Land<\/th>\n<th class=\"tblcalll\">Lieferung<\/th>\n<th class=\"tblcallll\">Kosten<\/th>\n<th class=\"tblcalllll\" style=\"text-align: left;\">Kostenloser Versand<\/th>\n<\/tr>\n<tr>\n<td>\u00d6sterreich<\/td>\n<td>2 - 3<\/td>\n<td>\u20ac11,95<\/td>\n<td style=\"text-align: left;\">\u20ac125,-<\/td>\n<\/tr>\n<tr>\n<td>Belgien<\/td>\n<td>1 - 2<\/td>\n<td>\u20ac7,95<\/td>\n<td style=\"text-align: left;\">\u20ac125,-<\/td>\n<\/tr>\n<tr>\n<td>Bulgarien<\/td>\n<td>6 - 8<\/td>\n<td>\u20ac21,95<\/td>\n<td style=\"text-align: left;\">\u20ac125,-<\/td>\n<\/tr>\n<tr>\n<td>Kroatien<\/td>\n<td>3 - 5<\/td>\n<td>\u20ac17,95<\/td>\n<td style=\"text-align: left;\">\u20ac125,-<\/td>\n<\/tr>\n<tr>\n<td>Tschechische Republik<\/td>\n<td>2 - 4<\/td>\n<td>\u20ac13,95<\/td>\n<td style=\"text-align: left;\">\u20ac125,-<\/td>\n<\/tr>\n<tr>\n<td>Estland<\/td>\n<td>4 - 6<\/td>\n<td>\u20ac19,95<\/td>\n<td style=\"text-align: left;\">\u20ac125,-<\/td>\n<\/tr>\n<tr>\n<td>Frankreich<\/td>\n<td>2 - 3<\/td>\n<td>\u20ac10,95<\/td>\n<td style=\"text-align: left;\">\u20ac125,-<\/td>\n<\/tr>\n<tr>\n<td>Deutschland<\/td>\n<td>1 - 3<\/td>\n<td>\u20ac7,95<\/td>\n<td style=\"text-align: left;\">\u20ac125,-<\/td>\n<\/tr>\n<tr>\n<td>Griechenland<\/td>\n<td>6 - 8<\/td>\n<td>\u20ac21,95<\/td>\n<td style=\"text-align: left;\">\u20ac125,-<\/td>\n<\/tr>\n<tr>\n<td>Irland<\/td>\n<td>3 - 4<\/td>\n<td>\u20ac16,95<\/td>\n<td style=\"text-align: left;\">\u20ac125,-<\/td>\n<\/tr>\n<tr>\n<td>Italien<\/td>\n<td>2 - 4<\/td>\n<td>\u20ac18,95<\/td>\n<td style=\"text-align: left;\">\u20ac125,-<\/td>\n<\/tr>\n<tr>\n<td>Lettland<\/td>\n<td>3 - 5<\/td>\n<td>\u20ac15,95<\/td>\n<td style=\"text-align: left;\">\u20ac125,-<\/td>\n<\/tr>\n<tr>\n<td>Litauen<\/td>\n<td>3 - 5<\/td>\n<td>\u20ac22,95<\/td>\n<td style=\"text-align: left;\">\u20ac125,-<\/td>\n<\/tr>\n<tr>\n<td>Luxemburg<\/td>\n<td>1 - 2<\/td>\n<td>\u20ac11,95<\/td>\n<td style=\"text-align: left;\">\u20ac125,-<\/td>\n<\/tr>\n<tr>\n<td>Niederlande<\/td>\n<td>1 - 2<\/td>\n<td>\u20ac6,95<\/td>\n<td style=\"text-align: left;\">\u20ac125,-<\/td>\n<\/tr>\n<tr>\n<td>Polen<\/td>\n<td>2 - 3<\/td>\n<td>\u20ac14,95<\/td>\n<td style=\"text-align: left;\">\u20ac125,-<\/td>\n<\/tr>\n<tr>\n<td>Portugal<\/td>\n<td>3 - 4<\/td>\n<td>\u20ac20,95<\/td>\n<td style=\"text-align: left;\">\u20ac125,-<\/td>\n<\/tr>\n<tr>\n<td>Rum\u00e4nien<\/td>\n<td>3 - 5<\/td>\n<td>\u20ac17,95<\/td>\n<td style=\"text-align: left;\">\u20ac125,-<\/td>\n<\/tr>\n<tr>\n<td>Slowakei<\/td>\n<td>3 - 5<\/td>\n<td>\u20ac17,95<\/td>\n<td style=\"text-align: left;\">\u20ac125,-<\/td>\n<\/tr>\n<tr>\n<td>Slowenien<\/td>\n<td>2 - 3<\/td>\n<td>\u20ac17,95<\/td>\n<td style=\"text-align: left;\">\u20ac125,-<\/td>\n<\/tr>\n<tr>\n<td>Spanien<\/td>\n<td>2 - 3<\/td>\n<td>\u20ac14,95<\/td>\n<td style=\"text-align: left;\">\u20ac125,-<\/td>\n<\/tr>\n<\/tbody>\n<\/table>\n<p>* Schwer zug\u00e4ngliche Gebiete wie Inseln oder andere abgelegene Regionen kosten aufgrund zus\u00e4tzlicher Bef\u00f6rderungsgeb\u00fchren etwa \u20ac 20,- mehr.<\/p>\n<p>Hinweis: Wir versuchen, alle Bestellungen innerhalb von 1 Werktag zu versenden, alle Lieferzeiten sind gesch\u00e4tzt und k\u00f6nnen aufgrund von Verkehr und Feiertagen variieren.<\/p>\n\n\t\t<\/div>\n\t\t\t\t\t<\/div>\n\n\t\n\n<\/div>\n\n\t<section class=\"section\" id=\"section_574734399\">\n\t\t<div class=\"section-bg fill\" >\n\t\t\t\t\t\t\t\t\t<div class=\"section-bg-overlay absolute fill\"><\/div>\n\t\t\t\n\t<div class=\"is-border\"\n\t\tstyle=\"border-width:0px 0px 0px 0px;\">\n\t<\/div>\n\n\t\t<\/div>\n\n\t\t\n\n\t\t<div class=\"section-content relative\">\n\t\t\t\n\n<div class=\"row row-large align-middle\"  id=\"row-860434805\">\n\n\n\t<div id=\"col-1583517618\" class=\"col medium-6 small-12 large-6\"  >\n\t\t\t\t<div class=\"col-inner text-left dark\"  >\n\t\t\t\n\t\t\t\n\n<h2>Diskreter Versand<\/h3>\n<p>Wir versenden alle unsere EU-Pakete mit DHL, DPD oder PostNL, je nach Region.<\/p>\n<p>Alle unsere Bestellungen werden diskret verpackt und verschickt. Es gibt KEINEN Hinweis darauf, wer der Absender ist. Es gibt auch KEINEN Hinweis darauf, was der Inhalt ist. Kein Logo oder Text, der \"Tatanka\" erw\u00e4hnt, wird auf dem Paket zu finden sein.<\/p>\n\n\t\t<\/div>\n\t\t\t\t\t<\/div>\n\n\t\n\n\t<div id=\"col-545147877\" class=\"col medium-6 small-12 large-6 small-col-first\"  >\n\t\t\t\t<div class=\"col-inner\"  >\n\t\t\t\n\t\t\t\n\n\t<div class=\"img has-hover x md-x lg-x y md-y lg-y\" id=\"image_981614404\">\n\t\t\t\t\t\t\t\t<div class=\"img-inner image-cover dark\" style=\"padding-top:75%;\">\n\t\t\t<img loading=\"lazy\" decoding=\"async\" width=\"600\" height=\"400\" src=\"https:\/\/www.tatanka.nl\/wp-content\/uploads\/2018\/05\/Discreet-Shipping-Tatanka.jpg\" class=\"attachment-original size-original\" alt=\"- Tatanka.nl\" srcset=\"https:\/\/www.tatanka.nl\/wp-content\/uploads\/2018\/05\/Discreet-Shipping-Tatanka.jpg 600w, https:\/\/www.tatanka.nl\/wp-content\/uploads\/2018\/05\/Discreet-Shipping-Tatanka-420x280.jpg 420w, https:\/\/www.tatanka.nl\/wp-content\/uploads\/2018\/05\/Discreet-Shipping-Tatanka-64x43.jpg 64w\" sizes=\"auto, (max-width: 600px) 100vw, 600px\" title=\"- Tatanka.nl\">\t\t\t\t\t\t\n\t\t\t\t\t<\/div>\n\t\t\t\t\t\t\t\t\n<style>\n#image_981614404 {\n  width: 100%;\n}\n<\/style>\n\t<\/div>\n\t\n\n\t<div id=\"gap-491213081\" class=\"gap-element clearfix\" style=\"display:block; height:auto;\">\n\t\t\n<style>\n#gap-491213081 {\n  padding-top: 30px;\n}\n<\/style>\n\t<\/div>\n\t\n\n\n\t\t<\/div>\n\t\t\t\t\t<\/div>\n\n\t\n\n<\/div>\n\n\t\t<\/div>\n\n\t\t\n<style>\n#section_574734399 {\n  padding-top: 60px;\n  padding-bottom: 60px;\n}\n#section_574734399 .section-bg-overlay {\n  background-color: #000000;\n}\n<\/style>\n\t<\/section>\n\t\n\t<div id=\"gap-869043957\" class=\"gap-element clearfix\" style=\"display:block; height:auto;\">\n\t\t\n<style>\n#gap-869043957 {\n  padding-top: 60px;\n}\n<\/style>\n\t<\/div>\n\t\n\n<div class=\"row row-large\"  id=\"row-1256856860\">\n\n\n\t<div id=\"col-1332798376\" class=\"col medium-6 small-12 large-6\"  >\n\t\t\t\t<div class=\"col-inner text-left\"  >\n\t\t\t\n\t\t\t\n\n\t<div class=\"img has-hover x md-x lg-x y md-y lg-y\" id=\"image_1269877078\">\n\t\t\t\t\t\t\t\t<div class=\"img-inner image-cover dark\" style=\"padding-top:75%;\">\n\t\t\t<img loading=\"lazy\" decoding=\"async\" width=\"500\" height=\"300\" src=\"https:\/\/www.tatanka.nl\/wp-content\/uploads\/2018\/05\/Track-and-Trace-your-Package.jpg\" class=\"attachment-original size-original\" alt=\"- Tatanka.nl\" srcset=\"https:\/\/www.tatanka.nl\/wp-content\/uploads\/2018\/05\/Track-and-Trace-your-Package.jpg 500w, https:\/\/www.tatanka.nl\/wp-content\/uploads\/2018\/05\/Track-and-Trace-your-Package-420x252.jpg 420w, https:\/\/www.tatanka.nl\/wp-content\/uploads\/2018\/05\/Track-and-Trace-your-Package-64x38.jpg 64w\" sizes=\"auto, (max-width: 500px) 100vw, 500px\" title=\"- Tatanka.nl\">\t\t\t\t\t\t\n\t\t\t\t\t<\/div>\n\t\t\t\t\t\t\t\t\n<style>\n#image_1269877078 {\n  width: 100%;\n}\n<\/style>\n\t<\/div>\n\t\n\n\t<div id=\"gap-964943686\" class=\"gap-element clearfix\" style=\"display:block; height:auto;\">\n\t\t\n<style>\n#gap-964943686 {\n  padding-top: 30px;\n}\n<\/style>\n\t<\/div>\n\t\n\n\n\t\t<\/div>\n\t\t\t\t\t<\/div>\n\n\t\n\n\t<div id=\"col-1643689572\" class=\"col medium-6 small-12 large-6\"  >\n\t\t\t\t<div class=\"col-inner\"  >\n\t\t\t\n\t\t\t\n\n<h1>Versand verfolgen und verfolgen<\/h1>\n<p>Sobald der Kurier Ihr Paket hat, erhalten Sie eine E-Mail mit dem Link zur Sendungsverfolgung.<\/p>\n<p>Wenn Sie Ihr Paket verpasst haben, wird der Kurier normalerweise noch einige Male versuchen, Ihr Paket zuzustellen. Wird das Paket an einem anderen Ort zugestellt, hinterl\u00e4sst der Kurier einen Zettel mit der Adresse der n\u00e4chsten Poststelle, bei der das Paket abgeholt werden kann. In Ausnahmef\u00e4llen stellt der Kurier das Paket auch bei Ihren Nachbarn zu. Aber keine Sorge, durch den diskreten Versand wei\u00df niemand, was in dem Paket ist.<\/p>\n<p>Sie k\u00f6nnen den Kurierdienst mit Ihrer Sendungsverfolgungsnummer kontaktieren, um zu vermeiden, dass er Ihr Paket an uns zur\u00fccksendet. Normalerweise bleibt ein Paket 1 bis 2 Wochen bei der Post.<\/p>\n<p><strong>Sie haben Ihre Track &amp; Trace-Nummer nicht erhalten?<\/strong> Bitte \u00fcberpr\u00fcfen Sie Ihren Spam. Nicht vorhanden? Bitte kontaktieren Sie uns<strong>.<\/strong><\/p>\n\t<div id=\"gap-1067818942\" class=\"gap-element clearfix\" style=\"display:block; height:auto;\">\n\t\t\n<style>\n#gap-1067818942 {\n  padding-top: 30px;\n}\n<\/style>\n\t<\/div>\n\t\n\n\n\t\t<\/div>\n\t\t\t\t\t<\/div>\n\n\t\n\n<\/div>\n\n\t<section class=\"section\" id=\"section_1331574535\">\n\t\t<div class=\"section-bg fill\" >\n\t\t\t\t\t\t\t\t\t<div class=\"section-bg-overlay absolute fill\"><\/div>\n\t\t\t\n\t<div class=\"is-border\"\n\t\tstyle=\"border-width:0px 0px 0px 0px;\">\n\t<\/div>\n\n\t\t<\/div>\n\n\t\t\n\n\t\t<div class=\"section-content relative\">\n\t\t\t\n\n<div class=\"row row-large align-middle\"  id=\"row-881394263\">\n\n\n\t<div id=\"col-855699826\" class=\"col medium-6 small-12 large-6\"  >\n\t\t\t\t<div class=\"col-inner dark\"  >\n\t\t\t\n\t\t\t\n\n<h1>Rechtlicher Status in meinem Land<\/h1>\n<p>Alle unsere Produkte sind nat\u00fcrlich, Nahrungserg\u00e4nzungsmittel und in den Niederlanden legal. Sie k\u00f6nnen nur bestellen, wenn Sie 18+ sind. Sie sind daf\u00fcr verantwortlich, \u00fcber den rechtlichen Status unserer Produkte in Ihrem Land zu wissen. Bitte informieren Sie sich \u00fcber die Gesetze in Ihrem Land, bevor Sie einen Kauf t\u00e4tigen.<\/p>\n<p><strong>Das ist wichtig:<\/strong> Wir erstatten Ihr Geld nicht, wenn der Zoll Ihr Paket beschlagnahmt hat. Sie k\u00f6nnen es beschlagnahmen, bevor oder nachdem es in Ihr Land geschickt wurde. Allerdings k\u00f6nnen Sie immer verfolgen und verfolgen Sie Ihr Paket, um den neuesten Status Ihres Pakets zu folgen.<\/p>\n<p>Bitte lesen Sie unser <span style=\"color: #749a00;\"><a style=\"color: #749a00;\" href=\"https:\/\/www.tatanka.nl\/de\/terms-and-conditions\/\" rel=\"noopener\"><strong>Bedingungen und Konditionen.<\/strong><\/a><\/span><\/p>\n\n\t\t<\/div>\n\t\t\t\t\t<\/div>\n\n\t\n\n\t<div id=\"col-1427176872\" class=\"col medium-6 small-12 large-6 small-col-first\"  >\n\t\t\t\t<div class=\"col-inner\"  >\n\t\t\t\n\t\t\t\n\n\t<div class=\"img has-hover x md-x lg-x y md-y lg-y\" id=\"image_1340691730\">\n\t\t\t\t\t\t\t\t<div class=\"img-inner image-cover dark\" style=\"padding-top:75%;\">\n\t\t\t<img loading=\"lazy\" decoding=\"async\" width=\"500\" height=\"341\" src=\"https:\/\/www.tatanka.nl\/wp-content\/uploads\/2018\/05\/Tatanka-delivery.jpg\" class=\"attachment-original size-original\" alt=\"- Tatanka.nl\" srcset=\"https:\/\/www.tatanka.nl\/wp-content\/uploads\/2018\/05\/Tatanka-delivery.jpg 500w, https:\/\/www.tatanka.nl\/wp-content\/uploads\/2018\/05\/Tatanka-delivery-420x286.jpg 420w, https:\/\/www.tatanka.nl\/wp-content\/uploads\/2018\/05\/Tatanka-delivery-64x44.jpg 64w\" sizes=\"auto, (max-width: 500px) 100vw, 500px\" title=\"- Tatanka.nl\">\t\t\t\t\t\t\n\t\t\t\t\t<\/div>\n\t\t\t\t\t\t\t\t\n<style>\n#image_1340691730 {\n  width: 100%;\n}\n<\/style>\n\t<\/div>\n\t\n\n\t<div id=\"gap-1133251483\" class=\"gap-element clearfix\" style=\"display:block; height:auto;\">\n\t\t\n<style>\n#gap-1133251483 {\n  padding-top: 30px;\n}\n<\/style>\n\t<\/div>\n\t\n\n\n\t\t<\/div>\n\t\t\t\t\t<\/div>\n\n\t\n\n<\/div>\n\n\t\t<\/div>\n\n\t\t\n<style>\n#section_1331574535 {\n  padding-top: 60px;\n  padding-bottom: 60px;\n}\n#section_1331574535 .section-bg-overlay {\n  background-color: #000000;\n}\n<\/style>\n\t<\/section>\n\t\n\t<div id=\"gap-411860725\" class=\"gap-element clearfix\" style=\"display:block; height:auto;\">\n\t\t\n<style>\n#gap-411860725 {\n  padding-top: 40px;\n}\n<\/style>\n\t<\/div>\n\t\n\n<div class=\"row row-large align-middle\"  id=\"row-997977164\">\n\n\n\t<div id=\"col-89920666\" class=\"col medium-6 small-12 large-6\"  >\n\t\t\t\t<div class=\"col-inner\"  >\n\t\t\t\n\t\t\t\n\n\t<div class=\"img has-hover x md-x lg-x y md-y lg-y\" id=\"image_2130286076\">\n\t\t\t\t\t\t\t\t<div class=\"img-inner image-cover dark\" style=\"padding-top:75%;\">\n\t\t\t<img loading=\"lazy\" decoding=\"async\" width=\"600\" height=\"340\" src=\"https:\/\/www.tatanka.nl\/wp-content\/uploads\/2018\/05\/Shipping-after-Payment.jpg\" class=\"attachment-original size-original\" alt=\"- Tatanka.nl\" srcset=\"https:\/\/www.tatanka.nl\/wp-content\/uploads\/2018\/05\/Shipping-after-Payment.jpg 600w, https:\/\/www.tatanka.nl\/wp-content\/uploads\/2018\/05\/Shipping-after-Payment-420x238.jpg 420w, https:\/\/www.tatanka.nl\/wp-content\/uploads\/2018\/05\/Shipping-after-Payment-64x36.jpg 64w\" sizes=\"auto, (max-width: 600px) 100vw, 600px\" title=\"- Tatanka.nl\">\t\t\t\t\t\t\n\t\t\t\t\t<\/div>\n\t\t\t\t\t\t\t\t\n<style>\n#image_2130286076 {\n  width: 100%;\n}\n<\/style>\n\t<\/div>\n\t\n\n\t<div id=\"gap-259222157\" class=\"gap-element clearfix\" style=\"display:block; height:auto;\">\n\t\t\n<style>\n#gap-259222157 {\n  padding-top: 30px;\n}\n<\/style>\n\t<\/div>\n\t\n\n\n\t\t<\/div>\n\t\t\t\t\t<\/div>\n\n\t\n\n\t<div id=\"col-1668597029\" class=\"col medium-6 small-12 large-6\"  >\n\t\t\t\t<div class=\"col-inner text-left\"  >\n\t\t\t\n\t\t\t\n\n<h1><strong>Wir versenden nach Zahlungseingang<\/strong><\/h1>\n<p>Bitte beachten Sie, dass wir Bestellungen erst nach Eingang Ihrer Zahlung vorbereiten k\u00f6nnen. Ihr Paket wird innerhalb von 24 Stunden nach Zahlungsbest\u00e4tigung vorbereitet.<\/p>\n<p>Einige Zahlungsmethoden, wie z.B. die Bank\u00fcberweisung, dauern bis zu ein paar Tagen. Wenn Sie die Online-Banking-Methode verwenden, erhalten wir die Zahlung fast sofort, so dass wir Ihr Paket schneller versenden k\u00f6nnen.<\/p>\n<a href=\"https:\/\/www.tatanka.nl\/de\/payment-methods\/\" class=\"button primary box-shadow-2 box-shadow-4-hover\" >\n\t\t<span>Zahlungsoptionen<\/span>\n\t<\/a>\n\n\n\n\t\t<\/div>\n\t\t\t\t\t<\/div>\n\n\t\n\n<\/div>\n\t<div id=\"gap-1877849718\" class=\"gap-element clearfix\" style=\"display:block; height:auto;\">\n\t\t\n<style>\n#gap-1877849718 {\n  padding-top: 30px;\n}\n<\/style>\n\t<\/div>\n\t\n\n\n\t<section class=\"section\" id=\"section_484295299\">\n\t\t<div class=\"section-bg fill\" >\n\t\t\t\t\t\t\t\t\t\n\t\t\t\n\n\t\t<\/div>\n\n\t\t\n\n\t\t<div class=\"section-content relative\">\n\t\t\t\n\n<div class=\"row align-middle align-center\"  id=\"row-137527339\">\n\n\n\t<div id=\"col-1680668243\" class=\"col medium-6 small-12 large-6\"  >\n\t\t\t\t<div class=\"col-inner text-left dark\"  >\n\t\t\t\n\t\t\t\n\n\t<div id=\"gap-1607085768\" class=\"gap-element clearfix\" style=\"display:block; height:auto;\">\n\t\t\n<style>\n#gap-1607085768 {\n  padding-top: 30px;\n}\n<\/style>\n\t<\/div>\n\t\n\n<h1>Kostenloser Versand<\/h1>\n<p>Ab einem Bestellwert von 125 Euro bieten wir Ihnen kostenlosen Versand. Wenn Sie mehr bestellen, werden Sie weniger bezahlen. Nutzen Sie alle Vorteile, die Sie bekommen k\u00f6nnen, und beginnen Sie jetzt mit dem Einkaufen!<\/p>\n<a href=\"https:\/\/www.tatanka.nl\/de\/\" class=\"button success\" target=\"_blank\" rel=\"noopener\">\n\t\t<span>Jetzt einkaufen!<\/span>\n\t<\/a>\n\n\n\n\t\t<\/div>\n\t\t\t\t\t<\/div>\n\n\t\n\n\t<div id=\"col-1714157077\" class=\"col medium-4 small-12 large-4 small-col-first\"  >\n\t\t\t\t<div class=\"col-inner text-center\"  >\n\t\t\t\n\t\t\t\n\n\t<div class=\"img has-hover x md-x lg-x y md-y lg-y\" id=\"image_963230321\">\n\t\t\t\t\t\t\t\t<div class=\"img-inner dark\" >\n\t\t\t<img loading=\"lazy\" decoding=\"async\" width=\"420\" height=\"400\" src=\"https:\/\/www.tatanka.nl\/wp-content\/uploads\/2018\/04\/Shipping.jpg\" class=\"attachment-original size-original\" alt=\"- Tatanka.nl\" srcset=\"https:\/\/www.tatanka.nl\/wp-content\/uploads\/2018\/04\/Shipping.jpg 420w, https:\/\/www.tatanka.nl\/wp-content\/uploads\/2018\/04\/Shipping-64x61.jpg 64w\" sizes=\"auto, (max-width: 420px) 100vw, 420px\" title=\"- Tatanka.nl\">\t\t\t\t\t\t\n\t\t\t\t\t<\/div>\n\t\t\t\t\t\t\t\t\n<style>\n#image_963230321 {\n  width: 100%;\n}\n<\/style>\n\t<\/div>\n\t\n\n\n\t\t<\/div>\n\t\t\t\t\t<\/div>\n\n\t\n\n<\/div>\n\n\t\t<\/div>\n\n\t\t\n<style>\n#section_484295299 {\n  padding-top: 30px;\n  padding-bottom: 30px;\n  background-color: rgb(0,0,0);\n}\n<\/style>\n\t<\/section>\n\t\n\n\t<section class=\"section\" id=\"section_346373230\">\n\t\t<div class=\"section-bg fill\" >\n\t\t\t\t\t\t\t\t\t\n\t\t\t\n\n\t\t<\/div>\n\n\t\t\n\n\t\t<div class=\"section-content relative\">\n\t\t\t\n\n<div class=\"row align-middle align-center\"  id=\"row-440433385\">\n\n\n\t<div id=\"col-1062527192\" class=\"col medium-6 small-12 large-6\"  >\n\t\t\t\t<div class=\"col-inner\"  >\n\t\t\t\n\t\t\t\n\n\t<div id=\"gap-1158031883\" class=\"gap-element clearfix\" style=\"display:block; height:auto;\">\n\t\t\n<style>\n#gap-1158031883 {\n  padding-top: 50px;\n}\n<\/style>\n\t<\/div>\n\t\n\n\t<div class=\"img has-hover x md-x lg-x y md-y lg-y\" id=\"image_369904770\">\n\t\t\t\t\t\t\t\t<div class=\"img-inner image-cover dark\" style=\"padding-top:75%;\">\n\t\t\t<img loading=\"lazy\" decoding=\"async\" width=\"550\" height=\"310\" src=\"https:\/\/www.tatanka.nl\/wp-content\/uploads\/2018\/05\/waiting-on-your-package.jpg\" class=\"attachment-original size-original\" alt=\"- Tatanka.nl\" srcset=\"https:\/\/www.tatanka.nl\/wp-content\/uploads\/2018\/05\/waiting-on-your-package.jpg 550w, https:\/\/www.tatanka.nl\/wp-content\/uploads\/2018\/05\/waiting-on-your-package-420x237.jpg 420w, https:\/\/www.tatanka.nl\/wp-content\/uploads\/2018\/05\/waiting-on-your-package-64x36.jpg 64w\" sizes=\"auto, (max-width: 550px) 100vw, 550px\" title=\"- Tatanka.nl\">\t\t\t\t\t\t\n\t\t\t\t\t<\/div>\n\t\t\t\t\t\t\t\t\n<style>\n#image_369904770 {\n  width: 100%;\n}\n<\/style>\n\t<\/div>\n\t\n\n\t<div id=\"gap-1227782448\" class=\"gap-element clearfix\" style=\"display:block; height:auto;\">\n\t\t\n<style>\n#gap-1227782448 {\n  padding-top: 10px;\n}\n<\/style>\n\t<\/div>\n\t\n\n\n\t\t<\/div>\n\t\t\t\t\t<\/div>\n\n\t\n\n\t<div id=\"col-207967955\" class=\"col medium-6 small-12 large-6\"  >\n\t\t\t\t<div class=\"col-inner text-left dark\"  >\n\t\t\t\n\t\t\t\n\n\t<div id=\"gap-1741133051\" class=\"gap-element clearfix\" style=\"display:block; height:auto;\">\n\t\t\n<style>\n#gap-1741133051 {\n  padding-top: 50px;\n}\n<\/style>\n\t<\/div>\n\t\n\n<h1>Warten Sie auf Ihr Paket?<\/h1>\n<p>Ihr Paket kann sich verz\u00f6gern, weil wir Ihre Zahlung noch nicht erhalten haben. Auch der Zoll oder Ihr \u00f6rtliches Postunternehmen kann Ihr Paket verz\u00f6gern oder zur\u00fcckhalten. Andere Faktoren sind die Feiertage, das Wetter und falsche oder fehlende Adressinformationen.<\/p>\n<p><strong>Das ist wichtig:<\/strong> Sie sind daf\u00fcr verantwortlich, zum Zeitpunkt des Kaufs vollst\u00e4ndige und korrekte Lieferangaben zu machen. Tatanka kann nicht f\u00fcr falsche Lieferungen, Verz\u00f6gerungen, Nichtlieferungen oder anfallende Kosten verantwortlich gemacht werden.<\/p>\n<p>Wir erstatten kein Geld zur\u00fcck, wenn Sie uns falsche Adressdaten mitgeteilt haben. Es sei denn, Sie haben Produkte bestellt, die l\u00e4nger aufbewahrt werden k\u00f6nnen und das Paket wird an uns zur\u00fcckgeschickt.<\/p>\n\t<div id=\"gap-1072997729\" class=\"gap-element clearfix\" style=\"display:block; height:auto;\">\n\t\t\n<style>\n#gap-1072997729 {\n  padding-top: 30px;\n}\n<\/style>\n\t<\/div>\n\t\n\n\n\t\t<\/div>\n\t\t\t\t\t<\/div>\n\n\t\n\n<\/div>\n\n\t\t<\/div>\n\n\t\t\n<style>\n#section_346373230 {\n  padding-top: 30px;\n  padding-bottom: 30px;\n  background-color: rgb(0,0,0);\n}\n<\/style>\n\t<\/section>","protected":false},"excerpt":{"rendered":"","protected":false},"author":1,"featured_media":0,"parent":0,"menu_order":0,"comment_status":"closed","ping_status":"closed","template":"page-blank.php","meta":{"footnotes":""},"class_list":["post-1001","page","type-page","status-publish","hentry"],"_links":{"self":[{"href":"https:\/\/www.tatanka.nl\/de\/wp-json\/wp\/v2\/pages\/1001","targetHints":{"allow":["GET"]}}],"collection":[{"href":"https:\/\/www.tatanka.nl\/de\/wp-json\/wp\/v2\/pages"}],"about":[{"href":"https:\/\/www.tatanka.nl\/de\/wp-json\/wp\/v2\/types\/page"}],"author":[{"embeddable":true,"href":"https:\/\/www.tatanka.nl\/de\/wp-json\/wp\/v2\/users\/1"}],"replies":[{"embeddable":true,"href":"https:\/\/www.tatanka.nl\/de\/wp-json\/wp\/v2\/comments?post=1001"}],"version-history":[{"count":1,"href":"https:\/\/www.tatanka.nl\/de\/wp-json\/wp\/v2\/pages\/1001\/revisions"}],"predecessor-version":[{"id":129195,"href":"https:\/\/www.tatanka.nl\/de\/wp-json\/wp\/v2\/pages\/1001\/revisions\/129195"}],"wp:attachment":[{"href":"https:\/\/www.tatanka.nl\/de\/wp-json\/wp\/v2\/media?parent=1001"}],"curies":[{"name":"wp","href":"https:\/\/api.w.org\/{rel}","templated":true}]}}