{"id":120511,"date":"2024-04-17T12:48:58","date_gmt":"2024-04-17T11:48:58","guid":{"rendered":"https:\/\/www.tatanka.nl\/?page_id=120511"},"modified":"2024-04-18T13:26:24","modified_gmt":"2024-04-18T12:26:24","slug":"shipping-insurance","status":"publish","type":"page","link":"https:\/\/www.tatanka.nl\/de\/shipping-insurance\/","title":{"rendered":"Versandversicherung"},"content":{"rendered":"<figure class=\"wp-block-image size-full\"><img loading=\"lazy\" decoding=\"async\" width=\"1766\" height=\"1143\" src=\"https:\/\/www.tatanka.nl\/wp-content\/uploads\/2024\/04\/shippin.jpg\" alt=\"- Tatanka.nl\" class=\"wp-image-120537\" title=\"- Tatanka.nl\" srcset=\"https:\/\/www.tatanka.nl\/wp-content\/uploads\/2024\/04\/shippin.jpg 1766w, https:\/\/www.tatanka.nl\/wp-content\/uploads\/2024\/04\/shippin-150x97.jpg 150w, https:\/\/www.tatanka.nl\/wp-content\/uploads\/2024\/04\/shippin-768x497.jpg 768w, https:\/\/www.tatanka.nl\/wp-content\/uploads\/2024\/04\/shippin-1536x994.jpg 1536w, https:\/\/www.tatanka.nl\/wp-content\/uploads\/2024\/04\/shippin-18x12.jpg 18w, https:\/\/www.tatanka.nl\/wp-content\/uploads\/2024\/04\/shippin-420x272.jpg 420w, https:\/\/www.tatanka.nl\/wp-content\/uploads\/2024\/04\/shippin-64x41.jpg 64w\" sizes=\"auto, (max-width: 1766px) 100vw, 1766px\" \/><\/figure>\n\n\n\n<h1 class=\"wp-block-heading has-text-align-left has-x-large-font-size\">Versandversicherung<\/h1>\n\n\n\n<h2 class=\"wp-block-heading\">Erhalten Sie Ihr Paket einfach und sicher<\/h2>\n\n\n\n<p>An der Kasse k\u00f6nnen Sie sich jetzt f\u00fcr unsere Versandversicherung entscheiden. Diese Versicherung bietet Schutz vor Diebstahl, Verlust und Zollproblemen. Kaufen Sie sorglos ein und w\u00e4hlen Sie die Versandversicherung f\u00fcr nur 9,95 \u20ac.<\/p>\n\n\n\n<h2 class=\"wp-block-heading\">Wie aktiviere ich die Versandversicherung?<\/h2>\n\n\n\n<p>1. W\u00e4hlen Sie an der Kasse Versandversicherung.<br>2. Erhalten Sie Ihr Paket ohne Sorgen!<\/p>\n\n\n\n<h2 class=\"wp-block-heading\">Wie funktioniert die Versandversicherung?<\/h2>\n\n\n\n<p>Sollte Ihr Paket nach 3 Wochen noch nicht geliefert worden sein, senden Sie uns eine E-Mail. Wir werden Ihnen die Bestellung innerhalb von 1 bis 2 Werktagen erneut zusenden. In dem seltenen Fall, dass es wieder passiert, erstatten wir Ihnen den vollen Kaufbetrag. Eine Versandversicherung ist nur f\u00fcr Bestellungen unter 500 \u20ac m\u00f6glich.<\/p>\n\n\n\n<div class=\"wp-block-group is-nowrap is-layout-flex wp-container-core-group-is-layout-9123dee2 wp-block-group-is-layout-flex\">\n<figure class=\"wp-block-image size-full is-resized\"><img loading=\"lazy\" decoding=\"async\" width=\"2048\" height=\"2048\" src=\"https:\/\/www.tatanka.nl\/wp-content\/uploads\/2024\/04\/Eo_circle_green_checkmark.svg_.webp\" alt=\"- Tatanka.nl\" class=\"wp-image-120528\" style=\"width:27px;height:auto\" title=\"- Tatanka.nl\" srcset=\"https:\/\/www.tatanka.nl\/wp-content\/uploads\/2024\/04\/Eo_circle_green_checkmark.svg_.webp 2048w, https:\/\/www.tatanka.nl\/wp-content\/uploads\/2024\/04\/Eo_circle_green_checkmark.svg_-150x150.webp 150w, https:\/\/www.tatanka.nl\/wp-content\/uploads\/2024\/04\/Eo_circle_green_checkmark.svg_-768x768.webp 768w, https:\/\/www.tatanka.nl\/wp-content\/uploads\/2024\/04\/Eo_circle_green_checkmark.svg_-1536x1536.webp 1536w, https:\/\/www.tatanka.nl\/wp-content\/uploads\/2024\/04\/Eo_circle_green_checkmark.svg_-12x12.webp 12w, https:\/\/www.tatanka.nl\/wp-content\/uploads\/2024\/04\/Eo_circle_green_checkmark.svg_-420x420.webp 420w, https:\/\/www.tatanka.nl\/wp-content\/uploads\/2024\/04\/Eo_circle_green_checkmark.svg_-100x100.webp 100w, https:\/\/www.tatanka.nl\/wp-content\/uploads\/2024\/04\/Eo_circle_green_checkmark.svg_-64x64.webp 64w\" sizes=\"auto, (max-width: 2048px) 100vw, 2048px\" \/><\/figure>\n\n\n\n<p>Ihr Paket ist immer sicher und gesch\u00fctzt<\/p>\n<\/div>\n\n\n\n<div class=\"wp-block-group is-nowrap is-layout-flex wp-container-core-group-is-layout-ad2f72ca wp-block-group-is-layout-flex\">\n<figure class=\"wp-block-image size-full is-resized\"><img loading=\"lazy\" decoding=\"async\" width=\"2048\" height=\"2048\" src=\"https:\/\/www.tatanka.nl\/wp-content\/uploads\/2024\/04\/Eo_circle_green_checkmark.svg_.webp\" alt=\"- Tatanka.nl\" class=\"wp-image-120528\" style=\"width:27px;height:auto\" title=\"- Tatanka.nl\" srcset=\"https:\/\/www.tatanka.nl\/wp-content\/uploads\/2024\/04\/Eo_circle_green_checkmark.svg_.webp 2048w, https:\/\/www.tatanka.nl\/wp-content\/uploads\/2024\/04\/Eo_circle_green_checkmark.svg_-150x150.webp 150w, https:\/\/www.tatanka.nl\/wp-content\/uploads\/2024\/04\/Eo_circle_green_checkmark.svg_-768x768.webp 768w, https:\/\/www.tatanka.nl\/wp-content\/uploads\/2024\/04\/Eo_circle_green_checkmark.svg_-1536x1536.webp 1536w, https:\/\/www.tatanka.nl\/wp-content\/uploads\/2024\/04\/Eo_circle_green_checkmark.svg_-12x12.webp 12w, https:\/\/www.tatanka.nl\/wp-content\/uploads\/2024\/04\/Eo_circle_green_checkmark.svg_-420x420.webp 420w, https:\/\/www.tatanka.nl\/wp-content\/uploads\/2024\/04\/Eo_circle_green_checkmark.svg_-100x100.webp 100w, https:\/\/www.tatanka.nl\/wp-content\/uploads\/2024\/04\/Eo_circle_green_checkmark.svg_-64x64.webp 64w\" sizes=\"auto, (max-width: 2048px) 100vw, 2048px\" \/><\/figure>\n\n\n\n<p>Vollst\u00e4ndige Abdeckung f\u00fcr nur \u20ac9,95<\/p>\n<\/div>\n\n\n\n<div class=\"wp-block-group is-nowrap is-layout-flex wp-container-core-group-is-layout-ad2f72ca wp-block-group-is-layout-flex\">\n<figure class=\"wp-block-image size-full is-resized\"><img loading=\"lazy\" decoding=\"async\" width=\"2048\" height=\"2048\" src=\"https:\/\/www.tatanka.nl\/wp-content\/uploads\/2024\/04\/Eo_circle_green_checkmark.svg_.webp\" alt=\"- Tatanka.nl\" class=\"wp-image-120528\" style=\"width:27px;height:auto\" title=\"- Tatanka.nl\" srcset=\"https:\/\/www.tatanka.nl\/wp-content\/uploads\/2024\/04\/Eo_circle_green_checkmark.svg_.webp 2048w, https:\/\/www.tatanka.nl\/wp-content\/uploads\/2024\/04\/Eo_circle_green_checkmark.svg_-150x150.webp 150w, https:\/\/www.tatanka.nl\/wp-content\/uploads\/2024\/04\/Eo_circle_green_checkmark.svg_-768x768.webp 768w, https:\/\/www.tatanka.nl\/wp-content\/uploads\/2024\/04\/Eo_circle_green_checkmark.svg_-1536x1536.webp 1536w, https:\/\/www.tatanka.nl\/wp-content\/uploads\/2024\/04\/Eo_circle_green_checkmark.svg_-12x12.webp 12w, https:\/\/www.tatanka.nl\/wp-content\/uploads\/2024\/04\/Eo_circle_green_checkmark.svg_-420x420.webp 420w, https:\/\/www.tatanka.nl\/wp-content\/uploads\/2024\/04\/Eo_circle_green_checkmark.svg_-100x100.webp 100w, https:\/\/www.tatanka.nl\/wp-content\/uploads\/2024\/04\/Eo_circle_green_checkmark.svg_-64x64.webp 64w\" sizes=\"auto, (max-width: 2048px) 100vw, 2048px\" \/><\/figure>\n\n\n\n<p>Nicht angekommen? Wir werden erneut senden oder erstatten in voller H\u00f6he<\/p>\n<\/div>\n\n\n\n<div class=\"wp-block-group is-nowrap is-layout-flex wp-container-core-group-is-layout-ad2f72ca wp-block-group-is-layout-flex\">\n<figure class=\"wp-block-image size-full is-resized\"><img loading=\"lazy\" decoding=\"async\" width=\"2048\" height=\"2048\" src=\"https:\/\/www.tatanka.nl\/wp-content\/uploads\/2024\/04\/Eo_circle_green_checkmark.svg_.webp\" alt=\"- Tatanka.nl\" class=\"wp-image-120528\" style=\"width:27px;height:auto\" title=\"- Tatanka.nl\" srcset=\"https:\/\/www.tatanka.nl\/wp-content\/uploads\/2024\/04\/Eo_circle_green_checkmark.svg_.webp 2048w, https:\/\/www.tatanka.nl\/wp-content\/uploads\/2024\/04\/Eo_circle_green_checkmark.svg_-150x150.webp 150w, https:\/\/www.tatanka.nl\/wp-content\/uploads\/2024\/04\/Eo_circle_green_checkmark.svg_-768x768.webp 768w, https:\/\/www.tatanka.nl\/wp-content\/uploads\/2024\/04\/Eo_circle_green_checkmark.svg_-1536x1536.webp 1536w, https:\/\/www.tatanka.nl\/wp-content\/uploads\/2024\/04\/Eo_circle_green_checkmark.svg_-12x12.webp 12w, https:\/\/www.tatanka.nl\/wp-content\/uploads\/2024\/04\/Eo_circle_green_checkmark.svg_-420x420.webp 420w, https:\/\/www.tatanka.nl\/wp-content\/uploads\/2024\/04\/Eo_circle_green_checkmark.svg_-100x100.webp 100w, https:\/\/www.tatanka.nl\/wp-content\/uploads\/2024\/04\/Eo_circle_green_checkmark.svg_-64x64.webp 64w\" sizes=\"auto, (max-width: 2048px) 100vw, 2048px\" \/><\/figure>\n\n\n\n<p>Probleme? Sofort eine passende L\u00f6sung<\/p>\n<\/div>\n\n\n\n<p>W\u00e4hlen Sie noch heute an der Kasse unsere Versandversicherung und kaufen Sie in dem Wissen ein, dass Ihre Eink\u00e4ufe vollst\u00e4ndig gesch\u00fctzt sind.<\/p>\n\n\n\n<h2 class=\"wp-block-heading\">Was ist nicht durch die Transportversicherung abgedeckt?<\/h2>\n\n\n\n<p>Lieferungen, die nicht an eine Privatadresse oder eine Servicestelle erfolgen, sowie falsch ausgef\u00fcllte Adressen. In Zeiten extremen Andrangs, wie z. B. am \"Black Friday\" und bei anderen Veranstaltungen, kann sich der Zeitraum f\u00fcr die Versandversicherung von 3 auf 5 Wochen verl\u00e4ngern.<\/p>\n\n\n\n<h2 class=\"wp-block-heading\">Haben Sie Fragen zur Versandversicherung?<\/h2>\n\n\n\n<p>Geben Sie bei der Kontaktaufnahme immer Ihre Auftragsnummer an. Unser Team ist bereit zu helfen! <\/p>\n\n\n\n<div class=\"wp-block-buttons is-layout-flex wp-block-buttons-is-layout-flex\">\n<div class=\"wp-block-button\"><a class=\"wp-block-button__link wp-element-button\" href=\"mailto:info@tatanka.nl?subject=Insured%20Shipping%3A&amp;body=Hey%20Tatanka%2C%0A%0AUnfortunately%20i'm%20having%20a%20problem%20with%20my%20order.%0A%0AYou%20can%20find%20my%20order%20number%20below.%0A%0AOrder%20number%3A%0AMy%20shipping%20problems:%20is%3A\">Kontakt<\/a><\/div>\n<\/div>","protected":false},"excerpt":{"rendered":"<p>Shipping Insurance Einfacher und sicherer Empfang Ihres Pakets An der Kasse k\u00f6nnen Sie sich jetzt f\u00fcr unsere Versandversicherung entscheiden. Diese Versicherung bietet Schutz vor Diebstahl, Verlust und Zollproblemen. Gehen Sie sorgenfrei einkaufen und w\u00e4hlen Sie Shipping Insurance f\u00fcr nur 9,95 \u20ac. Wie aktiviere ich Shipping Insurance? 1. W\u00e4hlen Sie an der Kasse Shipping Insurance aus.2. Erhalten Sie Ihr Paket ohne Sorgen! Wie...<\/p>","protected":false},"author":1427,"featured_media":120517,"parent":0,"menu_order":0,"comment_status":"closed","ping_status":"closed","template":"","meta":{"footnotes":""},"class_list":["post-120511","page","type-page","status-publish","has-post-thumbnail","hentry"],"_links":{"self":[{"href":"https:\/\/www.tatanka.nl\/de\/wp-json\/wp\/v2\/pages\/120511","targetHints":{"allow":["GET"]}}],"collection":[{"href":"https:\/\/www.tatanka.nl\/de\/wp-json\/wp\/v2\/pages"}],"about":[{"href":"https:\/\/www.tatanka.nl\/de\/wp-json\/wp\/v2\/types\/page"}],"author":[{"embeddable":true,"href":"https:\/\/www.tatanka.nl\/de\/wp-json\/wp\/v2\/users\/1427"}],"replies":[{"embeddable":true,"href":"https:\/\/www.tatanka.nl\/de\/wp-json\/wp\/v2\/comments?post=120511"}],"version-history":[{"count":0,"href":"https:\/\/www.tatanka.nl\/de\/wp-json\/wp\/v2\/pages\/120511\/revisions"}],"wp:featuredmedia":[{"embeddable":true,"href":"https:\/\/www.tatanka.nl\/de\/wp-json\/wp\/v2\/media\/120517"}],"wp:attachment":[{"href":"https:\/\/www.tatanka.nl\/de\/wp-json\/wp\/v2\/media?parent=120511"}],"curies":[{"name":"wp","href":"https:\/\/api.w.org\/{rel}","templated":true}]}}