{"id":15358,"date":"2018-04-26T14:03:19","date_gmt":"2018-04-26T14:03:19","guid":{"rendered":"http:\/\/www.tatanka.nl\/?page_id=15358"},"modified":"2025-07-16T11:24:59","modified_gmt":"2025-07-16T10:24:59","slug":"our-stores","status":"publish","type":"page","link":"https:\/\/www.tatanka.nl\/de\/our-stores\/","title":{"rendered":"Gesch\u00e4fte"},"content":{"rendered":"<div id=\"gap-1982620149\" class=\"gap-element clearfix\" style=\"display:block; height:auto;\">\n\t\t\n<style>\n#gap-1982620149 {\n  padding-top: 15px;\n}\n<\/style>\n\t<\/div>\n\t\n\n<div class=\"container section-title-container\" ><h1 class=\"section-title section-title-center\"><b aria-hidden=\"true\"><\/b><span class=\"section-title-main\" style=\"font-size:119%;\">Gesch\u00e4fte<\/span><b aria-hidden=\"true\"><\/b><\/h1><\/div>\n\n\t<div id=\"gap-356441055\" class=\"gap-element clearfix\" style=\"display:block; height:auto;\">\n\t\t\n<style>\n#gap-356441055 {\n  padding-top: 30px;\n}\n<\/style>\n\t<\/div>\n\t\n\n<div class=\"row align-center\"  id=\"row-117446845\">\n\n\n\t<div id=\"col-669731518\" class=\"col medium-4 small-12 large-4\"  data-animate=\"fadeInRight\">\n\t\t\t\t<div class=\"col-inner box-shadow-2 box-shadow-4-hover\"  >\n\t\t\t\n\t\t\t\n\n\t<div class=\"img has-hover x md-x lg-x y md-y lg-y\" id=\"image_714878979\">\n\t\t\t\t\t\t\t\t<div class=\"img-inner dark\" >\n\t\t\t<img loading=\"lazy\" decoding=\"async\" width=\"400\" height=\"275\" src=\"https:\/\/www.tatanka.nl\/wp-content\/uploads\/2018\/04\/Tatanka-Amsterdam-Shop.jpg\" class=\"attachment-original size-original\" alt=\"- Tatanka.nl\" srcset=\"https:\/\/www.tatanka.nl\/wp-content\/uploads\/2018\/04\/Tatanka-Amsterdam-Shop.jpg 400w, https:\/\/www.tatanka.nl\/wp-content\/uploads\/2018\/04\/Tatanka-Amsterdam-Shop-64x44.jpg 64w\" sizes=\"auto, (max-width: 400px) 100vw, 400px\" title=\"- Tatanka.nl\">\t\t\t\t\t\t\n\t\t\t\t\t<\/div>\n\t\t\t\t\t\t\t\t\n<style>\n#image_714878979 {\n  width: 100%;\n}\n<\/style>\n\t<\/div>\n\t\n\n<h2><span style=\"font-size: 80%;\"><strong>Tatanka Leidseplein<\/strong><\/span><\/h2>\n<p>Korte Leidsedwarsstraat 151a<br \/>1017 PZ Amsterdam<br \/>Die Niederlande<\/p>\n<p><strong>Ge\u00f6ffnet von 10.00 - 22.00 Uhr<\/strong><\/p>\n<a href=\"https:\/\/goo.gl\/maps\/2xgdPgpf9hXHxgTj8\" target=\"_blank\" class=\"button success\" rel=\"noopener\" style=\"border-radius:10px;\">\n\t\t<span>Anfahrtsbeschreibung<\/span>\n\t<i class=\"icon-map-pin-fill\" aria-hidden=\"true\"><\/i><\/a>\n\n\n\n\t\t<\/div>\n\t\t\t\t\t<\/div>\n\n\t\n\n\t<div id=\"col-1327350044\" class=\"col medium-4 small-12 large-4\"  data-animate=\"fadeInRight\">\n\t\t\t\t<div class=\"col-inner text-left box-shadow-2 box-shadow-4-hover\"  >\n\t\t\t\n\t\t\t\n\n\t<div class=\"img has-hover x md-x lg-x y md-y lg-y\" id=\"image_619398360\">\n\t\t\t\t\t\t\t\t<div class=\"img-inner dark\" >\n\t\t\t<img loading=\"lazy\" decoding=\"async\" width=\"400\" height=\"275\" src=\"https:\/\/www.tatanka.nl\/wp-content\/uploads\/2018\/04\/Tatanka-Halve-Maan-Shop.jpg\" class=\"attachment-original size-original\" alt=\"- Tatanka.nl\" srcset=\"https:\/\/www.tatanka.nl\/wp-content\/uploads\/2018\/04\/Tatanka-Halve-Maan-Shop.jpg 400w, https:\/\/www.tatanka.nl\/wp-content\/uploads\/2018\/04\/Tatanka-Halve-Maan-Shop-64x44.jpg 64w\" sizes=\"auto, (max-width: 400px) 100vw, 400px\" title=\"- Tatanka.nl\">\t\t\t\t\t\t\n\t\t\t\t\t<\/div>\n\t\t\t\t\t\t\t\t\n<style>\n#image_619398360 {\n  width: 100%;\n}\n<\/style>\n\t<\/div>\n\t\n\n<h2><span style=\"font-size: 80%;\"><strong>Tatanka Rembrandtplein<\/strong><\/span><\/h2>\n<p>Halvemaansteeg 12<br \/>1017 CR Amsterdam<br \/>Die Niederlande<\/p>\n<p><strong>Ge\u00f6ffnet von 10.00 - 22.00 Uhr<\/strong><\/p>\n<a href=\"https:\/\/goo.gl\/maps\/MePDMapxMegeAmLGA\" target=\"_blank\" class=\"button success\" rel=\"noopener\" style=\"border-radius:10px;\">\n\t\t<span>Anfahrtsbeschreibung<\/span>\n\t<i class=\"icon-map-pin-fill\" aria-hidden=\"true\"><\/i><\/a>\n\n\n\n\t\t<\/div>\n\t\t\t\t\t<\/div>\n\n\t\n\n\t<div id=\"col-534852856\" class=\"col medium-4 small-12 large-4\"  data-animate=\"fadeInRight\">\n\t\t\t\t<div class=\"col-inner box-shadow-2 box-shadow-4-hover\"  >\n\t\t\t\n\t\t\t\n\n\t<div class=\"img has-hover x md-x lg-x y md-y lg-y\" id=\"image_317933363\">\n\t\t\t\t\t\t\t\t<div class=\"img-inner image-cover dark\" style=\"padding-top:200px;\">\n\t\t\t<img loading=\"lazy\" decoding=\"async\" width=\"2016\" height=\"1512\" src=\"https:\/\/www.tatanka.nl\/wp-content\/uploads\/2025\/07\/Front_Tatanka_Red_Light.jpg\" class=\"attachment-original size-original\" alt=\"Tatanka Rotlichtviertel\" srcset=\"https:\/\/www.tatanka.nl\/wp-content\/uploads\/2025\/07\/Front_Tatanka_Red_Light.jpg 2016w, https:\/\/www.tatanka.nl\/wp-content\/uploads\/2025\/07\/Front_Tatanka_Red_Light-150x113.jpg 150w, https:\/\/www.tatanka.nl\/wp-content\/uploads\/2025\/07\/Front_Tatanka_Red_Light-768x576.jpg 768w, https:\/\/www.tatanka.nl\/wp-content\/uploads\/2025\/07\/Front_Tatanka_Red_Light-1536x1152.jpg 1536w, https:\/\/www.tatanka.nl\/wp-content\/uploads\/2025\/07\/Front_Tatanka_Red_Light-16x12.jpg 16w, https:\/\/www.tatanka.nl\/wp-content\/uploads\/2025\/07\/Front_Tatanka_Red_Light-420x315.jpg 420w, https:\/\/www.tatanka.nl\/wp-content\/uploads\/2025\/07\/Front_Tatanka_Red_Light-64x48.jpg 64w\" sizes=\"auto, (max-width: 2016px) 100vw, 2016px\" title=\"- Tatanka.nl\">\t\t\t\t\t\t\n\t\t\t\t\t<\/div>\n\t\t\t\t\t\t\t\t\n<style>\n#image_317933363 {\n  width: 100%;\n}\n<\/style>\n\t<\/div>\n\t\n\n<h2><span style=\"font-size: 80%;\"><strong>Tatanka Red Light<\/strong><\/span><\/h2>\n<p>Sint Annenstraat 19<br \/>1012 HC Amsterdam<br \/>Die Niederlande<\/p>\n<p><strong>Ge\u00f6ffnet von 10.00 - 22.00 Uhr<\/strong><\/p>\n<a href=\"https:\/\/maps.app.goo.gl\/o8bFmt4Q9QWUKx7f9\" target=\"_blank\" class=\"button success\" rel=\"noopener\" style=\"border-radius:10px;\">\n\t\t<span>Anfahrtsbeschreibung<\/span>\n\t<i class=\"icon-map-pin-fill\" aria-hidden=\"true\"><\/i><\/a>\n\n\n\n\t\t<\/div>\n\t\t\t\t\t<\/div>\n\n\t\n\n\n<style>\n#row-117446845 > .col > .col-inner {\n  padding: 20px 20px 20px 20px;\n}\n<\/style>\n<\/div>\n<div class=\"row align-center\"  id=\"row-354280119\">\n\n\n\t<div id=\"col-1504150994\" class=\"col medium-4 small-12 large-4\"  data-animate=\"fadeInRight\">\n\t\t\t\t<div class=\"col-inner box-shadow-2 box-shadow-4-hover\"  >\n\t\t\t\n\t\t\t\n\n\t<div class=\"img has-hover x md-x lg-x y md-y lg-y\" id=\"image_1005606083\">\n\t\t\t\t\t\t\t\t<div class=\"img-inner dark\" >\n\t\t\t<img loading=\"lazy\" decoding=\"async\" width=\"400\" height=\"275\" src=\"https:\/\/www.tatanka.nl\/wp-content\/uploads\/2018\/04\/Headshop-Amsterdam.jpg\" class=\"attachment-original size-original\" alt=\"- Tatanka.nl\" srcset=\"https:\/\/www.tatanka.nl\/wp-content\/uploads\/2018\/04\/Headshop-Amsterdam.jpg 400w, https:\/\/www.tatanka.nl\/wp-content\/uploads\/2018\/04\/Headshop-Amsterdam-64x44.jpg 64w\" sizes=\"auto, (max-width: 400px) 100vw, 400px\" title=\"- Tatanka.nl\">\t\t\t\t\t\t\n\t\t\t\t\t<\/div>\n\t\t\t\t\t\t\t\t\n<style>\n#image_1005606083 {\n  width: 100%;\n}\n<\/style>\n\t<\/div>\n\t\n\n<h2><span style=\"font-size: 80%;\"><strong>Das Headshop<\/strong><\/span><\/h2>\n<p>Kloveniersburgwal 39<br \/>1011 JW Amsterdam<br \/>Die Niederlande<\/p>\n<p><strong>Ge\u00f6ffnet von 10.00 - 22.00 Uhr<\/strong><\/p>\n<a href=\"https:\/\/goo.gl\/maps\/MvLf9tsGR91ED61Y7\" target=\"_blank\" class=\"button success\" rel=\"noopener\" style=\"border-radius:10px;\">\n\t\t<span>Anfahrtsbeschreibung<\/span>\n\t<i class=\"icon-map-pin-fill\" aria-hidden=\"true\"><\/i><\/a>\n\n\n\n\t\t<\/div>\n\t\t\t\t\t<\/div>\n\n\t\n\n\t<div id=\"col-1090089386\" class=\"col medium-4 small-12 large-4\"  data-animate=\"fadeInRight\">\n\t\t\t\t<div class=\"col-inner text-left box-shadow-2 box-shadow-4-hover\"  >\n\t\t\t\n\t<div class=\"is-border\"\n\t\tstyle=\"border-width:0px 0px 0px 0px;margin:0px 0px 0px 0px;\">\n\t<\/div>\n\t\t\t\n\n\t<div class=\"img has-hover x md-x lg-x y md-y lg-y\" id=\"image_1001544725\">\n\t\t\t\t\t\t\t\t<div class=\"img-inner image-cover dark\" style=\"padding-top:200px;\">\n\t\t\t<img loading=\"lazy\" decoding=\"async\" width=\"1080\" height=\"1080\" src=\"https:\/\/www.tatanka.nl\/wp-content\/uploads\/2022\/03\/Tatanka-Smartshop-Amsterdam-logo-square.png\" class=\"attachment-original size-original\" alt=\"Tatanka Smartshop Amsterdam Logo quadratisch\" srcset=\"https:\/\/www.tatanka.nl\/wp-content\/uploads\/2022\/03\/Tatanka-Smartshop-Amsterdam-logo-square.png 1080w, https:\/\/www.tatanka.nl\/wp-content\/uploads\/2022\/03\/Tatanka-Smartshop-Amsterdam-logo-square-600x600.png 600w, https:\/\/www.tatanka.nl\/wp-content\/uploads\/2022\/03\/Tatanka-Smartshop-Amsterdam-logo-square-800x800.png 800w, https:\/\/www.tatanka.nl\/wp-content\/uploads\/2022\/03\/Tatanka-Smartshop-Amsterdam-logo-square-380x380.png 380w, https:\/\/www.tatanka.nl\/wp-content\/uploads\/2022\/03\/Tatanka-Smartshop-Amsterdam-logo-square-768x768.png 768w, https:\/\/www.tatanka.nl\/wp-content\/uploads\/2022\/03\/Tatanka-Smartshop-Amsterdam-logo-square-420x420.png 420w, https:\/\/www.tatanka.nl\/wp-content\/uploads\/2022\/03\/Tatanka-Smartshop-Amsterdam-logo-square-100x100.png 100w, https:\/\/www.tatanka.nl\/wp-content\/uploads\/2022\/03\/Tatanka-Smartshop-Amsterdam-logo-square-64x64.png 64w\" sizes=\"auto, (max-width: 1080px) 100vw, 1080px\" title=\"- Tatanka.nl\">\t\t\t\t\t\t\n\t\t\t\t\t<\/div>\n\t\t\t\t\t\t\t\t\n<style>\n#image_1001544725 {\n  width: 100%;\n}\n<\/style>\n\t<\/div>\n\t\n\n<h2><span style=\"font-size: 80%;\"><strong>Tatanka.nl<\/strong><\/span><\/h2>\n<p dir=\"auto\">Unsere gesamte Kollektion ist online verf\u00fcgbar. Mit \u00fcber 1000+ hochwertigen Produkten gibt es immer ein Produkt, das Ihnen gef\u00e4llt.<\/p>\n<p dir=\"auto\"><strong>24\/7 ge\u00f6ffnet<\/strong><\/p>\n<a href=\"https:\/\/www.tatanka.nl\/de\/\" class=\"button success\" style=\"border-radius:10px;\">\n\t\t<span>Jetzt einkaufen<\/span>\n\t<i class=\"icon-shopping-cart\" aria-hidden=\"true\"><\/i><\/a>\n\n\n\n\t\t<\/div>\n\t\t\t\t\n<style>\n#col-1090089386 > .col-inner {\n  padding: 0px 0px 0px 0px;\n  margin: 0px 0px 0px 0px;\n}\n<\/style>\n\t<\/div>\n\n\t\n\n\n<style>\n#row-354280119 > .col > .col-inner {\n  padding: 20px 20px 20px 20px;\n}\n<\/style>\n<\/div>","protected":false},"excerpt":{"rendered":"","protected":false},"author":1,"featured_media":0,"parent":0,"menu_order":0,"comment_status":"closed","ping_status":"closed","template":"","meta":{"footnotes":""},"class_list":["post-15358","page","type-page","status-publish","hentry"],"_links":{"self":[{"href":"https:\/\/www.tatanka.nl\/de\/wp-json\/wp\/v2\/pages\/15358","targetHints":{"allow":["GET"]}}],"collection":[{"href":"https:\/\/www.tatanka.nl\/de\/wp-json\/wp\/v2\/pages"}],"about":[{"href":"https:\/\/www.tatanka.nl\/de\/wp-json\/wp\/v2\/types\/page"}],"author":[{"embeddable":true,"href":"https:\/\/www.tatanka.nl\/de\/wp-json\/wp\/v2\/users\/1"}],"replies":[{"embeddable":true,"href":"https:\/\/www.tatanka.nl\/de\/wp-json\/wp\/v2\/comments?post=15358"}],"version-history":[{"count":12,"href":"https:\/\/www.tatanka.nl\/de\/wp-json\/wp\/v2\/pages\/15358\/revisions"}],"predecessor-version":[{"id":131291,"href":"https:\/\/www.tatanka.nl\/de\/wp-json\/wp\/v2\/pages\/15358\/revisions\/131291"}],"wp:attachment":[{"href":"https:\/\/www.tatanka.nl\/de\/wp-json\/wp\/v2\/media?parent=15358"}],"curies":[{"name":"wp","href":"https:\/\/api.w.org\/{rel}","templated":true}]}}