{"id":1784,"date":"2017-09-13T15:56:09","date_gmt":"2017-09-13T15:56:09","guid":{"rendered":"http:\/\/www.tatanka.nl\/?page_id=1784"},"modified":"2021-08-24T12:29:53","modified_gmt":"2021-08-24T10:29:53","slug":"privacy-policy","status":"publish","type":"page","link":"https:\/\/www.tatanka.nl\/de\/privacy-policy\/","title":{"rendered":"Datenschutzbestimmungen"},"content":{"rendered":"<div class=\"container section-title-container\" ><h1 class=\"section-title section-title-bold-center\"><b aria-hidden=\"true\"><\/b><span class=\"section-title-main\" style=\"font-size:131%;\">Datenschutzbestimmungen<\/span><b aria-hidden=\"true\"><\/b><\/h1><\/div>\n\n\n\n<p><strong>Datenschutzpolitik Tatanka.nl \/ PePePe BV<\/strong><\/p>\n\n\n\n<figure class=\"wp-block-embed is-type-wp-embed is-provider-tatanka-amsterdam-webshop wp-block-embed-tatanka-amsterdam-webshop\"><div class=\"wp-block-embed__wrapper\">\n<blockquote class=\"wp-embedded-content\" data-secret=\"l4LiJkVko8\"><a href=\"https:\/\/www.tatanka.nl\/de\/\">Homepage<\/a><\/blockquote><iframe loading=\"lazy\" class=\"wp-embedded-content\" sandbox=\"allow-scripts\" security=\"restricted\" style=\"position: absolute; clip: rect(1px, 1px, 1px, 1px);\" title=\"&quot;Startseite&quot; - Tatanka Amsterdam Webshop\" src=\"https:\/\/www.tatanka.nl\/embed\/#?secret=l4LiJkVko8\" data-secret=\"l4LiJkVko8\" width=\"600\" height=\"338\" frameborder=\"0\" marginwidth=\"0\" marginheight=\"0\" scrolling=\"no\"><\/iframe>\n<\/div><\/figure>\n\n\n\n<p><strong>\u00dcber unsere Datenschutzpolitik<\/strong><\/p>\n\n\n\n<p>PePePe BV legt gro\u00dfen Wert auf den Schutz Ihrer Privatsph\u00e4re. Wir verarbeiten ausschlie\u00dflich Daten, die wir f\u00fcr die (Verbesserung) unserer Dienste ben\u00f6tigen, und gehen sorgf\u00e4ltig mit allen Informationen um, die wir \u00fcber Sie und Ihre Nutzung unserer Dienste sammeln. Ihre Daten werden nicht zu kommerziellen Zwecken an Dritte weitergegeben. Diese Datenschutzerkl\u00e4rung gilt f\u00fcr die Nutzung der Website und der von PePePe BV angebotenen Dienste. Das Anfangsdatum f\u00fcr die G\u00fcltigkeit dieser Bedingungen ist der 07.07.2021, mit der Ver\u00f6ffentlichung einer neuen Version wird die G\u00fcltigkeit aller vorherigen Versionen annulliert. Diese Datenschutzerkl\u00e4rung beschreibt, welche Informationen \u00fcber Sie von uns gesammelt werden, wof\u00fcr diese Daten verwendet werden und mit wem und unter welchen Bedingungen diese Daten an Dritte weitergegeben werden k\u00f6nnen. Wir erkl\u00e4ren Ihnen auch, wie wir Ihre Daten speichern, wie wir Ihre Daten vor Missbrauch sch\u00fctzen und welche Rechte Sie in Bezug auf die von Ihnen zur Verf\u00fcgung gestellten personenbezogenen Daten haben.<\/p>\n\n\n\n<p>Wenn Sie Fragen zu unserer Datenschutzpolitik haben, wenden Sie sich bitte an unseren Ansprechpartner f\u00fcr den Datenschutz, dessen Kontaktdaten Sie am Ende unserer Datenschutzpolitik finden.<\/p>\n\n\n\n<p><strong>\u00dcber unsere Datenverarbeitung<\/strong><\/p>\n\n\n\n<p>Im Folgenden erfahren Sie, wie wir Ihre Daten verarbeiten, wo wir sie speichern, welche Sicherheitstechniken wir einsetzen und f\u00fcr wen die Daten einsehbar sind.<\/p>\n\n\n\n<p><strong>Webshopsoftware<\/strong><\/p>\n\n\n\n<p><strong>WooCommerce<\/strong><\/p>\n\n\n\n<p>Wir nutzen Webhosting und E-Mail-Dienste von WooCommerce, f\u00fcr unser Webhosting nutzen wir die Dienste von OtherDigital Ocean. Pers\u00f6nliche Daten, die bei der Nutzung unserer Website und Dienstleistungen gesammelt werden, werden mit OtherDigital Ocean geteilt, die Zugang zu diesen Details ben\u00f6tigt, um (technische) Unterst\u00fctzung anzubieten. Sie werden diese Daten nicht f\u00fcr andere Zwecke verwenden. OtherDigital Ocean ist aufgrund der Vereinbarung mit uns verpflichtet, die notwendigen Vorsichtsma\u00dfnahmen und Sicherheitsvorkehrungen zu treffen, wenn es um Ihre pers\u00f6nlichen Daten geht.<\/p>\n\n\n\n<p><strong>WooCommerce<\/strong><\/p>\n\n\n\n<p>Unser Webshop wurde mit der Software WooCommerce entwickelt. Wir hosten unseren Webshop auf einem Server unter eigener Verwaltung. Wir haben die notwendigen Vorkehrungen und Sicherheitsma\u00dfnahmen getroffen, wenn es um Ihre pers\u00f6nlichen Daten geht, wie eine SSL-Verschl\u00fcsselung und eine starke Passwortpolitik.<\/p>\n\n\n\n<p><strong>E-Mail und Mailinglisten <\/strong><strong>MailChimp<\/strong><\/p>\n\n\n\n<p>Wir nutzen die E-Mail-Dienste von MailChimp, einem Drittanbieter, der den E-Mail-Verkehr auf unserer Website und m\u00f6gliche Newsletters erleichtert. Alle Best\u00e4tigungs-E-Mails, die Sie von unserer Website und den Webformularen erhalten, werden von den Servern von MailChimp an Sie gesendet. MailChimp wird Ihren Namen und Ihre E-Mail-Adresse nicht f\u00fcr eigene Zwecke verwenden. Am Ende jeder automatisierten E-Mail, die von unserer Website gesendet wird, finden Sie einen Link zum Abbestellen\". Wenn Sie auf diesen Link klicken, erhalten Sie keine automatisierten E-Mails mehr von unserer Website. Beachten Sie, dass dies die Funktionalit\u00e4t unserer Website stark beeintr\u00e4chtigen kann. Ihre pers\u00f6nlichen Daten werden von MailChimp sicher gespeichert, gesendet und gesperrt. MailChimp verwendet Cookies und andere Internettechnologien, die verfolgen, ob E-Mails ge\u00f6ffnet und gelesen werden. Dar\u00fcber hinaus sammelt MailChimp Informationen \u00fcber Sie als Empf\u00e4nger und die Themen dieser E-Mails mit dem Ziel, die Qualit\u00e4t ihres Dienstes zu verbessern; diese Daten werden 30 Tage lang gespeichert. MailChimp beh\u00e4lt sich das Recht vor, Ihre pers\u00f6nlichen Daten zu verwenden, um die Qualit\u00e4t des Dienstes weiter zu verbessern.<\/p>\n\n\n\n<p>Dienstleistungen und geben sie in diesem Zusammenhang an Dritte weiter.<\/p>\n\n\n\n<p><strong>Digitaler Webhost<\/strong><\/p>\n\n\n\n<p>F\u00fcr unsere regelm\u00e4\u00dfigen gesch\u00e4ftlichen E-Mails nutzen wir die E-Mail-Dienste von Digital Ocean. Dieser Anbieter hat geeignete technische und organisatorische Ma\u00dfnahmen getroffen, um Missbrauch, Verlust oder Besch\u00e4digung Ihrer Daten zu verhindern. Digital Webhost hat keinen Zugriff auf unsere Mailbox und wir behandeln unseren E-Mail-Verkehr vertraulich.<\/p>\n\n\n\n<p><strong>Zahlungsabwickler<\/strong><\/p>\n\n\n\n<p><strong>Bezahlen.nl<\/strong><\/p>\n\n\n\n<p>F\u00fcr den Abschluss und die Abwicklung (eines Teils) unserer Zahlungen in unserem Webshop nutzen wir den Zahlungsanbieter Pay.nl. Pay.nl verarbeitet Ihren Namen, Ihre Adresse und Ihre Wohnsitzdaten. Es werden auch Zahlungsinformationen wie Ihre Bankkontonummer oder Kreditkartennummer verarbeitet. Pay.nl hat angemessene technische und organisatorische Ma\u00dfnahmen zum Schutz Ihrer pers\u00f6nlichen Daten getroffen. Pay.nl beh\u00e4lt sich das Recht vor, Ihre pers\u00f6nlichen (anonymisierten) Daten zu verwenden, um seine Dienstleistungen weiter zu verbessern und sie in diesem Zusammenhang an Dritte weiterzugeben. Im Falle einer Anfrage f\u00fcr eine aufgeschobene Zahlung (Kreditfazilit\u00e4t) wird Pay.nl pers\u00f6nliche und Auftragsinformationen mit dem entsprechenden Zahlungsanbieter teilen. Alle oben genannten Garantien in Bezug auf den Schutz Ihrer pers\u00f6nlichen Daten gelten auch f\u00fcr alle Dienstleistungen von Pay.nl, die Dritte nutzen. Pay.nl speichert Ihre Daten nicht l\u00e4nger, als es die entsprechenden Rechtsgrundlagen erlauben.<\/p>\n\n\n\n<p><strong>Bewertungen<\/strong><\/p>\n\n\n\n<p><strong>WebwinkelKeur<\/strong><\/p>\n\n\n\n<p>Wir verwenden WebwinkelKeur, um Bewertungen zu sammeln. Um eine Bewertung abzugeben, m\u00fcssen Sie Ihre E-Mail-Adresse, Ihren Namen und Ihren Wohnort angeben. WebwinkelKeur teilt uns bestimmte Daten mit, die wir ben\u00f6tigen, um Ihre Bewertung mit Ihrer Bestellung abzugleichen. Au\u00dferdem ver\u00f6ffentlicht WebwinkelKeur Ihren Namen und Ihren Wohnort auf der eigenen Website. In einigen F\u00e4llen kann sich WebwinkelKeur mit Ihnen in Verbindung setzen, um Sie zu bitten, Ihre Bewertung zu pr\u00e4zisieren, zu erl\u00e4utern oder zu kommentieren. Im Falle einer unserer Bewertungsanfragen geben wir Ihren Namen und Ihre E-Mail-Adresse an WebwinkelKeur weiter, die diese Informationen ausschlie\u00dflich dazu verwenden, Sie einzuladen, eine Bewertung zu hinterlassen. WebwinkelKeur hat angemessene technische und organisatorische Ma\u00dfnahmen zum Schutz Ihrer personenbezogenen Daten getroffen. WebwinkelKeur beh\u00e4lt sich das Recht vor, Ihre pers\u00f6nlichen Daten zu nutzen, um seine Dienste anzubieten und sie an Dritte weiterzugeben, wenn wir WebwinkelKeur die Erlaubnis dazu gegeben haben. Alle vorgenannten Garantien in Bezug auf den Schutz Ihrer pers\u00f6nlichen Daten gelten auch f\u00fcr alle Dienstleistungen von WebwinkelKeur, die Dritte in Anspruch nehmen.<\/p>\n\n\n\n<p><strong>Transport und Logistik Rechnungswesen und Buchhaltung Externe Vertriebskan\u00e4le<\/strong><\/p>\n\n\n\n<p><strong>Zweck der Datenverarbeitung<\/strong><\/p>\n\n\n\n<p><strong>Allgemeiner Zweck der Datenverarbeitung<\/strong><\/p>\n\n\n\n<p>Wir verwenden Ihre Daten ausschlie\u00dflich zu dem Zweck, Ihnen unsere Dienste zur Verf\u00fcgung zu stellen. Das bedeutet, dass der Zweck der Verarbeitung dieser Daten in direktem Zusammenhang mit dem Auftrag oder der Aufgabe steht, die Sie uns anbieten. Wir verwenden diese Daten nicht f\u00fcr (angesprochene) Marketingzwecke. Wenn Sie uns Informationen mitteilen und wir diese Informationen verwenden, um Sie - nicht aufgrund einer Anfrage - zu einem sp\u00e4teren Zeitpunkt zu kontaktieren, bitten wir Sie zun\u00e4chst um Ihre ausdr\u00fcckliche Zustimmung. Ihre Daten werden nicht an Dritte weitergegeben,<\/p>\n\n\n\n<p>zu einem anderen Zweck als der Erf\u00fcllung von Buchf\u00fchrungs- und Verwaltungspflichten. Diese Dritten sind alle aufgrund der mit ihnen geschlossenen Vereinbarung, eines Eides oder einer gesetzlichen Verpflichtung zur Vertraulichkeit verpflichtet.<\/p>\n\n\n\n<p><strong>Automatisch erfasste Daten<\/strong><\/p>\n\n\n\n<p>Die von unserer Website automatisch erfassten Informationen werden ausschlie\u00dflich zu dem Zweck verarbeitet, Ihnen unsere Dienste zur Verf\u00fcgung zu stellen und\/oder sie weiter zu verbessern. Diese Informationen (z. B. Ihre IP-Adresse (anonymisiert), Ihr Webbrowser und Ihr Betriebssystem) sind keine personenbezogenen Daten.<\/p>\n\n\n\n<p><strong>Zusammenarbeit bei der Steuer- und Strafermittlung<\/strong><\/p>\n\n\n\n<p>In einigen F\u00e4llen k\u00f6nnen wir von der Regierung zur Weitergabe Ihrer Daten verpflichtet werden, um eine Steuer- oder Strafuntersuchung zu unterst\u00fctzen. In solchen F\u00e4llen sind wir gezwungen, dem nachzukommen und zu helfen, werden aber, basierend auf den gesetzlichen M\u00f6glichkeiten, Widerspruch einlegen.<\/p>\n\n\n\n<p><strong>Aufbewahrungsfristen<\/strong><\/p>\n\n\n\n<p>Wir speichern Ihre Daten so lange, wie Sie bei uns Kunde sind. Das bedeutet, dass wir Ihr Kundenprofil pflegen und aufbewahren, bis Sie uns mitteilen, dass Sie unsere Dienste nicht mehr in Anspruch nehmen m\u00f6chten. Eine solche Mitteilung dient auch als Antrag auf Vergessenwerden. Wir sind verpflichtet, Rechnungen mit Ihren (personenbezogenen) Daten aufgrund einschl\u00e4giger administrativer Verpflichtungen aufzubewahren; diese Informationen werden so lange sicher aufbewahrt, wie die entsprechende Frist f\u00fcr diese Verpflichtungen noch nicht abgelaufen ist. Das Personal hat keinen Zugang mehr zu Ihrem Kundenprofil und den Dokumenten, die aufgrund Ihres Auftrags oder Ihrer Aufgabe erstellt wurden.<\/p>\n\n\n\n<p><strong>Ihre Rechte<\/strong><\/p>\n\n\n\n<p>Nach geltendem niederl\u00e4ndischem und europ\u00e4ischem Recht haben Sie als Betroffener bestimmte Rechte, wenn es um personenbezogene Daten geht, die von uns oder in unserem Auftrag verarbeitet werden. Nachstehend finden Sie eine Erl\u00e4uterung dieser Rechte und wie Sie als Betroffener diese Rechte geltend machen k\u00f6nnen. Um Missbrauch zu vermeiden, senden wir Rechnungen und Kopien Ihrer Daten grunds\u00e4tzlich nur an E-Mail-Adressen, die Sie uns bekannt gegeben haben. Sollten Sie diese Daten an eine andere E-Mail-Adresse oder z.B. per Post erhalten wollen, bitten wir Sie, sich entsprechend zu identifizieren. Wir f\u00fchren eine Verwaltung der abgeschlossenen Antr\u00e4ge, im Falle eines Antrags auf Vergessenwerden f\u00fchren wir eine Verwaltung der anonymisierten Daten. Sie erhalten alle Rechnungen und Kopien von Daten in Dateien, die in einem maschinenlesbaren Format strukturiert sind, basierend auf Datenklassifizierungen, die wir in unserem System verwenden. Sie haben jederzeit das Recht, sich bei der Autoriteit Persoonsgegevens zu beschweren, wenn Sie den Verdacht haben, dass wir Ihre personenbezogenen Daten falsch behandeln oder missbrauchen.<\/p>\n\n\n\n<p><strong>Recht auf Einsichtnahme<\/strong><\/p>\n\n\n\n<p>Sie haben jederzeit das Recht, die von uns verarbeiteten Daten einzusehen, die einen Bezug zu Ihrer Person haben oder sich auf diese beziehen lassen. Sie k\u00f6nnen eine solche Einsichtnahme bei unserem Ansprechpartner f\u00fcr Datenschutzfragen beantragen. Sie erhalten innerhalb von 30 Tagen eine Antwort auf Ihren Antrag. Wenn Ihrem Antrag stattgegeben wird, senden wir Ihnen \u00fcber die uns bekannte E-Mail-Adresse eine Kopie aller Daten mit einer zus\u00e4tzlichen \u00dcbersicht \u00fcber die Verarbeiter, die diese Daten verwalten, und mit Angabe der Kategorien, unter denen wir diese Daten speichern.<\/p>\n\n\n\n<p><strong>Recht auf Berichtigung<\/strong><\/p>\n\n\n\n<p>Sie haben jederzeit das Recht auf Berichtigung der von uns verarbeiteten Daten, die einen Bezug zu Ihrer Person haben oder auf diese zur\u00fcckgef\u00fchrt werden k\u00f6nnen. Sie k\u00f6nnen eine solche Berichtigung bei unserem Ansprechpartner f\u00fcr Datenschutzfragen beantragen. Sie erhalten innerhalb von 30 Tagen eine Antwort auf Ihren Antrag. Wenn Ihrem Antrag stattgegeben wird, senden wir Ihnen \u00fcber die uns bekannte E-Mail-Adresse eine Best\u00e4tigung, dass die Daten berichtigt wurden.<\/p>\n\n\n\n<p><strong>Recht auf Einschr\u00e4nkung der Verarbeitung<\/strong><\/p>\n\n\n\n<p>Sie haben jederzeit das Recht, die von uns verarbeiteten Daten einzuschr\u00e4nken, die einen Bezug zu Ihrer Person haben oder sich auf diese beziehen lassen. Sie k\u00f6nnen eine solche Einschr\u00e4nkung bei unserem Ansprechpartner f\u00fcr Datenschutzfragen beantragen. Sie werden innerhalb von 30 Tagen eine Antwort auf Ihren Antrag erhalten. Wenn Ihrem Antrag stattgegeben wird, senden wir Ihnen \u00fcber die uns bekannte E-Mail-Adresse eine Best\u00e4tigung, dass die Verarbeitung Ihrer Daten eingeschr\u00e4nkt ist, bis Sie diese Einschr\u00e4nkung aufheben.<\/p>\n\n\n\n<p><strong>Recht auf \u00dcbertragbarkeit<\/strong><\/p>\n\n\n\n<p>Sie haben jederzeit das Recht zu verlangen, dass die von uns verarbeiteten Daten, die einen Bezug zu Ihrer Person haben oder auf sie zur\u00fcckgef\u00fchrt werden k\u00f6nnen, von einem Dritten Ihrer Wahl verarbeitet werden. Sie k\u00f6nnen einen solchen Antrag an unseren Ansprechpartner f\u00fcr Datenschutzfragen richten. Sie erhalten innerhalb von 30 Tagen eine Antwort auf Ihren Antrag. Wenn Ihrem Antrag stattgegeben wird, werden wir Ihnen \u00fcber die uns bekannte E-Mail-Adresse Ihre (pers\u00f6nlichen) Rechnungen oder Kopien von Daten zusenden, die wir oder Dritte in unserem Auftrag verarbeitet haben. Es ist sehr wahrscheinlich, dass wir Ihnen in einem solchen Fall unsere Dienstleistungen nicht mehr anbieten k\u00f6nnen, da wir die bisherige Datensicherheit nicht mehr gew\u00e4hrleisten k\u00f6nnen.<\/p>\n\n\n\n<p><strong>Widerspruchsrecht und andere Rechte<\/strong><\/p>\n\n\n\n<p>Sie haben jederzeit das Recht, der Verarbeitung Ihrer Daten durch uns oder in unserem Namen durch Dritte zu widersprechen.<\/p>\n\n\n\n<p>personenbezogenen Daten. Im Falle eines solchen Widerspruchs werden wir die Verarbeitung Ihrer Daten unverz\u00fcglich einstellen, w\u00e4hrend Ihr Widerspruch gepr\u00fcft und bearbeitet wird. Im Falle eines berechtigten Widerspruchs werden wir alle Rechnungen und\/oder Kopien personenbezogener Daten, die wir oder Dritte in unserem Auftrag bis zu diesem Zeitpunkt verarbeitet haben, zur\u00fcckgeben und die weitere Verarbeitung einstellen. Sie haben auch das Recht, nicht Gegenstand einer automatisierten Entscheidungsfindung oder eines Profilings zu sein. Wir verarbeiten Ihre Daten so, dass dieses Recht nicht anwendbar ist. Sollten Sie der Meinung sein, dass dieses Recht doch gilt, bitten wir Sie, sich an unseren Ansprechpartner f\u00fcr Datenschutzfragen zu wenden.<\/p>\n\n\n\n<p><strong>\u00c4nderungen der Datenschutzrichtlinie<\/strong><\/p>\n\n\n\n<p>Wir behalten uns das Recht vor, unsere Datenschutzpolitik jederzeit zu \u00e4ndern. Auf dieser Seite finden Sie jedoch immer die aktuellste Version unserer Datenschutzrichtlinie. Sollte eine neue Datenschutzrichtlinie Auswirkungen auf die Art und Weise haben, wie wir neu erhobene Daten in Bezug auf Ihre Person verarbeiten, werden wir Sie per E-Mail dar\u00fcber informieren.<\/p>\n\n\n\n<p><strong>Angaben zum Unternehmen <\/strong><strong>PePePe BV<\/strong><\/p>\n\n\n\n<p>Sulky 6 J Zeewolde Nederland <strong>T <\/strong>(085) 016-0883 <strong>E <\/strong>info@tatanka.nl<\/p>","protected":false},"excerpt":{"rendered":"<p>Datenschutzpolitik Tatanka.nl \/ PePePe BV \u00dcber unsere Datenschutzpolitik PePePe BV legt gro\u00dfen Wert auf Ihre Privatsph\u00e4re. Wir verarbeiten ausschlie\u00dflich Daten, die wir f\u00fcr die (Verbesserung) unserer Dienste ben\u00f6tigen, und gehen sorgf\u00e4ltig mit allen Informationen um, die wir \u00fcber Sie und Ihre Nutzung unserer Dienste sammeln. Ihre Daten werden nicht zu kommerziellen Zwecken an Dritte weitergegeben. Dieser Datenschutz...<\/p>","protected":false},"author":1,"featured_media":0,"parent":0,"menu_order":0,"comment_status":"closed","ping_status":"closed","template":"","meta":{"footnotes":""},"class_list":["post-1784","page","type-page","status-publish","hentry"],"_links":{"self":[{"href":"https:\/\/www.tatanka.nl\/de\/wp-json\/wp\/v2\/pages\/1784","targetHints":{"allow":["GET"]}}],"collection":[{"href":"https:\/\/www.tatanka.nl\/de\/wp-json\/wp\/v2\/pages"}],"about":[{"href":"https:\/\/www.tatanka.nl\/de\/wp-json\/wp\/v2\/types\/page"}],"author":[{"embeddable":true,"href":"https:\/\/www.tatanka.nl\/de\/wp-json\/wp\/v2\/users\/1"}],"replies":[{"embeddable":true,"href":"https:\/\/www.tatanka.nl\/de\/wp-json\/wp\/v2\/comments?post=1784"}],"version-history":[{"count":0,"href":"https:\/\/www.tatanka.nl\/de\/wp-json\/wp\/v2\/pages\/1784\/revisions"}],"wp:attachment":[{"href":"https:\/\/www.tatanka.nl\/de\/wp-json\/wp\/v2\/media?parent=1784"}],"curies":[{"name":"wp","href":"https:\/\/api.w.org\/{rel}","templated":true}]}}