{"id":31937,"date":"2021-07-14T09:38:03","date_gmt":"2021-07-14T07:38:03","guid":{"rendered":"https:\/\/www.tatanka.nl\/?page_id=31937"},"modified":"2022-03-29T11:49:52","modified_gmt":"2022-03-29T09:49:52","slug":"payment-methods","status":"publish","type":"page","link":"https:\/\/www.tatanka.nl\/de\/payment-methods\/","title":{"rendered":"Zahlungsm\u00f6glichkeiten"},"content":{"rendered":"<div id=\"gap-981554993\" class=\"gap-element clearfix\" style=\"display:block; height:auto;\">\n\t\t\n<style>\n#gap-981554993 {\n  padding-top: 50px;\n}\n<\/style>\n\t<\/div>\n\t\n\n<div class=\"container section-title-container\" ><h2 class=\"section-title section-title-bold-center\"><b aria-hidden=\"true\"><\/b><span class=\"section-title-main\" style=\"font-size:131%;\">ZAHLUNGSVERFAHREN<\/span><b aria-hidden=\"true\"><\/b><\/h2><\/div>\n\n<div class=\"row\"  id=\"row-1707012490\">\n\n\n\t<div id=\"col-1231101797\" class=\"col small-12 large-12\"  >\n\t\t\t\t<div class=\"col-inner text-left dark\"  >\n\t\t\t\n\t\t\t\n\n\t<div id=\"text-4044256995\" class=\"text\">\n\t\t\n\nBei Tatanka haben Sie die Wahl zwischen verschiedenen Zahlungsm\u00f6glichkeiten. Alle sind sicher und diskret. Werfen Sie einen Blick auf die von uns angebotenen Optionen und w\u00e4hlen Sie diejenige, die Ihren W\u00fcnschen und Ihrem Standort entspricht.\n\t\t\n<style>\n#text-4044256995 {\n  color: rgb(0, 0, 0);\n}\n#text-4044256995 > * {\n  color: rgb(0, 0, 0);\n}\n<\/style>\n\t<\/div>\n\t\n\t<div id=\"gap-1857139842\" class=\"gap-element clearfix\" style=\"display:block; height:auto;\">\n\t\t\n<style>\n#gap-1857139842 {\n  padding-top: 30px;\n}\n<\/style>\n\t<\/div>\n\t\n\n\t<div class=\"img has-hover x md-x lg-x y md-y lg-y\" id=\"image_2112972737\">\n\t\t\t\t\t\t\t\t<div class=\"img-inner dark\" style=\"margin:0px 300px 0px 300px;\">\n\t\t\t<img loading=\"lazy\" decoding=\"async\" width=\"1920\" height=\"300\" src=\"https:\/\/www.tatanka.nl\/wp-content\/uploads\/2021\/07\/suge.png\" class=\"attachment-original size-original\" alt=\"- Tatanka.nl\" srcset=\"https:\/\/www.tatanka.nl\/wp-content\/uploads\/2021\/07\/suge.png 1920w, https:\/\/www.tatanka.nl\/wp-content\/uploads\/2021\/07\/suge-420x66.png 420w, https:\/\/www.tatanka.nl\/wp-content\/uploads\/2021\/07\/suge-64x10.png 64w, https:\/\/www.tatanka.nl\/wp-content\/uploads\/2021\/07\/suge-600x94.png 600w, https:\/\/www.tatanka.nl\/wp-content\/uploads\/2021\/07\/suge-800x125.png 800w, https:\/\/www.tatanka.nl\/wp-content\/uploads\/2021\/07\/suge-380x59.png 380w, https:\/\/www.tatanka.nl\/wp-content\/uploads\/2021\/07\/suge-768x120.png 768w, https:\/\/www.tatanka.nl\/wp-content\/uploads\/2021\/07\/suge-1536x240.png 1536w\" sizes=\"auto, (max-width: 1920px) 100vw, 1920px\" title=\"- Tatanka.nl\">\t\t\t\t\t\t\n\t\t\t\t\t<\/div>\n\t\t\t\t\t\t\t\t\n<style>\n#image_2112972737 {\n  width: 100%;\n}\n<\/style>\n\t<\/div>\n\t\n\n\n\t\t<\/div>\n\t\t\t\t\t<\/div>\n\n\t\n\n<\/div>\n<div class=\"container section-title-container\" ><h2 class=\"section-title section-title-bold-center\"><b aria-hidden=\"true\"><\/b><span class=\"section-title-main\" >1. iDEAL \/ MisterCash \/ Bancontact \/ Eps-\u00dcberweisung \/ Giropay<\/span><b aria-hidden=\"true\"><\/b><\/h2><\/div>\n\n<div class=\"row\"  id=\"row-1196084476\">\n\n\n\t<div id=\"col-1415513661\" class=\"col small-12 large-12\"  >\n\t\t\t\t<div class=\"col-inner text-left dark\"  >\n\t\t\t\n\t\t\t\n\n\t<div id=\"text-3401990214\" class=\"text\">\n\t\t\n\n<p>Dies ist der schnellste und einfachste Weg, Ihre Zahlung abzuschlie\u00dfen. W\u00e4hlen Sie die Option, die zu Ihrer Bank passt, und f\u00fchren Sie die einzelnen Schritte des Prozesses durch. Unser Zahlungsdienstleister bietet Ihnen eine sichere Zahlungsumgebung.<\/p>\n<p>Nachdem die Zahlung abgeschlossen ist, erhalten Sie sofort eine Benachrichtigung. Unser Team wird mit der Bearbeitung der Bestellung beginnen, um sie so schnell wie m\u00f6glich zu versenden. Wir werden Sie \u00fcber den Status per E-Mail auf dem Laufenden halten.<\/p>\n\t\t\n<style>\n#text-3401990214 {\n  color: rgb(0, 0, 0);\n}\n#text-3401990214 > * {\n  color: rgb(0, 0, 0);\n}\n<\/style>\n\t<\/div>\n\t\n\t<div id=\"gap-1860765955\" class=\"gap-element clearfix\" style=\"display:block; height:auto;\">\n\t\t\n<style>\n#gap-1860765955 {\n  padding-top: 30px;\n}\n<\/style>\n\t<\/div>\n\t\n\n\n\t\t<\/div>\n\t\t\t\t\t<\/div>\n\n\t\n\n<\/div>\n<div class=\"container section-title-container\" ><h2 class=\"section-title section-title-bold-center\"><b aria-hidden=\"true\"><\/b><span class=\"section-title-main\" >2. Direkte Bank\u00fcberweisung<\/span><b aria-hidden=\"true\"><\/b><\/h2><\/div>\n\n<div class=\"row\"  id=\"row-1473949982\">\n\n\n\t<div id=\"col-1827930338\" class=\"col small-12 large-12\"  >\n\t\t\t\t<div class=\"col-inner text-left dark\"  >\n\t\t\t\n\t\t\t\n\n\t<div id=\"text-189743935\" class=\"text\">\n\t\t\n\n<p>Es ist m\u00f6glich, Ihre Zahlung per Bank\u00fcberweisung durchzuf\u00fchren. W\u00e4hlen Sie die Option \"Direkt\u00fcberweisung\" und folgen Sie den Schritten. Nachdem Sie die Bestellung abgeschlossen haben, erhalten Sie eine E-Mail mit den notwendigen Informationen und Zahlungsdetails.<\/p>\n<p>Bitte beachten Sie, dass es nach der \u00dcberweisung 1-3 Tage dauern kann, bis wir das Geld erhalten haben. Daher kann es ein wenig l\u00e4nger dauern, bis die Bestellung versandt wird. Sie werden \u00fcber den Status per E-Mail auf dem Laufenden gehalten.<\/p>\n\t\t\n<style>\n#text-189743935 {\n  color: rgb(0, 0, 0);\n}\n#text-189743935 > * {\n  color: rgb(0, 0, 0);\n}\n<\/style>\n\t<\/div>\n\t\n\t<div id=\"gap-1040420626\" class=\"gap-element clearfix\" style=\"display:block; height:auto;\">\n\t\t\n<style>\n#gap-1040420626 {\n  padding-top: 30px;\n}\n<\/style>\n\t<\/div>\n\t\n\n\n\t\t<\/div>\n\t\t\t\t\t<\/div>\n\n\t\n\n<\/div>\n<div class=\"container section-title-container\" ><h2 class=\"section-title section-title-bold-center\"><b aria-hidden=\"true\"><\/b><span class=\"section-title-main\" >3. Kryptow\u00e4hrungen<\/span><b aria-hidden=\"true\"><\/b><\/h2><\/div>\n\n<div class=\"row\"  id=\"row-1091276250\">\n\n\n\t<div id=\"col-369389197\" class=\"col small-12 large-12\"  >\n\t\t\t\t<div class=\"col-inner text-left dark\"  >\n\t\t\t\n\t\t\t\n\n\t<div id=\"text-1807762444\" class=\"text\">\n\t\t\n\n<p>Wir akzeptieren Zahlungen mit mehreren Arten von Kryptow\u00e4hrungen. Diese Zahlungen werden mit Coinbase, dem gr\u00f6\u00dften Bitcoin-Austausch und -Broker der Welt, abgewickelt. Um mit Kryptow\u00e4hrungen zu bezahlen, k\u00f6nnen Sie die Zahlungsoption \"Bitcoin und andere Kryptow\u00e4hrungen\" ausw\u00e4hlen.<\/p>\n<p>Derzeit akzeptieren wir Bitcoin, Ethereum, USD Coin, Litecoin und Bitcoin Cash.<\/p>\n\t\t\n<style>\n#text-1807762444 {\n  color: rgb(0, 0, 0);\n}\n#text-1807762444 > * {\n  color: rgb(0, 0, 0);\n}\n<\/style>\n\t<\/div>\n\t\n\t<div class=\"img has-hover x md-x lg-x y md-y lg-y\" id=\"image_164538492\">\n\t\t\t\t\t\t\t\t<div class=\"img-inner dark\" style=\"margin:0px 300px 0px 300px;\">\n\t\t\t<img loading=\"lazy\" decoding=\"async\" width=\"1920\" height=\"300\" src=\"https:\/\/www.tatanka.nl\/wp-content\/uploads\/2021\/07\/Crypto-icons.png\" class=\"attachment-original size-original\" alt=\"Krypto-Zahlungen\" srcset=\"https:\/\/www.tatanka.nl\/wp-content\/uploads\/2021\/07\/Crypto-icons.png 1920w, https:\/\/www.tatanka.nl\/wp-content\/uploads\/2021\/07\/Crypto-icons-420x66.png 420w, https:\/\/www.tatanka.nl\/wp-content\/uploads\/2021\/07\/Crypto-icons-64x10.png 64w, https:\/\/www.tatanka.nl\/wp-content\/uploads\/2021\/07\/Crypto-icons-600x94.png 600w, https:\/\/www.tatanka.nl\/wp-content\/uploads\/2021\/07\/Crypto-icons-800x125.png 800w, https:\/\/www.tatanka.nl\/wp-content\/uploads\/2021\/07\/Crypto-icons-380x59.png 380w, https:\/\/www.tatanka.nl\/wp-content\/uploads\/2021\/07\/Crypto-icons-768x120.png 768w, https:\/\/www.tatanka.nl\/wp-content\/uploads\/2021\/07\/Crypto-icons-1536x240.png 1536w\" sizes=\"auto, (max-width: 1920px) 100vw, 1920px\" title=\"- Tatanka.nl\">\t\t\t\t\t\t\n\t\t\t\t\t<\/div>\n\t\t\t\t\t\t\t\t\n<style>\n#image_164538492 {\n  width: 100%;\n}\n<\/style>\n\t<\/div>\n\t\n\n\t<div id=\"gap-702618377\" class=\"gap-element clearfix\" style=\"display:block; height:auto;\">\n\t\t\n<style>\n#gap-702618377 {\n  padding-top: 30px;\n}\n<\/style>\n\t<\/div>\n\t\n\n\n\t\t<\/div>\n\t\t\t\t\t<\/div>\n\n\t\n\n<\/div>\n\t<div id=\"gap-196010768\" class=\"gap-element clearfix\" style=\"display:block; height:auto;\">\n\t\t\n<style>\n#gap-196010768 {\n  padding-top: 40px;\n}\n<\/style>\n\t<\/div>","protected":false},"excerpt":{"rendered":"","protected":false},"author":1427,"featured_media":0,"parent":0,"menu_order":0,"comment_status":"closed","ping_status":"closed","template":"page-blank.php","meta":{"footnotes":""},"class_list":["post-31937","page","type-page","status-publish","hentry"],"_links":{"self":[{"href":"https:\/\/www.tatanka.nl\/de\/wp-json\/wp\/v2\/pages\/31937","targetHints":{"allow":["GET"]}}],"collection":[{"href":"https:\/\/www.tatanka.nl\/de\/wp-json\/wp\/v2\/pages"}],"about":[{"href":"https:\/\/www.tatanka.nl\/de\/wp-json\/wp\/v2\/types\/page"}],"author":[{"embeddable":true,"href":"https:\/\/www.tatanka.nl\/de\/wp-json\/wp\/v2\/users\/1427"}],"replies":[{"embeddable":true,"href":"https:\/\/www.tatanka.nl\/de\/wp-json\/wp\/v2\/comments?post=31937"}],"version-history":[{"count":0,"href":"https:\/\/www.tatanka.nl\/de\/wp-json\/wp\/v2\/pages\/31937\/revisions"}],"wp:attachment":[{"href":"https:\/\/www.tatanka.nl\/de\/wp-json\/wp\/v2\/media?parent=31937"}],"curies":[{"name":"wp","href":"https:\/\/api.w.org\/{rel}","templated":true}]}}