{"id":32294,"date":"2021-07-26T16:18:13","date_gmt":"2021-07-26T14:18:13","guid":{"rendered":"https:\/\/www.tatanka.nl\/?page_id=32294"},"modified":"2024-08-20T11:03:27","modified_gmt":"2024-08-20T10:03:27","slug":"partners","status":"publish","type":"page","link":"https:\/\/www.tatanka.nl\/de\/partners\/","title":{"rendered":"Partner"},"content":{"rendered":"<div id=\"gap-1650855135\" class=\"gap-element clearfix\" style=\"display:block; height:auto;\">\n\t\t\n<style>\n#gap-1650855135 {\n  padding-top: 30px;\n}\n<\/style>\n\t<\/div>\n\t\n\n<div class=\"container section-title-container\" ><h3 class=\"section-title section-title-normal\"><b aria-hidden=\"true\"><\/b><span class=\"section-title-main\" style=\"font-size:149%;\">Partner<\/span><b aria-hidden=\"true\"><\/b><\/h3><\/div>\n\n<div class=\"row\"  id=\"row-282101459\">\n\n\n\t<div id=\"col-296910811\" class=\"col medium-8 small-12 large-8\"  >\n\t\t\t\t<div class=\"col-inner\"  >\n\t\t\t\n\t\t\t\n\n<h2 data-animated=\"true\" data-animate=\"fadeInLeft\">Tatanka x Headshop x Smartific<\/h2>\n<p>Die Tatanka-L\u00e4den sind in Europa sehr bekannt. Aber wussten Sie, dass neben unseren 2 Tatanka-Standorten in Amsterdam auch das Headshop zu unserer Familie geh\u00f6rt? Schauen Sie sich das unbedingt an!<\/p>\n<p>Da nicht jeder in der Lage ist, uns in unserer sch\u00f6nen Stadt zu besuchen, suchen wir immer nach M\u00f6glichkeiten, Sie zu unterst\u00fctzen, wo immer Sie in Europa sind. Wir haben uns mit einem der besten europ\u00e4ischen Webshops f\u00fcr Head- und Smartshop-Produkte zusammengetan: Smartific. Dieser Online-Shop mit Sitz in den Niederlanden verf\u00fcgt \u00fcber eine unglaubliche Menge an Produkten, Wissen und Erfahrung auf dem Smartshop-Markt. Gemeinsam sind wir in der Lage, den bestm\u00f6glichen Service in ganz Europa zu bieten.<\/p>\n<p>Smartific ist einer der niederl\u00e4ndischen Marktf\u00fchrer und hat sich auf alle Arten von Produkten spezialisiert. Sie konzentrieren sich auch darauf, klare Informationen \u00fcber alle Produkte zu geben. Ihre ausf\u00fchrlichen Informationsartikel sind sehr gr\u00fcndlich und beeindruckend. Vor der Verwendung von Smartshop-Produkten empfehlen wir auf jeden Fall, sich in das Thema einzulesen. Die Smartific-Wissensdatenbank ist das perfekte Werkzeug daf\u00fcr.<\/p>\n<p>Unser gemeinsames Wissen ist in unseren Smartshops in Amsterdam sehr n\u00fctzlich. Bei der Beratung k\u00f6nnen unsere erfahrenen Mitarbeiter noch mehr Informationen nutzen, als sie ohnehin schon haben. Und dank unserer Allianz k\u00f6nnen wir Ihnen auch mit einem Live-Chat-Service weiterhelfen. Haben Sie tags\u00fcber noch Fragen? Wir beantworten sie gerne spontan!<\/p>\n<p>Neugierig geworden auf Smartific? Werfen Sie einen Blick auf ihre niederl\u00e4ndische Website: <span style=\"text-decoration: underline;\"><a href=\"https:\/\/www.smartific.nl\/\" target=\"_blank\" rel=\"noopener\">https:\/\/www.smartific.nl\/<\/a><\/span> oder f\u00fcr den Rest von Europa: <span style=\"text-decoration: underline;\"><a href=\"https:\/\/www.smartific.com\" target=\"_blank\" rel=\"noopener\">https:\/\/www.smartific.com<\/a>\/<\/span>. Und nicht zu vergessen: Das unglaubliche Headshop: <span style=\"text-decoration: underline;\"><a href=\"https:\/\/www.headshop.nl\/\" target=\"_blank\" rel=\"noopener\">https:\/\/www.headshop.nl\/<\/a><\/span><\/p>\n<h2 data-animated=\"true\" data-animate=\"fadeInLeft\">Tatanka x MagicTruffels.shop X Paddo.shop<\/h2>\n<p>Unsere Tatanka-L\u00e4den sind voll mit tollen Smartshop-Produkten. Die wohl beliebtesten dieser Produkte sind Magic Truffes und Pilzzucht-Sets. Wir haben eine Zusammenarbeit mit den Online-Experten f\u00fcr magische Tr\u00fcffel von MagicTruffels.shop aufgebaut. Sie sind vollst\u00e4ndig auf psilocybinhaltige Produkte spezialisiert. Gemeinsam nutzen wir unser Wissen und unsere Forschungsergebnisse, um Ihnen als Kunden die bestm\u00f6gliche Erfahrung zu bieten. Werfen Sie einen Blick auf ihre Website: <span style=\"text-decoration: underline;\"><a href=\"https:\/\/www.magictruffels.shop\/\" target=\"_blank\" rel=\"noopener\">https:\/\/www.magictruffels.shop\/<\/a><\/span>.\u00a0<\/p>\n<p>Sie haben auch eine gro\u00dfartige Website, die sich mit magischen Pilzzucht-Sets besch\u00e4ftigt. Du kannst ihren speziellen Pilzshop hier finden: <a href=\"https:\/\/www.paddo.shop\/\" target=\"_blank\" rel=\"noopener\">https:\/\/www.paddo.shop\/<\/a><\/p>\n<h2 data-pm-slice=\"1 1 &#091;&#093;\">Tatanka x McSmart<\/h2>\n<p>Wij van Tatanka zijn trots opze samenwerking met <a href=\"https:\/\/www.mcsmart.com\/\" target=\"_blank\" rel=\"noopener\">McSmart<\/a>, der f\u00fchrende Gro\u00dfhandel f\u00fcr Smartshops. Durch diese Zusammenarbeit k\u00f6nnen wir unseren Kunden eine breite Skala an hochwertigen Produkten anbieten. Zu den hochwertigen Produkten, die wir von McSmart anbieten, geh\u00f6ren unter anderem Magic Truffels, Growkits und Nahrungserg\u00e4nzungsmittel. Diese Produkte sind bekannt f\u00fcr ihre Zuverl\u00e4ssigkeit und Effektivit\u00e4t, die sie bei unseren Kunden zu einem beliebten Produkt machen. Bei Tatanka streben wir danach, immer die besten Produkte anzubieten, und mit McSmart als Partner haben wir den Standard der Qualit\u00e4t erreicht, den unsere Kunden sch\u00e4tzen und verdienen.<\/p>\n\n\t\t<\/div>\n\t\t\t\t\t<\/div>\n\n\t\n\n\t<div id=\"col-439083161\" class=\"col medium-4 small-12 large-4 small-col-first\"  >\n\t\t\t\t<div class=\"col-inner\"  >\n\t\t\t\n\t\t\t\n\n\t<div class=\"img has-hover x md-x lg-x y md-y lg-y\" id=\"image_1455158889\">\n\t\t\t\t\t\t\t\t<div class=\"img-inner dark\" >\n\t\t\t<img loading=\"lazy\" decoding=\"async\" width=\"512\" height=\"512\" src=\"https:\/\/www.tatanka.nl\/wp-content\/uploads\/2018\/05\/Tatanka-Logo-512x512.jpg\" class=\"attachment-original size-original\" alt=\"- Tatanka.nl\" srcset=\"https:\/\/www.tatanka.nl\/wp-content\/uploads\/2018\/05\/Tatanka-Logo-512x512.jpg 512w, https:\/\/www.tatanka.nl\/wp-content\/uploads\/2018\/05\/Tatanka-Logo-512x512-420x420.jpg 420w, https:\/\/www.tatanka.nl\/wp-content\/uploads\/2018\/05\/Tatanka-Logo-512x512-100x100.jpg 100w, https:\/\/www.tatanka.nl\/wp-content\/uploads\/2018\/05\/Tatanka-Logo-512x512-64x64.jpg 64w, https:\/\/www.tatanka.nl\/wp-content\/uploads\/2018\/05\/Tatanka-Logo-512x512-380x380.jpg 380w\" sizes=\"auto, (max-width: 512px) 100vw, 512px\" title=\"- Tatanka.nl\">\t\t\t\t\t\t\n\t\t\t\t\t<\/div>\n\t\t\t\t\t\t\t\t\n<style>\n#image_1455158889 {\n  width: 100%;\n}\n<\/style>\n\t<\/div>\n\t\n\n\t<div id=\"gap-1084703535\" class=\"gap-element clearfix\" style=\"display:block; height:auto;\">\n\t\t\n<style>\n#gap-1084703535 {\n  padding-top: 10px;\n}\n<\/style>\n\t<\/div>\n\t\n\n\n\t\t<\/div>\n\t\t\t\t\t<\/div>\n\n\t\n\n<\/div>","protected":false},"excerpt":{"rendered":"","protected":false},"author":1427,"featured_media":0,"parent":0,"menu_order":0,"comment_status":"closed","ping_status":"closed","template":"page-blank.php","meta":{"footnotes":""},"class_list":["post-32294","page","type-page","status-publish","hentry"],"_links":{"self":[{"href":"https:\/\/www.tatanka.nl\/de\/wp-json\/wp\/v2\/pages\/32294","targetHints":{"allow":["GET"]}}],"collection":[{"href":"https:\/\/www.tatanka.nl\/de\/wp-json\/wp\/v2\/pages"}],"about":[{"href":"https:\/\/www.tatanka.nl\/de\/wp-json\/wp\/v2\/types\/page"}],"author":[{"embeddable":true,"href":"https:\/\/www.tatanka.nl\/de\/wp-json\/wp\/v2\/users\/1427"}],"replies":[{"embeddable":true,"href":"https:\/\/www.tatanka.nl\/de\/wp-json\/wp\/v2\/comments?post=32294"}],"version-history":[{"count":0,"href":"https:\/\/www.tatanka.nl\/de\/wp-json\/wp\/v2\/pages\/32294\/revisions"}],"wp:attachment":[{"href":"https:\/\/www.tatanka.nl\/de\/wp-json\/wp\/v2\/media?parent=32294"}],"curies":[{"name":"wp","href":"https:\/\/api.w.org\/{rel}","templated":true}]}}