{"id":115892,"date":"2023-08-21T15:19:48","date_gmt":"2023-08-21T13:19:48","guid":{"rendered":"https:\/\/www.tatanka.nl\/?post_type=product&#038;p=115892"},"modified":"2025-06-04T15:41:32","modified_gmt":"2025-06-04T14:41:32","slug":"sexy-x","status":"publish","type":"product","link":"https:\/\/www.tatanka.nl\/de\/sexy-x\/","title":{"rendered":"Sexy X"},"content":{"rendered":"<h2 data-start=\"51\" data-end=\"90\">Was sind Sexy X Euphoric Sex-Kappen?<\/h2>\n<p data-start=\"92\" data-end=\"971\">Sexy X Euphoric Sex Caps sind ein hochwertiges Nahrungserg\u00e4nzungsmittel, das entwickelt wurde, um intime Erlebnisse zu verbessern, indem es k\u00f6rperliche Empfindungen verst\u00e4rkt und emotionale Verbindungen vertieft. Diese sorgf\u00e4ltig zusammengestellte Kr\u00e4utermischung stimuliert die Sinne, f\u00f6rdert die Entspannung und steigert das Vergn\u00fcgen und ist somit der perfekte Begleiter f\u00fcr intime Momente. Indem es Euphorie und Leidenschaft steigert, erm\u00f6glicht Sexy X Ihnen und Ihrem Partner, neue Dimensionen des Begehrens zu entdecken. Es ist mehr als nur eine Party-Pille, es dient als Werkzeug zur Verbesserung der Intimit\u00e4t und zur Schaffung einer Atmosph\u00e4re von erh\u00f6hter Lust und Verbindung. Die sorgf\u00e4ltig ausgew\u00e4hlten Inhaltsstoffe erm\u00f6glichen eine sinnlichere Erfahrung und verhelfen Ihnen zu tieferem Vergn\u00fcgen und emotionaler N\u00e4he. Egal, ob Sie Ihre intimen Momente intensivieren oder sich auf eine leidenschaftliche Reise begeben wollen, Sexy X Euphoric Sex Caps bieten den n\u00f6tigen Schub, um Ihre Erfahrung zu steigern.<\/p>\n<h2 data-start=\"973\" data-end=\"1017\">Die Geschichte der Sexy X Euphoric Sex Kappen<\/h2>\n<p data-start=\"1019\" data-end=\"1781\">Sexy X Euphoric Sex Caps wurden als Antwort auf die steigende Nachfrage nach Produkten entwickelt, die sowohl die k\u00f6rperliche als auch die emotionale Intimit\u00e4t verbessern. Durch die Nutzung der Kraft nat\u00fcrlicher Kr\u00e4uter haben die Sch\u00f6pfer von Sexy X ein Erg\u00e4nzungsmittel entwickelt, das die nat\u00fcrliche Bindung zwischen Partnern st\u00e4rkt. Die wichtigsten Inhaltsstoffe dieser Formel werden seit Jahrhunderten in verschiedenen Kulturen verwendet, um die Libido zu steigern, die Lust zu erh\u00f6hen und Euphorie zu erzeugen. Durch die Kombination dieser potenten Kr\u00e4uter in einer praktischen Kapsel wurde Sexy X geboren. Seit seiner Markteinf\u00fchrung erfreut es sich gro\u00dfer Beliebtheit bei Menschen, die ihre Beziehungen verbessern und ihre emotionale und k\u00f6rperliche Verbindung vertiefen wollen. Es hat sich zu einer ersten Wahl f\u00fcr diejenigen entwickelt, die neue Ebenen der Intimit\u00e4t und Sinnlichkeit erkunden wollen.<\/p>\n<h2 data-start=\"1783\" data-end=\"1823\">Verwendung der Sexy X Euphoric Sex Kappen<\/h2>\n<p data-start=\"1825\" data-end=\"2537\">F\u00fcr die beste Erfahrung, nehmen Sie eine Kapsel 30 bis 45 Minuten vor der gew\u00fcnschten Wirkung. Um eine optimale Aufnahme zu gew\u00e4hrleisten, verzehren Sie die Kapsel mit Wasser oder Fruchtsaft. Die empfohlene Tagesh\u00f6chstmenge betr\u00e4gt zwei Kapseln, und es ist wichtig, diese Dosis innerhalb von 24 Stunden nicht zu \u00fcberschreiten. Die Einnahme von Sexy X zum richtigen Zeitpunkt gew\u00e4hrleistet, dass Sie die volle Wirkung im richtigen Moment sp\u00fcren. Die Formel wurde entwickelt, um sowohl die k\u00f6rperliche als auch die emotionale Verbindung zu verbessern, was sie ideal f\u00fcr die Einnahme vor einem intimen Erlebnis macht. Wenn Sie sich an die empfohlene Dosierung halten, k\u00f6nnen Sie eine sichere und angenehme Erfahrung machen. Wenn Sie Ihre Sinnlichkeit steigern und neue Ebenen der Lust erschlie\u00dfen wollen, sind Sexy X Euphoric Sex Caps die perfekte Wahl.<\/p>\n<h2 data-start=\"2539\" data-end=\"2583\">Inhaltsstoffe von Sexy X Euphoric Sex Caps<\/h2>\n<p data-start=\"2585\" data-end=\"2835\">Sexy X Euphoric Sex Caps sind mit einer sorgf\u00e4ltig ausgew\u00e4hlten Kr\u00e4utermischung formuliert, von denen jede f\u00fcr ihre F\u00e4higkeit ausgew\u00e4hlt wurde, k\u00f6rperliche Empfindungen zu verbessern, das Vergn\u00fcgen zu steigern und emotionale Bindungen zu st\u00e4rken. Die wichtigsten Inhaltsstoffe in jeder pflanzlichen Kapsel sind:<\/p>\n<ul data-start=\"2837\" data-end=\"3449\">\n<li data-start=\"2837\" data-end=\"2928\"><strong data-start=\"2839\" data-end=\"2864\">Damiana 10% (100 mg):<\/strong> Wird traditionell zur Unterst\u00fctzung der sexuellen Gesundheit und zur Steigerung der Lust verwendet.<\/li>\n<li data-start=\"2929\" data-end=\"3033\"><strong data-start=\"2931\" data-end=\"2949\">GABA (100 mg):<\/strong> F\u00f6rdert die Entspannung und den Stressabbau und sorgt f\u00fcr ein besseres Gef\u00fchl der Verbundenheit.<\/li>\n<li data-start=\"3034\" data-end=\"3129\"><strong data-start=\"3036\" data-end=\"3063\">Ginkgo Biloba (100 mg):<\/strong> Verbessert die Durchblutung, was zu einer Steigerung der k\u00f6rperlichen Empfindungen f\u00fchrt.<\/li>\n<li data-start=\"3130\" data-end=\"3228\"><strong data-start=\"3132\" data-end=\"3159\">Kanna-Extrakt (100 mg):<\/strong> Hebt die Stimmung, lindert Stress und f\u00f6rdert die emotionale Intimit\u00e4t.<\/li>\n<li data-start=\"3229\" data-end=\"3334\"><strong data-start=\"3231\" data-end=\"3258\">Passionsblume (100 mg):<\/strong> Es hat eine beruhigende Wirkung und hilft Ihnen, sich zu entspannen und den Moment zu genie\u00dfen.<\/li>\n<li data-start=\"3335\" data-end=\"3449\"><strong data-start=\"3337\" data-end=\"3378\">Ascorbins\u00e4ure (80 mg) &amp; Zink (10 mg):<\/strong> Unterst\u00fctzt die allgemeine Gesundheit und Energie, was das Erlebnis weiter verbessert.<\/li>\n<\/ul>\n<p data-start=\"3451\" data-end=\"3623\" data-is-last-node=\"\">Zusammen wirken diese Inhaltsstoffe synergetisch, um ein erh\u00f6htes und sinnliches Erlebnis zu liefern, das Ihnen und Ihrem Partner neue Ebenen der Freude und Intimit\u00e4t er\u00f6ffnet.<\/p>\n<p><strong>Warnung:<\/strong><br \/>\nVerwenden Sie ein Nahrungserg\u00e4nzungsmittel nicht als Ersatz f\u00fcr eine abwechslungsreiche Ern\u00e4hrung. Au\u00dferhalb der Reichweite von Kindern aufbewahren. Verwendung nur f\u00fcr Personen \u00fcber 18 Jahren erlaubt. Nicht in Kombination mit Medikamenten oder anderen Stimulanzien, bei hohem\/niedrigem Blutdruck, Herzleiden, Schilddr\u00fcsenerkrankungen, Nierenerkrankungen, Depressionen, Nervosit\u00e4t, k\u00f6rperlichen und\/oder geistigen Beschwerden und bei der Einnahme von MAO-Hemmern verwenden. Seien Sie vorsichtig bei \u00fcberm\u00e4\u00dfigem Alkoholkonsum. Im Zweifelsfall konsultieren Sie bitte Ihren Arzt.<\/p>","protected":false},"excerpt":{"rendered":"<p><span data-sheets-value=\"{&quot;1&quot;:2,&quot;2&quot;:&quot;Experience Passion and Ecstasy with Sexy X Euphoric Sex Caps!\\n\\nIndulge in the extraordinary with Sexy X Euphoric Sex Caps \u2013 a one-of-a-kind herbal blend meticulously crafted to ignite your senses and set the stage for an unforgettable journey into the realms of love and desire. From enhancing your physical sensations to deepening emotional connections, Sexy X is the secret ingredient that transforms intimate moments into a symphony of euphoria and passion.\\n\\nIgnite Your Senses and Explore New Depths of Pleasure\\n\\nImagine a world where every touch, every whisper, and every glance carries an electrifying charge. With Sexy X, that fantasy becomes your reality. Our unique blend of carefully selected herbs is designed to awaken your body and mind, elevating your experiences to new heights. Feel the tingle of anticipation as you take the first step towards sensual exploration, opening doors to pleasure you never thought possible.\\n\\nUnleash Your Inner Sensuality with Sexy X\\n\\nUnveil the hidden facets of your sensuality with Sexy X Euphoric Sex Caps. Let go of inhibitions and allow your inner desires to flourish. Whether you're igniting the flames of a long-term relationship or kindling a new spark, Sexy X provides the key to unlocking the door to a world where inhibitions fade and passion takes the lead.\\n\\nWhy Choose Sexy X Euphoric Sex Caps?\\n\\nSexy X is more than just a party pill \u2013 it's a gateway to a universe of unparalleled ecstasy. Our meticulously crafted blend is formulated with a focus on quality, safety, and the ultimate satisfaction of you and your partner. Every moment becomes an opportunity to delve into the depths of connection, amplifying the intimacy and excitement you share.\\n\\nElevate Your Intimate Moments Today\\n\\nReady to embark on a journey that will redefine your understanding of passion and connection? The Sexy X Euphoric Sex Caps are here to guide you. Unveil a world of heightened sensations, emotional intensity, and unbridled desire. Elevate your intimate moments and create memories that will last a lifetime. Experience the magic of Sexy X \u2013 order now and discover the euphoria that awaits!\\n\\n\\n\\n\\n\\n&quot;}\" data-sheets-userformat=\"{&quot;2&quot;:771,&quot;3&quot;:{&quot;1&quot;:0},&quot;4&quot;:{&quot;1&quot;:2,&quot;2&quot;:16711935},&quot;11&quot;:3,&quot;12&quot;:0}\">Erleben Sie Leidenschaft und Ekstase mit Sexy X Euphoric Sex Caps! G\u00f6nnen Sie sich das Au\u00dfergew\u00f6hnliche mit Sexy X Euphoric Sex Caps - eine einzigartige Kr\u00e4utermischung, die sorgf\u00e4ltig hergestellt wurde, um Ihre Sinne zu entz\u00fcnden und die B\u00fchne f\u00fcr eine unvergessliche Reise in die Reiche der Liebe und des Verlangens zu bereiten. Sexy X ist die geheime Zutat, die intime Momente in eine Symphonie aus Euphorie und Leidenschaft verwandelt, von der Steigerung der k\u00f6rperlichen Empfindungen bis hin zur Vertiefung der emotionalen Beziehungen.<\/span><\/p>","protected":false},"featured_media":115895,"template":"","meta":[],"product_brand":[],"product_cat":[535,525,476,532],"product_tag":[],"class_list":{"0":"post-115892","1":"product","2":"type-product","3":"status-publish","4":"has-post-thumbnail","6":"product_cat-dnx","7":"product_cat-party-pills","8":"product_cat-smartshop","9":"product_cat-trippy-pills","10":"product_shipping_class-not-allowed-group-1","12":"first","13":"instock","14":"taxable","15":"shipping-taxable","16":"purchasable","17":"product-type-variable","18":"has-default-attributes"},"_links":{"self":[{"href":"https:\/\/www.tatanka.nl\/de\/wp-json\/wp\/v2\/product\/115892","targetHints":{"allow":["GET"]}}],"collection":[{"href":"https:\/\/www.tatanka.nl\/de\/wp-json\/wp\/v2\/product"}],"about":[{"href":"https:\/\/www.tatanka.nl\/de\/wp-json\/wp\/v2\/types\/product"}],"wp:featuredmedia":[{"embeddable":true,"href":"https:\/\/www.tatanka.nl\/de\/wp-json\/wp\/v2\/media\/115895"}],"wp:attachment":[{"href":"https:\/\/www.tatanka.nl\/de\/wp-json\/wp\/v2\/media?parent=115892"}],"wp:term":[{"taxonomy":"product_brand","embeddable":true,"href":"https:\/\/www.tatanka.nl\/de\/wp-json\/wp\/v2\/product_brand?post=115892"},{"taxonomy":"product_cat","embeddable":true,"href":"https:\/\/www.tatanka.nl\/de\/wp-json\/wp\/v2\/product_cat?post=115892"},{"taxonomy":"product_tag","embeddable":true,"href":"https:\/\/www.tatanka.nl\/de\/wp-json\/wp\/v2\/product_tag?post=115892"}],"curies":[{"name":"wp","href":"https:\/\/api.w.org\/{rel}","templated":true}]}}