{"id":119445,"date":"2023-10-11T11:19:25","date_gmt":"2023-10-11T10:19:25","guid":{"rendered":"https:\/\/www.tatanka.nl\/?post_type=product&#038;p=119445"},"modified":"2025-06-04T15:41:20","modified_gmt":"2025-06-04T14:41:20","slug":"groove-x","status":"publish","type":"product","link":"https:\/\/www.tatanka.nl\/de\/groove-x\/","title":{"rendered":"Groove X"},"content":{"rendered":"<h2 data-pm-slice=\"1 1 []\">Was sind Groove X-Kappen?<\/h2>\n<p>Groove X Caps sind von Experten entwickelte Kapseln, die Ihr Partyerlebnis verbessern, indem sie die Stimmung, die Energie und das soziale Engagement steigern. Diese Kapseln enthalten eine leistungsstarke Mischung aus nat\u00fcrlichen Inhaltsstoffen, die zusammenwirken, um eine aufregende, erhebende Wirkung zu erzeugen. Die Groove X-Kapseln sind ideal f\u00fcr alle, die gerne tanzen, Kontakte kn\u00fcpfen oder auf Partys aktiv bleiben, denn sie halten Sie die ganze Nacht in Bewegung. Egal, ob Sie auf der Tanzfl\u00e4che stehen oder sich unter Freunde mischen, diese Kapseln sind Ihr Schl\u00fcssel zu einem unvergesslichen Abend. Die Formel wirkt schnell, regt K\u00f6rper und Geist an und macht es leicht, in den Groove zu kommen und den Party-Rhythmus zu genie\u00dfen.<\/p>\n<h2>Geschichte der Groove X-Kappen<\/h2>\n<p>Groove X Caps wurden entwickelt, um das ultimative Party-Supplement zu schaffen. Das Produkt entstand aus dem wachsenden Bedarf an einem Nahrungserg\u00e4nzungsmittel, das die Partyatmosph\u00e4re verbessern und Menschen zusammenbringen kann. Die Gr\u00fcnder von Groove X versuchten, die besten nat\u00fcrlichen Inhaltsstoffe zu kombinieren, die f\u00fcr ihre stimmungsaufhellende, energetisierende und gesellschaftsf\u00f6rdernde Wirkung bekannt sind. Mit der Zeit wurde Groove X zur ersten Wahl f\u00fcr alle, die ihre Tanz- und Partyerlebnisse aufwerten wollten. Die Formel hat sich weiterentwickelt und enth\u00e4lt nun eine leistungsstarke Kombination von Inhaltsstoffen wie Black Maca, Kanna-Extrakt, Koffein und Zink, die f\u00fcr eine ausgewogene und angenehme Wirkung bei jeder Feier sorgen. Heute sind Groove X Caps weiterhin die erste Wahl f\u00fcr alle, die ihren inneren T\u00e4nzer entfesseln und die Party die ganze Nacht durchfeiern wollen.<\/p>\n<h2>Verwendung der Groove X-Kappen<\/h2>\n<p>Um die Wirkung von Groove X Caps zu maximieren, nehmen Sie eine Kapsel 30 bis 45 Minuten bevor Sie die Vorteile sp\u00fcren wollen. Schlucken Sie die Kapsel mit Wasser oder Fruchtsaft f\u00fcr eine optimale Absorption. Die empfohlene Tagesdosis betr\u00e4gt zwei Kapseln, die Sie innerhalb von 24 Stunden nicht \u00fcberschreiten sollten. Es ist am besten, Groove X Caps erst dann einzunehmen, wenn Sie bereit sind, sich auf soziale oder k\u00f6rperliche Aktivit\u00e4ten einzulassen, wie z.B. Tanzen oder Feiern. Wenn Sie die Einnahme richtig timen, k\u00f6nnen Sie die aufputschende Wirkung genau dann genie\u00dfen, wenn Sie sie am meisten brauchen. Verwenden Sie Groove X Caps immer verantwortungsbewusst und befolgen Sie die mitgelieferten Anweisungen f\u00fcr eine sichere und optimale Anwendung.<\/p>\n<h2>Inhaltsstoffe von Groove X Caps<\/h2>\n<p>Groove X Kapseln enthalten eine wirksame Mischung nat\u00fcrlicher Inhaltsstoffe, die Ihr Partyerlebnis verbessern. Jede vegetarische Kapsel enth\u00e4lt:<\/p>\n<ul data-spread=\"false\">\n<li><strong>Black Maca (400 mg):<\/strong> Ein bekannter Wurzelextrakt, der f\u00fcr seine energiesteigernden Eigenschaften bekannt ist.<\/li>\n<li><strong>Kanna-Extrakt (200 mg):<\/strong> Unterst\u00fctzt die Verbesserung der Stimmung und das geistige Wohlbefinden.<\/li>\n<li><strong>Koffein (75 mg):<\/strong> Liefert einen schnellen und anhaltenden Energieschub.<\/li>\n<li><strong>Zink (10 mg):<\/strong> Hilft, den K\u00f6rper im Gleichgewicht zu halten und unterst\u00fctzt einen gesunden Stoffwechsel.<\/li>\n<\/ul>\n<p>Diese Inhaltsstoffe wirken synergetisch, um die Stimmung zu verbessern, f\u00fcr geistige Klarheit zu sorgen und die Energie zu steigern, damit Sie die ganze Nacht \u00fcber munter und gesellig bleiben. Die sorgf\u00e4ltig ausgew\u00e4hlten Inhaltsstoffe sorgen f\u00fcr ein ausgewogenes, nat\u00fcrliches Erlebnis ohne das Zittern oder die Abst\u00fcrze, die \u00fcblicherweise mit synthetischen Energieverst\u00e4rkern verbunden sind.<\/p>\n<p><strong>Warnung:<\/strong><br \/>\nVerwenden Sie ein Nahrungserg\u00e4nzungsmittel nicht als Ersatz f\u00fcr eine abwechslungsreiche Ern\u00e4hrung. Au\u00dferhalb der Reichweite von Kindern aufbewahren. Verwendung nur f\u00fcr Personen \u00fcber 18 Jahren erlaubt. Nicht in Kombination mit Medikamenten oder anderen Stimulanzien, bei hohem\/niedrigem Blutdruck, Herzleiden, Schilddr\u00fcsenerkrankungen, Nierenerkrankungen, Depressionen, Nervosit\u00e4t, k\u00f6rperlichen und\/oder geistigen Beschwerden und bei der Einnahme von MAO-Hemmern verwenden. Seien Sie vorsichtig bei \u00fcberm\u00e4\u00dfigem Alkoholkonsum. Im Zweifelsfall konsultieren Sie bitte Ihren Arzt.<\/p>","protected":false},"excerpt":{"rendered":"<p>Treffen Sie Groove X Funky Dance Caps: Deine Eintrittskarte zu elektrisierenden N\u00e4chten und unaufhaltsamen Grooves. Diese Kapseln mit nat\u00fcrlichen Inhaltsstoffen heben deine Stimmung, geben dir Energie f\u00fcr deine Tanzbewegungen und halten den Rhythmus die ganze Nacht lang am Leben. Perfekt, um jede Party in ein unvergessliches Tanzextravaganza zu verwandeln. Mit Groove X sind Sie bereit, auf der Tanzfl\u00e4che zu gl\u00e4nzen und jeden Moment zu nutzen. Lass die gute Zeit beginnen!<\/p>","protected":false},"featured_media":119447,"template":"","meta":[],"product_brand":[],"product_cat":[535,525,476,532],"product_tag":[],"class_list":{"0":"post-119445","1":"product","2":"type-product","3":"status-publish","4":"has-post-thumbnail","6":"product_cat-dnx","7":"product_cat-party-pills","8":"product_cat-smartshop","9":"product_cat-trippy-pills","10":"product_shipping_class-not-allowed-group-1","12":"first","13":"instock","14":"taxable","15":"shipping-taxable","16":"purchasable","17":"product-type-variable","18":"has-default-attributes"},"_links":{"self":[{"href":"https:\/\/www.tatanka.nl\/de\/wp-json\/wp\/v2\/product\/119445","targetHints":{"allow":["GET"]}}],"collection":[{"href":"https:\/\/www.tatanka.nl\/de\/wp-json\/wp\/v2\/product"}],"about":[{"href":"https:\/\/www.tatanka.nl\/de\/wp-json\/wp\/v2\/types\/product"}],"wp:featuredmedia":[{"embeddable":true,"href":"https:\/\/www.tatanka.nl\/de\/wp-json\/wp\/v2\/media\/119447"}],"wp:attachment":[{"href":"https:\/\/www.tatanka.nl\/de\/wp-json\/wp\/v2\/media?parent=119445"}],"wp:term":[{"taxonomy":"product_brand","embeddable":true,"href":"https:\/\/www.tatanka.nl\/de\/wp-json\/wp\/v2\/product_brand?post=119445"},{"taxonomy":"product_cat","embeddable":true,"href":"https:\/\/www.tatanka.nl\/de\/wp-json\/wp\/v2\/product_cat?post=119445"},{"taxonomy":"product_tag","embeddable":true,"href":"https:\/\/www.tatanka.nl\/de\/wp-json\/wp\/v2\/product_tag?post=119445"}],"curies":[{"name":"wp","href":"https:\/\/api.w.org\/{rel}","templated":true}]}}