{"id":119450,"date":"2023-10-11T11:42:16","date_gmt":"2023-10-11T10:42:16","guid":{"rendered":"https:\/\/www.tatanka.nl\/?post_type=product&#038;p=119450"},"modified":"2025-05-20T07:53:19","modified_gmt":"2025-05-20T06:53:19","slug":"smart-x","status":"publish","type":"product","link":"https:\/\/www.tatanka.nl\/de\/smart-x\/","title":{"rendered":"Smart X"},"content":{"rendered":"<h2 data-pm-slice=\"1 1 []\">Was ist Smart X?<\/h2>\n<p>Smart X ist eine bahnbrechende Party-Pille, die entwickelt wurde, um Ihre Feier auf die n\u00e4chste Stufe zu heben. Jede Packung enth\u00e4lt sechs Kapseln mit wirksamen nat\u00fcrlichen Inhaltsstoffen, die Ihr Partyerlebnis verbessern. Die Smart X-Formel besteht aus drei verschiedenen Typen:<\/p>\n<ul data-spread=\"false\">\n<li><strong>2 Rote Geschwindigkeit X Capsules<\/strong> - Liefert Turbo-Energie<\/li>\n<li><strong>2 Rosa Sexy X Capsules<\/strong> - Verursacht euphorische Empfindungen<\/li>\n<li><strong>2 Orange Party X Capsules<\/strong> - Sorgt f\u00fcr die ultimative holl\u00e4ndische Party-Stimmung<\/li>\n<\/ul>\n<p>Jede Kapsel wurde sorgf\u00e4ltig zusammengestellt, um die Energie zu steigern, die Stimmung zu heben und die Euphorie zu f\u00f6rdern und so eine lebendige und angenehme Atmosph\u00e4re zu schaffen. Smart X bietet eine flexible M\u00f6glichkeit, Formeln zu mischen und zu kombinieren, so dass die Benutzer ihre Erfahrung f\u00fcr eine unvergessliche Nacht anpassen k\u00f6nnen. Mit gen\u00fcgend Kapseln f\u00fcr zwei Personen ist es die perfekte Erg\u00e4nzung f\u00fcr jede Feier.<\/p>\n<h2>Geschichte der Smart X<\/h2>\n<p>Smart X wurde entwickelt, um ein einzigartiges Party-Erlebnis zu bieten, das Energie, Euphorie und Spa\u00df miteinander verbindet. Es ist eine Weiterentwicklung der DNX Party-Pillenlinie, die bei Partyg\u00e4ngern seit Jahren beliebt ist. Umfangreiche Forschungen und Experimente f\u00fchrten zur perfekten Kombination von Speed X, Sexy X und Party X, was zu einer verbesserten Partyformel f\u00fchrte.<\/p>\n<p>Die Geschichte des Produkts wurzelt in dem Wunsch, den Verbrauchern ein sicheres, angenehmes und leistungsstarkes Erg\u00e4nzungsmittel anzubieten. Seine nat\u00fcrlichen Inhaltsstoffe wurden sorgf\u00e4ltig ausgew\u00e4hlt, um sowohl die k\u00f6rperliche Energie als auch das geistige Wohlbefinden zu steigern. Im Laufe der Zeit hat sich Smart X zu einer bevorzugten Wahl unter Party-Enthusiasten entwickelt, die eine hochwertige Pille suchen, die eine ausgewogene Mischung aus Aufregung und Energie liefert.<\/p>\n<h2>So verwenden Sie Smart X<\/h2>\n<p>Die Anwendung von Smart X ist einfach und effektiv. Um die besten Ergebnisse zu erzielen, nehmen Sie Ihre bevorzugte Kombination von Kapseln 30 bis 45 Minuten vor dem gew\u00fcnschten Wirkungseintritt mit Wasser oder Fruchtsaft ein. Die empfohlene Tagesdosis betr\u00e4gt drei Kapseln, von einer \u00dcberschreitung dieser Menge wird abgeraten.<\/p>\n<p>Die Smart X bietet Flexibilit\u00e4t bei der Verwendung, da die Benutzer verschiedene Kapseln mischen k\u00f6nnen, um ihre Erfahrungen anzupassen. Zum Beispiel:<\/p>\n<ul data-spread=\"false\">\n<li><strong>Kombination von Rosa Sexy X und Rot Speed X<\/strong> - Schafft eine ausgewogene Mischung aus Energie und Euphorie<\/li>\n<li><strong>Mischen aller drei Kapseln<\/strong> - Bietet ein intensives Erlebnis, ideal f\u00fcr eine Hardcore-Party-Atmosph\u00e4re<\/li>\n<\/ul>\n<p>Neue Nutzer sollten mit einer niedrigeren Dosierung beginnen und diese nach pers\u00f6nlichen Vorlieben anpassen. H\u00f6ren Sie immer auf Ihren K\u00f6rper und konsumieren Sie verantwortungsbewusst.<\/p>\n<h2>Inhaltsstoffe von Smart X<\/h2>\n<p>Smart X enth\u00e4lt eine sorgf\u00e4ltig zusammengestellte Mischung von Inhaltsstoffen, die f\u00fcr ihre F\u00e4higkeit bekannt sind, das Partyerlebnis zu verbessern. Jede Kapsel enth\u00e4lt eine einzigartige Kombination:<\/p>\n<ul data-spread=\"false\">\n<li><strong>Rote Speed X-Kapsel:<\/strong> DL-Phenylalanin, Eviodiamin, Koffein, Citrus Aurantium - Liefert einen starken Energieschub<\/li>\n<li><strong>Rosa Sexy X-Kapsel:<\/strong> Damiana, GABA, Ginkgo Biloba, Kanna Extrakt, Passion Flower - F\u00f6rdert Euphorie, Entspannung und geistige Klarheit<\/li>\n<li><strong>Orange Party X-Kapsel:<\/strong> Black Maca, Kanna Extrakt, Zink - Hebt die Stimmung und das Durchhalteverm\u00f6gen<\/li>\n<\/ul>\n<p>Diese nat\u00fcrlichen Inhaltsstoffe werden in pr\u00e4zisen Proportionen gemischt, um eine ausgewogene und effektive Erfahrung zu gew\u00e4hrleisten. Smart X ist mit Sorgfalt formuliert, um konsistente und starke Ergebnisse zu liefern, so dass Benutzer ihre Party ohne Bedenken \u00fcber Qualit\u00e4t oder Sicherheit genie\u00dfen k\u00f6nnen.<\/p>\n<p><strong>Warnung:<\/strong><br \/>\nVerwenden Sie ein Nahrungserg\u00e4nzungsmittel nicht als Ersatz f\u00fcr eine abwechslungsreiche Ern\u00e4hrung. Au\u00dferhalb der Reichweite von Kindern aufbewahren. Verwendung nur f\u00fcr Personen \u00fcber 18 Jahren erlaubt. Nicht in Kombination mit Medikamenten oder anderen Stimulanzien, bei hohem\/niedrigem Blutdruck, Herzleiden, Schilddr\u00fcsenerkrankungen, Nierenerkrankungen, Depressionen, Nervosit\u00e4t, k\u00f6rperlichen und\/oder geistigen Beschwerden und bei der Einnahme von MAO-Hemmern verwenden. Seien Sie vorsichtig bei \u00fcberm\u00e4\u00dfigem Alkoholkonsum. Im Zweifelsfall konsultieren Sie bitte Ihren Arzt.<\/p>","protected":false},"excerpt":{"rendered":"<p>Entfesseln Sie das ultimative Party-Erlebnis mit Smart X! Diese revolution\u00e4re Party-Pille vereint Energie, Euphorie und unvergleichliche Party-Sensationen in einem magischen Mix aus sechs nat\u00fcrlichen Kapseln. Egal, ob Sie auf der Suche nach turbogeladener Energie, einem euphorischen, sinnlichen Erlebnis oder dem echten holl\u00e4ndischen Party-Vibe sind, Smart X bietet alles. Dieses Set eignet sich perfekt, um es mit einem Freund oder Partner zu teilen und gibt dir die Freiheit, deine ideale Party-Kombination zusammenzustellen. Entscheiden Sie sich f\u00fcr den Hardcore Sex Party, indem Sie Pink, Rot und Orange kombinieren, und erleben Sie das ultimative Vergn\u00fcgen. Mit Smart X wird jede Party zu einem unvergesslichen Abenteuer. Mix, match &amp; enjoy mit Smart X - dein Ticket zu endlosem Partyvergn\u00fcgen!<\/p>","protected":false},"featured_media":119454,"template":"","meta":[],"product_brand":[],"product_cat":[535,525,476,532],"product_tag":[],"class_list":{"0":"post-119450","1":"product","2":"type-product","3":"status-publish","4":"has-post-thumbnail","6":"product_cat-dnx","7":"product_cat-party-pills","8":"product_cat-smartshop","9":"product_cat-trippy-pills","11":"first","12":"instock","13":"taxable","14":"shipping-taxable","15":"purchasable","16":"product-type-variable","17":"has-default-attributes"},"_links":{"self":[{"href":"https:\/\/www.tatanka.nl\/de\/wp-json\/wp\/v2\/product\/119450","targetHints":{"allow":["GET"]}}],"collection":[{"href":"https:\/\/www.tatanka.nl\/de\/wp-json\/wp\/v2\/product"}],"about":[{"href":"https:\/\/www.tatanka.nl\/de\/wp-json\/wp\/v2\/types\/product"}],"wp:featuredmedia":[{"embeddable":true,"href":"https:\/\/www.tatanka.nl\/de\/wp-json\/wp\/v2\/media\/119454"}],"wp:attachment":[{"href":"https:\/\/www.tatanka.nl\/de\/wp-json\/wp\/v2\/media?parent=119450"}],"wp:term":[{"taxonomy":"product_brand","embeddable":true,"href":"https:\/\/www.tatanka.nl\/de\/wp-json\/wp\/v2\/product_brand?post=119450"},{"taxonomy":"product_cat","embeddable":true,"href":"https:\/\/www.tatanka.nl\/de\/wp-json\/wp\/v2\/product_cat?post=119450"},{"taxonomy":"product_tag","embeddable":true,"href":"https:\/\/www.tatanka.nl\/de\/wp-json\/wp\/v2\/product_tag?post=119450"}],"curies":[{"name":"wp","href":"https:\/\/api.w.org\/{rel}","templated":true}]}}