{"id":12425,"date":"2018-02-26T13:09:30","date_gmt":"2018-02-26T13:09:30","guid":{"rendered":"http:\/\/www.tatanka.nl\/?post_type=product&#038;p=12425"},"modified":"2025-05-20T10:17:11","modified_gmt":"2025-05-20T09:17:11","slug":"thorinder-grinder-orange","status":"publish","type":"product","link":"https:\/\/www.tatanka.nl\/de\/thorinder-grinder-orange\/","title":{"rendered":"Thorinder Grinder, Orange"},"content":{"rendered":"<h2>Thorinder Grinder, Orange<\/h2>\n<p><span style=\"color: #000000;\">Wird in einer K\u00fchlbox geliefert. Inklusive Reinigungswerkzeug.<\/span><br \/>\n<span style=\"color: #000000;\"> Erh\u00e4ltlich in blau, gr\u00fcn, orange und grau.<\/span><br \/>\n<span style=\"color: #000000;\"> Verf\u00fcgbare Gr\u00f6\u00dfen: 50 mm und 62 mm.<\/span><\/p>","protected":false},"excerpt":{"rendered":"<p><span style=\"color: #000000;\">Dieser Orange Thorinder Grinder ist gebaut, um mitzukommen. Dieses Pr\u00e4zisionsger\u00e4t aus superstarkem Aluminium und rostfreiem Stahl und einer sehtiefen Oberfl\u00e4che bietet eine hohe Widerstandsf\u00e4higkeit gegen Kratzer. Der transparente Deckel erm\u00f6glicht es Ihnen, zu sehen, wie fein Ihre Kr\u00e4uter genau gemahlen werden.<\/span><\/p>","protected":false},"featured_media":21355,"template":"","meta":[],"product_brand":[],"product_cat":[490,297,489,488,491],"product_tag":[],"class_list":{"0":"post-12425","1":"product","2":"type-product","3":"status-publish","4":"has-post-thumbnail","6":"product_cat-4-part-grinders","7":"product_cat-all-products","8":"product_cat-grinders","9":"product_cat-headshop","10":"product_cat-metal","11":"product_shipping_class-creditcard-on","13":"first","14":"instock","15":"taxable","16":"shipping-taxable","17":"purchasable","18":"product-type-variable"},"_links":{"self":[{"href":"https:\/\/www.tatanka.nl\/de\/wp-json\/wp\/v2\/product\/12425","targetHints":{"allow":["GET"]}}],"collection":[{"href":"https:\/\/www.tatanka.nl\/de\/wp-json\/wp\/v2\/product"}],"about":[{"href":"https:\/\/www.tatanka.nl\/de\/wp-json\/wp\/v2\/types\/product"}],"wp:featuredmedia":[{"embeddable":true,"href":"https:\/\/www.tatanka.nl\/de\/wp-json\/wp\/v2\/media\/21355"}],"wp:attachment":[{"href":"https:\/\/www.tatanka.nl\/de\/wp-json\/wp\/v2\/media?parent=12425"}],"wp:term":[{"taxonomy":"product_brand","embeddable":true,"href":"https:\/\/www.tatanka.nl\/de\/wp-json\/wp\/v2\/product_brand?post=12425"},{"taxonomy":"product_cat","embeddable":true,"href":"https:\/\/www.tatanka.nl\/de\/wp-json\/wp\/v2\/product_cat?post=12425"},{"taxonomy":"product_tag","embeddable":true,"href":"https:\/\/www.tatanka.nl\/de\/wp-json\/wp\/v2\/product_tag?post=12425"}],"curies":[{"name":"wp","href":"https:\/\/api.w.org\/{rel}","templated":true}]}}