{"id":126724,"date":"2024-12-06T09:55:37","date_gmt":"2024-12-06T08:55:37","guid":{"rendered":"https:\/\/www.tatanka.nl\/?post_type=product&#038;p=126724"},"modified":"2025-03-05T16:25:18","modified_gmt":"2025-03-05T15:25:18","slug":"guarana-capsules","status":"publish","type":"product","link":"https:\/\/www.tatanka.nl\/de\/guarana-capsules\/","title":{"rendered":"Guarana-Kapseln"},"content":{"rendered":"<h2>Was sind Guarana Capsules?<\/h2>\n<p>Guarana Capsules von Indian Elements sind ein nat\u00fcrliches Energieerg\u00e4nzungsmittel, das aus den Samen der Paullinia Cupana Pflanze gewonnen wird. Diese im Amazonas-Regenwald beheimatete Pflanze wird seit Jahrhunderten von indigenen St\u00e4mmen wegen ihrer stimulierenden Eigenschaften verwendet. Die Samen der Guarana-Pflanze enthalten eine hohe Konzentration an Koffein - bis zu 4-6 Mal mehr als Kaffee - und sind damit ein wirksamer und lang anhaltender Energiespender.<\/p>\n<p>Im Gegensatz zu Kaffee, bei dem das Koffein schnell absorbiert wird, wird das Koffein in Guarana allm\u00e4hlich an den Blutkreislauf abgegeben. Dies erm\u00f6glicht ein anhaltendes Energieniveau und verringert das Risiko eines Energieabsturzes, der oft auf den Kaffeekonsum folgt. Die Kapseln sind eine bequeme M\u00f6glichkeit, die Kraft von Guarana zu nutzen und k\u00f6nnen sowohl die geistige als auch die k\u00f6rperliche Leistungsf\u00e4higkeit unterst\u00fctzen. Ganz gleich, ob Sie w\u00e4hrend langer Arbeitszeiten wach bleiben wollen oder zus\u00e4tzliche Energie bei k\u00f6rperlicher Aktivit\u00e4t ben\u00f6tigen, Indian Elements Guarana Capsules bietet eine nat\u00fcrliche und ausgewogene L\u00f6sung.<\/p>\n<h2>Geschichte von Guarana<\/h2>\n<p>Guarana hat eine reiche Geschichte, die in der Kultur der indigenen St\u00e4mme des Amazonas-Regenwaldes verwurzelt ist. Seit Jahrhunderten verwenden diese Gemeinschaften die Samen der Paullinia-Cupana-Pflanze f\u00fcr medizinische und zeremonielle Zwecke. Guarana wird von einigen St\u00e4mmen als so wichtig angesehen, dass es eine symbolische und kulturelle Bedeutung in ihrem t\u00e4glichen Leben hat. Es wurde traditionell als Stimulans bei der Jagd oder im Krieg verwendet, um die Konzentration, Energie und Ausdauer zu verbessern.<\/p>\n<p>Die energiespendenden Eigenschaften von Guarana machten es zu einer wertvollen Ressource f\u00fcr diese St\u00e4mme, die sich darauf verlie\u00dfen, um bei k\u00f6rperlich anstrengenden Aufgaben ihr Energieniveau zu halten. Mit der Zeit wurde Guarana auch au\u00dferhalb seiner Heimatregion immer bekannter und fand schlie\u00dflich seinen Weg auf den Weltmarkt. Heute ist es ein beliebter Bestandteil von Energydrinks, Nahrungserg\u00e4nzungsmitteln und Produkten zur Gewichtsreduzierung, da es einen nat\u00fcrlichen und anhaltenden Energieschub liefert.<\/p>\n<h2>Wie verwende ich Guarana Capsules<\/h2>\n<p>Um in den Genuss der Vorteile von Guarana zu kommen, nehmen Sie eine Kapsel mit einem Glas Wasser als Teil Ihrer t\u00e4glichen Routine ein. Es wird empfohlen, die Kapsel am Morgen oder am fr\u00fchen Nachmittag einzunehmen, um eine m\u00f6gliche Beeintr\u00e4chtigung des Schlafes aufgrund des Koffeingehalts zu vermeiden. Die allm\u00e4hliche Freisetzung von Koffein aus der Guarana-Pflanze bedeutet, dass die energetisierende Wirkung l\u00e4nger anh\u00e4lt, ohne den schnellen Absturz, der oft mit Kaffee oder Energydrinks einhergeht.<\/p>\n<p>Wenn Sie empfindlich auf Koffein reagieren oder noch nie Guarana probiert haben, ist es ratsam, mit einer geringeren Dosis zu beginnen und zu beobachten, wie Ihr K\u00f6rper darauf reagiert. Guarana ist daf\u00fcr bekannt, dass es die geistige Klarheit, den Fokus und die k\u00f6rperliche Leistungsf\u00e4higkeit verbessert, was es zu einer ausgezeichneten Wahl f\u00fcr Sportler, Studenten oder jeden macht, der an langen Arbeitstagen einen Schub braucht.<\/p>\n<p>Guarana steigert nicht nur die Energie, sondern kann auch beim Gewichtsmanagement helfen, da es leichte appetitz\u00fcgelnde Eigenschaften hat und gesunde Antioxidantien enth\u00e4lt. Dies macht es zu einem beliebten Nahrungserg\u00e4nzungsmittel f\u00fcr alle, die ihre Di\u00e4t- und Fitnessziele unterst\u00fctzen wollen.<\/p>\n<h2>Inhaltsstoffe von Guarana Capsules<\/h2>\n<p>Der Hauptbestandteil von Indian Elements Guarana Capsules ist Paullinia Cupana, der wissenschaftliche Name der Guarana-Pflanze. Die Samen dieser Pflanze sind vollgepackt mit Koffein, dem wichtigsten Wirkstoff, der f\u00fcr die energetisierende Wirkung verantwortlich ist. Guarana enth\u00e4lt 4-6 mal mehr Koffein als Kaffee, was es zu einer der st\u00e4rksten nat\u00fcrlichen Quellen dieses Stimulans macht.<\/p>\n<p>Neben Koffein enthalten Guaranasamen auch n\u00fctzliche Antioxidantien, die zu den allgemeinen gesundheitlichen Vorteilen des Nahrungserg\u00e4nzungsmittels beitragen. Diese Antioxidantien k\u00f6nnen helfen, oxidativen Stress zu bek\u00e4mpfen und das allgemeine Wohlbefinden zu unterst\u00fctzen. Die nat\u00fcrliche Zusammensetzung von Guarana sorgt f\u00fcr einen ausgewogenen und nachhaltigen Energieschub, ohne die harten Ausschl\u00e4ge und Abst\u00fcrze, die oft mit synthetischen Stimulanzien einhergehen.<\/p>\n<p>Indian Elements Guarana Capsules sind 100% nat\u00fcrlich, vegan und frei von jeglichen k\u00fcnstlichen Zusatzstoffen. Dies stellt sicher, dass Sie ein hochwertiges, reines Produkt erhalten, das einen gesunden Lebensstil unterst\u00fctzt.<\/p>\n<p><strong>Warnung<\/strong><br \/>\nGuarana-Kapseln sind f\u00fcr Erwachsene ab 18 Jahren bestimmt. Au\u00dferhalb der Reichweite von Kindern aufbewahren. Die Verwendung von Guarana wird f\u00fcr Personen mit Herzproblemen nicht empfohlen. Konsultieren Sie immer einen Arzt, bevor Sie mit einer neuen Nahrungserg\u00e4nzung beginnen, insbesondere wenn Sie gesundheitliche Probleme haben. Dies ist ein Nahrungserg\u00e4nzungsmittel und sollte als Teil einer ausgewogenen Ern\u00e4hrung eingenommen werden. Kaufen Sie es nicht, wenn das Siegel gebrochen ist.<\/p>","protected":false},"excerpt":{"rendered":"<p>Indian Elements Guarana Capsules bieten einen nat\u00fcrlichen Energieschub dank des hohen Koffeingehalts der Paullinia Cupana Pflanze. Diese Kapseln sind ideal f\u00fcr alle, die mehr Energie, Konzentration und Motivation suchen. Sie werden von Sportlern, Studenten und allen, die einen geistigen oder k\u00f6rperlichen Muntermacher brauchen, bevorzugt.<\/p>","protected":false},"featured_media":126727,"template":"","meta":[],"product_brand":[],"product_cat":[597,297,477,476],"product_tag":[],"class_list":{"0":"post-126724","1":"product","2":"type-product","3":"status-publish","4":"has-post-thumbnail","6":"product_cat-indian-elements","7":"product_cat-all-products","8":"product_cat-herbs","9":"product_cat-smartshop","11":"first","12":"instock","13":"taxable","14":"shipping-taxable","15":"purchasable","16":"product-type-variable","17":"has-default-attributes"},"_links":{"self":[{"href":"https:\/\/www.tatanka.nl\/de\/wp-json\/wp\/v2\/product\/126724","targetHints":{"allow":["GET"]}}],"collection":[{"href":"https:\/\/www.tatanka.nl\/de\/wp-json\/wp\/v2\/product"}],"about":[{"href":"https:\/\/www.tatanka.nl\/de\/wp-json\/wp\/v2\/types\/product"}],"wp:featuredmedia":[{"embeddable":true,"href":"https:\/\/www.tatanka.nl\/de\/wp-json\/wp\/v2\/media\/126727"}],"wp:attachment":[{"href":"https:\/\/www.tatanka.nl\/de\/wp-json\/wp\/v2\/media?parent=126724"}],"wp:term":[{"taxonomy":"product_brand","embeddable":true,"href":"https:\/\/www.tatanka.nl\/de\/wp-json\/wp\/v2\/product_brand?post=126724"},{"taxonomy":"product_cat","embeddable":true,"href":"https:\/\/www.tatanka.nl\/de\/wp-json\/wp\/v2\/product_cat?post=126724"},{"taxonomy":"product_tag","embeddable":true,"href":"https:\/\/www.tatanka.nl\/de\/wp-json\/wp\/v2\/product_tag?post=126724"}],"curies":[{"name":"wp","href":"https:\/\/api.w.org\/{rel}","templated":true}]}}