{"id":126729,"date":"2024-12-06T10:00:16","date_gmt":"2024-12-06T09:00:16","guid":{"rendered":"https:\/\/www.tatanka.nl\/?post_type=product&#038;p=126729"},"modified":"2025-01-29T14:02:50","modified_gmt":"2025-01-29T13:02:50","slug":"guarana","status":"publish","type":"product","link":"https:\/\/www.tatanka.nl\/de\/guarana\/","title":{"rendered":"Guarana"},"content":{"rendered":"<h2>Was ist Guarana?<\/h2>\n<p>Guarana (Paullinia Cupana) ist eine tropische Kletterpflanze, die im Amazonasgebiet, insbesondere in Brasilien, heimisch ist. Ihre kleinen, rotbraunen Beeren und Samen werden von den indigenen V\u00f6lkern seit Jahrhunderten nicht nur als Nahrungsquelle, sondern auch wegen ihrer energiespendenden Eigenschaften genutzt. F\u00fcr diese St\u00e4mme ist Guarana ein bedeutendes kulturelles Symbol, das oft als lebenswichtig f\u00fcr ihre Lebensweise angesehen wird. Guarana ist f\u00fcr seine stark stimulierende Wirkung bekannt und wurde in der Vergangenheit bei der Jagd und im Krieg verwendet, da es Energie und Wachsamkeit steigern kann.<\/p>\n<p>Die bemerkenswerteste Eigenschaft von Guarana ist sein hoher Koffeingehalt, der 4 bis 6 Mal h\u00f6her ist als der von Kaffee. Im Gegensatz zu Kaffee, der einen schnellen Koffeinschub liefert, gibt Guarana sein Koffein allm\u00e4hlich ab, was zu einem nachhaltigeren Energieniveau ohne schnellen Absturz f\u00fchrt. Dies macht Guarana zu einer idealen nat\u00fcrlichen Erg\u00e4nzung f\u00fcr alle, die einen gleichm\u00e4\u00dfigen, langfristigen Energieschub suchen. Die Wirkung von Guarana ist am vorteilhaftesten, wenn es regelm\u00e4\u00dfig eingenommen wird, um die allgemeine Vitalit\u00e4t zu unterst\u00fctzen und die geistige und k\u00f6rperliche Leistungsf\u00e4higkeit zu steigern.<\/p>\n<hr \/>\n<h2>Geschichte von Guarana<\/h2>\n<p>Guarana hat eine tief verwurzelte Geschichte im Amazonasgebiet, wo indigene St\u00e4mme seit Jahrhunderten auf die Pflanze angewiesen sind. Sie nutzen sie wegen ihrer anregenden Eigenschaften, die besonders bei Jagdausfl\u00fcgen oder zur Vorbereitung auf den Kampf hilfreich sind. Die Beeren der Pflanze, die einen hohen Koffeingehalt aufweisen, werden oft zu Pulver gemahlen oder mit Wasser gemischt, um energiereiche Getr\u00e4nke herzustellen.<\/p>\n<p>F\u00fcr viele St\u00e4mme hat Guarana eine kulturelle Bedeutung und ist f\u00fcr ihr \u00dcberleben und ihre Traditionen unabdingbar. Im Laufe der Zeit verbreitete sich das Wissen um seine Vorteile, und Guarana gewann schlie\u00dflich auch au\u00dferhalb des Amazonas an Popularit\u00e4t. Heutzutage wird Guarana aufgrund seiner nat\u00fcrlichen F\u00e4higkeit, Energie und Konzentration zu steigern, h\u00e4ufig in Energydrinks, Nahrungserg\u00e4nzungsmitteln und Produkten zur Gewichtsabnahme verwendet. Indian Elements Guarana bringt diese jahrhundertealte Tradition in die moderne Welt und bietet einen nat\u00fcrlichen und effektiven Energiebooster.<\/p>\n<hr \/>\n<h2>Wie man Guarana verwendet<\/h2>\n<p>Die empfohlene Dosierung von Indian Elements Guarana betr\u00e4gt 1 Gramm pro Tag, was eine einfache und bequeme M\u00f6glichkeit darstellt, dieses energiereiche Kraut in Ihren Tagesablauf einzubauen. Mischen Sie das Pulver einfach in ein Getr\u00e4nk, einen Smoothie oder einen Shake. Dank der allm\u00e4hlichen Freisetzung von Koffein h\u00e4lt die Wirkung von Guarana den ganzen Tag \u00fcber an und sorgt f\u00fcr eine stetige Steigerung von Energie, Konzentration und geistiger Klarheit.<\/p>\n<p>Guarana kann zwar zu jeder Zeit eingenommen werden, aber am besten morgens oder am fr\u00fchen Nachmittag, um den Schlafrhythmus nicht zu st\u00f6ren. Es kann besonders n\u00fctzlich sein f\u00fcr diejenigen, die einen Energieschub w\u00e4hrend langer Arbeits- oder Studiensitzungen ben\u00f6tigen, da es hilft, die Konzentration und Produktivit\u00e4t aufrechtzuerhalten. Bei Sportlern kann Guarana zu einer besseren Leistung beitragen, indem es die k\u00f6rperliche Ausdauer verbessert und die Erm\u00fcdung bei intensiven k\u00f6rperlichen Aktivit\u00e4ten verringert.<\/p>\n<hr \/>\n<h2>Inhaltsstoffe von Guarana<\/h2>\n<p>Die einzige Zutat in Indian Elements Guarana ist der Samen der Paullinia Cupana Pflanze. Dieser Samen wird zu einem feinen Pulver gemahlen, wodurch alle nat\u00fcrlichen Vorteile des Krauts erhalten bleiben. Guarana ist bekannt f\u00fcr seine hohe Konzentration an Koffein, sowie andere n\u00fctzliche Verbindungen wie Antioxidantien, die die allgemeine Gesundheit und das Wohlbefinden unterst\u00fctzen.<\/p>\n<p>Au\u00dferdem hat Guarana leicht appetitz\u00fcgelnde Eigenschaften, was es zu einer beliebten Wahl f\u00fcr diejenigen macht, die ihr Gewicht kontrollieren wollen. Seine Antioxidantien helfen, oxidativen Stress im K\u00f6rper zu bek\u00e4mpfen, und tragen so zur allgemeinen Vitalit\u00e4t bei. Das in Guarana enthaltene Koffein in Verbindung mit seinen anderen nat\u00fcrlichen Inhaltsstoffen macht es zu einem leistungsstarken, nat\u00fcrlichen Nahrungserg\u00e4nzungsmittel, das Energie, Konzentration und Ausdauer steigert.<\/p>\n<hr \/>\n<p><strong>Warnung:<\/strong><br \/>\nNur verwenden, wenn Sie \u00fcber 18 Jahre alt sind. Au\u00dferhalb der Reichweite von Kindern aufbewahren. Guarana wird nicht f\u00fcr Personen mit Herzproblemen empfohlen. Dieses Produkt ist ein Nahrungserg\u00e4nzungsmittel und sollte als solches verwendet werden. Nicht kaufen, wenn das Siegel gebrochen ist.<\/p>","protected":false},"excerpt":{"rendered":"<p>Guarana von Indian Elements ist ein nat\u00fcrlicher Energiebooster, perfekt f\u00fcr alle, die tags\u00fcber einen zus\u00e4tzlichen Schub brauchen. Mit seinem hohen Koffeingehalt hilft dieses kraftvolle Kraut, sowohl die k\u00f6rperliche als auch die geistige Leistungsf\u00e4higkeit zu verbessern, was es bei Sportlern, Studenten und Nachtschichtarbeitern beliebt macht. Mit einer empfohlenen Tagesdosis von nur 1 Gramm bietet es lang anhaltende Energie, verbesserte Konzentration und Motivation.<\/p>","protected":false},"featured_media":126732,"template":"","meta":[],"product_brand":[],"product_cat":[597,297,477,476],"product_tag":[],"class_list":{"0":"post-126729","1":"product","2":"type-product","3":"status-publish","4":"has-post-thumbnail","6":"product_cat-indian-elements","7":"product_cat-all-products","8":"product_cat-herbs","9":"product_cat-smartshop","11":"first","12":"instock","13":"taxable","14":"shipping-taxable","15":"purchasable","16":"product-type-variable","17":"has-default-attributes"},"_links":{"self":[{"href":"https:\/\/www.tatanka.nl\/de\/wp-json\/wp\/v2\/product\/126729","targetHints":{"allow":["GET"]}}],"collection":[{"href":"https:\/\/www.tatanka.nl\/de\/wp-json\/wp\/v2\/product"}],"about":[{"href":"https:\/\/www.tatanka.nl\/de\/wp-json\/wp\/v2\/types\/product"}],"wp:featuredmedia":[{"embeddable":true,"href":"https:\/\/www.tatanka.nl\/de\/wp-json\/wp\/v2\/media\/126732"}],"wp:attachment":[{"href":"https:\/\/www.tatanka.nl\/de\/wp-json\/wp\/v2\/media?parent=126729"}],"wp:term":[{"taxonomy":"product_brand","embeddable":true,"href":"https:\/\/www.tatanka.nl\/de\/wp-json\/wp\/v2\/product_brand?post=126729"},{"taxonomy":"product_cat","embeddable":true,"href":"https:\/\/www.tatanka.nl\/de\/wp-json\/wp\/v2\/product_cat?post=126729"},{"taxonomy":"product_tag","embeddable":true,"href":"https:\/\/www.tatanka.nl\/de\/wp-json\/wp\/v2\/product_tag?post=126729"}],"curies":[{"name":"wp","href":"https:\/\/api.w.org\/{rel}","templated":true}]}}