{"id":126743,"date":"2024-12-06T11:16:36","date_gmt":"2024-12-06T10:16:36","guid":{"rendered":"https:\/\/www.tatanka.nl\/?post_type=product&#038;p=126743"},"modified":"2025-03-05T16:24:02","modified_gmt":"2025-03-05T15:24:02","slug":"creatine","status":"publish","type":"product","link":"https:\/\/www.tatanka.nl\/de\/creatine\/","title":{"rendered":"Kreatin"},"content":{"rendered":"<h2>Was ist Kreatinmonohydrat Capsules?<\/h2>\n<p>Fit4Seasons Kreatin-Monohydrat Capsules bietet eine bequeme M\u00f6glichkeit, Kreatin in Ihr Fitnessprogramm einzubauen. Kreatin ist eine nat\u00fcrlich vorkommende Verbindung, die in den Muskelzellen zu finden ist und eine wichtige Rolle bei der Energiegewinnung w\u00e4hrend kurzer, hochintensiver Trainingseinheiten spielt. Jede Kapsel enth\u00e4lt 750 mg Kreatinmonohydrat, die am besten untersuchte und am h\u00e4ufigsten verwendete Form von Kreatin.<\/p>\n<p>Kreatin ist bei Sportlern und Fitnessbegeisterten sehr beliebt, da es die k\u00f6rperliche Leistungsf\u00e4higkeit steigern kann, insbesondere bei explosiven Aktivit\u00e4ten wie Gewichtheben, Sprinten und hochintensivem Intervalltraining (HIIT). Durch die Einnahme von Kreatin k\u00f6nnen Athleten w\u00e4hrend kurzer, intensiver Trainingseinheiten eine Verbesserung von Kraft, Leistung und Ausdauer erfahren. Diese veganen Kapseln bieten eine einfache und effiziente M\u00f6glichkeit, Kreatin in die t\u00e4gliche Routine einzubauen, ohne dass man daf\u00fcr Pulver oder Shakes ben\u00f6tigt.<\/p>\n<p>Fit4Seasons Creatine Monohydrate Capsules wurden entwickelt, um Ihre Trainingsziele zu unterst\u00fctzen und Ihnen zu helfen, Ihre Spitzenleistung zu erreichen. Sie eignen sich f\u00fcr Sportler aller Leistungsklassen, die nach einer nat\u00fcrlichen und effektiven M\u00f6glichkeit suchen, ihre k\u00f6rperliche Leistung zu steigern.<\/p>\n<hr \/>\n<h2>Geschichte von Kreatin<\/h2>\n<p>Kreatin wird seit Jahrzehnten als Nahrungserg\u00e4nzungsmittel zur Unterst\u00fctzung der sportlichen Leistung verwendet. Anfang des 19. Jahrhunderts wurde Kreatin von dem franz\u00f6sischen Chemiker Michel Eug\u00e8ne Chevreul entdeckt und als nat\u00fcrlich vorkommende Substanz im Muskelgewebe identifiziert. Aber erst in den 1990er Jahren wurde Kreatin wegen seiner leistungssteigernden Wirkung allgemein anerkannt, vor allem im Bereich Sport und Fitness.<\/p>\n<p>In den Anf\u00e4ngen war Kreatin meist in Pulverform erh\u00e4ltlich, aber im Laufe der Zeit wurden bequemere Darreichungsformen wie Kapseln entwickelt, um die Einnahme f\u00fcr Sportler zu erleichtern. Forschungsstudien haben gezeigt, dass Kreatinmonohydrat die Muskelmasse, die Kraft und die sportliche Leistung steigern kann, insbesondere bei hochintensivem Training. Infolgedessen ist Kreatin zu einem der am besten erforschten und beliebtesten Nahrungserg\u00e4nzungsmittel der Welt geworden, das sowohl von Profisportlern als auch von gelegentlichen Fitnessstudiobesuchern eingenommen wird.<\/p>\n<p>Heute wird Kreatin h\u00e4ufig in Sportern\u00e4hrungsprodukten verwendet, da seine Vorteile f\u00fcr kurzfristige, explosive \u00dcbungen gut dokumentiert sind und es Sportlern hilft, sich zwischen den S\u00e4tzen oder Trainingseinheiten besser zu erholen.<\/p>\n<hr \/>\n<h2>Wie verwendet man Kreatinmonohydrat Capsules?<\/h2>\n<p>Fit4Seasons Creatine Monohydrate Capsules sind einfach zu verwenden. Die empfohlene Dosierung ist 1 Kapsel, die zweimal t\u00e4glich, vorzugsweise nach den Mahlzeiten mit einem Glas Wasser eingenommen wird. Dies gew\u00e4hrleistet eine optimale Aufnahme von Kreatin und minimiert das Risiko von Verdauungsbeschwerden.<\/p>\n<p>Um optimale Ergebnisse zu erzielen, ist es wichtig, die Einnahme von Kreatin konstant zu halten. Viele Sportler entscheiden sich daf\u00fcr, die Kapseln zu bestimmten Zeiten am Tag einzunehmen, beispielsweise nach dem Training oder mit einer Mahlzeit, um die Aufnahme zu f\u00f6rdern. W\u00e4hrend manche Menschen sofort von Kreatin profitieren, kann es bei anderen mehrere Tage oder Wochen dauern, bis sie eine sp\u00fcrbare Ver\u00e4nderung ihrer Leistung feststellen.<\/p>\n<p>Es ist auch wichtig, bei der Einnahme von Kreatinpr\u00e4paraten auf eine ausreichende Fl\u00fcssigkeitszufuhr zu achten, da es die Wassereinlagerung in den Muskeln erh\u00f6hen kann. Wie immer sollten Sie einen Arzt konsultieren, bevor Sie mit der Einnahme eines neuen Nahrungserg\u00e4nzungsmittels beginnen, insbesondere wenn Sie schwanger sind, stillen oder andere gesundheitliche Probleme haben.<\/p>\n<hr \/>\n<h2>Inhaltsstoffe von Kreatin-Monohydrat Capsules<\/h2>\n<p>Jede Fit4Seasons Kreatin-Monohydrat-Kapsel enth\u00e4lt 750 mg reines Kreatin-Monohydrat, die am besten erforschte und wirksamste Form von Kreatin. Kreatin ist eine Verbindung, die nat\u00fcrlich im K\u00f6rper vorkommt, vor allem in den Muskelzellen, und spielt eine Schl\u00fcsselrolle bei der Energieproduktion w\u00e4hrend kurzer, intensiver k\u00f6rperlicher Aktivit\u00e4t.<\/p>\n<p>Als Nahrungserg\u00e4nzungsmittel eingenommen, tr\u00e4gt Kreatin dazu bei, die k\u00f6rpereigenen ATP-Speicher (Adenosintriphosphat), die Energiew\u00e4hrung der Zellen, wieder aufzuf\u00fcllen. Dies wiederum unterst\u00fctzt die Steigerung von Kraft, Leistung und Ausdauer bei hochintensiven \u00dcbungen wie Gewichtheben, Sprinten und anderen explosiven Bewegungen.<\/p>\n<p>Die Kapseln sind 100% vegan und damit f\u00fcr eine pflanzliche Ern\u00e4hrung geeignet. Sie sind frei von k\u00fcnstlichen Zusatzstoffen, Konservierungsmitteln und Gluten und bieten eine saubere und nat\u00fcrliche M\u00f6glichkeit, Ihre Fitnessziele zu unterst\u00fctzen. Mit Fit4Seasons Creatine Monohydrate Capsules k\u00f6nnen Sie Ihren K\u00f6rper mit einer reinen und starken Kreatinquelle versorgen, um Ihre sportliche Leistung und Erholung zu verbessern.<\/p>\n<hr \/>\n<p><strong>Warnungen<\/strong><\/p>\n<ul>\n<li>Au\u00dferhalb der Reichweite von Kindern aufbewahren.<\/li>\n<li>Konsultieren Sie vor der Einnahme Ihren Arzt, wenn Sie schwanger sind, stillen oder gesundheitliche Probleme haben.<\/li>\n<li>An einem k\u00fchlen, trockenen Ort, vor direktem Sonnenlicht gesch\u00fctzt und bei Raumtemperatur aufbewahren.<\/li>\n<li>Dieses Produkt ist kein Ersatz f\u00fcr eine ausgewogene Ern\u00e4hrung und sollte als Teil einer gesunden Lebensweise verwendet werden.<\/li>\n<\/ul>","protected":false},"excerpt":{"rendered":"<p>Fit4Seasons Creatin Monohydrat Capsules wurde entwickelt, um Athleten zu helfen, ihre Leistung w\u00e4hrend kurzer, intensiver Trainingseinheiten zu verbessern. Jede vegane Kapsel enth\u00e4lt 750 mg reines Kreatinmonohydrat, das f\u00fcr die Steigerung von Energie und Kraft bei Aktivit\u00e4ten wie Gewichtheben bekannt ist.<\/p>","protected":false},"featured_media":126746,"template":"","meta":[],"product_brand":[],"product_cat":[598,297,475,482],"product_tag":[],"class_list":{"0":"post-126743","1":"product","2":"type-product","3":"status-publish","4":"has-post-thumbnail","6":"product_cat-fit4seasons","7":"product_cat-all-products","8":"product_cat-healthshop","9":"product_cat-vitamins","11":"first","12":"instock","13":"taxable","14":"shipping-taxable","15":"purchasable","16":"product-type-variable","17":"has-default-attributes"},"_links":{"self":[{"href":"https:\/\/www.tatanka.nl\/de\/wp-json\/wp\/v2\/product\/126743","targetHints":{"allow":["GET"]}}],"collection":[{"href":"https:\/\/www.tatanka.nl\/de\/wp-json\/wp\/v2\/product"}],"about":[{"href":"https:\/\/www.tatanka.nl\/de\/wp-json\/wp\/v2\/types\/product"}],"wp:featuredmedia":[{"embeddable":true,"href":"https:\/\/www.tatanka.nl\/de\/wp-json\/wp\/v2\/media\/126746"}],"wp:attachment":[{"href":"https:\/\/www.tatanka.nl\/de\/wp-json\/wp\/v2\/media?parent=126743"}],"wp:term":[{"taxonomy":"product_brand","embeddable":true,"href":"https:\/\/www.tatanka.nl\/de\/wp-json\/wp\/v2\/product_brand?post=126743"},{"taxonomy":"product_cat","embeddable":true,"href":"https:\/\/www.tatanka.nl\/de\/wp-json\/wp\/v2\/product_cat?post=126743"},{"taxonomy":"product_tag","embeddable":true,"href":"https:\/\/www.tatanka.nl\/de\/wp-json\/wp\/v2\/product_tag?post=126743"}],"curies":[{"name":"wp","href":"https:\/\/api.w.org\/{rel}","templated":true}]}}