{"id":126754,"date":"2024-12-06T11:41:44","date_gmt":"2024-12-06T10:41:44","guid":{"rendered":"https:\/\/www.tatanka.nl\/?post_type=product&#038;p=126754"},"modified":"2025-07-11T12:48:38","modified_gmt":"2025-07-11T11:48:38","slug":"pine-pollen","status":"publish","type":"product","link":"https:\/\/www.tatanka.nl\/de\/pine-pollen\/","title":{"rendered":"Kiefernpollen"},"content":{"rendered":"<h2>Was sind Pinienpollen-Tabletten?<\/h2>\n<p>Kiefernpollen-Tabletten sind ein nat\u00fcrliches Nahrungserg\u00e4nzungsmittel aus 90% biologischem Kiefernpollen-Pulver, kombiniert mit 10% Maltodextrin-Pulver. Diese Tabletten sind eine reichhaltige Quelle von bioidentischen Phyto-Androgenen wie DHEA, Androsteron und Testosteron, die f\u00fcr die Aufrechterhaltung eines gesunden Hormonspiegels bei M\u00e4nnern unerl\u00e4sslich sind. Bekannt f\u00fcr ihre zarte gelbe Farbe und ihren s\u00fc\u00dfen Geschmack, werden Pinienpollen seit Jahrhunderten f\u00fcr ihre verschiedenen gesundheitlichen Vorteile verwendet. Bei regelm\u00e4\u00dfiger Einnahme k\u00f6nnen Pinienpollen-Tabletten wichtige N\u00e4hrstoffe zur Unterst\u00fctzung der m\u00e4nnlichen Fruchtbarkeit liefern, die Libido steigern und die allgemeine k\u00f6rperliche und geistige Vitalit\u00e4t verbessern.<\/p>\n<p>Die einzigartige Zusammensetzung von Pinienpollen macht ihn zu einem der wirksamsten nat\u00fcrlichen Nahrungserg\u00e4nzungsmittel zur Unterst\u00fctzung der m\u00e4nnlichen Gesundheit, da er das Energieniveau erh\u00f6ht, die Immunfunktion verbessert und sogar die Symptome von Gelenkschmerzen wie Arthritis lindert. Die nat\u00fcrlichen Inhaltsstoffe von Pinienpollen machen ihn zu einem vielseitigen Nahrungserg\u00e4nzungsmittel f\u00fcr alle, die ihre Gesundheit auf nat\u00fcrliche Weise verbessern wollen.<\/p>\n<h2>Geschichte der Pinienpollen-Tabletten<\/h2>\n<p>Pinienpollen werden seit Jahrhunderten in der traditionellen Medizin, insbesondere in asiatischen Kulturen, wegen ihrer gesundheitsf\u00f6rdernden Eigenschaften verwendet. Das Konzept der Verwendung von Pinienpollen als Nahrungserg\u00e4nzungsmittel basiert auf seiner hohen Konzentration an nat\u00fcrlich vorkommendem Testosteron und anderen essentiellen N\u00e4hrstoffen, die die m\u00e4nnliche Gesundheit f\u00f6rdern. In der heutigen Zeit haben Pinienpollen-Tabletten als nat\u00fcrliches Heilmittel f\u00fcr M\u00e4nner, die ihre Vitalit\u00e4t steigern und ihren Hormonhaushalt unterst\u00fctzen wollen, an Popularit\u00e4t gewonnen.<\/p>\n<p>Historisch gesehen wurde der Kiefernpollen f\u00fcr seine F\u00e4higkeit gesch\u00e4tzt, den K\u00f6rper zu st\u00e4rken, die k\u00f6rperliche Ausdauer zu verbessern und die jugendliche Energie zu f\u00f6rdern. Er ist auch f\u00fcr seine antioxidativen Eigenschaften bekannt, die helfen, die Auswirkungen des Alterns zu bek\u00e4mpfen und das allgemeine Wohlbefinden zu verbessern. Die Formulierung der Kiefernpollen-Tabletten hat sich weiterentwickelt, um eine bequeme und wirksame M\u00f6glichkeit zu bieten, die Kraft der Kiefernpollen in einer hoch bioverf\u00fcgbaren Form zu nutzen, so dass es einfacher denn je ist, ihre gesundheitlichen Vorteile zu erfahren.<\/p>\n<h2>Anwendung von Pinienpollen-Tabletten<\/h2>\n<p>Um die besten Ergebnisse zu erzielen, wird empfohlen, dreimal t\u00e4glich 1-2 Kiefernpollentabletten einzunehmen, vorzugsweise zu den Mahlzeiten und mit einem Glas Wasser. Diese Dosierung stellt sicher, dass Ihr K\u00f6rper die N\u00e4hrstoffe aus den Tabletten den ganzen Tag \u00fcber effektiv aufnehmen kann, um Ihren Hormonhaushalt, Ihre Fruchtbarkeit und Ihr Energieniveau zu unterst\u00fctzen. Das Pr\u00e4parat kann kontinuierlich als Teil einer t\u00e4glichen Wellness-Routine eingenommen werden.<\/p>\n<p>Pinienpollentabletten sind besonders f\u00fcr M\u00e4nner geeignet, die unter Symptomen wie hormonellem Ungleichgewicht, geringer Energie oder verminderter Libido leiden. Durch die regelm\u00e4\u00dfige Einnahme dieser Tabletten k\u00f6nnen Sie Ihren Testosteronspiegel unterst\u00fctzen, Ihre k\u00f6rperliche Ausdauer verbessern und Ihre geistige Konzentration steigern. Halten Sie sich immer an die empfohlene Dosierung und konsultieren Sie vor der Einnahme Ihren Arzt, insbesondere wenn Sie gesundheitliche Probleme haben, schwanger sind oder stillen.<\/p>\n<h2>Inhaltsstoffe von Pinienpollen-Tabletten<\/h2>\n<p>Jede Kiefernpollen-Tablette wird aus 90% Bio-Kiefernpollen-Pulver hergestellt, das eine breite Palette an bioverf\u00fcgbaren N\u00e4hrstoffen enth\u00e4lt. Dazu geh\u00f6ren Vitamine, Mineralien, Antioxidantien und Phyto-Androgene wie DHEA, Androsteron und Testosteron. Diese Verbindungen sind von Natur aus mit den menschlichen Hormonen identisch und machen Pinienpollen zu einem hochwirksamen Nahrungserg\u00e4nzungsmittel zur Unterst\u00fctzung der m\u00e4nnlichen Gesundheit. Das 10%-Maltodextrinpulver dient als Bindemittel, um die Tablettenform herzustellen.<\/p>\n<p>Pinienpollen sind daf\u00fcr bekannt, dass sie einen gesunden Testosteronspiegel f\u00f6rdern, die Fruchtbarkeit steigern und die m\u00e4nnliche Libido verbessern. Er enth\u00e4lt auch wichtige Vitamine und Mineralien, die die allgemeine Gesundheit unterst\u00fctzen, darunter Vitamin A, B-Vitamine und essenzielle Aminos\u00e4uren. Dar\u00fcber hinaus tragen die in Pinienpollen enthaltenen Antioxidantien zur Verringerung von Entz\u00fcndungen, zur Unterst\u00fctzung der Immunfunktion und zum Schutz vor oxidativem Stress bei, was sie zu einer hervorragenden Erg\u00e4nzung eines gesundheitsbewussten Lebensstils macht.<\/p>\n<p><strong>Warnung:<\/strong> Au\u00dferhalb der Reichweite von Kindern aufbewahren. Konsultieren Sie vor der Einnahme Ihren Arzt, wenn Sie schwanger sind, stillen oder an anderen Krankheiten leiden. Bei Raumtemperatur und an einem dunklen Ort aufbewahren.<\/p>","protected":false},"excerpt":{"rendered":"<p>Kiefernpollen-Tabletten sind ein wirkungsvolles nat\u00fcrliches Erg\u00e4nzungsmittel mit \u00fcber 200 bioverf\u00fcgbaren N\u00e4hrstoffen, darunter Vitamine, Mineralien, Antioxidantien und Phyto-Androgene. Bekannt f\u00fcr ihre F\u00e4higkeit, die m\u00e4nnliche Gesundheit zu unterst\u00fctzen, sind Pinienpollen eine gro\u00dfartige Quelle f\u00fcr Testosteron und k\u00f6nnen helfen, die Fruchtbarkeit zu steigern, die Libido zu verbessern und sogar die Gesundheit der Gelenke zu f\u00f6rdern. Diese Erg\u00e4nzung ist ideal f\u00fcr M\u00e4nner, die ihr k\u00f6rperliches und geistiges Wohlbefinden auf nat\u00fcrliche Weise steigern wollen.<\/p>","protected":false},"featured_media":126756,"template":"","meta":[],"product_brand":[],"product_cat":[598,297,475,482],"product_tag":[],"class_list":{"0":"post-126754","1":"product","2":"type-product","3":"status-publish","4":"has-post-thumbnail","6":"product_cat-fit4seasons","7":"product_cat-all-products","8":"product_cat-healthshop","9":"product_cat-vitamins","11":"first","12":"instock","13":"taxable","14":"shipping-taxable","15":"purchasable","16":"product-type-variable","17":"has-default-attributes"},"_links":{"self":[{"href":"https:\/\/www.tatanka.nl\/de\/wp-json\/wp\/v2\/product\/126754","targetHints":{"allow":["GET"]}}],"collection":[{"href":"https:\/\/www.tatanka.nl\/de\/wp-json\/wp\/v2\/product"}],"about":[{"href":"https:\/\/www.tatanka.nl\/de\/wp-json\/wp\/v2\/types\/product"}],"wp:featuredmedia":[{"embeddable":true,"href":"https:\/\/www.tatanka.nl\/de\/wp-json\/wp\/v2\/media\/126756"}],"wp:attachment":[{"href":"https:\/\/www.tatanka.nl\/de\/wp-json\/wp\/v2\/media?parent=126754"}],"wp:term":[{"taxonomy":"product_brand","embeddable":true,"href":"https:\/\/www.tatanka.nl\/de\/wp-json\/wp\/v2\/product_brand?post=126754"},{"taxonomy":"product_cat","embeddable":true,"href":"https:\/\/www.tatanka.nl\/de\/wp-json\/wp\/v2\/product_cat?post=126754"},{"taxonomy":"product_tag","embeddable":true,"href":"https:\/\/www.tatanka.nl\/de\/wp-json\/wp\/v2\/product_tag?post=126754"}],"curies":[{"name":"wp","href":"https:\/\/api.w.org\/{rel}","templated":true}]}}