{"id":126770,"date":"2024-12-06T12:14:49","date_gmt":"2024-12-06T11:14:49","guid":{"rendered":"https:\/\/www.tatanka.nl\/?post_type=product&#038;p=126770"},"modified":"2025-06-04T15:39:51","modified_gmt":"2025-06-04T14:39:51","slug":"maeng-da-x-bali-kratom","status":"publish","type":"product","link":"https:\/\/www.tatanka.nl\/de\/maeng-da-x-bali-kratom\/","title":{"rendered":"Maeng Da X Bali Kratom"},"content":{"rendered":"<h2>Was ist Kratopia Maeng Da X Bali Kratom?<\/h2>\n<p>Kratopia Maeng Da X Bali Kratom ist eine unverwechselbare Mischung, die zwei der am meisten verehrten Kratom-Sorten kombiniert - Maeng Da und Bali. Maeng Da ist bekannt f\u00fcr seinen hohen Alkaloidgehalt, der f\u00fcr einen starken Energieschub und eine verbesserte Konzentration sorgt, w\u00e4hrend Bali Kratom f\u00fcr seine beruhigenden und schmerzlindernden Eigenschaften bekannt ist. Die Kombination dieser beiden Sorten sorgt f\u00fcr ein abgerundetes Kratom-Erlebnis, das dem Konsumenten sowohl k\u00f6rperliche als auch geistige Vorteile bietet. Die Maeng Da-Komponente hat eine stimulierende Wirkung, w\u00e4hrend die Bali Kratom dies mit einer beruhigenden und lindernden Wirkung ausgleicht, was zu einem Gef\u00fchl der gelassenen Entspannung f\u00fchrt. Diese Mischung ist perfekt f\u00fcr Menschen, die eine Kombination aus Energie, Freude und Schmerzlinderung erleben wollen, mit dem zus\u00e4tzlichen Vorteil, dass sie geistige Klarheit und k\u00f6rperliche Vitalit\u00e4t f\u00f6rdert. Ob zur Bew\u00e4ltigung der t\u00e4glichen Aufgaben oder zur Entspannung nach einem langen Tag, Kratopia Maeng Da X Bali Kratom bietet eine anpassungsf\u00e4hige Erfahrung, die verschiedene Bed\u00fcrfnisse erf\u00fcllen kann.<\/p>\n<h2>Geschichte von Kratopia Maeng Da X Bali Kratom<\/h2>\n<p>Kratopia Maeng Da X Bali Kratom vereint zwei der ber\u00fchmtesten und am meisten gesch\u00e4tzten Kratom-Sorten aus S\u00fcdostasien. Die Maeng Da Kratom Sorte hat ihren Ursprung in Indonesien, wo Bauern in Borneo und Sumatra seit Generationen selektiv die besten Kratom B\u00e4ume z\u00fcchten. Dieser sorgf\u00e4ltige Anbauprozess hat der Sorte Maeng Da den Ruf eingebracht, die st\u00e4rkste Sorte in Bezug auf den Alkaloidgehalt zu sein. Aufgrund ihrer St\u00e4rke und Wirksamkeit wird sie oft als der \"Goldstandard\" von Kratom angesehen. Andererseits wird Bali Kratom seit Jahrhunderten auf Bali, Indonesien, verwendet und ist f\u00fcr seine beruhigenden und schmerzlindernden Eigenschaften bekannt. Die Kombination dieser beiden starken Kratom-Sorten ergibt eine ausgewogene und vielseitige Mischung, die eine breite Palette von Vorteilen bietet. Diese Mischung hat an Popularit\u00e4t gewonnen, weil sie sowohl k\u00f6rperliche als auch geistige Bed\u00fcrfnisse anspricht und den Benutzern einen Energieschub und ein Gef\u00fchl des Wohlbefindens vermittelt. Zus\u00e4tzlich enth\u00e4lt die Mischung ein spezielles Malaysian White Kratom, das die stimulierende Wirkung noch verst\u00e4rkt und ein einzigartiges und starkes Kratom-Produkt schafft.<\/p>\n<h2>Wie verwendet man Kratopia Maeng Da X Bali Kratom<\/h2>\n<p>Die beliebteste Methode, um Kratopia Maeng Da X Bali Kratom zu verwenden, ist das Aufbr\u00fchen zu einem Tee. L\u00f6sen Sie zun\u00e4chst 4-5 Gramm des Kratom-Pulvers in einer Tasse mit hei\u00dfem Wasser auf. Sie k\u00f6nnen dann Honig oder ein anderes S\u00fc\u00dfungsmittel Ihrer Wahl hinzuf\u00fcgen, um den Geschmack zu verst\u00e4rken und den Tee noch angenehmer zu machen. Kratom kann auch auf andere Weise eingenommen werden, z. B. in einem Smoothie oder in Kapseln, aber Tee ist f\u00fcr die meisten Anwender die am h\u00e4ufigsten verwendete Methode. Wenn Sie Kratom oder diese spezielle Mischung zum ersten Mal einnehmen, ist es ratsam, mit einer geringeren Dosierung zu beginnen und diese schrittweise zu erh\u00f6hen, um die optimale Wirkung zu erzielen. F\u00fcr diejenigen, die bereits mehr Erfahrung mit Kratom haben, kann eine h\u00f6here Dosis angemessener sein. Die Wirkung von Kratopia Maeng Da X Bali Kratom kann je nach Dosierung, K\u00f6rpergewicht und individueller Empfindlichkeit variieren. Obwohl es typischerweise wegen seiner anregenden und beruhigenden Wirkung verwendet wird, sollten die Nutzer auf ihre pers\u00f6nliche Toleranz achten und ihren Konsum entsprechend anpassen, um m\u00f6gliche Nebenwirkungen zu vermeiden. Seien Sie immer vorsichtig und beginnen Sie mit einer moderaten Dosis, wenn Sie eine neue Kratom-Mischung ausprobieren.<\/p>\n<h2>Inhaltsstoffe von Kratopia Maeng Da X Bali Kratom<\/h2>\n<p>Die Hauptbestandteile von Kratopia Maeng Da X Bali Kratom sind die Bl\u00e4tter von <em>Mitragyna speciosa<\/em>allgemein bekannt als Kratom. Diese Mischung enth\u00e4lt eine Kombination aus Maeng Da Kratom, Bali Kratom und einem Hauch von Malaysian White Kratom. Jede dieser Kratom-Sorten hat ihre eigenen einzigartigen Eigenschaften und tr\u00e4gt zur Gesamtwirkung der Mischung bei. Maeng Da Kratom ist bekannt f\u00fcr seinen hohen Gehalt an Alkaloiden, insbesondere Mitragynin, das eine stimulierende Wirkung hat, die Energie und Konzentration steigert. Bali Kratom hingegen ist f\u00fcr seine entspannenden und schmerzlindernden Eigenschaften bekannt, wodurch es sich ideal zum Stressabbau und zur Muskelentspannung eignet. Die Zugabe von Malaysian White Kratom verst\u00e4rkt die insgesamt anregende Wirkung der Mischung und sorgt f\u00fcr ein ausgewogenes Erlebnis, das sowohl k\u00f6rperliche als auch geistige Vorteile bietet. Die Kombination dieser drei Sorten stellt sicher, dass Kratopia Maeng Da X Bali Kratom ein starkes und vielseitiges Kratom-Produkt liefert, ideal f\u00fcr Benutzer, die eine breite Palette von Effekten von erh\u00f6hter Vitalit\u00e4t bis hin zu Entspannung und Schmerzlinderung suchen.<\/p>\n<p><strong>Warnung:<\/strong><\/p>\n<p>Der Verkauf und die Verwendung von Kratopia Maeng Da X Bali Kratom sind f\u00fcr Personen unter 18 Jahren nicht gestattet. Bewahren Sie es an einem k\u00fchlen, trockenen Ort und au\u00dferhalb der Reichweite von Kindern auf. Halten Sie sich immer an die empfohlene Dosierung, um eine sichere Anwendung zu gew\u00e4hrleisten.<\/p>","protected":false},"excerpt":{"rendered":"<p>Kratopia Maeng Da und Bali Kratom ist eine kraftvolle Mischung, die die energetisierende Wirkung von Maeng Da mit den beruhigenden Eigenschaften von Bali Kratom kombiniert. Diese einzigartige Mischung bietet sowohl k\u00f6rperliche als auch geistige Vorteile, einschlie\u00dflich Schmerzlinderung, gesteigerte Vitalit\u00e4t und ein Gef\u00fchl der gelassenen Entspannung. Ideal f\u00fcr alle, die eine ausgewogene und effektive Kratom-Erfahrung suchen.<\/p>","protected":false},"featured_media":126773,"template":"","meta":[],"product_brand":[],"product_cat":[599,297,477,479,511,476],"product_tag":[],"class_list":{"0":"post-126770","1":"product","2":"type-product","3":"status-publish","4":"has-post-thumbnail","6":"product_cat-kratopia","7":"product_cat-all-products","8":"product_cat-herbs","9":"product_cat-medicinal-herbs","10":"product_cat-relax-herbs","11":"product_cat-smartshop","12":"product_shipping_class-not-allowed-group-1","14":"first","15":"instock","16":"taxable","17":"shipping-taxable","18":"purchasable","19":"product-type-variable","20":"has-default-attributes"},"_links":{"self":[{"href":"https:\/\/www.tatanka.nl\/de\/wp-json\/wp\/v2\/product\/126770","targetHints":{"allow":["GET"]}}],"collection":[{"href":"https:\/\/www.tatanka.nl\/de\/wp-json\/wp\/v2\/product"}],"about":[{"href":"https:\/\/www.tatanka.nl\/de\/wp-json\/wp\/v2\/types\/product"}],"wp:featuredmedia":[{"embeddable":true,"href":"https:\/\/www.tatanka.nl\/de\/wp-json\/wp\/v2\/media\/126773"}],"wp:attachment":[{"href":"https:\/\/www.tatanka.nl\/de\/wp-json\/wp\/v2\/media?parent=126770"}],"wp:term":[{"taxonomy":"product_brand","embeddable":true,"href":"https:\/\/www.tatanka.nl\/de\/wp-json\/wp\/v2\/product_brand?post=126770"},{"taxonomy":"product_cat","embeddable":true,"href":"https:\/\/www.tatanka.nl\/de\/wp-json\/wp\/v2\/product_cat?post=126770"},{"taxonomy":"product_tag","embeddable":true,"href":"https:\/\/www.tatanka.nl\/de\/wp-json\/wp\/v2\/product_tag?post=126770"}],"curies":[{"name":"wp","href":"https:\/\/api.w.org\/{rel}","templated":true}]}}