{"id":131236,"date":"2025-07-21T08:26:04","date_gmt":"2025-07-21T07:26:04","guid":{"rendered":"https:\/\/www.tatanka.nl\/?post_type=product&#038;p=131236"},"modified":"2025-07-23T13:22:58","modified_gmt":"2025-07-23T12:22:58","slug":"kanna-blitz-speed","status":"publish","type":"product","link":"https:\/\/www.tatanka.nl\/de\/kanna-blitz-speed\/","title":{"rendered":"Kanna Blitz Speed"},"content":{"rendered":"<h2 dir=\"ltr\" data-pm-slice=\"1 1 []\">Was ist Kanna Blitz Speed?<\/h2>\n<p dir=\"ltr\">Kanna Blitz Speed ist ein hochwirksames Nahrungserg\u00e4nzungsmittel, das die nat\u00fcrlichen Vorteile von Sceletium tortuosum (Kanna) mit Taurin, Theobromin und Koffein f\u00fcr einen unvergleichlichen Energieschub kombiniert. Die Alkaloide von Kanna, die aus einer s\u00fcdafrikanischen Sukkulente gewonnen werden, einschlie\u00dflich Mesembrin, f\u00f6rdern die Stimmungsaufhellung und geistige Klarheit. Der Zusatz von Koffein verst\u00e4rkt die Wachsamkeit, w\u00e4hrend Taurin die Ausdauer unterst\u00fctzt und Theobromin die Konzentration ohne Nervosit\u00e4t steigert. Diese sorgf\u00e4ltig ausgewogene Formel ist auf Personen zugeschnitten, die anhaltende Energie f\u00fcr anspruchsvolle Aktivit\u00e4ten wie Workouts, Arbeitsmarathons oder kreative Projekte ben\u00f6tigen. Kanna Blitz Speed zeichnet sich durch seine synergetische Mischung aus, die eine sanfte und dennoch starke Wirkung gew\u00e4hrleistet. Im Gegensatz zu typischen Energieerg\u00e4nzungsmitteln vermeidet es durch die Verwendung nat\u00fcrlicher Inhaltsstoffe harte Abst\u00fcrze. Es eignet sich perfekt f\u00fcr Menschen mit einem aktiven Lebensstil und hilft ihnen, wach, motiviert und energiegeladen zu bleiben. Das optimierte Alkaloid-Verh\u00e4ltnis sorgt f\u00fcr eine gleichbleibende Leistung und macht Kanna Blitz Speed zur ersten Wahl f\u00fcr alle, die ihr Energieniveau auf nat\u00fcrliche und effektive Weise anheben wollen, egal ob sie einen anstrengenden Tag bew\u00e4ltigen oder an ihre k\u00f6rperlichen Grenzen gehen wollen.<\/p>\n<h2 dir=\"ltr\">Geschichte des Kanna Blitz Speed<\/h2>\n<p dir=\"ltr\">Die Wurzeln von Kanna Blitz Speed liegen in der traditionellen Verwendung von Kana durch die indigenen Khoikhoi- und San-V\u00f6lker S\u00fcdafrikas, die Sceletium tortuosum wegen seiner stimmungsaufhellenden und energiespendenden Eigenschaften sch\u00e4tzten. Historisch gesehen wurde Kanna gekaut oder gebraut, um die Ausdauer bei der Jagd oder bei Ritualen zu steigern. Die moderne Wissenschaft hat auf diesem Erbe aufgebaut und die wichtigsten Alkaloide von Kanna wie Mesembrin isoliert, um potente Extrakte herzustellen. Kanna Blitz Speed geht noch einen Schritt weiter, indem es Kanna mit Taurin, Theobromin und Koffein mischt, Zutaten, die f\u00fcr ihre energiesteigernde Wirkung bekannt sind. Taurin, das nat\u00fcrlich im K\u00f6rper vorkommt, unterst\u00fctzt die k\u00f6rperliche Leistungsf\u00e4higkeit, w\u00e4hrend Theobromin, das aus Kakao gewonnen wird, die anhaltende Wachsamkeit f\u00f6rdert. Koffein, ein bew\u00e4hrtes Stimulans, erg\u00e4nzt den nat\u00fcrlichen Auftrieb von Kanna. Diese innovative Kombination spiegelt eine Verschmelzung von altem Wissen und zeitgen\u00f6ssischer Ern\u00e4hrungswissenschaft wider und wurde entwickelt, um den Anforderungen eines modernen, schnelllebigen Lebensstils gerecht zu werden. Kanna Blitz Speed erfreut sich gro\u00dfer Beliebtheit bei Sportlern, Berufst\u00e4tigen und Kreativen, die eine nat\u00fcrliche Alternative zu synthetischen Energieverst\u00e4rkern suchen. Seine Entwicklung unterstreicht das Engagement, pflanzliche L\u00f6sungen zu nutzen, um saubere, zuverl\u00e4ssige Energie f\u00fcr diejenigen bereitzustellen, die H\u00f6chstleistungen erbringen m\u00fcssen.<\/p>\n<h2 dir=\"ltr\">Inhaltsstoffe von Kanna Blitz Speed<\/h2>\n<p dir=\"ltr\">Kanna Blitz Speed besteht aus einer leistungsstarken Mischung aus Sceletium tortuosum (kanna) Extrakt, Taurin, Theobromin und Koffein. Der Kanna-Extrakt, der reich an Mesembrin ist, unterst\u00fctzt die Stimmung und die kognitive Klarheit und bildet den Kern der Formel. Taurin, eine Aminos\u00e4ure, verbessert die k\u00f6rperliche Ausdauer und verringert die M\u00fcdigkeit, was es ideal f\u00fcr aktive Anwender macht. Theobromin, das aus Kakao gewonnen wird, f\u00f6rdert die anhaltende Konzentration und die gleichm\u00e4\u00dfige Energiefreisetzung und erg\u00e4nzt die Wirkung von Kanna. Koffein, ein bekanntes Stimulans, steigert die Wachsamkeit und verst\u00e4rkt die energetisierenden Eigenschaften der Formel. Diese synergetische Mischung ist frei von k\u00fcnstlichen Zusatzstoffen und garantiert ein reines, nat\u00fcrliches Produkt. Das Verh\u00e4ltnis der Alkaloide ist f\u00fcr eine maximale Wirksamkeit optimiert und sorgt f\u00fcr einen ausgewogenen und dennoch starken Energieschub. Jeder Inhaltsstoff wird sorgf\u00e4ltig beschafft und getestet, um die hohen Qualit\u00e4tsstandards zu erf\u00fcllen, um die nat\u00fcrlichen Vorteile von Kanna zu erhalten und gleichzeitig seine Wirkung durch erg\u00e4nzende Verbindungen zu verst\u00e4rken. Diese Kombination macht Kanna Blitz Speed zu einer einzigartigen Wahl f\u00fcr alle, die ein nat\u00fcrliches, leistungsstarkes Supplement suchen, das sowohl die geistigen als auch die k\u00f6rperlichen Anforderungen unterst\u00fctzt, sei es beim Training, bei der Arbeit oder bei kreativen Unternehmungen.<\/p>\n<p dir=\"ltr\"><strong>Warnung<\/strong><br \/>\nKanna Blitz Speed ist nur f\u00fcr Erwachsene und nicht f\u00fcr schwangere oder stillende Personen geeignet. Konsultieren Sie vor der Einnahme einen Arzt, wenn Sie gesundheitliche Probleme haben, insbesondere Herzprobleme, oder Medikamente wie Stimulanzien oder Antidepressiva einnehmen, da Wechselwirkungen auftreten k\u00f6nnen. Vermeiden Sie es, die empfohlene Dosis zu \u00fcberschreiten, um Nebenwirkungen wie Nervosit\u00e4t oder Schlaflosigkeit zu vermeiden. Nicht mit Alkohol oder anderen Stimulanzien kombinieren. Au\u00dferhalb der Reichweite von Kindern aufbewahren und sicher lagern.<\/p>","protected":false},"excerpt":{"rendered":"<p dir=\"ltr\" data-pm-slice=\"1 1 []\">Kanna Blitz Speed ist eine dynamische Mischung aus Kanna, Taurin, Theobromin und Koffein, die f\u00fcr einen starken Energieschub sorgt. Diese synergetische Formel ist perfekt f\u00fcr lange Tage, intensive Trainingseinheiten oder Momente, in denen ein zus\u00e4tzlicher Antrieb ben\u00f6tigt wird, und steigert die Konzentration und Ausdauer. Ideal f\u00fcr alle, die eine nat\u00fcrliche, energiereiche Erg\u00e4nzung suchen, um anspruchsvolle Aufgaben zu bew\u00e4ltigen.<\/p>","protected":false},"featured_media":131239,"template":"","meta":[],"product_brand":[],"product_cat":[476,297,508],"product_tag":[],"class_list":{"0":"post-131236","1":"product","2":"type-product","3":"status-publish","4":"has-post-thumbnail","6":"product_cat-smartshop","7":"product_cat-all-products","8":"product_cat-kanna","10":"first","11":"instock","12":"taxable","13":"shipping-taxable","14":"purchasable","15":"product-type-variable","16":"has-default-attributes"},"_links":{"self":[{"href":"https:\/\/www.tatanka.nl\/de\/wp-json\/wp\/v2\/product\/131236","targetHints":{"allow":["GET"]}}],"collection":[{"href":"https:\/\/www.tatanka.nl\/de\/wp-json\/wp\/v2\/product"}],"about":[{"href":"https:\/\/www.tatanka.nl\/de\/wp-json\/wp\/v2\/types\/product"}],"wp:featuredmedia":[{"embeddable":true,"href":"https:\/\/www.tatanka.nl\/de\/wp-json\/wp\/v2\/media\/131239"}],"wp:attachment":[{"href":"https:\/\/www.tatanka.nl\/de\/wp-json\/wp\/v2\/media?parent=131236"}],"wp:term":[{"taxonomy":"product_brand","embeddable":true,"href":"https:\/\/www.tatanka.nl\/de\/wp-json\/wp\/v2\/product_brand?post=131236"},{"taxonomy":"product_cat","embeddable":true,"href":"https:\/\/www.tatanka.nl\/de\/wp-json\/wp\/v2\/product_cat?post=131236"},{"taxonomy":"product_tag","embeddable":true,"href":"https:\/\/www.tatanka.nl\/de\/wp-json\/wp\/v2\/product_tag?post=131236"}],"curies":[{"name":"wp","href":"https:\/\/api.w.org\/{rel}","templated":true}]}}