{"id":131242,"date":"2025-07-21T08:26:04","date_gmt":"2025-07-21T07:26:04","guid":{"rendered":"https:\/\/www.tatanka.nl\/?post_type=product&#038;p=131242"},"modified":"2025-07-23T13:23:09","modified_gmt":"2025-07-23T12:23:09","slug":"kanna-blitz-focus","status":"publish","type":"product","link":"https:\/\/www.tatanka.nl\/de\/kanna-blitz-focus\/","title":{"rendered":"Kanna Blitz Focus"},"content":{"rendered":"<h2 dir=\"ltr\" data-pm-slice=\"1 1 []\">Was ist Kanna Blitz Focus?<\/h2>\n<p dir=\"ltr\">Kanna Blitz Focus ist ein hochwertiges Nahrungserg\u00e4nzungsmittel, das f\u00fcr geistige Klarheit und anhaltende Konzentration entwickelt wurde. Es kombiniert Sceletium tortuosum (Kanna), das f\u00fcr seine stimmungsaufhellenden Alkaloide bekannt ist, mit CBD, einer nicht psychoaktiven Verbindung aus Hanf, die Entspannung und Konzentration f\u00f6rdert. Die Formel ist angereichert mit \u03947-Mesembrenon, einem starken Kanna-Alkaloid, das die kognitiven Funktionen sch\u00e4rft. Diese einzigartige Mischung hebt Kanna Blitz Focus von anderen ab und bietet eine nat\u00fcrliche L\u00f6sung f\u00fcr diejenigen, die bei anspruchsvollen Aufgaben konzentriert bleiben m\u00fcssen. Egal, ob Sie an einem komplexen Projekt arbeiten, f\u00fcr Pr\u00fcfungen lernen oder sich in kreative T\u00e4tigkeiten st\u00fcrzen, dieses Produkt hilft, eine positive Stimmung aufrechtzuerhalten, w\u00e4hrend es Ablenkungen eliminiert. Die Synergie zwischen Kanna und CBD sorgt f\u00fcr eine ausgewogene Wirkung, die den Fokus ohne \u00dcberstimulation f\u00f6rdert. Kanna Blitz Focus ist ideal f\u00fcr Personen, die eine nat\u00fcrliche, effektive Methode zur Steigerung von Produktivit\u00e4t und geistiger Leistungsf\u00e4higkeit suchen. Es ist frei von k\u00fcnstlichen Zusatzstoffen und liefert ein sauberes, zuverl\u00e4ssiges Erlebnis, was es zu einer Top-Wahl f\u00fcr Berufst\u00e4tige, Studenten und Kreative macht, die in der Spur bleiben wollen.<\/p>\n<h2 dir=\"ltr\">Geschichte des Kanna Blitz Focus<\/h2>\n<p dir=\"ltr\">Die Grundlage von Kanna Blitz Focus liegt in der traditionellen Verwendung von Kanna oder Sceletium tortuosum durch die s\u00fcdafrikanischen Khoikhoi und San. Seit Jahrhunderten verwenden sie Kanna, um ihre Stimmung und geistige Klarheit zu verbessern, indem sie es f\u00fcr Rituale und t\u00e4gliche Aufgaben kauen oder brauen. Seine Alkaloide, darunter \u03947-Mesembrenon, wurden wegen ihrer beruhigenden und zugleich aufbauenden Wirkung gesch\u00e4tzt. Der Zusatz von CBD, das aus Hanf gewonnen wird, spiegelt die modernen Fortschritte im Bereich der nat\u00fcrlichen Wellness wider, da CBD f\u00fcr seine F\u00e4higkeit, Stress zu reduzieren und die Konzentration zu verbessern, anerkannt wurde. Kanna Blitz Focus verbindet diese altehrw\u00fcrdigen Inhaltsstoffe mit moderner Wissenschaft und schafft so ein Produkt, das auf die schnelllebige Welt von heute zugeschnitten ist. Die Entwicklung dieser Mischung wurde durch den Bedarf an einer nat\u00fcrlichen Alternative zu synthetischen Konzentrationshilfen angetrieben, die die kognitiven Vorteile von Kanna mit den beruhigenden Eigenschaften von CBD kombiniert. Diese innovative Formel ist bei denjenigen beliebt, die geistige Klarheit ohne die Nebenwirkungen von Stimulanzien suchen. Durch die Erhaltung der Wirkstoffe der Pflanze und deren Kombination mit CBD verbindet Kanna Blitz Focus alte Traditionen mit modernen Bed\u00fcrfnissen und bietet eine einzigartige L\u00f6sung f\u00fcr anhaltende Konzentration und emotionales Gleichgewicht.<\/p>\n<h2 dir=\"ltr\">Inhaltsstoffe von Kanna Blitz Focus<\/h2>\n<p dir=\"ltr\">Kanna Blitz Focus wurde mit zwei wichtigen Inhaltsstoffen formuliert: Sceletium tortuosum (Kanna) Extrakt und CBD (Cannabidiol). Der Kanna-Extrakt ist standardisiert, um eine hohe Konzentration von \u03947-Mesembrenon zu enthalten, ein Alkaloid, das f\u00fcr seine stimmungsaufhellenden und kognitionsf\u00f6rdernden Eigenschaften bekannt ist. Diese Verbindung f\u00f6rdert die geistige Klarheit und Konzentration und ist damit ideal f\u00fcr anspruchsvolle Aufgaben. CBD, das aus hochwertigem Hanf gewonnen wird, erg\u00e4nzt Kanna, indem es die Entspannung f\u00f6rdert und Stress abbaut, wodurch ein ausgeglichener Zustand geschaffen wird, der der Produktivit\u00e4t f\u00f6rderlich ist. Die Synergie zwischen diesen Inhaltsstoffen verst\u00e4rkt ihre individuelle Wirkung und bietet eine einzigartige Formel, die den Fokus sch\u00e4rft und gleichzeitig eine ruhige, positive Einstellung aufrechterh\u00e4lt. Kanna Blitz Focus ist frei von k\u00fcnstlichen F\u00fcllstoffen oder Zus\u00e4tzen und garantiert ein reines und nat\u00fcrliches Produkt. Die sorgf\u00e4ltige Standardisierung von \u03947-Mesembrenon garantiert eine gleichbleibende Potenz, w\u00e4hrend das CBD auf Reinheit getestet wird, um hochwertige Standards zu erf\u00fcllen. Diese gestraffte Zutatenliste macht das Produkt zug\u00e4nglich und effektiv f\u00fcr Benutzer, die einen nat\u00fcrlichen Weg suchen, um die geistige Leistungsf\u00e4higkeit zu steigern, sei es f\u00fcr die Arbeit, das Studium oder kreative Bestrebungen, und liefert zuverl\u00e4ssige Ergebnisse ohne unn\u00f6tige Komplexit\u00e4t.<\/p>\n<p dir=\"ltr\"><strong>Warnung<\/strong><br \/>\nKanna Blitz Focus ist nur f\u00fcr Erwachsene bestimmt und sollte nicht von schwangeren oder stillenden Personen verwendet werden. Konsultieren Sie vor der Einnahme einen Arzt, wenn Sie an einer Krankheit leiden, insbesondere im Zusammenhang mit der psychischen Gesundheit, oder wenn Sie Medikamente wie Antidepressiva oder Beruhigungsmittel einnehmen, da Wechselwirkungen auftreten k\u00f6nnen. Vermeiden Sie es, die empfohlene Dosis zu \u00fcberschreiten, um leichte Nebenwirkungen wie Schwindel oder M\u00fcdigkeit zu vermeiden. Nicht mit Alkohol oder anderen Substanzen kombinieren, die das zentrale Nervensystem beeinflussen. Au\u00dferhalb der Reichweite von Kindern aufbewahren und sicher lagern.<\/p>","protected":false},"excerpt":{"rendered":"<p dir=\"ltr\" data-pm-slice=\"1 1 []\">Kanna Blitz Focus ist eine spezielle Mischung aus Kanna und CBD, angereichert mit einer hohen Konzentration von \u03947-Mesembrenon, um die Konzentration und Stimmung zu verbessern. Perfekt f\u00fcr Arbeit, Studium oder kreative Projekte, f\u00f6rdert diese synergetische Formel scharfen Fokus und eine positive Einstellung, halten Sie in der Zone ohne Ablenkungen.<\/p>\n<h2 dir=\"ltr\"><\/h2>","protected":false},"featured_media":131244,"template":"","meta":[],"product_brand":[],"product_cat":[508,297,476],"product_tag":[],"class_list":{"0":"post-131242","1":"product","2":"type-product","3":"status-publish","4":"has-post-thumbnail","6":"product_cat-kanna","7":"product_cat-all-products","8":"product_cat-smartshop","10":"first","11":"instock","12":"taxable","13":"shipping-taxable","14":"purchasable","15":"product-type-variable","16":"has-default-attributes"},"_links":{"self":[{"href":"https:\/\/www.tatanka.nl\/de\/wp-json\/wp\/v2\/product\/131242","targetHints":{"allow":["GET"]}}],"collection":[{"href":"https:\/\/www.tatanka.nl\/de\/wp-json\/wp\/v2\/product"}],"about":[{"href":"https:\/\/www.tatanka.nl\/de\/wp-json\/wp\/v2\/types\/product"}],"wp:featuredmedia":[{"embeddable":true,"href":"https:\/\/www.tatanka.nl\/de\/wp-json\/wp\/v2\/media\/131244"}],"wp:attachment":[{"href":"https:\/\/www.tatanka.nl\/de\/wp-json\/wp\/v2\/media?parent=131242"}],"wp:term":[{"taxonomy":"product_brand","embeddable":true,"href":"https:\/\/www.tatanka.nl\/de\/wp-json\/wp\/v2\/product_brand?post=131242"},{"taxonomy":"product_cat","embeddable":true,"href":"https:\/\/www.tatanka.nl\/de\/wp-json\/wp\/v2\/product_cat?post=131242"},{"taxonomy":"product_tag","embeddable":true,"href":"https:\/\/www.tatanka.nl\/de\/wp-json\/wp\/v2\/product_tag?post=131242"}],"curies":[{"name":"wp","href":"https:\/\/api.w.org\/{rel}","templated":true}]}}