{"id":138597,"date":"2026-03-26T10:14:12","date_gmt":"2026-03-26T09:14:12","guid":{"rendered":"https:\/\/www.tatanka.nl\/?post_type=product&#038;p=138597"},"modified":"2026-03-27T12:03:42","modified_gmt":"2026-03-27T11:03:42","slug":"green-sumatra-kratom","status":"publish","type":"product","link":"https:\/\/www.tatanka.nl\/de\/green-sumatra-kratom\/","title":{"rendered":"Gr\u00fcner Sumatra Kratom"},"content":{"rendered":"<h2 dir=\"auto\">Was ist Kratopia Gr\u00fcnes Sumatra Kratom<\/h2>\n<p dir=\"auto\">Kratopia Green Sumatra Kratom ist ein hochwertiges Pulver, das aus den getrockneten und fein gemahlenen Bl\u00e4ttern des Mitragyna speciosa-Baums hergestellt wird, die speziell in der Region Sumatra in Indonesien geerntet werden. Diese gr\u00fcne Sorte wird f\u00fcr ihre ausgewogene Wirkung gesch\u00e4tzt, die perfekt zwischen den anregenden Eigenschaften der wei\u00dfen Sorten und den entspannenden Qualit\u00e4ten der roten Sorten liegt. Anwender beschreiben oft eine sanfte, erhebende Energie in Kombination mit einem sanften Gef\u00fchl der Ruhe und des Wohlbefindens. Die feine Textur macht es einfach, sie als Tee zuzubereiten oder in Getr\u00e4nke zu mischen. Mit seinem moderaten Alkaloidprofil ist Kratopia Green Sumatra Kratom sowohl bei Anf\u00e4ngern als auch bei erfahrenen Nutzern, die eine vielseitige, ganzt\u00e4gige Option suchen, besonders beliebt. Die 50-Gramm-Packung bietet einen ausreichenden Vorrat f\u00fcr eine konsistente Verwendung und erm\u00f6glicht es den Benutzern, ihre ideale Portionsgr\u00f6\u00dfe durch vorsichtiges Experimentieren fein abzustimmen.<\/p>\n<h2 dir=\"auto\">Geschichte von Kratopia Green Sumatra Kratom<\/h2>\n<p dir=\"auto\">Die Geschichte von Kratopia Green Sumatra Kratom reicht Jahrhunderte zur\u00fcck in die tropischen Regenw\u00e4lder S\u00fcdostasiens, wo der Mitragyna speciosa-Baum traditionell von den lokalen Gemeinschaften genutzt wurde. Indigene V\u00f6lker in Indonesien und den umliegenden Regionen ernten die Bl\u00e4tter seit langem wegen ihrer energiespendenden und beruhigenden Eigenschaften w\u00e4hrend langer Arbeitsstunden oder f\u00fcr Momente der Ruhe. Gr\u00fcne Sorten wie Green Sumatra wurden im Laufe der Zeit aufgrund ihres ausgewogenen Charakters ausgew\u00e4hlt, der sie f\u00fcr Aktivit\u00e4ten am Tag geeignet macht. Die Bl\u00e4tter werden in der Regel geerntet, wenn sie ein bestimmtes Reifestadium erreicht haben, was zu der charakteristischen gr\u00fcnen Farbe und der abgerundeten Alkaloidzusammensetzung f\u00fchrt. Das Wissen um die richtigen Ernte-, Trocknungs- und Zubereitungsmethoden wurde \u00fcber Generationen weitergegeben und hat eine reiche kulturelle Tradition geschaffen. Kratopia f\u00fchrt dieses Erbe fort, indem es nur die besten Bl\u00e4tter aus traditionellen Anbaugebieten in Sumatra bezieht und sie sorgf\u00e4ltig verarbeitet, um ihre nat\u00fcrliche Kraft und Ausgewogenheit zu erhalten. Heute erfreut sich Green Sumatra Kratom weltweiter Beliebtheit als vielseitiges pflanzliches Erg\u00e4nzungsmittel, das die Kluft zwischen Anregung und Entspannung \u00fcberbr\u00fcckt.<\/p>\n<h2 dir=\"auto\">Wie man Kratopia Green Sumatra Kratom verwendet<\/h2>\n<p dir=\"auto\">Die Verwendung von Kratopia Green Sumatra Kratom ist einfach und sehr anpassungsf\u00e4hig. Die h\u00e4ufigste Methode ist die Zubereitung als Tee. Beginnen Sie mit 4 bis 5 Gramm des Pulvers und r\u00fchren Sie es in hei\u00dfes, auf 70 bis 95 \u00b0C abgek\u00fchltes Wasser. Lassen Sie es 3 bis 5 Minuten ziehen, wobei Sie gelegentlich umr\u00fchren. Das Pulver muss nicht abgeseiht werden und kann ganz verzehrt werden. Viele Benutzer ziehen es vor, einen Hauch von Honig, Zitrone oder nat\u00fcrlichem Sirup hinzuzuf\u00fcgen, um den Geschmack zu verbessern. Die Wirkung setzt normalerweise innerhalb von 30 bis 45 Minuten ein und kann mehrere Stunden anhalten. Es wird empfohlen, mit einer geringeren Portion zu beginnen und diese je nach individueller Empfindlichkeit und gew\u00fcnschtem Ergebnis schrittweise anzupassen. Green Sumatra Kratom wird oft morgens oder am fr\u00fchen Nachmittag f\u00fcr ausgeglichene Energie und Konzentration oder am sp\u00e4ten Nachmittag f\u00fcr sanfte Entspannung genossen. Verwenden Sie es immer verantwortungsbewusst und vermeiden Sie die Kombination mit anderen Substanzen. Ein achtsames Experimentieren wird Ihnen helfen, die Portionsgr\u00f6\u00dfe zu finden, die am besten zu Ihren pers\u00f6nlichen Bed\u00fcrfnissen und Ihrem Lebensstil passt.<\/p>\n<h2 dir=\"auto\">Inhaltsstoffe von Kratopia Gr\u00fcner Sumatra Kratom<\/h2>\n<p dir=\"auto\">Die Inhaltsstoffe von Kratopia Green Sumatra Kratom bestehen ausschlie\u00dflich aus 100% reinem Mitragyna speciosa Blattpulver aus der Sorte Green Sumatra. Es werden keine F\u00fcllstoffe, Zus\u00e4tze oder k\u00fcnstliche Zutaten hinzugef\u00fcgt, um ein Maximum an Reinheit und Authentizit\u00e4t zu gew\u00e4hrleisten. Die Bl\u00e4tter sind reich an nat\u00fcrlich vorkommenden Alkaloiden, vor allem Mitragynin und 7-Hydroxymitragynin, die zu dem ausgewogenen Profil der Sorte beitragen. Diese Verbindungen wirken zusammen, um die charakteristische Kombination aus milder Stimulation und sanfter Entspannung zu liefern, die Green Sumatra so beliebt macht. Die Bl\u00e4tter der Green Vein werden im idealen Reifestadium geerntet, um dieses harmonische Alkaloidgleichgewicht zu erreichen. Durch sorgf\u00e4ltige Trocknungs- und Mahlprozesse bleiben die nat\u00fcrliche Potenz und die wohltuenden Verbindungen erhalten. Kratopia bezieht die Bl\u00e4tter aus traditionellen Anbaugebieten in Sumatra, um eine gleichbleibende Qualit\u00e4t und einen gleichbleibenden Charakter in jeder Charge zu gew\u00e4hrleisten. Diese Reinheit der einzelnen Inhaltsstoffe erm\u00f6glicht es den Anwendern, die wahre, unverf\u00e4lschte Essenz von Green Sumatra Kratom genau so zu erleben, wie sie in der traditionellen s\u00fcdostasiatischen Kr\u00e4uterpraxis seit Generationen gesch\u00e4tzt wird.<\/p>\n<p dir=\"auto\"><strong>Warnung<\/strong> Nur f\u00fcr Erwachsene \u00fcber 18 Jahre. Au\u00dferhalb der Reichweite von Kindern aufbewahren. Dieses Produkt wird nicht empfohlen f\u00fcr Personen mit Nieren- oder Herzproblemen, hohem oder niedrigem Blutdruck, Diabetes, oder f\u00fcr Personen, die derzeit Medikamente einnehmen, Alkohol konsumieren oder andere Substanzen verwenden. Konsultieren Sie vor der Einnahme Ihren Arzt, wenn Sie schwanger sind, stillen oder an anderen gesundheitlichen Problemen leiden. Kratopia Green Sumatra Kratom ist ein Nahrungserg\u00e4nzungsmittel und ist nicht dazu bestimmt, Krankheiten zu diagnostizieren, zu behandeln, zu heilen oder zu verhindern. Nicht kaufen oder verwenden, wenn das Siegel gebrochen ist. An einem k\u00fchlen, dunklen und trockenen Ort lagern, um optimale Frische und Wirksamkeit zu erhalten.<\/p>","protected":false},"excerpt":{"rendered":"<p dir=\"auto\">Entdecken Sie die perfekte Balance von Kratopia Green Sumatra Kratom, einem erstklassigen pflanzlichen Erg\u00e4nzungsmittel, das f\u00fcr seine harmonische Mischung aus sanfter Energie und beruhigender Entspannung bekannt ist. Dieses vielseitige gr\u00fcne Kratom stammt aus den \u00fcppigen Dschungeln Indonesiens und ist ideal f\u00fcr den t\u00e4glichen Gebrauch. Es bietet einen reibungslosen Fokus w\u00e4hrend des Tages und f\u00f6rdert einen ruhigen und positiven Geisteszustand ohne \u00fcberw\u00e4ltigende Sedierung.<\/p>\n<h2 dir=\"auto\"><\/h2>","protected":false},"featured_media":138599,"template":"","meta":[],"product_brand":[],"product_cat":[599,297,477,509,479,510,511,476],"product_tag":[],"class_list":{"0":"post-138597","1":"product","2":"type-product","3":"status-publish","4":"has-post-thumbnail","6":"product_cat-kratopia","7":"product_cat-all-products","8":"product_cat-herbs","9":"product_cat-kratom","10":"product_cat-medicinal-herbs","11":"product_cat-relax","12":"product_cat-relax-herbs","13":"product_cat-smartshop","15":"first","16":"instock","17":"taxable","18":"shipping-taxable","19":"purchasable","20":"product-type-variable","21":"has-default-attributes"},"_links":{"self":[{"href":"https:\/\/www.tatanka.nl\/de\/wp-json\/wp\/v2\/product\/138597","targetHints":{"allow":["GET"]}}],"collection":[{"href":"https:\/\/www.tatanka.nl\/de\/wp-json\/wp\/v2\/product"}],"about":[{"href":"https:\/\/www.tatanka.nl\/de\/wp-json\/wp\/v2\/types\/product"}],"wp:featuredmedia":[{"embeddable":true,"href":"https:\/\/www.tatanka.nl\/de\/wp-json\/wp\/v2\/media\/138599"}],"wp:attachment":[{"href":"https:\/\/www.tatanka.nl\/de\/wp-json\/wp\/v2\/media?parent=138597"}],"wp:term":[{"taxonomy":"product_brand","embeddable":true,"href":"https:\/\/www.tatanka.nl\/de\/wp-json\/wp\/v2\/product_brand?post=138597"},{"taxonomy":"product_cat","embeddable":true,"href":"https:\/\/www.tatanka.nl\/de\/wp-json\/wp\/v2\/product_cat?post=138597"},{"taxonomy":"product_tag","embeddable":true,"href":"https:\/\/www.tatanka.nl\/de\/wp-json\/wp\/v2\/product_tag?post=138597"}],"curies":[{"name":"wp","href":"https:\/\/api.w.org\/{rel}","templated":true}]}}