{"id":138937,"date":"2026-04-07T13:31:52","date_gmt":"2026-04-07T12:31:52","guid":{"rendered":"https:\/\/www.tatanka.nl\/?post_type=product&#038;p=138937"},"modified":"2026-04-07T13:31:53","modified_gmt":"2026-04-07T12:31:53","slug":"trip-booster-cacao-shot","status":"publish","type":"product","link":"https:\/\/www.tatanka.nl\/de\/trip-booster-cacao-shot\/","title":{"rendered":"Trip Booster Cacao Shot"},"content":{"rendered":"<h3 dir=\"auto\">Was sind Trip Booster Cacao Shots?<\/h3>\n<p dir=\"auto\">Trip Booster Cacao Shots bieten eine nat\u00fcrliche und schmackhafte M\u00f6glichkeit, psychedelische Tr\u00fcffelerlebnisse zu verbessern. Verpackt in einer praktischen 30ml Portion, bringt jeder Shot die reiche, samtige Tiefe von rohem Kakao, die wunderbar mit magischen Tr\u00fcffeln zusammenpasst. Die Inhaltsstoffe des reinen Kakaos f\u00f6rdern auf nat\u00fcrliche Weise eine bessere Durchblutung und einen ruhigen, konzentrierten Geisteszustand. Leichte MAO-hemmende Elemente im Kakao k\u00f6nnen auch auf subtile Weise die Wirkung der Tr\u00fcffel auf harmonische Weise verst\u00e4rken.<\/p>\n<p dir=\"auto\">Die Nutzer bemerken oft, wie der Shot die kr\u00e4ftigen, erdigen Noten der Tr\u00fcffel in ein weitaus schmackhafteres Gef\u00fchl verwandelt, was zu einer insgesamt sanfteren und einladenderen Sitzung f\u00fchrt. Der Genuss des Trip Booster Cacao Shot direkt vor oder w\u00e4hrend der Erfahrung hilft, eine w\u00e4rmere, geerdete Atmosph\u00e4re zu schaffen, die sich n\u00e4hrend und zug\u00e4nglich anf\u00fchlt. Dieses Produkt wird aus dem traditionellen peruanischen Zeremonialkakao gewonnen und tr\u00e4gt die alte Pflanzenweisheit in die heutigen achtsamen Praktiken. Es enth\u00e4lt keine k\u00fcnstlichen Zusatzstoffe und ist damit eine saubere Wahl f\u00fcr alle, die eine herzzentrierte Erkundung anstreben. Das leicht zu trinkende Format f\u00fcgt sich m\u00fchelos in jedes pers\u00f6nliche Ritual ein, ganz gleich, ob Sie Tr\u00fcffel zum ersten Mal probieren oder eine bestehende Praxis vertiefen. Viele sch\u00e4tzen es, wie es eine gr\u00f6\u00dfere Pr\u00e4senz, emotionale Offenheit und ein Gef\u00fchl der Einheit in transformativen Momenten f\u00f6rdert.<\/p>\n<h3 dir=\"auto\">Geschichte von Trip Booster Cacao Shot<\/h3>\n<p dir=\"auto\">Kakao nimmt in der spirituellen Geschichte der Menschheit einen bedeutenden Platz ein. Bereits vor 5.300 Jahren gab es Hinweise auf seine zeremonielle Verwendung in alten s\u00fcdamerikanischen Kulturen. In den \u00fcppigen Regionen des heutigen Peru und Ecuador bauten die fr\u00fchen indigenen Gemeinschaften Kakao in heilige Gef\u00e4\u00dfe und Rituale ein, lange bevor er sich in anderen Zivilisationen verbreitete. Kakao galt als heilige Br\u00fccke zwischen den Welten und wurde f\u00fcr seine F\u00e4higkeit gefeiert, das Herz zu \u00f6ffnen, Klarheit zu schaffen und bei schamanischen Versammlungen den Zusammenhalt zu st\u00e4rken.<\/p>\n<p dir=\"auto\">Im Laufe der Jahrhunderte betrachteten benachbarte Kulturen wie die Olmeken, Maya und Azteken Kakao als die \u201cNahrung der G\u00f6tter\u201d und verwendeten ihn f\u00fcr g\u00f6ttliche Opfergaben, Heilungszeremonien und wichtige Lebens\u00fcberg\u00e4nge. In Peru verehrten Gruppen wie die Shipibo den Kakao weiterhin f\u00fcr seine Rolle bei der emotionalen Heilung und der Erweiterung des Bewusstseins. Bei diesen uralten Praktiken wurde Kakao oft mit anderen Pflanzen gemischt, um ausgewogene, unterst\u00fctzende Erfahrungen zu schaffen. Der Trip Booster Cacao Shot setzt diese zeitlose Tradition fort, indem er authentischen, rohen peruanischen Kakao verwendet, der die urspr\u00fcnglichen Anbau- und Zubereitungsmethoden respektiert. In unserer modernen Zeit kombinieren viele Menschen Kakao mit magischen Tr\u00fcffeln, um geerdete Reisen voller Einsicht und Verbindung zu f\u00f6rdern. Dieser Shot ist eine respektvolle Verbeugung vor diesen alten Wurzeln und erf\u00fcllt gleichzeitig die Bed\u00fcrfnisse der modernen Suchenden, die bei ihren Erkundungen Wert auf Absicht, Sicherheit und nat\u00fcrliche Synergie legen.<\/p>\n<h3 dir=\"auto\">Wie verwende ich Trip Booster Cacao Shot?<\/h3>\n<p dir=\"auto\">Es ist einfach und lohnend, den Trip Booster Cacao Shot in Ihre Routine einzubauen. Bewahren Sie ihn immer im K\u00fchlschrank auf und sch\u00fctteln Sie die Flasche vor dem Gebrauch gut, damit sich die Zutaten perfekt vermischen. Nehmen Sie die gesamte 30-ml-Portion kurz vor Beginn Ihrer magischen Tr\u00fcffelsitzung ein oder schl\u00fcrfen Sie sie nach und nach, w\u00e4hrend sich das Erlebnis entfaltet. Viele finden, dass die Einnahme etwa 15 bis 30 Minuten vor Beginn der Sitzung es den nat\u00fcrlichen Eigenschaften erlaubt, den K\u00f6rper und den Geist sanft vorzubereiten.<\/p>\n<p dir=\"auto\">Richten Sie sich einen friedlichen, sicheren Ort ein und beginnen Sie mit einer klaren Absicht, die Ihre Reise leitet. Der Trip Booster Cacao Shot schafft eine einladende, herzerw\u00e4rmende Umgebung, die die Entspannung und einen reibungsloseren emotionalen Fluss f\u00f6rdert. Sein reichhaltiges Profil tr\u00e4gt dazu bei, die sch\u00e4rferen, s\u00e4uerlichen Untert\u00f6ne der Tr\u00fcffel zu \u00fcberdecken und die Kau-Phase zu einem genussvolleren Teil des Rituals zu machen, w\u00e4hrend er durch subtile nat\u00fcrliche Mechanismen f\u00fcr mehr Tiefe sorgt. Trinken Sie achtsam, konzentrieren Sie sich auf Ihren Atem und lassen Sie den beruhigenden Kakaogeschmack Sie in die Sitzung hineinf\u00fchren. Halten Sie Wasser in der N\u00e4he, spielen Sie sanfte Kl\u00e4nge oder Musik, die Sie anspricht, und bewegen Sie sich in Ihrem eigenen, angenehmen Tempo. Betrachten Sie den gesamten Prozess als ein heiliges Ritual und nicht als etwas \u00dcbereiltes. Wenn die Wirkung nachl\u00e4sst, lassen Sie sich ausreichend Zeit, um sich auszuruhen und sanft zu integrieren, z. B. durch stilles Nachdenken oder das Aufschreiben Ihrer Gedanken. Eine konsequente, bewusste Anwendung macht den Trip Booster Cacao Shot zu einem wertvollen Partner bei der pers\u00f6nlichen Entdeckung und einem achtsamen Leben.<\/p>\n<h3 dir=\"auto\">Zutaten von Trip Booster Cacao Shot<\/h3>\n<p dir=\"auto\">Der mit Sorgfalt hergestellte Trip Booster Cacao Shot basiert auf einer kurzen, reinen Auswahl von Zutaten, die sowohl Geschmack als auch funktionelle Unterst\u00fctzung bieten. Die Grundlage bilden 6000 mg roher, zeremonieller Premium-Kakao aus Peru, der f\u00fcr seinen intensiven Schokoladencharakter und seine nat\u00fcrlich vorkommenden Verbindungen bekannt ist. Dazu geh\u00f6ren Elemente, die den Kreislauf sanft ankurbeln, und milde MAO-Hemmer, die den Tr\u00fcffelgenuss auf subtile und ausgewogene Weise verst\u00e4rken.<\/p>\n<p dir=\"auto\">Um die Trinkbarkeit zu verbessern, sorgen 600 mg Agavendicksaft f\u00fcr eine sanfte nat\u00fcrliche S\u00fc\u00dfe und ein seidiges Mundgef\u00fchl, ohne dass verarbeiteter Zucker verwendet wird. Die Mischung enth\u00e4lt au\u00dferdem 250 mg Vitamin C, das wegen seiner sch\u00fctzenden antioxidativen Eigenschaften in sensiblen Momenten gesch\u00e4tzt wird, sowie 200 mg Zitronens\u00e4ure, die f\u00fcr Frische sorgt und dem Gesamtgeschmack einen leichten, erfrischenden Kick verleiht. Frei von k\u00fcnstlichen Zus\u00e4tzen, Farb- und Konservierungsstoffen bleibt diese Rezeptur traditionellen Werten treu und bietet gleichzeitig modernen Komfort. Der peruanische Kakao verleiht ihm eine authentische Tiefe, die an historische zeremonielle Zubereitungen erinnert. Alle Komponenten wirken zusammen, um einen harmonischen, potenten Shot zu produzieren, der sich gut anf\u00fchlt. Diese zielgerichtete Formel spricht vor allem Menschen an, die saubere, ehrliche und wirksame Hilfsmittel f\u00fcr ihre zeremoniellen und Wellness-Reisen suchen.<\/p>\n<p dir=\"auto\"><strong>Warnung<\/strong> Im K\u00fchlschrank aufbewahren. Vor Gebrauch gut sch\u00fctteln.<\/p>","protected":false},"excerpt":{"rendered":"<p dir=\"auto\">Verbessern Sie Ihre magischen Tr\u00fcffelsitzungen mit unserem Trip Booster Cacao Shot, einer k\u00f6stlichen 30 ml Fl\u00fcssigmischung aus erstklassigem peruanischem Rohkakao. Er unterst\u00fctzt eine sanfte, angenehme Reise, indem er die Tr\u00fcffelaromen abmildert und gleichzeitig Entspannung und tiefere Verbindung f\u00f6rdert.<\/p>\n<h3 dir=\"auto\"><\/h3>","protected":false},"featured_media":138941,"template":"","meta":[],"product_brand":[],"product_cat":[620,297,577,475,516,521,523,518,515,476,578],"product_tag":[],"class_list":{"0":"post-138937","1":"product","2":"type-product","3":"status-publish","4":"has-post-thumbnail","6":"product_cat-shamanita","7":"product_cat-all-products","8":"product_cat-beginner-magic-truffles","9":"product_cat-healthshop","10":"product_cat-magic-truffles","11":"product_cat-medicinal-mushrooms","12":"product_cat-medicinal-mushrooms-supplements","13":"product_cat-mushrooms","14":"product_cat-shroomshop","15":"product_cat-smartshop","16":"product_cat-strongest-magic-truffles","18":"first","19":"instock","20":"taxable","21":"shipping-taxable","22":"purchasable","23":"product-type-variable","24":"has-default-attributes"},"_links":{"self":[{"href":"https:\/\/www.tatanka.nl\/de\/wp-json\/wp\/v2\/product\/138937","targetHints":{"allow":["GET"]}}],"collection":[{"href":"https:\/\/www.tatanka.nl\/de\/wp-json\/wp\/v2\/product"}],"about":[{"href":"https:\/\/www.tatanka.nl\/de\/wp-json\/wp\/v2\/types\/product"}],"wp:featuredmedia":[{"embeddable":true,"href":"https:\/\/www.tatanka.nl\/de\/wp-json\/wp\/v2\/media\/138941"}],"wp:attachment":[{"href":"https:\/\/www.tatanka.nl\/de\/wp-json\/wp\/v2\/media?parent=138937"}],"wp:term":[{"taxonomy":"product_brand","embeddable":true,"href":"https:\/\/www.tatanka.nl\/de\/wp-json\/wp\/v2\/product_brand?post=138937"},{"taxonomy":"product_cat","embeddable":true,"href":"https:\/\/www.tatanka.nl\/de\/wp-json\/wp\/v2\/product_cat?post=138937"},{"taxonomy":"product_tag","embeddable":true,"href":"https:\/\/www.tatanka.nl\/de\/wp-json\/wp\/v2\/product_tag?post=138937"}],"curies":[{"name":"wp","href":"https:\/\/api.w.org\/{rel}","templated":true}]}}