{"id":2027,"date":"2017-10-02T19:34:28","date_gmt":"2017-10-02T19:34:28","guid":{"rendered":"http:\/\/www.tatanka.nl\/?post_type=product&#038;p=2027"},"modified":"2025-09-23T08:32:08","modified_gmt":"2025-09-23T07:32:08","slug":"black-stone-spray","status":"publish","type":"product","link":"https:\/\/www.tatanka.nl\/de\/black-stone-spray\/","title":{"rendered":"Black Stone Spray"},"content":{"rendered":"<div>\n<div>\n<h2 dir=\"auto\">Was ist Black Stone Spray<\/h2>\n<p dir=\"auto\">Black Stone Spray ist ein spezielles topisches Produkt, das entwickelt wurde, um das weit verbreitete Problem der vorzeitigen Ejakulation zu l\u00f6sen und M\u00e4nnern zu helfen, ihre sexuellen Begegnungen nat\u00fcrlich zu verl\u00e4ngern. Es hat eine erfrischende, leicht k\u00fchlende Wirkung auf die Haut des Penis, die empfindliche Bereiche desensibilisieren kann, ohne sie vollst\u00e4ndig zu bet\u00e4uben, so dass das Gef\u00fchl erhalten bleibt und die Kontrolle gef\u00f6rdert wird. Dies macht es zu einem wertvollen Hilfsmittel f\u00fcr beide Partner, das Frustrationen abbaut und eine tiefere Verbindung w\u00e4hrend der Intimit\u00e4t f\u00f6rdert. Die einzigartige Mischung des Sprays besteht aus sanften, hautfreundlichen Komponenten, die schnell einziehen und den Moment nur minimal unterbrechen.<\/p>\n<p dir=\"auto\">Die Anwender sch\u00e4tzen die nicht fettende Textur und die neutrale Wirkung auf die Hautgesundheit, wodurch es sich f\u00fcr die regelm\u00e4\u00dfige Anwendung im privaten Umfeld eignet. Im Gegensatz zu oralen Nahrungserg\u00e4nzungsmitteln zielt diese \u00e4u\u00dferliche Anwendung direkt auf das Problem ab und bietet gezielte Linderung, wo sie am meisten ben\u00f6tigt wird. Viele berichten von einem verbesserten Selbstvertrauen und einer h\u00f6heren Zufriedenheit und verwandeln potenziell kurze Begegnungen in l\u00e4ngere, leidenschaftliche Sitzungen.<\/p>\n<p dir=\"auto\">Als rezeptfreie Option legt Black Stone Spray Wert auf Sicherheit und Wirksamkeit und vermeidet scharfe Chemikalien zugunsten einer ausgewogenen Formulierung. Es ist besonders attraktiv f\u00fcr diejenigen, die nat\u00fcrliche Wege zur Leistungssteigerung ohne medizinischen Eingriff suchen.<\/p>\n<p dir=\"auto\">Insgesamt handelt es sich um eine moderne L\u00f6sung f\u00fcr ein uraltes Problem, bei der Genuss und Harmonie in den Beziehungen im Vordergrund stehen.<\/p>\n<h2 dir=\"auto\">Geschichte von Black Stone Spray<\/h2>\n<p dir=\"auto\">Das Konzept von Black Stone Spray geht auf alte pflanzliche Heilmittel zur\u00fcck, die in verschiedenen Kulturen zur Steuerung des sexuellen Timings und der Vitalit\u00e4t verwendet wurden. In der traditionellen chinesischen und ayurvedischen Medizin wurden nat\u00fcrliche Extrakte wie die aus Hypericum und Avena wegen ihrer beruhigenden und desensibilisierenden Eigenschaften auf den K\u00f6rper verwendet. Im 19. Jahrhundert begann die westliche Pharmakologie mit der Erforschung topischer An\u00e4sthetika, wobei Mitte des 20. Jahrhunderts erste Cremes auf Lidocain-Basis zur klinischen Behandlung der vorzeitigen Ejakulation aufkamen.<\/p>\n<p dir=\"auto\">Die moderne Version solcher Sprays entstand im sp\u00e4ten 20. Jahrhundert, als das Bewusstsein f\u00fcr Fragen der sexuellen Gesundheit wuchs. Innovatoren suchten nach milderen, nat\u00fcrlichen Alternativen zu pharmazeutischen Optionen, was zu Formulierungen f\u00fchrte, die pflanzliche Inhaltsstoffe f\u00fcr einen sichereren, rezeptfreien Zugang enthielten. Black Stone Spray selbst hat sich wahrscheinlich von diesem Trend inspirieren lassen und kam Anfang der 2000er Jahre als Teil einer Welle von Wellness-Produkten auf den Markt, die die Intimit\u00e4t verbessern sollten.<\/p>\n<p dir=\"auto\">Fortschritte in der kosmetischen Chemie erm\u00f6glichten schnell einziehende Emulsionen, die k\u00fchlende Wirkstoffe mit pflanzlichen Stoffen mischten, um die Nebenwirkungen zu minimieren. Im Laufe der Jahre wurden diese Produkte durch das Feedback der Anwender und klinische Erkenntnisse verfeinert, wobei der Schwerpunkt auf Hautvertr\u00e4glichkeit und Wirksamkeit lag.<\/p>\n<p dir=\"auto\">Heute ist es ein raffiniertes Beispiel f\u00fcr diese Entwicklung und verbindet historische Weisheit mit moderner Wissenschaft, um diskrete Unterst\u00fctzung zu bieten. Ihre Popularit\u00e4t spiegelt den allgemeinen gesellschaftlichen Wandel hin zu offenen Diskussionen \u00fcber sexuelles Wohlbefinden und nat\u00fcrliche Heilmittel wider.<\/p>\n<h2 dir=\"auto\">So verwenden Sie Black Stone Spray<\/h2>\n<p dir=\"auto\">Um Black Stone Spray effektiv in Ihre Routine einzubauen, sch\u00fctteln Sie die Flasche bei Bedarf leicht und tragen Sie dann die gew\u00fcnschte Menge direkt auf die intimen Bereiche des Penis auf, wobei Sie sich auf die empfindlichsten Stellen wie Eichel und Frenulum konzentrieren. Verteilen Sie es mit den Fingern gleichm\u00e4\u00dfig und lassen Sie es vollst\u00e4ndig einziehen, bevor Sie aktiv werden - das dauert in der Regel nur wenige Minuten.<\/p>\n<p dir=\"auto\">Beginnen Sie mit einer kleinen Menge, z. B. einem oder zwei Spr\u00fchst\u00f6\u00dfen, um Ihre Empfindlichkeit zu testen und passen Sie sie bei Bedarf an, um optimale Ergebnisse zu erzielen, ohne dass es zu einer \u00dcbersensibilisierung kommt. Am besten wenden Sie es 5 bis 10 Minuten vor dem Geschlechtsverkehr an, damit die k\u00fchlende Wirkung allm\u00e4hlich einsetzt.<\/p>\n<p dir=\"auto\">Waschen Sie sich nach der Anwendung gr\u00fcndlich die H\u00e4nde, um eine \u00dcbertragung des Produkts auf andere Bereiche oder Partner zu vermeiden. Lagern Sie das Spray an einem k\u00fchlen, trockenen Ort und sch\u00fctzen Sie es vor direkter Sonneneinstrahlung, damit es seine Wirkung \u00fcber l\u00e4ngere Zeit beh\u00e4lt.<\/p>\n<p dir=\"auto\">Diese Methode f\u00f6rdert ein nahtloses Erlebnis, verl\u00e4ngert die Dauer und erh\u00e4lt das Vergn\u00fcgen. Achten Sie immer auf die Kommunikation mit Ihrem Partner, um das gegenseitige Vergn\u00fcgen zu gew\u00e4hrleisten.<\/p>\n<p dir=\"auto\">Bei konsequenter Anwendung kann es zu einem zuverl\u00e4ssigen Teil Ihres Intimit\u00e4tswerkzeugs werden und l\u00e4ngere, erf\u00fcllendere Begegnungen sicher und diskret unterst\u00fctzen.<\/p>\n<h2 dir=\"auto\">Inhaltsstoffe von Black Stone Spray<\/h2>\n<p dir=\"auto\">Black Stone Spray besteht aus einer harmonischen Mischung aus wasserbasierten und nat\u00fcrlichen Elementen, beginnend mit Aqua als Hauptl\u00f6sungsmittel f\u00fcr eine einfache Anwendung und schnelles Trocknen. Glycerin sorgt f\u00fcr feuchtigkeitsspendende Eigenschaften, h\u00e4lt die Haut hydratisiert und verhindert das Austrocknen w\u00e4hrend der Anwendung. Laureth-9 fungiert als mildes An\u00e4sthetikum und tr\u00e4gt zur desensibilisierenden Wirkung bei, die den H\u00f6hepunkt hinausz\u00f6gert.<\/p>\n<p dir=\"auto\">Caprylylglycol dient als Konservierungsmittel und Hautkonditionierer und gew\u00e4hrleistet die Produktstabilit\u00e4t, w\u00e4hrend es gleichzeitig sanft zu empfindlichem Gewebe ist. Polysorbat 20 wirkt als Emulgator und sorgt f\u00fcr eine gleichm\u00e4\u00dfige Verteilung der Inhaltsstoffe. Alcohol denat und Alkohol sorgen f\u00fcr antiseptische Eigenschaften und unterst\u00fctzen die schnelle Verdunstung, ohne ein klebriges Gef\u00fchl zu hinterlassen.<\/p>\n<p dir=\"auto\">Der Extrakt aus der Bl\u00fcte des Hypericum perforatum, das aus dem Johanniskraut gewonnen wird, wirkt beruhigend und entz\u00fcndungshemmend und unterst\u00fctzt die Gesundheit der Haut. Avena sativa Kernextrakt aus Hafer wirkt n\u00e4hrend und beruhigend, um m\u00f6glichen Irritationen entgegenzuwirken.<\/p>\n<p dir=\"auto\">Menthyl-Lactat sorgt f\u00fcr das charakteristische k\u00fchlende Gef\u00fchl, das den Komfort erh\u00f6ht, ohne die Haut zu bet\u00e4uben. Zusammen ergeben diese Komponenten eine Formel, die neutral f\u00fcr die Haut ist, frei von aggressiven Reizstoffen und auf nat\u00fcrliche Pflege ausgerichtet.<\/p>\n<p dir=\"auto\">Diese durchdachte Auswahl stellt die Biokompatibilit\u00e4t in den Vordergrund, so dass das Spray auch f\u00fcr empfindliche Anwender geeignet ist und gleichzeitig eine gezielte Leistung erbringt.<\/p>\n<\/div>\n<section><\/section>\n<section><\/section>\n<div><\/div>\n<\/div>","protected":false},"excerpt":{"rendered":"<p dir=\"auto\">Entdecken Sie die diskrete Hilfe von Black Stone Spray, einer topischen Formel, die entwickelt wurde, um die vorzeitige Ejakulation zu verz\u00f6gern und die Intimit\u00e4t zu verbessern. Mit seinem k\u00fchlenden Gef\u00fchl und den nat\u00fcrlichen Extrakten unterst\u00fctzt dieses Spray ein l\u00e4ngeres Vergn\u00fcgen und ist damit die ideale Wahl f\u00fcr Paare, die ein befriedigendes Erlebnis suchen.<\/p>","protected":false},"featured_media":12843,"template":"","meta":[],"product_brand":[],"product_cat":[574,297,531,383,476],"product_tag":[],"class_list":{"0":"post-2027","1":"product","2":"type-product","3":"status-publish","4":"has-post-thumbnail","6":"product_cat-sex-products-for-men","7":"product_cat-all-products","8":"product_cat-aphrodisiacs","9":"product_cat-sex-shop","10":"product_cat-smartshop","12":"first","13":"instock","14":"taxable","15":"shipping-taxable","16":"purchasable","17":"product-type-variable","18":"has-default-attributes"},"_links":{"self":[{"href":"https:\/\/www.tatanka.nl\/de\/wp-json\/wp\/v2\/product\/2027","targetHints":{"allow":["GET"]}}],"collection":[{"href":"https:\/\/www.tatanka.nl\/de\/wp-json\/wp\/v2\/product"}],"about":[{"href":"https:\/\/www.tatanka.nl\/de\/wp-json\/wp\/v2\/types\/product"}],"wp:featuredmedia":[{"embeddable":true,"href":"https:\/\/www.tatanka.nl\/de\/wp-json\/wp\/v2\/media\/12843"}],"wp:attachment":[{"href":"https:\/\/www.tatanka.nl\/de\/wp-json\/wp\/v2\/media?parent=2027"}],"wp:term":[{"taxonomy":"product_brand","embeddable":true,"href":"https:\/\/www.tatanka.nl\/de\/wp-json\/wp\/v2\/product_brand?post=2027"},{"taxonomy":"product_cat","embeddable":true,"href":"https:\/\/www.tatanka.nl\/de\/wp-json\/wp\/v2\/product_cat?post=2027"},{"taxonomy":"product_tag","embeddable":true,"href":"https:\/\/www.tatanka.nl\/de\/wp-json\/wp\/v2\/product_tag?post=2027"}],"curies":[{"name":"wp","href":"https:\/\/api.w.org\/{rel}","templated":true}]}}