{"id":21612,"date":"2016-01-22T19:15:57","date_gmt":"2016-01-22T17:15:57","guid":{"rendered":"https:\/\/www.tatanka.nl\/?post_type=product&#038;p=21612"},"modified":"2025-08-29T10:25:37","modified_gmt":"2025-08-29T09:25:37","slug":"cbd-crystals-99-hempcare","status":"publish","type":"product","link":"https:\/\/www.tatanka.nl\/de\/cbd-crystals-99-hempcare\/","title":{"rendered":"CBD Crystals 99% - Hempcare"},"content":{"rendered":"<h2>CBD Crystals 99% - Hempcare<\/h2>\n<p>Hemp Care CBD Crystals wird aus Hanf gewonnen, der in den Niederlanden angebaut wird. Die Extraktion erfolgt mit dem superkritischen CO2-Extraktionsverfahren f\u00fcr Reinheit und Sauberkeit. KEINE GVO-Zutaten. KEINE Pestizide im Anbau verwendet.<\/p>\n<p>Es gibt viele M\u00f6glichkeiten, das Hemp Care CBD Crystals zu verwenden. Du kannst kleine Mengen der Kristalle direkt unter der Zunge einnehmen. Du kannst sie aber auch anderen Produkten wie Getr\u00e4nken oder Lebensmitteln hinzuf\u00fcgen oder sie verdampfen oder rauchen!<\/p>\n<p>Die feine Kristalltextur von Hemp Care CBD 99% macht es extrem einfach, Cannabinoid-Di\u00e4ten als Zutat hinzuzuf\u00fcgen. Sie k\u00f6nnen die Kristalle auch zu jedem Dabs oder jedem Produkt hinzuf\u00fcgen, das Sie bereits gerne verwenden!<\/p>","protected":false},"excerpt":{"rendered":"<p>Hempcare Crystals ist ein 99% reines CBD (Cannabidiol) Produkt, die Kristalle enthalten 99% CBD und 0% THC. Es wird aus organischer Hanfextraktion hergestellt und mit der modernsten Trenntechnik kristallisiert, um unsere CBD-Reinheit von 99% zu garantieren.<\/p>","protected":false},"featured_media":126586,"template":"","meta":[],"product_brand":[],"product_cat":[601,297,542,371,483],"product_tag":[],"class_list":{"0":"post-21612","1":"product","2":"type-product","3":"status-publish","4":"has-post-thumbnail","6":"product_cat-hempcare","7":"product_cat-all-products","8":"product_cat-cbd-crystals","9":"product_cat-cbd-top-10","10":"product_cat-cbdshop","12":"first","13":"instock","14":"taxable","15":"shipping-taxable","16":"purchasable","17":"product-type-simple"},"_links":{"self":[{"href":"https:\/\/www.tatanka.nl\/de\/wp-json\/wp\/v2\/product\/21612","targetHints":{"allow":["GET"]}}],"collection":[{"href":"https:\/\/www.tatanka.nl\/de\/wp-json\/wp\/v2\/product"}],"about":[{"href":"https:\/\/www.tatanka.nl\/de\/wp-json\/wp\/v2\/types\/product"}],"wp:featuredmedia":[{"embeddable":true,"href":"https:\/\/www.tatanka.nl\/de\/wp-json\/wp\/v2\/media\/126586"}],"wp:attachment":[{"href":"https:\/\/www.tatanka.nl\/de\/wp-json\/wp\/v2\/media?parent=21612"}],"wp:term":[{"taxonomy":"product_brand","embeddable":true,"href":"https:\/\/www.tatanka.nl\/de\/wp-json\/wp\/v2\/product_brand?post=21612"},{"taxonomy":"product_cat","embeddable":true,"href":"https:\/\/www.tatanka.nl\/de\/wp-json\/wp\/v2\/product_cat?post=21612"},{"taxonomy":"product_tag","embeddable":true,"href":"https:\/\/www.tatanka.nl\/de\/wp-json\/wp\/v2\/product_tag?post=21612"}],"curies":[{"name":"wp","href":"https:\/\/api.w.org\/{rel}","templated":true}]}}