{"id":2247,"date":"2017-10-06T13:24:50","date_gmt":"2017-10-06T13:24:50","guid":{"rendered":"http:\/\/www.tatanka.nl\/?post_type=product&#038;p=2247"},"modified":"2025-05-20T11:15:48","modified_gmt":"2025-05-20T10:15:48","slug":"kanna-extract-10x-1-gram-energy-powder-party","status":"publish","type":"product","link":"https:\/\/www.tatanka.nl\/de\/kanna-extract-10x-1-gram-energy-powder-party\/","title":{"rendered":"Kanna Auszug 10x"},"content":{"rendered":"<h2 class=\"\" data-start=\"149\" data-end=\"166\">Was ist Kanna?<\/h2>\n<p class=\"\" data-start=\"168\" data-end=\"552\">Kanna (<em data-start=\"175\" data-end=\"196\">Sceletium tortuosum<\/em>) ist eine s\u00fcdafrikanische Pflanze, die f\u00fcr ihre nat\u00fcrlichen beruhigenden und stimmungsaufhellenden Eigenschaften bekannt ist. Traditionell wurde Kanna von den einheimischen St\u00e4mmen gekaut, um Stress abzubauen, die Stimmung zu heben und die Konzentration zu verbessern. In der heutigen Zeit ist Kanna in verschiedenen Formen erh\u00e4ltlich, darunter die <strong data-start=\"463\" data-end=\"478\">10x Auszug<\/strong>eine potente Version, die in kleineren Dosen eine st\u00e4rkere Wirkung entfaltet.<\/p>\n<p class=\"\" data-start=\"554\" data-end=\"818\">Diese Pflanze interagiert mit dem Serotonin-System des Gehirns und f\u00f6rdert Entspannung, geistige Klarheit und ein leichtes Gef\u00fchl der Euphorie - ohne Halluzinationen zu verursachen. Daher ist Kanna eine beliebte Wahl f\u00fcr diejenigen, die eine sichere, nat\u00fcrliche Methode zur Unterst\u00fctzung des emotionalen Wohlbefindens suchen.<\/p>\n<h2 class=\"\" data-start=\"825\" data-end=\"844\">Geschichte von Kanna<\/h2>\n<p class=\"\" data-start=\"846\" data-end=\"1111\">Die Verwendung von Kanna geht Jahrhunderte zur\u00fcck auf das indigene Volk der Khoisan in S\u00fcdafrika, die die Pflanze sowohl medizinisch als auch gesellschaftlich nutzten. Sie kauten oder fermentierten die Bl\u00e4tter, um in den Genuss ihrer beruhigenden und aufbauenden Wirkung zu kommen, und nutzten sie h\u00e4ufig f\u00fcr Gemeinschafts- und Heilungsrituale.<\/p>\n<p class=\"\" data-start=\"1113\" data-end=\"1520\">In den sp\u00e4ten 1800er Jahren wurden holl\u00e4ndische Entdecker und Botaniker, die die Region studierten, auf die Wirkung von Kanna aufmerksam und brachten es nach Europa zur\u00fcck. Als das Interesse wuchs, isolierten Wissenschaftler die Wirkstoffe der Pflanze und entwickelten konzentrierte Formen wie das <strong data-start=\"1351\" data-end=\"1366\">10x Auszug<\/strong>Dadurch wird es weltweit leichter zug\u00e4nglich und verwendbar. Heute erfreut sich Kanna als vielseitiges pflanzliches Nahrungserg\u00e4nzungsmittel, das in einer reichen Kulturgeschichte verwurzelt ist, immer gr\u00f6\u00dferer Beliebtheit.<\/p>\n<h2 class=\"\" data-start=\"1527\" data-end=\"1546\">So verwenden Sie Kanna<\/h2>\n<p class=\"\" data-start=\"1548\" data-end=\"1743\">Die <strong data-start=\"1552\" data-end=\"1567\">10x Auszug<\/strong> von Kanna bietet ein starkes Erlebnis, daher ist es wichtig, es mit Vorsicht zu genie\u00dfen. Es gibt mehrere Methoden des Konsums, die jeweils leicht unterschiedliche Wirkzeiten und Effekte bieten:<\/p>\n<ul data-start=\"1745\" data-end=\"2205\">\n<li class=\"\" data-start=\"1745\" data-end=\"1863\">\n<p class=\"\" data-start=\"1747\" data-end=\"1863\"><strong data-start=\"1747\" data-end=\"1758\">Kauen<\/strong>: Der traditionelle Ansatz: Kauen Sie die getrockneten Bl\u00e4tter oder den pulverisierten Extrakt, um eine langsame Aufnahme und eine gleichm\u00e4\u00dfige Wirkung zu erzielen.<\/p>\n<\/li>\n<li class=\"\" data-start=\"1864\" data-end=\"1997\">\n<p class=\"\" data-start=\"1866\" data-end=\"1997\"><strong data-start=\"1866\" data-end=\"1873\">Tee<\/strong>: Das Aufbr\u00fchen von Kanna als Tee sorgt f\u00fcr eine allm\u00e4hliche und l\u00e4nger anhaltende Wirkung. Eine typische Dosierung von 10x Extrakt reicht von <strong data-start=\"1982\" data-end=\"1996\">200-300 mg<\/strong>.<\/p>\n<\/li>\n<li class=\"\" data-start=\"1998\" data-end=\"2096\">\n<p class=\"\" data-start=\"2000\" data-end=\"2096\"><strong data-start=\"2000\" data-end=\"2012\">Schn\u00fcffeln<\/strong>: Die Inhalation von fein gemahlenem Pulver f\u00fchrt zu einem schnelleren Wirkungseintritt und einer unmittelbareren Wirkung.<\/p>\n<\/li>\n<li class=\"\" data-start=\"2097\" data-end=\"2205\">\n<p class=\"\" data-start=\"2099\" data-end=\"2205\"><strong data-start=\"2099\" data-end=\"2113\">Sublingual<\/strong>: Wenn der Extrakt Kanna unter die Zunge gelegt wird, kann er schnell und effizient aufgenommen werden.<\/p>\n<\/li>\n<\/ul>\n<p class=\"\" data-start=\"2207\" data-end=\"2388\">Beginnen Sie mit einer <strong data-start=\"2220\" data-end=\"2234\">geringe Dosis<\/strong> und passen Sie sie schrittweise an, um die f\u00fcr Sie geeignete Menge zu finden. Da der Extrakt hochkonzentriert ist, k\u00f6nnen schon kleine Mengen erhebliche Wirkungen erzielen.<\/p>\n<h2 class=\"\" data-start=\"2395\" data-end=\"2425\">Aktive Inhaltsstoffe in Kanna<\/h2>\n<p class=\"\" data-start=\"2427\" data-end=\"2560\">Kanna verdankt seine Wirkung einer Gruppe von <strong data-start=\"2464\" data-end=\"2477\">Alkaloide<\/strong> die das Serotoninsystem des Gehirns beeinflussen. Zu den bekanntesten Verbindungen geh\u00f6ren:<\/p>\n<ul data-start=\"2562\" data-end=\"2763\">\n<li class=\"\" data-start=\"2562\" data-end=\"2629\">\n<p class=\"\" data-start=\"2564\" data-end=\"2629\"><strong data-start=\"2564\" data-end=\"2578\">Mesembrine<\/strong>: Ein nat\u00fcrlicher Stimmungsaufheller mit angstl\u00f6sender Wirkung.<\/p>\n<\/li>\n<li class=\"\" data-start=\"2630\" data-end=\"2695\">\n<p class=\"\" data-start=\"2632\" data-end=\"2695\"><strong data-start=\"2632\" data-end=\"2648\">Mesembrenon<\/strong>: F\u00f6rdert den Stressabbau und die kognitive Klarheit.<\/p>\n<\/li>\n<li class=\"\" data-start=\"2696\" data-end=\"2763\">\n<p class=\"\" data-start=\"2698\" data-end=\"2763\"><strong data-start=\"2698\" data-end=\"2713\">Mesembrenol<\/strong>: Tr\u00e4gt zur Entspannung und zum emotionalen Gleichgewicht bei.<\/p>\n<\/li>\n<\/ul>\n<p class=\"\" data-start=\"2765\" data-end=\"3047\">Diese Alkaloide wirken zusammen, um ein beruhigendes und zugleich konzentriertes Erlebnis zu vermitteln. Die <strong data-start=\"2844\" data-end=\"2859\">10x Auszug<\/strong> enth\u00e4lt eine konzentrierte Dosis dieser vorteilhaften Verbindungen und bietet eine leistungsstarke und nat\u00fcrliche Alternative f\u00fcr alle, die emotionale Unterst\u00fctzung, Stressabbau und verbesserte geistige Klarheit suchen.<\/p>\n<p data-start=\"3054\" data-end=\"3085\"><strong>Wichtige Sicherheitsinformationen<\/strong><\/p>\n<p class=\"\" data-start=\"3087\" data-end=\"3223\">Obwohl Kanna im Allgemeinen gut vertragen wird, sollte es mit Vorsicht verwendet werden - vor allem in seiner <strong data-start=\"3177\" data-end=\"3192\">10x Auszug<\/strong> Form. Zu den wichtigsten Vorsichtsma\u00dfnahmen geh\u00f6ren:<\/p>\n<ul data-start=\"3225\" data-end=\"3564\">\n<li class=\"\" data-start=\"3225\" data-end=\"3355\">\n<p class=\"\" data-start=\"3227\" data-end=\"3355\"><strong data-start=\"3227\" data-end=\"3270\">Vermeiden Sie die Kombination von Kanna mit SSRIs, MAOIs<\/strong>oder andere Medikamente, die das Serotonin beeinflussen, da dies zu ernsthaften Wechselwirkungen f\u00fchren kann.<\/p>\n<\/li>\n<li class=\"\" data-start=\"3356\" data-end=\"3407\">\n<p class=\"\" data-start=\"3358\" data-end=\"3407\"><strong data-start=\"3358\" data-end=\"3407\">Nicht w\u00e4hrend der Schwangerschaft oder Stillzeit verwenden.<\/strong><\/p>\n<\/li>\n<li class=\"\" data-start=\"3408\" data-end=\"3564\">\n<p class=\"\" data-start=\"3410\" data-end=\"3564\">Immer <strong data-start=\"3417\" data-end=\"3450\">einen Gesundheitsdienstleister konsultieren<\/strong> bevor Sie mit einer neuen Nahrungserg\u00e4nzung beginnen, insbesondere wenn Sie gesundheitliche Probleme haben oder Medikamente einnehmen.<\/p>\n<\/li>\n<\/ul>\n<p class=\"\" data-start=\"3566\" data-end=\"3675\">Wenn Sie mit einer niedrigen Dosis beginnen und Kanna verantwortungsbewusst verwenden, k\u00f6nnen Sie seine Vorteile sicher und effektiv genie\u00dfen.<\/p>","protected":false},"excerpt":{"rendered":"<p><span style=\"font-size: 100%;\"><span style=\"color: #000000; font-size: 100%;\">Kanna Extrakt 10x aus der getrockneten Pflanze Sceletium tortuosum ist ein traditionelles s\u00fcdafrikanisches pflanzliches Heilmittel, das dazu beitr\u00e4gt, die Stimmung zu heben und Gef\u00fchle von Stress und Angst zu reduzieren. <\/span><\/span><\/p>\n<p><span style=\"font-size: 100%;\"><span style=\"color: #000000; font-size: 100%;\">Sie werden energiegeladener, euphorischer, geselliger und sensibler f\u00fcr Ber\u00fchrungen. Enth\u00e4lt <\/span><span style=\"color: #000000;\">1 Gramm.<\/span><br \/>\n<\/span><\/p>","protected":false},"featured_media":126909,"template":"","meta":[],"product_brand":[],"product_cat":[600,297,512,508,476],"product_tag":[],"class_list":{"0":"post-2247","1":"product","2":"type-product","3":"status-publish","4":"has-post-thumbnail","6":"product_cat-mcmystic","7":"product_cat-all-products","8":"product_cat-extracts","9":"product_cat-kanna","10":"product_cat-smartshop","12":"first","13":"instock","14":"taxable","15":"shipping-taxable","16":"purchasable","17":"product-type-simple"},"_links":{"self":[{"href":"https:\/\/www.tatanka.nl\/de\/wp-json\/wp\/v2\/product\/2247","targetHints":{"allow":["GET"]}}],"collection":[{"href":"https:\/\/www.tatanka.nl\/de\/wp-json\/wp\/v2\/product"}],"about":[{"href":"https:\/\/www.tatanka.nl\/de\/wp-json\/wp\/v2\/types\/product"}],"wp:featuredmedia":[{"embeddable":true,"href":"https:\/\/www.tatanka.nl\/de\/wp-json\/wp\/v2\/media\/126909"}],"wp:attachment":[{"href":"https:\/\/www.tatanka.nl\/de\/wp-json\/wp\/v2\/media?parent=2247"}],"wp:term":[{"taxonomy":"product_brand","embeddable":true,"href":"https:\/\/www.tatanka.nl\/de\/wp-json\/wp\/v2\/product_brand?post=2247"},{"taxonomy":"product_cat","embeddable":true,"href":"https:\/\/www.tatanka.nl\/de\/wp-json\/wp\/v2\/product_cat?post=2247"},{"taxonomy":"product_tag","embeddable":true,"href":"https:\/\/www.tatanka.nl\/de\/wp-json\/wp\/v2\/product_tag?post=2247"}],"curies":[{"name":"wp","href":"https:\/\/api.w.org\/{rel}","templated":true}]}}