{"id":2248,"date":"2017-10-06T13:34:21","date_gmt":"2017-10-06T13:34:21","guid":{"rendered":"http:\/\/www.tatanka.nl\/?post_type=product&#038;p=2248"},"modified":"2025-05-20T11:15:38","modified_gmt":"2025-05-20T10:15:38","slug":"kanna-extract-20x-powder-energy-party","status":"publish","type":"product","link":"https:\/\/www.tatanka.nl\/de\/kanna-extract-20x-powder-energy-party\/","title":{"rendered":"Kanna Auszug 20x"},"content":{"rendered":"<h2 class=\"\" data-start=\"109\" data-end=\"126\">Was ist Kanna?<\/h2>\n<p class=\"\" data-start=\"128\" data-end=\"594\">Kanna (<em data-start=\"135\" data-end=\"156\">Sceletium tortuosum<\/em>) ist ein nat\u00fcrlicher Pflanzenextrakt, der f\u00fcr seine stimulierenden, beruhigenden und stimmungsaufhellenden Eigenschaften bekannt ist. Das in S\u00fcdafrika beheimatete Kanna wird seit Jahrhunderten von den Ureinwohnern verwendet, die die Bl\u00e4tter kauten, um die geistige Klarheit zu verbessern, Stress abzubauen und die Stimmung zu heben. Heute ist es in verschiedenen modernen Formen erh\u00e4ltlich, darunter konzentrierte Extrakte wie das <strong data-start=\"503\" data-end=\"518\">20-fache Ausf\u00fchrung<\/strong>die etwa 20-mal st\u00e4rker ist als die traditionelle getrocknete Pflanze.<\/p>\n<p class=\"\" data-start=\"596\" data-end=\"898\">Kanna wird f\u00fcr seine F\u00e4higkeit gesch\u00e4tzt, ein Gef\u00fchl des Wohlbefindens zu f\u00f6rdern, \u00c4ngste zu reduzieren, das Energieniveau zu unterst\u00fctzen und sogar die Libido zu steigern. Seine wachsende Popularit\u00e4t r\u00fchrt von seiner Wirksamkeit als nat\u00fcrliches Hilfsmittel f\u00fcr das emotionale und k\u00f6rperliche Gleichgewicht her - es bietet eine nicht-halluzinogene, aber sp\u00fcrbare Verbesserung der Stimmung und des Fokus.<\/p>\n<h2 class=\"\" data-start=\"905\" data-end=\"928\">Die Geschichte von Kanna<\/h2>\n<p class=\"\" data-start=\"930\" data-end=\"1185\">Die traditionelle Verwendung von Kanna reicht in S\u00fcdafrika Jahrhunderte zur\u00fcck, wo es bei den Eingeborenenst\u00e4mmen ein bew\u00e4hrtes Heilmittel war. Im sp\u00e4ten 19. Jahrhundert dokumentierten holl\u00e4ndische Botaniker die Pflanze und brachten sie nach Europa, wo ihre Wirkung auf wissenschaftliches Interesse stie\u00df.<\/p>\n<p class=\"\" data-start=\"1187\" data-end=\"1521\">Im Laufe der Forschung wurde Kanna zu konzentrierteren Formen weiterentwickelt, wie dem modernen <strong data-start=\"1274\" data-end=\"1289\">20x Auszug<\/strong>das die Wirkung der Pflanze schneller und intensiver entfaltet. W\u00e4hrend die Wurzeln von Kanna tief in der Kultur verwurzelt sind, hat der weltweite Anstieg der Popularit\u00e4t dieses alten Heilmittels ein breiteres Publikum auf der Suche nach nat\u00fcrlichen Wellness-Alternativen erreicht.<\/p>\n<h2 class=\"\" data-start=\"1528\" data-end=\"1547\">So verwenden Sie Kanna<\/h2>\n<p class=\"\" data-start=\"1549\" data-end=\"1730\">Die Vielseitigkeit des Kanna macht es f\u00fcr eine Vielzahl von Nutzern zug\u00e4nglich, und die <strong data-start=\"1623\" data-end=\"1638\">20x Auszug<\/strong> bietet ein st\u00e4rkeres Erlebnis in kleineren Dosen. Beliebte Methoden des Konsums sind:<\/p>\n<ul data-start=\"1732\" data-end=\"2126\">\n<li class=\"\" data-start=\"1732\" data-end=\"1872\">\n<p class=\"\" data-start=\"1734\" data-end=\"1872\"><strong data-start=\"1734\" data-end=\"1741\">Tee<\/strong>: Das Aufbr\u00fchen des Extrakts zu Tee ist eine g\u00e4ngige Methode. Eine Anfangsdosis von etwa <strong data-start=\"1818\" data-end=\"1828\">150 mg<\/strong> sorgt in der Regel f\u00fcr eine milde, anregende Ruhe.<\/p>\n<\/li>\n<li class=\"\" data-start=\"1873\" data-end=\"1995\">\n<p class=\"\" data-start=\"1875\" data-end=\"1995\"><strong data-start=\"1875\" data-end=\"1886\">Kauen<\/strong>: Diese traditionelle Methode bietet einen schrittweisen Einstieg und ist f\u00fcr diejenigen geeignet, die eine authentische Erfahrung suchen.<\/p>\n<\/li>\n<li class=\"\" data-start=\"1996\" data-end=\"2126\">\n<p class=\"\" data-start=\"1998\" data-end=\"2126\"><strong data-start=\"1998\" data-end=\"2021\">Capsules oder Pulver<\/strong>: Der Einfachheit halber kann Kanna auch in Kapselform eingenommen oder in Smoothies oder anderen Substanzen gemischt werden.<\/p>\n<\/li>\n<\/ul>\n<p class=\"\" data-start=\"2128\" data-end=\"2398\">Da der 20-fache Extrakt hoch konzentriert ist, sollten Anf\u00e4nger <strong data-start=\"2193\" data-end=\"2218\">mit einer niedrigen Dosis beginnen<\/strong> und langsam nach Bedarf erh\u00f6hen. Kanna verursacht keine Halluzinationen und ist daher f\u00fcr Nutzer geeignet, die eine sanfte Ver\u00e4nderung der Stimmung, Konzentration und Entspannung ohne psychedelische Effekte suchen.<\/p>\n<h2 class=\"\" data-start=\"2405\" data-end=\"2435\">Aktive Inhaltsstoffe in Kanna<\/h2>\n<p class=\"\" data-start=\"2437\" data-end=\"2522\">Die Wirkungen von Kanna sind weitgehend auf seine einzigartige Mischung aus <strong data-start=\"2497\" data-end=\"2510\">Alkaloide<\/strong>, einschlie\u00dflich:<\/p>\n<ul data-start=\"2524\" data-end=\"2746\">\n<li class=\"\" data-start=\"2524\" data-end=\"2606\">\n<p class=\"\" data-start=\"2526\" data-end=\"2606\"><strong data-start=\"2526\" data-end=\"2540\">Mesembrine<\/strong>: Wirkt wie ein nat\u00fcrlicher SSRI und hilft, die Stimmung zu verbessern und \u00c4ngste abzubauen.<\/p>\n<\/li>\n<li class=\"\" data-start=\"2607\" data-end=\"2668\">\n<p class=\"\" data-start=\"2609\" data-end=\"2668\"><strong data-start=\"2609\" data-end=\"2625\">Mesembrenon<\/strong>: Tr\u00e4gt zu Gelassenheit und geistiger Konzentration bei.<\/p>\n<\/li>\n<li class=\"\" data-start=\"2669\" data-end=\"2746\">\n<p class=\"\" data-start=\"2671\" data-end=\"2746\"><strong data-start=\"2671\" data-end=\"2687\">Tortuosamin<\/strong>: Es soll sowohl das emotionale Wohlbefinden als auch die Libido unterst\u00fctzen.<\/p>\n<\/li>\n<\/ul>\n<p class=\"\" data-start=\"2748\" data-end=\"3044\">Diese Verbindungen interagieren mit dem Gehirn <strong data-start=\"2790\" data-end=\"2824\">Serotonin- und Dopaminsystem<\/strong>Sie verbessert die Stimmung, steigert die Energie und f\u00f6rdert den inneren Frieden. Die <strong data-start=\"2892\" data-end=\"2907\">20x Auszug<\/strong> verst\u00e4rkt diese Vorteile, indem es die aktiven Alkaloide konzentriert und so eine schnellere und st\u00e4rkere Wirkung als das getrocknete Standard-Kanna erzielt.<\/p>\n<p data-start=\"3051\" data-end=\"3076\"><strong>Sicherheit und Vorsichtsma\u00dfnahmen<\/strong><\/p>\n<p class=\"\" data-start=\"3078\" data-end=\"3261\">Aufgrund seiner Potenz, insbesondere in Form von Extrakten, ist es wichtig, Kanna mit Vorsicht zu genie\u00dfen. Beginnen Sie mit einer <strong data-start=\"3184\" data-end=\"3198\">geringe Dosis<\/strong> um die Reaktion Ihres K\u00f6rpers abzusch\u00e4tzen und bei Bedarf schrittweise anzupassen.<\/p>\n<p class=\"\" data-start=\"3263\" data-end=\"3561\">Kanna wird im Allgemeinen gut vertragen, aber seine St\u00e4rke kann individuell variieren. Beobachten Sie immer, wie Sie sich f\u00fchlen, und vermeiden Sie die Kombination von Kanna mit Medikamenten, die den Serotoninspiegel beeinflussen, wie z. B. Antidepressiva. Wenn Sie schwanger sind, stillen oder Medikamente einnehmen, fragen Sie vor der Einnahme Ihren Arzt.<\/p>","protected":false},"excerpt":{"rendered":"<p><span style=\"font-size: 100%; color: #333333;\"><span style=\"color: #000000;\">Kanna Extract 20x Pulver wird aus der Sceletium tortuosum Pflanze, der s\u00fcdafrikanischen hergestellt. Kanna 20x ist doppelt so stark wie Kanna 10x. <\/span><\/span><\/p>\n<p><span style=\"font-size: 100%; color: #333333;\"><span style=\"color: #000000;\">Kanna gibt Ihnen aufregende, energetische, gl\u00fcckliche und entspannende Gef\u00fchle zur gleichen Zeit, es reduziert \u00c4ngste und verbessert die Stimmung. Enth\u00e4lt 1 Gramm.<\/span><br \/>\n<\/span><\/p>","protected":false},"featured_media":126908,"template":"","meta":[],"product_brand":[],"product_cat":[600,297,512,508,476],"product_tag":[],"class_list":{"0":"post-2248","1":"product","2":"type-product","3":"status-publish","4":"has-post-thumbnail","6":"product_cat-mcmystic","7":"product_cat-all-products","8":"product_cat-extracts","9":"product_cat-kanna","10":"product_cat-smartshop","12":"first","13":"instock","14":"taxable","15":"shipping-taxable","16":"purchasable","17":"product-type-simple"},"_links":{"self":[{"href":"https:\/\/www.tatanka.nl\/de\/wp-json\/wp\/v2\/product\/2248","targetHints":{"allow":["GET"]}}],"collection":[{"href":"https:\/\/www.tatanka.nl\/de\/wp-json\/wp\/v2\/product"}],"about":[{"href":"https:\/\/www.tatanka.nl\/de\/wp-json\/wp\/v2\/types\/product"}],"wp:featuredmedia":[{"embeddable":true,"href":"https:\/\/www.tatanka.nl\/de\/wp-json\/wp\/v2\/media\/126908"}],"wp:attachment":[{"href":"https:\/\/www.tatanka.nl\/de\/wp-json\/wp\/v2\/media?parent=2248"}],"wp:term":[{"taxonomy":"product_brand","embeddable":true,"href":"https:\/\/www.tatanka.nl\/de\/wp-json\/wp\/v2\/product_brand?post=2248"},{"taxonomy":"product_cat","embeddable":true,"href":"https:\/\/www.tatanka.nl\/de\/wp-json\/wp\/v2\/product_cat?post=2248"},{"taxonomy":"product_tag","embeddable":true,"href":"https:\/\/www.tatanka.nl\/de\/wp-json\/wp\/v2\/product_tag?post=2248"}],"curies":[{"name":"wp","href":"https:\/\/api.w.org\/{rel}","templated":true}]}}