{"id":2249,"date":"2017-10-06T13:46:57","date_gmt":"2017-10-06T11:46:57","guid":{"rendered":"http:\/\/www.tatanka.nl\/?post_type=product&#038;p=2249"},"modified":"2026-01-20T12:48:32","modified_gmt":"2026-01-20T11:48:32","slug":"kanna-extract-40x-energy-party-euphoria-powder","status":"publish","type":"product","link":"https:\/\/www.tatanka.nl\/de\/kanna-extract-40x-energy-party-euphoria-powder\/","title":{"rendered":"Kanna Auszug 40x"},"content":{"rendered":"<h2 class=\"\" data-start=\"113\" data-end=\"130\">Was ist Kanna?<\/h2>\n<p class=\"\" data-start=\"132\" data-end=\"558\">Kanna, oder <em data-start=\"142\" data-end=\"163\">Sceletium tortuosum<\/em>ist ein starker Kr\u00e4uterextrakt, der f\u00fcr seine einzigartige Mischung aus anregender und beruhigender Wirkung bekannt ist. Die in S\u00fcdafrika beheimatete Pflanze wird seit Jahrhunderten traditionell von den Ureinwohnern verwendet, die ihre Bl\u00e4tter kauten, um die Stimmung zu heben und Stress abzubauen. Heutzutage ist Kanna in verschiedenen Formen erh\u00e4ltlich, darunter ein hochwirksamer 40-facher Extrakt - vierzigmal st\u00e4rker als Standardpr\u00e4parate.<\/p>\n<p class=\"\" data-start=\"560\" data-end=\"968\">Diese konzentrierte Version liefert eine st\u00e4rkere Dosis der Wirkstoffe von Kanna und bietet eine breite Palette von Vorteilen wie gesteigertes Wohlbefinden, verbesserte Energielevel, reduzierte Angst und sogar gesteigerte Libido. Ob als Tee aufgebr\u00fcht oder in seiner nat\u00fcrlichen Form gekaut, Kanna erm\u00f6glicht es den Nutzern, ihre Erfahrung ohne das Risiko von Halluzinationen anzupassen, was es zu einer sicheren und anpassungsf\u00e4higen Option zur Stimmungsverbesserung macht.<\/p>\n<h2 class=\"\" data-start=\"975\" data-end=\"998\">Die Geschichte von Kanna<\/h2>\n<p class=\"\" data-start=\"1000\" data-end=\"1396\">Kanna hat tiefe historische Wurzeln, die bis zu den indigenen St\u00e4mmen S\u00fcdafrikas zur\u00fcckreichen. Lange bevor es in die westliche Welt eingef\u00fchrt wurde, nutzten die lokalen Gemeinschaften Kanna, indem sie die Bl\u00e4tter kauten, um Stress zu bew\u00e4ltigen und die soziale Interaktion zu verbessern. Im 19. Jahrhundert entdeckten holl\u00e4ndische Botaniker die Pflanze und brachten sie nach Europa, wo sie wegen ihrer stimmungsaufhellenden Eigenschaften Anerkennung fand.<\/p>\n<p class=\"\" data-start=\"1398\" data-end=\"1770\">Als das Wissen \u00fcber die Pflanze wuchs, wurde sie schlie\u00dflich zu raffinierteren Extrakten verarbeitet, wodurch ihre Wirksamkeit erheblich gesteigert wurde. Dieser Fortschritt trug dazu bei, dass Kanna auf dem globalen Markt f\u00fcr pflanzliche Nahrungserg\u00e4nzungsmittel Fu\u00df fassen konnte. Heute lebt sein Erbe sowohl in traditionellen Praktiken als auch in modernen Wellness-Routinen weiter und wird f\u00fcr seine F\u00e4higkeit gefeiert, geistige Klarheit und emotionales Gleichgewicht zu f\u00f6rdern.<\/p>\n<h2 class=\"\" data-start=\"1777\" data-end=\"1796\">So verwenden Sie Kanna<\/h2>\n<p class=\"\" data-start=\"1798\" data-end=\"1897\">Kanna kann auf verschiedene Arten konsumiert werden, die je nach Dosierung und Methode eine unterschiedliche Wirkung haben:<\/p>\n<ul data-start=\"1899\" data-end=\"2372\">\n<li class=\"\" data-start=\"1899\" data-end=\"2094\">\n<p class=\"\" data-start=\"1901\" data-end=\"2094\"><strong data-start=\"1901\" data-end=\"1908\">Tee<\/strong>: Die Zubereitung von Kanna als Tee ist eine der beliebtesten Methoden, vor allem wenn man den 40-fachen Extrakt verwendet. Eine typische Anfangsdosis betr\u00e4gt etwa 100 mg, die eine sanfte, entspannende Erfahrung liefert.<\/p>\n<\/li>\n<li class=\"\" data-start=\"2095\" data-end=\"2262\">\n<p class=\"\" data-start=\"2097\" data-end=\"2262\"><strong data-start=\"2097\" data-end=\"2108\">Kauen<\/strong>: Das Kauen des Extrakts entspricht dem traditionellen Gebrauch und f\u00fchrt oft zu einer schnelleren und sp\u00fcrbareren Wirkung. Beginnen Sie mit einer kleinen Menge, um die Vertr\u00e4glichkeit zu testen.<\/p>\n<\/li>\n<li class=\"\" data-start=\"2263\" data-end=\"2372\">\n<p class=\"\" data-start=\"2265\" data-end=\"2372\"><strong data-start=\"2265\" data-end=\"2290\">Capsules oder Tinctures<\/strong>: Der Einfachheit halber kann das Kanna auch in Kapselform oder als Fl\u00fcssigextrakt eingenommen werden.<\/p>\n<\/li>\n<\/ul>\n<p class=\"\" data-start=\"2374\" data-end=\"2596\">Da Kanna nicht halluzinogen ist, gilt es als sicher f\u00fcr alle, die an nat\u00fcrlichen Stimmungsaufhellern interessiert sind. Es ist jedoch wichtig, mit niedrigen Dosen zu beginnen und diese schrittweise anzupassen, um das angenehmste und effektivste Niveau zu finden.<\/p>\n<h2 class=\"\" data-start=\"2603\" data-end=\"2633\">Aktive Inhaltsstoffe in Kanna<\/h2>\n<p class=\"\" data-start=\"2635\" data-end=\"2770\">Die Wirksamkeit von Kanna beruht auf einer Gruppe von Alkaloiden, die das Serotonin-System des Gehirns beeinflussen. Zu den wichtigsten Verbindungen geh\u00f6ren:<\/p>\n<ul data-start=\"2772\" data-end=\"3036\">\n<li class=\"\" data-start=\"2772\" data-end=\"2903\">\n<p class=\"\" data-start=\"2774\" data-end=\"2903\"><strong data-start=\"2774\" data-end=\"2788\">Mesembrine<\/strong>: Wirkt als nat\u00fcrlicher SSRI (Selektiver Serotonin-Wiederaufnahme-Hemmer) und hilft, die Stimmung zu verbessern und \u00c4ngste abzubauen.<\/p>\n<\/li>\n<li class=\"\" data-start=\"2904\" data-end=\"2965\">\n<p class=\"\" data-start=\"2906\" data-end=\"2965\"><strong data-start=\"2906\" data-end=\"2922\">Mesembrenon<\/strong>: Tr\u00e4gt zu geistiger Konzentration und Gelassenheit bei.<\/p>\n<\/li>\n<li class=\"\" data-start=\"2966\" data-end=\"3036\">\n<p class=\"\" data-start=\"2968\" data-end=\"3036\"><strong data-start=\"2968\" data-end=\"2983\">Mesembrenol<\/strong>: Verst\u00e4rkt die entspannende und ausgleichende Wirkung der Pflanze.<\/p>\n<\/li>\n<\/ul>\n<p class=\"\" data-start=\"3038\" data-end=\"3333\">Diese Verbindungen sind im 40-fachen Extrakt besonders konzentriert, was ihn zu einer hochwirksamen Option f\u00fcr Anwender macht, die st\u00e4rkere therapeutische Ergebnisse w\u00fcnschen. Diese Potenz erm\u00f6glicht kleinere Dosen und mehr Flexibilit\u00e4t bei der Verwendung des Erg\u00e4nzungsmittels, sei es f\u00fcr das t\u00e4gliche Wohlbefinden oder den gelegentlichen Stressabbau.<\/p>\n<p data-start=\"3340\" data-end=\"3365\"><strong>Sicherheit und Vorsichtsma\u00dfnahmen<\/strong><\/p>\n<p class=\"\" data-start=\"3367\" data-end=\"3565\">Obwohl Kanna im Allgemeinen gut vertr\u00e4glich ist, ist Vorsicht geboten - insbesondere bei der Verwendung des konzentrierten 40-fachen Extrakts. Beginnen Sie mit einer niedrigen Dosis und erh\u00f6hen Sie diese nur bei Bedarf langsam, um Nebenwirkungen zu vermeiden.<\/p>\n<p class=\"\" data-start=\"3567\" data-end=\"3831\">Vermeiden Sie die Kombination von Kanna mit anderen Serotonin-beeinflussenden Substanzen wie Antidepressiva, da dies zu unerw\u00fcnschten Wechselwirkungen f\u00fchren kann. Au\u00dferdem sollten Personen, die schwanger sind, stillen oder Medikamente einnehmen, vor der Einnahme einen Arzt konsultieren.<\/p>\n<p class=\"\" data-start=\"3838\" data-end=\"3915\">","protected":false},"excerpt":{"rendered":"<p><span style=\"font-size: 100%; color: #333333;\"><span style=\"color: #000000;\">Kanna Extract 40x ist der st\u00e4rkste Extrakt aus der Kanna Kollektion! Hergestellt aus der s\u00fcdafrikanischen Sceletium tortuosum Pflanze. Dieser Kanna Extrakt hebt Ihre Stimmung, reduziert Gef\u00fchle von Stress und Angst. <\/span><\/span><\/p>\n<p><span style=\"font-size: 100%; color: #333333;\"><span style=\"color: #000000;\">Erleben Sie mehr Energie, mehr Sensibilit\u00e4t f\u00fcr Ber\u00fchrungen und eine Steigerung der Libido! Enth\u00e4lt 1 Gramm.<\/span><br \/>\n<\/span><\/p>","protected":false},"featured_media":126905,"template":"","meta":[],"product_brand":[],"product_cat":[600,297,512,508,476,514],"product_tag":[],"class_list":{"0":"post-2249","1":"product","2":"type-product","3":"status-publish","4":"has-post-thumbnail","6":"product_cat-mcmystic","7":"product_cat-all-products","8":"product_cat-extracts","9":"product_cat-kanna","10":"product_cat-smartshop","11":"product_cat-smartshop-top-10","13":"first","14":"instock","15":"taxable","16":"shipping-taxable","17":"purchasable","18":"product-type-simple"},"_links":{"self":[{"href":"https:\/\/www.tatanka.nl\/de\/wp-json\/wp\/v2\/product\/2249","targetHints":{"allow":["GET"]}}],"collection":[{"href":"https:\/\/www.tatanka.nl\/de\/wp-json\/wp\/v2\/product"}],"about":[{"href":"https:\/\/www.tatanka.nl\/de\/wp-json\/wp\/v2\/types\/product"}],"wp:featuredmedia":[{"embeddable":true,"href":"https:\/\/www.tatanka.nl\/de\/wp-json\/wp\/v2\/media\/126905"}],"wp:attachment":[{"href":"https:\/\/www.tatanka.nl\/de\/wp-json\/wp\/v2\/media?parent=2249"}],"wp:term":[{"taxonomy":"product_brand","embeddable":true,"href":"https:\/\/www.tatanka.nl\/de\/wp-json\/wp\/v2\/product_brand?post=2249"},{"taxonomy":"product_cat","embeddable":true,"href":"https:\/\/www.tatanka.nl\/de\/wp-json\/wp\/v2\/product_cat?post=2249"},{"taxonomy":"product_tag","embeddable":true,"href":"https:\/\/www.tatanka.nl\/de\/wp-json\/wp\/v2\/product_tag?post=2249"}],"curies":[{"name":"wp","href":"https:\/\/api.w.org\/{rel}","templated":true}]}}