{"id":2276,"date":"2017-10-06T16:19:10","date_gmt":"2017-10-06T16:19:10","guid":{"rendered":"http:\/\/www.tatanka.nl\/?post_type=product&#038;p=2276"},"modified":"2025-05-20T11:13:39","modified_gmt":"2025-05-20T10:13:39","slug":"after-recovery-party-pills-capsules","status":"publish","type":"product","link":"https:\/\/www.tatanka.nl\/de\/after-recovery-party-pills-capsules\/","title":{"rendered":"After-E - Recovery"},"content":{"rendered":"<h2><span style=\"font-size: 95%; color: #000000;\">After-E - Recovery aus XTC und MDMA<\/span><\/h2>\n<h2 data-start=\"0\" data-end=\"21\">Was ist nach E?<\/h2>\n<p data-start=\"22\" data-end=\"503\">After E ist ein speziell formuliertes Nahrungserg\u00e4nzungsmittel, das die Erholung des K\u00f6rpers nach einer intensiven Nacht unterst\u00fctzen soll. Diese einzigartige Mischung enth\u00e4lt ein <strong data-start=\"173\" data-end=\"239\">Multivitaminpr\u00e4parat, eine Guarana-Kapsel und zwei L-Tryptophan-Kapseln<\/strong>zusammenarbeiten, um <strong data-start=\"261\" data-end=\"352\">essenzielle N\u00e4hrstoffe wiederherstellen, Giftstoffe ausscheiden und den Vitamin- und Mineralstoffhaushalt wieder ins Gleichgewicht bringen<\/strong>. Durch die Einnahme von After E am n\u00e4chsten Tag, zusammen mit einer ausreichenden Fl\u00fcssigkeitszufuhr, k\u00f6nnen Sie den nat\u00fcrlichen Erholungsprozess Ihres K\u00f6rpers f\u00f6rdern und sich schneller verj\u00fcngen.<\/p>\n<h2 data-start=\"505\" data-end=\"528\">Geschichte von After E<\/h2>\n<p data-start=\"529\" data-end=\"774\">After E wurde als Antwort auf die steigende Nachfrage nach einer zuverl\u00e4ssigen L\u00f6sung zur Erholung nach \u00fcberm\u00e4\u00dfiger Anstrengung entwickelt. Im Laufe der Jahre hat sich die Gesundheits- und Wellnessbranche auf die Entwicklung von Nahrungserg\u00e4nzungsmitteln konzentriert, die das nat\u00fcrliche Gleichgewicht des K\u00f6rpers wiederherstellen.<\/p>\n<p data-start=\"776\" data-end=\"1062\">Wissenschaftliche Untersuchungen haben die Vorteile folgender Ma\u00dfnahmen aufgezeigt <strong data-start=\"828\" data-end=\"856\">Guarana und L-Tryptophan<\/strong> zur Wiederherstellung der Energie und zur Unterst\u00fctzung der Stimmung. Durch die Kombination dieser Inhaltsstoffe mit essentiellen Vitaminen bietet After E eine <strong data-start=\"974\" data-end=\"1006\">All-in-One-L\u00f6sung zur Wiederherstellung<\/strong> die mit dem modernen, gesundheitsbewussten Lebensstil in Einklang steht.<\/p>\n<h2 data-start=\"1064\" data-end=\"1087\">Verwendung von After E<\/h2>\n<p data-start=\"1088\" data-end=\"1149\">Um optimale Ergebnisse zu erzielen, sollten Sie bei der Verwendung von After E die folgenden Schritte befolgen:<\/p>\n<ol data-start=\"1151\" data-end=\"1617\">\n<li data-start=\"1151\" data-end=\"1268\"><strong data-start=\"1154\" data-end=\"1196\">Nehmen Sie After E am Tag nach einer durchzechten Nacht<\/strong> mit <strong data-start=\"1202\" data-end=\"1229\">1 bis 4 Gl\u00e4ser Wasser<\/strong> zur Unterst\u00fctzung der Hydratation und Entgiftung.<\/li>\n<li data-start=\"1269\" data-end=\"1505\"><strong data-start=\"1272\" data-end=\"1300\">Verzehren Sie die ganze Portion<\/strong>die Folgendes umfasst:\n<ul data-start=\"1323\" data-end=\"1505\">\n<li data-start=\"1323\" data-end=\"1369\"><strong data-start=\"1325\" data-end=\"1343\">1 Multivitamin<\/strong> f\u00fcr wichtige N\u00e4hrstoffe<\/li>\n<li data-start=\"1373\" data-end=\"1423\"><strong data-start=\"1375\" data-end=\"1396\">1 Guarana-Kapsel<\/strong> f\u00fcr Energie und Wachsamkeit<\/li>\n<li data-start=\"1427\" data-end=\"1505\"><strong data-start=\"1429\" data-end=\"1456\">2 L-Tryptophan-Kapseln<\/strong> zur Unterst\u00fctzung der Serotoninproduktion und der Entspannung<\/li>\n<\/ul>\n<\/li>\n<li data-start=\"1506\" data-end=\"1617\"><strong data-start=\"1509\" data-end=\"1526\">Hydratisiert bleiben<\/strong> um die Wirkung der Nahrungserg\u00e4nzung zu verst\u00e4rken und die nat\u00fcrlichen Stoffwechselprozesse Ihres K\u00f6rpers zu unterst\u00fctzen.<\/li>\n<\/ol>\n<p data-start=\"1619\" data-end=\"1761\">W\u00e4hrend After E die N\u00e4hrstoffe wirksam auff\u00fcllt, ist die Aufrechterhaltung eines <strong data-start=\"1682\" data-end=\"1723\">ausgewogene Ern\u00e4hrung und ausreichend Ruhe<\/strong> wird Ihre Erholung weiter verbessern.<\/p>\n<h2 data-start=\"1763\" data-end=\"1790\">Inhaltsstoffe von After E<\/h2>\n<p data-start=\"1791\" data-end=\"1880\">Nach E enth\u00e4lt eine <strong data-start=\"1810\" data-end=\"1851\">leistungsstarke Mischung aus essenziellen N\u00e4hrstoffen<\/strong> um Ihrem K\u00f6rper zu helfen, sich zu erholen:<\/p>\n<ul data-start=\"1882\" data-end=\"2274\">\n<li data-start=\"1882\" data-end=\"2027\"><strong data-start=\"1884\" data-end=\"1900\">Multivitamin<\/strong> - F\u00fcllt lebenswichtige Vitamine und Mineralien auf, die bei intensiver Aktivit\u00e4t verloren gegangen sind, stellt das Gleichgewicht wieder her und unterst\u00fctzt das allgemeine Wohlbefinden.<\/li>\n<li data-start=\"2028\" data-end=\"2137\"><strong data-start=\"2030\" data-end=\"2041\">Guarana<\/strong> - Eine nat\u00fcrliche Koffeinquelle, die die <strong data-start=\"2084\" data-end=\"2114\">Wachsamkeit, verringert M\u00fcdigkeit<\/strong>und verbessert die Konzentration.<\/li>\n<li data-start=\"2138\" data-end=\"2274\"><strong data-start=\"2140\" data-end=\"2156\">L-Tryptophan<\/strong> - Eine essentielle Aminos\u00e4ure, die die <strong data-start=\"2197\" data-end=\"2221\">Serotonin-Produktion<\/strong>und verbessert die Stimmung, die Entspannung und die allgemeine Erholung.<\/li>\n<\/ul>\n<p data-start=\"2276\" data-end=\"2473\">Diese Inhaltsstoffe wirken zusammen und bieten eine <strong data-start=\"2321\" data-end=\"2356\">umfassende Wiederherstellungsl\u00f6sung<\/strong>und macht After E zu einem unverzichtbaren Erg\u00e4nzungsmittel f\u00fcr alle, die <strong data-start=\"2418\" data-end=\"2470\">sich schnell wieder erholen und ihr Wohlbefinden f\u00f6rdern<\/strong>.<\/p>\n<p data-start=\"2475\" data-end=\"2487\"><strong>Warnung<\/strong><\/p>\n<p data-start=\"2488\" data-end=\"2818\" data-is-last-node=\"\">Dies ist ein Nahrungserg\u00e4nzungsmittel und sollte als solches verwendet werden. Verwenden Sie After E nicht als Ersatz f\u00fcr eine abwechslungsreiche Ern\u00e4hrung. Die empfohlene Portion entspricht dem gesamten Inhalt der Packung. \u00dcberschreiten Sie nicht die empfohlene Tagesdosis. Wenn Sie unter gesundheitlichen Problemen leiden oder Medikamente einnehmen, konsultieren Sie vor der Einnahme einen Arzt.<\/p>","protected":false},"excerpt":{"rendered":"<p><span style=\"font-size: 100%; color: #000000;\">F\u00fchlst du dich nach einer Party m\u00fcde und niedergeschlagen, weil du zu viel getrunken oder zu viele Drogen wie MDMA oder XTC genommen hast? After-E ist voll von Vitaminen und Aminos\u00e4uren, die Ihre Stimmung und Ihren K\u00f6rper wieder normalisieren werden.<br \/>\n<\/span><\/p>","protected":false},"featured_media":14679,"template":"","meta":[],"product_brand":[],"product_cat":[475,297,522,481,533],"product_tag":[],"class_list":{"0":"post-2276","1":"product","2":"type-product","3":"status-publish","4":"has-post-thumbnail","6":"product_cat-healthshop","7":"product_cat-all-products","8":"product_cat-detox","9":"product_cat-healthshop-top-10","10":"product_cat-recovery","12":"first","13":"instock","14":"taxable","15":"shipping-taxable","16":"purchasable","17":"product-type-variable"},"_links":{"self":[{"href":"https:\/\/www.tatanka.nl\/de\/wp-json\/wp\/v2\/product\/2276","targetHints":{"allow":["GET"]}}],"collection":[{"href":"https:\/\/www.tatanka.nl\/de\/wp-json\/wp\/v2\/product"}],"about":[{"href":"https:\/\/www.tatanka.nl\/de\/wp-json\/wp\/v2\/types\/product"}],"wp:featuredmedia":[{"embeddable":true,"href":"https:\/\/www.tatanka.nl\/de\/wp-json\/wp\/v2\/media\/14679"}],"wp:attachment":[{"href":"https:\/\/www.tatanka.nl\/de\/wp-json\/wp\/v2\/media?parent=2276"}],"wp:term":[{"taxonomy":"product_brand","embeddable":true,"href":"https:\/\/www.tatanka.nl\/de\/wp-json\/wp\/v2\/product_brand?post=2276"},{"taxonomy":"product_cat","embeddable":true,"href":"https:\/\/www.tatanka.nl\/de\/wp-json\/wp\/v2\/product_cat?post=2276"},{"taxonomy":"product_tag","embeddable":true,"href":"https:\/\/www.tatanka.nl\/de\/wp-json\/wp\/v2\/product_tag?post=2276"}],"curies":[{"name":"wp","href":"https:\/\/api.w.org\/{rel}","templated":true}]}}