{"id":2278,"date":"2017-10-06T16:28:58","date_gmt":"2017-10-06T16:28:58","guid":{"rendered":"http:\/\/www.tatanka.nl\/?post_type=product&#038;p=2278"},"modified":"2025-05-20T11:13:33","modified_gmt":"2025-05-20T10:13:33","slug":"after-c-cocaine-speed-recovery-vitamines-amino-pills-capsules","status":"publish","type":"product","link":"https:\/\/www.tatanka.nl\/de\/after-c-cocaine-speed-recovery-vitamines-amino-pills-capsules\/","title":{"rendered":"After-C - Recovery"},"content":{"rendered":"<h2><span style=\"color: #000000; font-size: 95%;\">After-C - Recovery von Coke and Speed<\/span><span style=\"font-size: 100%; color: #dd9933;\"><strong><br \/>\n<\/strong><\/span><\/h2>\n<h2 data-start=\"0\" data-end=\"21\">Was ist After-C?<\/h2>\n<p data-start=\"22\" data-end=\"542\">After C ist ein Nahrungserg\u00e4nzungsmittel zur Linderung von Katerbeschwerden und zur Unterst\u00fctzung des nat\u00fcrlichen Erholungsprozesses des K\u00f6rpers. Die leistungsstarke Mischung aus Inhaltsstoffen, darunter essentielle Vitamine, 5-HTP und Guarana, hilft dem K\u00f6rper, sich zu entgiften und verlorene N\u00e4hrstoffe wieder aufzuf\u00fcllen. Durch die Wiederherstellung der Fl\u00fcssigkeitszufuhr und den Ausgleich von Vitamin- und Mineralstoffdefiziten tr\u00e4gt After C dazu bei, dass Sie sich schneller erholen und revitalisiert f\u00fchlen. Ganz gleich, ob Sie sich nach einer durchzechten Nacht erholen m\u00fcssen oder einfach nur zus\u00e4tzliche Unterst\u00fctzung f\u00fcr Ihr Wohlbefinden suchen, After C ist die perfekte L\u00f6sung.<\/p>\n<p data-start=\"544\" data-end=\"829\">Diese sorgf\u00e4ltig zusammengestellte Formel stellt sicher, dass Ihr K\u00f6rper die N\u00e4hrstoffe erh\u00e4lt, die er f\u00fcr eine optimale Erholung ben\u00f6tigt. Mit stimmungsaufhellendem 5-HTP, energiespendendem Guarana und essentiellen Vitaminen arbeitet After C harmonisch mit Ihrem System zusammen, um es zu entgiften, das Gleichgewicht wiederherzustellen und nach einer langen Nacht neue Energie zu gewinnen.<\/p>\n<h2 data-start=\"831\" data-end=\"854\">Geschichte von After-C<\/h2>\n<p data-start=\"855\" data-end=\"1203\">After C wurde entwickelt, um ein weit verbreitetes Problem anzugehen - Kater. Es gibt zwar verschiedene Nahrungserg\u00e4nzungsmittel zur Linderung von Kater-Symptomen, aber After C zeichnet sich durch seine einzigartige, wissenschaftlich fundierte Formel aus. Dieses Pr\u00e4parat wurde entwickelt, um nicht nur die Genesung zu unterst\u00fctzen, sondern auch die allgemeine Gesundheit zu f\u00f6rdern. Es hilft dem K\u00f6rper, Giftstoffe auszuscheiden und sein nat\u00fcrliches Gleichgewicht wiederherzustellen.<\/p>\n<p data-start=\"1205\" data-end=\"1545\">Die Nachfrage nach wirksamen und sicheren Katerpr\u00e4paraten ist im Laufe der Jahre gestiegen und f\u00fchrte zur Entwicklung von After C - einer Mischung aus traditionellen Heilmitteln und moderner Ern\u00e4hrungswissenschaft. Die sorgf\u00e4ltig ausgew\u00e4hlten Inhaltsstoffe spiegeln die neueste Forschung im Bereich Gesundheit und Wellness wider und gew\u00e4hrleisten, dass jeder Bestandteil eine wichtige Rolle bei der Entgiftung und Erholung spielt.<\/p>\n<p data-start=\"1547\" data-end=\"1798\">Heute ist After C f\u00fcr viele Menschen, die eine einfache und wirksame M\u00f6glichkeit suchen, ihren K\u00f6rper nach dem Trinken zu unterst\u00fctzen, zu einer zuverl\u00e4ssigen L\u00f6sung geworden. Da immer mehr Menschen f\u00fcr ihre Gesundheit und ihr Wohlbefinden auf Nahrungserg\u00e4nzungsmittel zur\u00fcckgreifen, ist After C auch weiterhin ein wertvolles Mittel f\u00fcr eine schnelle Genesung.<\/p>\n<h2 data-start=\"1800\" data-end=\"1823\">So verwenden Sie After-C<\/h2>\n<p data-start=\"1824\" data-end=\"1864\">Die Verwendung von After C ist einfach und effektiv:<\/p>\n<ol data-start=\"1866\" data-end=\"2197\">\n<li data-start=\"1866\" data-end=\"1932\">Nehmen Sie die empfohlene Menge am Tag nach dem Alkoholkonsum ein.<\/li>\n<li data-start=\"1933\" data-end=\"2040\">Trinken Sie <strong data-start=\"1942\" data-end=\"1969\">1 bis 4 Gl\u00e4ser Wasser<\/strong> neben der Erg\u00e4nzung, um hydratisiert zu bleiben und die Ausscheidung von Giftstoffen zu unterst\u00fctzen.<\/li>\n<li data-start=\"2041\" data-end=\"2197\">Die besten Ergebnisse erzielen Sie, wenn Sie After C so schnell wie m\u00f6glich einnehmen, nachdem Sie die Auswirkungen eines Katers gesp\u00fcrt haben. Es kann jedoch auch bei sp\u00e4terer Einnahme noch Vorteile bringen.<\/li>\n<\/ol>\n<p data-start=\"2199\" data-end=\"2427\">Die Fl\u00fcssigkeitszufuhr ist entscheidend, damit sich der K\u00f6rper erholen kann, w\u00e4hrend After C das Gleichgewicht wiederherstellt. Guarana liefert einen sanften Energieschub gegen M\u00fcdigkeit, w\u00e4hrend 5-HTP die Stimmung reguliert und das allgemeine Wohlbefinden f\u00f6rdert.<\/p>\n<p data-start=\"2429\" data-end=\"2532\">Integrieren Sie After C in Ihre Erholungsroutine, damit Sie nach einer langen Nacht schneller und sanfter wieder auf die Beine kommen.<\/p>\n<h2 data-start=\"2534\" data-end=\"2561\">Inhaltsstoffe von After-C<\/h2>\n<p data-start=\"2562\" data-end=\"2642\">After C enth\u00e4lt drei wichtige Inhaltsstoffe, die zusammenwirken, um die Genesung zu unterst\u00fctzen:<\/p>\n<ul data-start=\"2644\" data-end=\"3122\">\n<li data-start=\"2644\" data-end=\"2787\"><strong data-start=\"2646\" data-end=\"2658\">Vitamins<\/strong> - Wesentlich f\u00fcr die Unterst\u00fctzung des Immunsystems, die Energieproduktion und die Stoffwechselfunktion. Diese N\u00e4hrstoffe helfen Ihrem K\u00f6rper, sich effizient zu erholen.<\/li>\n<li data-start=\"2788\" data-end=\"2961\"><strong data-start=\"2790\" data-end=\"2799\">5-HTP<\/strong> - Eine nat\u00fcrliche Verbindung, die aus den Samen von Griffonia simplicifolia gewonnen wird. Sie steigert den Serotoninspiegel, verbessert die Stimmung und bek\u00e4mpft M\u00fcdigkeit, Reizbarkeit und Energiemangel.<\/li>\n<li data-start=\"2962\" data-end=\"3122\"><strong data-start=\"2964\" data-end=\"2975\">Guarana<\/strong> - Ein nat\u00fcrliches Stimulans mit hohem Koffeingehalt, das die Wachsamkeit steigert und einen Energieschub gibt, um katerbedingter M\u00fcdigkeit und Gehirnnebel entgegenzuwirken.<\/li>\n<\/ul>\n<p data-start=\"3124\" data-end=\"3259\">Zusammen ergeben diese Zutaten ein <strong data-start=\"3161\" data-end=\"3190\">leistungsstarke Erholungsformel<\/strong>Sie helfen dem K\u00f6rper, sich zu entgiften, zu rehydrieren und schnell wieder Energie zu gewinnen.<\/p>\n<p data-start=\"3261\" data-end=\"3273\"><strong>Warnung<\/strong><\/p>\n<p data-start=\"3274\" data-end=\"3463\" data-is-last-node=\"\">Dieses Produkt ist ein Nahrungserg\u00e4nzungsmittel und sollte auch als solches verwendet werden. Verwenden Sie es nicht als Ersatz f\u00fcr eine abwechslungsreiche Ern\u00e4hrung. Halten Sie sich an die empfohlenen Portionsangaben und \u00fcberschreiten Sie die Tagesh\u00f6chstmenge nicht.<\/p>","protected":false},"excerpt":{"rendered":"<p><span style=\"font-size: 100%; color: #000000;\">Haben Sie die ganze Nacht mit Speed oder Kokain gefeiert? F\u00fchlen Sie sich ersch\u00f6pft und deprimiert? After-C ist gef\u00fcllt mit allen Vitaminen und Aminos\u00e4uren, die Sie brauchen, um Ihren K\u00f6rper und Ihre Stimmung zu erholen. <\/span><span style=\"font-size: 100%; color: #000000;\">Entladen Sie die giftige Substanz, stabilisieren Sie Ihre Stimmung!<br \/>\n<\/span><\/p>","protected":false},"featured_media":14683,"template":"","meta":[],"product_brand":[],"product_cat":[475,297,522,481,533],"product_tag":[],"class_list":{"0":"post-2278","1":"product","2":"type-product","3":"status-publish","4":"has-post-thumbnail","6":"product_cat-healthshop","7":"product_cat-all-products","8":"product_cat-detox","9":"product_cat-healthshop-top-10","10":"product_cat-recovery","12":"first","13":"instock","14":"taxable","15":"shipping-taxable","16":"purchasable","17":"product-type-variable"},"_links":{"self":[{"href":"https:\/\/www.tatanka.nl\/de\/wp-json\/wp\/v2\/product\/2278","targetHints":{"allow":["GET"]}}],"collection":[{"href":"https:\/\/www.tatanka.nl\/de\/wp-json\/wp\/v2\/product"}],"about":[{"href":"https:\/\/www.tatanka.nl\/de\/wp-json\/wp\/v2\/types\/product"}],"wp:featuredmedia":[{"embeddable":true,"href":"https:\/\/www.tatanka.nl\/de\/wp-json\/wp\/v2\/media\/14683"}],"wp:attachment":[{"href":"https:\/\/www.tatanka.nl\/de\/wp-json\/wp\/v2\/media?parent=2278"}],"wp:term":[{"taxonomy":"product_brand","embeddable":true,"href":"https:\/\/www.tatanka.nl\/de\/wp-json\/wp\/v2\/product_brand?post=2278"},{"taxonomy":"product_cat","embeddable":true,"href":"https:\/\/www.tatanka.nl\/de\/wp-json\/wp\/v2\/product_cat?post=2278"},{"taxonomy":"product_tag","embeddable":true,"href":"https:\/\/www.tatanka.nl\/de\/wp-json\/wp\/v2\/product_tag?post=2278"}],"curies":[{"name":"wp","href":"https:\/\/api.w.org\/{rel}","templated":true}]}}