{"id":2371,"date":"2017-10-07T14:04:47","date_gmt":"2017-10-07T14:04:47","guid":{"rendered":"http:\/\/www.tatanka.nl\/?post_type=product&#038;p=2371"},"modified":"2025-11-18T15:37:58","modified_gmt":"2025-11-18T14:37:58","slug":"thai-kratom-capsules-mitragyna-speciosa","status":"publish","type":"product","link":"https:\/\/www.tatanka.nl\/de\/thai-kratom-capsules-mitragyna-speciosa\/","title":{"rendered":"Thai Kratom Caps"},"content":{"rendered":"<h2 data-start=\"408\" data-end=\"436\">Was sind Kratom und Capsules?<\/h2>\n<p data-start=\"438\" data-end=\"1018\">Kratom Capsules sind eine bequeme und einfache M\u00f6glichkeit, die Wirkung von Kratom, einer nat\u00fcrlichen, in S\u00fcdostasien beheimateten Pflanze, zu erfahren. Der Hauptbestandteil dieser Kapseln ist der Mitragyna speciosa 15x-Extrakt, der eine konzentrierte Form von Kratom ist. Dieser Extrakt liefert eine starke Wirkung bei niedrigeren Dosen im Vergleich zu traditionellem Kratom-Pulver oder Bl\u00e4ttern. Zusammen mit dem Extrakt enthalten die Kapseln auch Red Thai-Pulver und eine kleine Dosis Koffein. Red Thai Kratom ist f\u00fcr seine beruhigende Wirkung bekannt, w\u00e4hrend das Koffein einen leichten Stimulanzschub hinzuf\u00fcgt und so eine ausgewogene Erfahrung f\u00fcr den Konsumenten schafft.<\/p>\n<p data-start=\"1020\" data-end=\"1420\">Diese Kapseln wurden entwickelt, um eine einfache und kontrollierte Einnahme von Kratom zu erm\u00f6glichen. Da sie in vorgemessenen Dosen geliefert werden, k\u00f6nnen Sie Ihre Einnahme leicht \u00fcberwachen. Die Kapseln sind ideal f\u00fcr Personen, die die Vorteile von Kratom nutzen m\u00f6chten, aber nicht mit dem Durcheinander von Pulvern zu k\u00e4mpfen haben wollen. Die Kratom-Kapseln sind ideal f\u00fcr alle, die eine bequeme, tragbare und effektive M\u00f6glichkeit suchen, die Vorteile dieser einzigartigen Pflanze zu genie\u00dfen.<\/p>\n<h2 data-start=\"1427\" data-end=\"1456\">Geschichte von Kratom Capsules<\/h2>\n<p data-start=\"1458\" data-end=\"1887\">Die Geschichte von Kratom reicht Jahrhunderte zur\u00fcck, da die Pflanze Mitragyna speciosa in S\u00fcdostasien wegen ihrer anregenden und schmerzlindernden Eigenschaften weit verbreitet ist. Traditionell wurden die Kratom-Bl\u00e4tter von Arbeitern gekaut oder zu Tee aufgebr\u00fcht, um Energie und Ausdauer zu steigern. Im Laufe der Zeit wurde Kratom auch wegen seiner beruhigenden Wirkung bekannt, so dass es in verschiedenen Kulturen zur Entspannung und geistigen Klarheit verwendet wird.<\/p>\n<p data-start=\"1889\" data-end=\"2558\">Die Entwicklung von Kratom-Kapseln ist eine moderne Innovation, die den Verzehr von Kratom erleichtern soll, insbesondere f\u00fcr diejenigen, die den Geschmack von Kratom in Tee- oder Pulverform nicht m\u00f6gen. Die Entwicklung von Kratom-Extrakten, wie dem 15-fachen Extrakt, der in diesen Kapseln verwendet wird, stellt einen bedeutenden Fortschritt in Bezug auf die Wirksamkeit und den Komfort von Kratom-Produkten dar. Als sich die Popularit\u00e4t von Kratom weltweit verbreitete, wurden die Kapselformen aufgrund ihrer genauen Dosierung und einfachen Anwendung weithin verwendet. Heute sind Kratom-Kapseln eine der bequemsten M\u00f6glichkeiten, um in den Genuss der Vorteile von Kratom zu kommen, und sie sind in verschiedenen St\u00e4rken und Kombinationen erh\u00e4ltlich, um unterschiedlichen Vorlieben und Bed\u00fcrfnissen gerecht zu werden.<\/p>\n<h2 data-start=\"2565\" data-end=\"2594\">Verwendung von Kratom Capsules<\/h2>\n<p data-start=\"2596\" data-end=\"3096\">Die Anwendung von Kratom Capsules ist einfach und bequem. Die empfohlene Dosierung h\u00e4ngt von der Empfindlichkeit Ihres K\u00f6rpers und der gew\u00fcnschten Wirkung ab. F\u00fcr Anf\u00e4nger ist es am besten, mit einer einzigen Kapsel zu beginnen, da diese eine milde Wirkung hat. Wenn Sie eine st\u00e4rkere Wirkung w\u00fcnschen, k\u00f6nnen Sie bis zu 3 Kapseln einnehmen, w\u00e4hrend erfahrene Anwender 4 oder 5 Kapseln f\u00fcr ideal halten, um die gew\u00fcnschten Ergebnisse zu erzielen. Es ist wichtig zu beachten, dass die Dosierung auf der Grundlage Ihrer pers\u00f6nlichen Toleranz und Ihres Gewichts angepasst werden sollte.<\/p>\n<p data-start=\"3098\" data-end=\"3646\">Um die Kapseln zu verwenden, schlucken Sie sie einfach mit Wasser. Sie k\u00f6nnen sie auf n\u00fcchternen Magen einnehmen, um eine schnellere Wirkung zu erzielen, aber sie k\u00f6nnen auch mit Nahrung eingenommen werden, wenn Sie es vorziehen. Da die Kapseln bereits abgemessen sind, m\u00fcssen Sie nicht raten oder das Pulver abmessen. Dies macht sie zu einer perfekten Option f\u00fcr Personen, die Kratom zum ersten Mal einnehmen, oder f\u00fcr alle, die eine kontrolliertere Erfahrung suchen. Wie bei jeder Nahrungserg\u00e4nzung ist es wichtig, die empfohlene Dosierung nicht zu \u00fcberschreiten, um unerw\u00fcnschte Nebenwirkungen zu vermeiden. H\u00f6ren Sie immer auf Ihren K\u00f6rper und passen Sie die Dosierung nach Bedarf an.<\/p>\n<h2 data-start=\"3653\" data-end=\"3686\">Inhaltsstoffe von Kratom Capsules<\/h2>\n<p data-start=\"3688\" data-end=\"4186\">Die wichtigsten Inhaltsstoffe in diesen Kratom Capsules sind Mitragyna speciosa 15x Extrakt, Red Thai Pulver und Koffein. Der 15-fache Extrakt von Mitragyna speciosa, auch bekannt als Kratom, ist der Hauptbestandteil. Dieser Extrakt ist eine konzentrierte Form der Kratom-Pflanze, die eine st\u00e4rkere Wirkung als das normale Kratom-Pulver oder die getrockneten Bl\u00e4tter hat. Der 15-fache Extrakt erm\u00f6glicht eine st\u00e4rkere und effizientere Freisetzung der aktiven Alkaloide, die in Kratom enthalten sind, und ist damit ideal f\u00fcr Konsumenten, die eine sofortige Wirkung w\u00fcnschen.<\/p>\n<p data-start=\"4188\" data-end=\"4687\">Das rote Thai-Pulver ist ein weiterer wichtiger Inhaltsstoff dieser Kapseln. Es ist f\u00fcr seine beruhigenden und schmerzlindernden Eigenschaften bekannt und stellt somit eine perfekte Erg\u00e4nzung zu den anregenden Wirkungen des Kratom-Extrakts dar. Die geringe Menge an Koffein in den Kapseln f\u00fcgt der Formel ein energetisierendes Element hinzu und tr\u00e4gt dazu bei, die anregende und entspannende Wirkung der Kombination aus Kratom und Red Thai auszugleichen. Jede Kapsel enth\u00e4lt 505 mg dieser Inhaltsstoffe, was bei jeder Einnahme ein starkes und ausgewogenes Erlebnis garantiert.<\/p>\n<p data-start=\"4694\" data-end=\"5097\" data-is-last-node=\"\"><strong data-start=\"4694\" data-end=\"4705\">Warnung<\/strong><br data-start=\"4705\" data-end=\"4708\" \/>Mit Vorsicht verwenden. Der Verkauf und die Verwendung von Kratom Capsules sind f\u00fcr Personen unter 18 Jahren verboten. Nicht verwenden, w\u00e4hrend Sie ein Kraftfahrzeug oder eine Maschine bedienen, wenn Sie schwanger sind oder stillen, oder wenn Sie verschreibungspflichtige oder nicht verschreibungspflichtige Medikamente oder Drogen einnehmen. Au\u00dferhalb der Reichweite von Kindern aufbewahren. Dieses Produkt wurde nicht von der FDA bewertet und ist nicht als Medikament gedacht.<\/p>","protected":false},"excerpt":{"rendered":"<p>Erleben Sie die starke Mischung aus Mitragyna speciosa 15x Extrakt, Red Thai Pulver und Koffein mit unserem Kratom Capsules. Jede Kapsel enth\u00e4lt eine leistungsstarke Kombination von Inhaltsstoffen, die f\u00fcr eine anregende und beruhigende Wirkung sorgen. Mit 20 Kapseln pro Flasche k\u00f6nnen Sie die Dosierung leicht anpassen, um Ihre gew\u00fcnschte Wirkung zu erzielen. Geeignet sowohl f\u00fcr neue als auch f\u00fcr erfahrene Kratom-Benutzer.<\/p>","protected":false},"featured_media":126074,"template":"","meta":[],"product_brand":[],"product_cat":[599,297,477,509,510,511,530,476],"product_tag":[],"class_list":{"0":"post-2371","1":"product","2":"type-product","3":"status-publish","4":"has-post-thumbnail","6":"product_cat-kratopia","7":"product_cat-all-products","8":"product_cat-herbs","9":"product_cat-kratom","10":"product_cat-relax","11":"product_cat-relax-herbs","12":"product_cat-relax-pills","13":"product_cat-smartshop","14":"product_shipping_class-creditcard-off","16":"first","17":"instock","18":"taxable","19":"shipping-taxable","20":"purchasable","21":"product-type-variable"},"_links":{"self":[{"href":"https:\/\/www.tatanka.nl\/de\/wp-json\/wp\/v2\/product\/2371","targetHints":{"allow":["GET"]}}],"collection":[{"href":"https:\/\/www.tatanka.nl\/de\/wp-json\/wp\/v2\/product"}],"about":[{"href":"https:\/\/www.tatanka.nl\/de\/wp-json\/wp\/v2\/types\/product"}],"wp:featuredmedia":[{"embeddable":true,"href":"https:\/\/www.tatanka.nl\/de\/wp-json\/wp\/v2\/media\/126074"}],"wp:attachment":[{"href":"https:\/\/www.tatanka.nl\/de\/wp-json\/wp\/v2\/media?parent=2371"}],"wp:term":[{"taxonomy":"product_brand","embeddable":true,"href":"https:\/\/www.tatanka.nl\/de\/wp-json\/wp\/v2\/product_brand?post=2371"},{"taxonomy":"product_cat","embeddable":true,"href":"https:\/\/www.tatanka.nl\/de\/wp-json\/wp\/v2\/product_cat?post=2371"},{"taxonomy":"product_tag","embeddable":true,"href":"https:\/\/www.tatanka.nl\/de\/wp-json\/wp\/v2\/product_tag?post=2371"}],"curies":[{"name":"wp","href":"https:\/\/api.w.org\/{rel}","templated":true}]}}