{"id":26977,"date":"2020-03-08T15:28:48","date_gmt":"2020-03-08T15:28:48","guid":{"rendered":"https:\/\/www.tatanka.nl\/?post_type=product&#038;p=26977"},"modified":"2025-07-15T07:58:05","modified_gmt":"2025-07-15T06:58:05","slug":"420-medium-rolling-tray","status":"publish","type":"product","link":"https:\/\/www.tatanka.nl\/de\/420-medium-rolling-tray\/","title":{"rendered":"420 Rolling Tray \u2013 Medium"},"content":{"rendered":"<h2 dir=\"ltr\" data-pm-slice=\"1 1 []\">Was sind V Syndicate 420 Medium Rolling Trays?<\/h2>\n<p dir=\"ltr\">Das V Syndicate 420 Medium Rolling Tray ist ein hochwertiges Raucherzubeh\u00f6r, das auf Komfort und Stil ausgelegt ist. Dieses mittelgro\u00dfe Tablett mit den Ma\u00dfen 28 cm x 18 cm ist mit einem lebendigen Druck des ikonischen 420-Logos versehen, das die Cannabis-Kultur symbolisiert. Es ist aus robustem Metall gefertigt und verf\u00fcgt \u00fcber abgerundete Ecken und Kanten, um Materialverschwendung und Versch\u00fcttungen zu vermeiden und ein effizientes Rolling-Erlebnis zu gew\u00e4hrleisten. Der integrierte Kissenboden, der mit umweltfreundlichen Buchweizenschalen gef\u00fcllt ist, bietet eine gepolsterte, rutschfeste Oberfl\u00e4che, die bequem auf dem Scho\u00df ruht - ideal f\u00fcr zwanglose Sessions bei Filmen oder Snacks. Der V Syndicate 420 Medium Rolling Tray eignet sich perfekt f\u00fcr die Aufbewahrung von Papieren, Filtern und Kr\u00e4utern und ist damit f\u00fcr jeden Raucher unverzichtbar. Sein kompaktes Design passt auf jeden Couchtisch oder auf Reisen, und das auff\u00e4llige Kunstwerk verleiht Ihrer Einrichtung einen lustigen, kulturellen Touch. Dieses Tablett kombiniert Praktikabilit\u00e4t mit einer Anspielung auf das 420er Erbe und spricht Enthusiasten an, die Qualit\u00e4t, Funktionalit\u00e4t und eine groovige \u00c4sthetik f\u00fcr ein nahtloses, angenehmes Rauchritual sch\u00e4tzen, das jede Session mit Leichtigkeit und Flair bereichert.<\/p>\n<h2 dir=\"ltr\" data-pm-slice=\"1 1 []\">Mehr \u00fcber The V Syndicate 420 Medium Rolling Tray<\/h2>\n<p dir=\"ltr\">Der V Syndicate 420 Medium Rolling Tray geht auf die innovative Geschichte von V Syndicate zur\u00fcck, die 2010 mit der Erfindung des ersten flachen Kr\u00e4utergrills der Welt, der Grinder Card, gegr\u00fcndet wurde. Die Marke expandierte schnell auf Rolling Trays und verbindet moderne Funktionalit\u00e4t mit kulturellen Themen. Das 420-Logo ist eine Hommage an den Cannabis-Slang, der 1971 von einer Gruppe kalifornischer High-School-Sch\u00fcler, den Waldos, gepr\u00e4gt wurde, die sich um 16:20 Uhr trafen, um nach einer Cannabis-Ernte zu suchen, und so zu einem weltweiten Symbol f\u00fcr den Marihuana-Konsum wurden. V Syndicate \u00fcbernahm dieses ikonische Emblem, um den Geist der Gegenkultur zu feiern, und brachte Tabletts auf den Markt, die bei Rauchern auf der ganzen Welt Anklang finden. Im Laufe der Jahre verfeinerte das Unternehmen seine Designs und f\u00fcgte Merkmale wie abgerundete Kanten und Buchweizenschalenpolster f\u00fcr Nachhaltigkeit und Komfort hinzu. Diese Entwicklung spiegelt das Engagement von V Syndicate wider, das Kiffererlebnis durch hochwertiges Zubeh\u00f6r zu verbessern, das die Geschichte des Cannabis ehrt und gleichzeitig die heutigen Bed\u00fcrfnisse erf\u00fcllt. Der V Syndicate 420 Medium Rolling Tray ist zu einem Grundnahrungsmittel geworden, das das Erbe der Marke an Innovation und kultureller Relevanz verk\u00f6rpert und Nutzer anspricht, die eine Mischung aus Tradition und Praktikabilit\u00e4t in ihrer Rauchausr\u00fcstung sch\u00e4tzen, was ihm seinen Platz als zeitloses St\u00fcck auf dem sich entwickelnden Markt f\u00fcr Cannabiszubeh\u00f6r sichert.<\/p>\n<h2 dir=\"ltr\" data-pm-slice=\"1 1 []\">Verwendung von The V Syndicate 420 Medium Rolling Tray<\/h2>\n<p dir=\"ltr\">Die Verwendung des V Syndicate 420 Medium Rolling Tray ist einfach und verbessert Ihre Rollroutine. Legen Sie das Tablett auf eine flache Oberfl\u00e4che oder Ihren Scho\u00df, wo das mit Buchweizenschalen gef\u00fcllte Kissen f\u00fcr Stabilit\u00e4t und Komfort sorgt, ohne zu verrutschen. Sammeln Sie Ihre legalen Rauchmaterialien, Papiere und Werkzeuge auf der 28 cm x 18 cm gro\u00dfen Metallfl\u00e4che, die von den abgerundeten Kanten profitiert, die alles sicher halten. Zerkleinern Sie Ihre Kr\u00e4uter und rollen Sie sie direkt auf dem Tablett zu Papieren, um den Abfall zu minimieren, da es keine Falten gibt, in denen die Gegenst\u00e4nde stecken bleiben k\u00f6nnten. Versiegeln Sie Ihre Rolle und genie\u00dfen Sie sie, denn das Design h\u00e4lt die R\u00fcckst\u00e4nde an Ort und Stelle und erleichtert die Reinigung - wischen Sie sie einfach mit einem feuchten Tuch ab, um den lebendigen 420-Logo-Aufdruck zu erhalten. Dank ihrer handlichen Gr\u00f6\u00dfe ist sie ideal f\u00fcr zu Hause oder unterwegs und passt problemlos in jede Tasche. Mit Snacks und einem Lieblingsfilm k\u00f6nnen Sie eine entspannte Session verbringen. Das V Syndicate 420 Medium Rolling Tray ist vielseitig einsetzbar f\u00fcr Anf\u00e4nger und Experten und f\u00f6rdert die Organisation und Effizienz. Durch die Verwendung dieses Tabletts erreichen die Benutzer einen ordentlichen, kleckerfreien Prozess, der Stil und Funktionalit\u00e4t zelebriert und sicherstellt, dass jeder Rauch glatt, angenehm und mit einem kulturellen Vibe durchdrungen ist, der die Erfahrung einnehmender und problemloser macht.<\/p>\n<p dir=\"ltr\" data-pm-slice=\"1 1 []\"><strong>Warnung<\/strong><br \/>\nDieses Produkt kann Sie Chemikalien aussetzen, einschlie\u00dflich Nikotin, das bekannterma\u00dfen sch\u00e4dlich ist und Geburtsfehler oder andere Fortpflanzungssch\u00e4den verursachen kann. Nur mit zugelassenem Rauchmaterial verwenden. Au\u00dferhalb der Reichweite von Kindern aufbewahren und beim Rauchen f\u00fcr ausreichende Bel\u00fcftung sorgen, da das Rauchen Gesundheitsrisiken birgt. Trocken lagern, um die Qualit\u00e4t zu erhalten. Verantwortungsvoll verwenden.<\/p>\n<p dir=\"ltr\">","protected":false},"excerpt":{"rendered":"<p>Das V Syndicate 420 Medium Rolling Tray verf\u00fcgt \u00fcber einen lebendigen Druck eines 420 Logos. Das Medium Rolling 420 Tray ist perfekt f\u00fcr Ihren Couchtisch! Es ist sehr beliebt und es gibt es in zwei Gr\u00f6\u00dfen. <strong>Dies ist Medium Gr\u00f6\u00dfe: 28cm x 18cm.<\/strong><\/p>","protected":false},"featured_media":27001,"template":"","meta":[],"product_brand":[],"product_cat":[554,297,488],"product_tag":[],"class_list":{"0":"post-26977","1":"product","2":"type-product","3":"status-publish","4":"has-post-thumbnail","6":"product_cat-rolling-trays","7":"product_cat-all-products","8":"product_cat-headshop","9":"product_shipping_class-creditcard-on","11":"first","12":"instock","13":"taxable","14":"shipping-taxable","15":"purchasable","16":"product-type-variable","17":"has-default-attributes"},"_links":{"self":[{"href":"https:\/\/www.tatanka.nl\/de\/wp-json\/wp\/v2\/product\/26977","targetHints":{"allow":["GET"]}}],"collection":[{"href":"https:\/\/www.tatanka.nl\/de\/wp-json\/wp\/v2\/product"}],"about":[{"href":"https:\/\/www.tatanka.nl\/de\/wp-json\/wp\/v2\/types\/product"}],"wp:featuredmedia":[{"embeddable":true,"href":"https:\/\/www.tatanka.nl\/de\/wp-json\/wp\/v2\/media\/27001"}],"wp:attachment":[{"href":"https:\/\/www.tatanka.nl\/de\/wp-json\/wp\/v2\/media?parent=26977"}],"wp:term":[{"taxonomy":"product_brand","embeddable":true,"href":"https:\/\/www.tatanka.nl\/de\/wp-json\/wp\/v2\/product_brand?post=26977"},{"taxonomy":"product_cat","embeddable":true,"href":"https:\/\/www.tatanka.nl\/de\/wp-json\/wp\/v2\/product_cat?post=26977"},{"taxonomy":"product_tag","embeddable":true,"href":"https:\/\/www.tatanka.nl\/de\/wp-json\/wp\/v2\/product_tag?post=26977"}],"curies":[{"name":"wp","href":"https:\/\/api.w.org\/{rel}","templated":true}]}}