{"id":26994,"date":"2020-03-08T16:56:56","date_gmt":"2020-03-08T16:56:56","guid":{"rendered":"https:\/\/www.tatanka.nl\/?post_type=product&#038;p=26994"},"modified":"2025-07-15T07:51:14","modified_gmt":"2025-07-15T06:51:14","slug":"rasta-leaf-medium-rolling-tray","status":"publish","type":"product","link":"https:\/\/www.tatanka.nl\/de\/rasta-leaf-medium-rolling-tray\/","title":{"rendered":"Rasta Leaf Rolling Tray \u2013 Medium"},"content":{"rendered":"<h2 dir=\"ltr\" data-pm-slice=\"1 1 []\">Was sind V Syndicate Rasta Leaf Medium Rolling Trays?<\/h2>\n<p dir=\"ltr\">Das V Syndicate Rasta Leaf Medium Rolling Tray ist ein hochwertiges Raucherzubeh\u00f6r, das Funktionalit\u00e4t mit einem k\u00fchnen, kulturellen Design verbindet. Dieses mittelgro\u00dfe Tablett mit den Ma\u00dfen 28 cm x 18 cm zeigt einen lebendigen Druck einer Rasta-Flagge mit einem schwarzen Blattmotiv, das den lebendigen Geist der Rastafari-Kultur und Reggae-Vibes heraufbeschw\u00f6rt. Das Tablett ist aus strapazierf\u00e4higem Metall gefertigt und verf\u00fcgt \u00fcber abgerundete Ecken und Kanten, die verhindern, dass Material versch\u00fcttet wird oder h\u00e4ngen bleibt, und somit einen effizienten Rollvorgang gew\u00e4hrleisten. Die integrierte, mit umweltfreundlichen Buchweizenschalen gef\u00fcllte Kissenunterlage bietet eine gepolsterte, rutschfeste Oberfl\u00e4che, die bequem auf dem Scho\u00df ruht und ideal f\u00fcr entspannte Sessions zu Hause oder bei Filmen und Snacks ist. Das V Syndicate Rasta Leaf Medium Rolling Tray eignet sich perfekt zur Aufbewahrung von Rolling Papers und Filtern und ist ein Muss f\u00fcr Raucher, die Qualit\u00e4t und Stil sch\u00e4tzen. Sein kompaktes Design passt gut auf einen Couchtisch, und der k\u00fcnstlerische Aufdruck verleiht Ihrer Einrichtung einen lustigen, thematischen Touch. Dieses Tablett verbessert das Rauchritual, indem es einen zuverl\u00e4ssigen, unauff\u00e4lligen Platz bietet, der den Groove und die Kreativit\u00e4t zelebriert und all jene anspricht, die Wert auf Funktionalit\u00e4t in Verbindung mit kulturellem Ausdruck f\u00fcr ein nahtloses, angenehmes Erlebnis legen.<\/p>\n<h2 dir=\"ltr\">Mehr \u00fcber The V Syndicate Rasta Leaf Medium Rolling Tray<\/h2>\n<p dir=\"ltr\">Das V Syndicate Rasta Leaf Medium Rolling Tray ist inspiriert vom innovativen Erbe von V Syndicate, das 2010 mit der Erfindung des weltweit ersten flachen Kr\u00e4utergrinders, der Grinder Card, gegr\u00fcndet wurde. Als die Marke ihr Sortiment an Raucherzubeh\u00f6r erweiterte, griff sie kulturelle und poppige Themen auf, um einzigartige Rolling Trays zu kreieren, darunter dieses von den Rastas inspirierte Design. Die Rasta-Flagge, ein Symbol f\u00fcr Frieden und Liebe aus der Rastafari-Kultur, wurde in den 1970er Jahren durch Reggae-Ikonen wie Bob Marley popul\u00e4r. Sie mischt Rot, Gold, Gr\u00fcn und Schwarz mit Blattmotiven, um nat\u00fcrliche Harmonie darzustellen. V Syndicate f\u00fchrte dieses Tablett ein, um dieses Erbe zu w\u00fcrdigen und gleichzeitig moderne Funktionalit\u00e4t zu bieten, indem es geschwungene Kanten und Buchweizenpolsterung f\u00fcr erh\u00f6hten Benutzerkomfort bietet. Im Laufe der Jahre hat sich die Marke einen guten Ruf f\u00fcr Qualit\u00e4t und Kreativit\u00e4t erworben, indem sie ihre Produkte mit umweltfreundlichen Materialien verfeinert, um den sich wandelnden Bed\u00fcrfnissen der Raucher gerecht zu werden. Die V Syndicate Rasta Leaf Medium Rolling Tray ist ein Favorit unter den Liebhabern geworden, da sie eine Verschmelzung von historischer kultureller Symbolik mit zeitgen\u00f6ssischer Designinnovation widerspiegelt. Seine Beliebtheit ist ungebrochen, da V Syndicate weiterhin Grenzen \u00fcberschreitet und Zubeh\u00f6r anbietet, das nicht nur praktischen Zwecken dient, sondern auch ein Gef\u00fchl von kultureller Verbundenheit und Entspannung hervorruft, was es zu einem Grundnahrungsmittel f\u00fcr diejenigen macht, die geschichtstr\u00e4chtige Rauchutensilien sch\u00e4tzen.<\/p>\n<h2 dir=\"ltr\">Wie verwendet man The V Syndicate Rasta Leaf Medium Rolling Tray<\/h2>\n<p dir=\"ltr\">Die Verwendung des V Syndicate Rasta Leaf Medium Rolling Tray ist intuitiv und f\u00fcr maximalen Komfort w\u00e4hrend der Rolling-Sessions konzipiert. Positioniere das Tablett auf einer stabilen Oberfl\u00e4che wie einem Couchtisch oder Deinem Scho\u00df, wo das mit Buchweizenschalen gef\u00fcllte Kissen daf\u00fcr sorgt, dass es nicht verrutscht. Legen Sie Ihre legalen Rauchmaterialien, Papiere und Werkzeuge auf das 28 cm x 18 cm gro\u00dfe Tablett und nutzen Sie die abgerundeten Kanten, um alles sicher zu halten. Zerkleinern Sie Ihre Kr\u00e4uter und rollen Sie sie direkt auf dem glatten Metall zu Papieren, wobei Sie von dem auslaufsicheren Design profitieren, das Falten und Abfall vermeidet. Versiegeln Sie Ihre Rolle und genie\u00dfen Sie sie. Die Schale h\u00e4lt Asche und R\u00fcckst\u00e4nde an Ort und Stelle, sodass Sie sie leicht reinigen k\u00f6nnen. Wischen Sie die Oberfl\u00e4che anschlie\u00dfend mit einem feuchten Tuch ab, um die lebhafte Rasta-Flagge und den schwarzen Blattdruck zu erhalten. Dank seiner tragbaren Gr\u00f6\u00dfe ist er ideal f\u00fcr Reisen oder Gruppen und passt problemlos in jede Tasche. Zusammen mit Snacks und einem Film ist es ein gem\u00fctliches Erlebnis. Das V Syndicate Rasta Leaf Medium Rolling Tray ist vielseitig einsetzbar und eignet sich f\u00fcr Anf\u00e4nger und Experten. Es verbessert die Organisation und verleiht dem Ganzen eine kulturelle Note. Durch die Integration dieses Tabletts erreichen die Nutzer einen aufger\u00e4umten, effizienten Prozess, der Stil und Funktionalit\u00e4t zelebriert und sicherstellt, dass jede Session reibungslos verl\u00e4uft und mit minimalem Aufwand und maximalem Groove genossen werden kann.<\/p>\n<p dir=\"ltr\" data-pm-slice=\"1 1 []\"><strong>Warnung<\/strong><br \/>\nDieses Produkt kann Sie Chemikalien aussetzen, einschlie\u00dflich Nikotin, das bekannterma\u00dfen sch\u00e4dlich ist und Geburtsfehler oder andere Fortpflanzungssch\u00e4den verursachen kann. Nur mit zugelassenem Rauchmaterial verwenden. Au\u00dferhalb der Reichweite von Kindern aufbewahren und beim Rauchen f\u00fcr ausreichende Bel\u00fcftung sorgen, da das Rauchen Gesundheitsrisiken birgt. Trocken lagern, um die Qualit\u00e4t zu erhalten. Verantwortungsvoll verwenden.<\/p>","protected":false},"excerpt":{"rendered":"<p>Das V Syndicate Rasta Leaf Medium Rolling Tray zeigt den lebendigen Druck einer Rasta-Flagge mit Black Leaf. Das Medium Rolling Rasta Leaf Tablett ist perfekt f\u00fcr Ihren Couchtisch! <strong>Die mittlere Gr\u00f6\u00dfe ist 28cm x 18cm.<\/strong><\/p>","protected":false},"featured_media":26997,"template":"","meta":[],"product_brand":[],"product_cat":[554,297,488],"product_tag":[],"class_list":{"0":"post-26994","1":"product","2":"type-product","3":"status-publish","4":"has-post-thumbnail","6":"product_cat-rolling-trays","7":"product_cat-all-products","8":"product_cat-headshop","9":"product_shipping_class-creditcard-on","11":"first","12":"instock","13":"taxable","14":"shipping-taxable","15":"purchasable","16":"product-type-variable","17":"has-default-attributes"},"_links":{"self":[{"href":"https:\/\/www.tatanka.nl\/de\/wp-json\/wp\/v2\/product\/26994","targetHints":{"allow":["GET"]}}],"collection":[{"href":"https:\/\/www.tatanka.nl\/de\/wp-json\/wp\/v2\/product"}],"about":[{"href":"https:\/\/www.tatanka.nl\/de\/wp-json\/wp\/v2\/types\/product"}],"wp:featuredmedia":[{"embeddable":true,"href":"https:\/\/www.tatanka.nl\/de\/wp-json\/wp\/v2\/media\/26997"}],"wp:attachment":[{"href":"https:\/\/www.tatanka.nl\/de\/wp-json\/wp\/v2\/media?parent=26994"}],"wp:term":[{"taxonomy":"product_brand","embeddable":true,"href":"https:\/\/www.tatanka.nl\/de\/wp-json\/wp\/v2\/product_brand?post=26994"},{"taxonomy":"product_cat","embeddable":true,"href":"https:\/\/www.tatanka.nl\/de\/wp-json\/wp\/v2\/product_cat?post=26994"},{"taxonomy":"product_tag","embeddable":true,"href":"https:\/\/www.tatanka.nl\/de\/wp-json\/wp\/v2\/product_tag?post=26994"}],"curies":[{"name":"wp","href":"https:\/\/api.w.org\/{rel}","templated":true}]}}