{"id":32639,"date":"2022-09-13T15:50:17","date_gmt":"2022-09-13T13:50:17","guid":{"rendered":"https:\/\/www.tatanka.nl\/?post_type=product&#038;p=32639"},"modified":"2025-10-31T10:00:47","modified_gmt":"2025-10-31T09:00:47","slug":"cordyceps-extract-capsules","status":"publish","type":"product","link":"https:\/\/www.tatanka.nl\/de\/cordyceps-extract-capsules\/","title":{"rendered":"Cordyceps extract Capsules"},"content":{"rendered":"<h2 dir=\"ltr\" data-pm-slice=\"1 1 []\">Was sind Cordyceps?<\/h2>\n<p dir=\"ltr\">Der Cordyceps ist ein verehrter Heilpilz, der seit Jahrhunderten in der traditionellen chinesischen Medizin verwendet wird und jetzt weltweit als wirksames nat\u00fcrliches Nahrungserg\u00e4nzungsmittel Anerkennung findet. Bekannt f\u00fcr seine F\u00e4higkeit, das Energieniveau und die Ausdauer zu erh\u00f6hen, ist er ein Favorit unter denjenigen, die ihre k\u00f6rperliche und geistige Leistungsf\u00e4higkeit steigern wollen. Die Cordyceps-Kapseln von McMyco liefern einen Vollspektrum-Extrakt, der die bioaktiven Verbindungen des Pilzes, einschlie\u00dflich 30% Beta-Glucane und Polysaccharide, zur Unterst\u00fctzung der allgemeinen Gesundheit nutzt. Diese Kapseln sind mit Vitamin C angereichert, um M\u00fcdigkeit zu bek\u00e4mpfen, und mit Zink, um die Immunit\u00e4t zu st\u00e4rken, was sie zu einer vielseitigen Erg\u00e4nzung f\u00fcr jede Wellness-Routine macht. Von der Verbesserung des Blutkreislaufs und der Herzgesundheit bis hin zur Unterst\u00fctzung der Lungenfunktion und der Verringerung von Entz\u00fcndungen bietet der Cordyceps einen ganzheitlichen Ansatz zur Vitalit\u00e4t. Dieses hochwertige Nahrungserg\u00e4nzungsmittel, das auch f\u00fcr Veganer geeignet ist, wurde entwickelt, um die Vorteile des Pilzes zu maximieren und bietet eine nat\u00fcrliche M\u00f6glichkeit, Ausdauer, Konzentration und Belastbarkeit zu verbessern. Egal, ob Sie ein Sportler, ein vielbesch\u00e4ftigter Berufst\u00e4tiger oder einfach nur gesundheitsbewusst sind, die Cordyceps-Kapseln von McMyco bieten eine bequeme und effektive L\u00f6sung, um Ihre t\u00e4gliche Energie und Ihr Wohlbefinden zu steigern.<\/p>\n<h2 dir=\"ltr\">Geschichte des Cordyceps<\/h2>\n<p dir=\"ltr\">Das Erbe des Cordyceps reicht Tausende von Jahren zur\u00fcck und ist tief in der traditionellen chinesischen und tibetischen Medizin verwurzelt. Dieser einzigartige Pilz stammt aus den hochgelegenen Regionen des Himalaya und wurde von den alten Heilern f\u00fcr seine F\u00e4higkeit gesch\u00e4tzt, die Vitalit\u00e4t zu steigern und eine Reihe von Beschwerden zu behandeln, von M\u00fcdigkeit bis hin zu Atemwegsbeschwerden. In der Vergangenheit war er aufgrund seiner Seltenheit und Potenz den K\u00f6nigen und Elitekriegern vorbehalten. Der Cordyceps wurde oft zu Tees oder Tonika aufgebr\u00fcht, um die Ausdauer und Langlebigkeit zu steigern. Sein Ruf verbreitete sich im 20. Jahrhundert \u00fcber Asien hinaus, als das weltweite Interesse an nat\u00fcrlichen Heilmitteln wuchs, was zu wissenschaftlichen Studien f\u00fchrte, die seine antioxidativen, entz\u00fcndungshemmenden und immunst\u00e4rkenden Eigenschaften best\u00e4tigten. Heute ehrt McMyco diese alte Tradition, indem es ein modernes, hochwertiges Erg\u00e4nzungsmittel anbietet, das die Essenz des Cordyceps einf\u00e4ngt. Durch die Kombination von altehrw\u00fcrdigem Wissen mit fortschrittlichen Extraktionstechniken stellt McMyco sicher, dass jede Kapsel das volle Spektrum an Vorteilen bietet und macht diesen historischen Pilz f\u00fcr alle zug\u00e4nglich, die in einer schnelllebigen Welt nach nat\u00fcrlichen Gesundheitsl\u00f6sungen suchen.<\/p>\n<h2 dir=\"ltr\">Wie man Cordyceps verwendet<\/h2>\n<p dir=\"ltr\">Mit den veganen Kapseln von McMyco ist es einfach und effektiv, Cordyceps in Ihre t\u00e4gliche Routine einzubauen. Die empfohlene Dosierung ist eine Kapsel, die zweimal t\u00e4glich mit Wasser w\u00e4hrend der Mahlzeiten eingenommen wird und insgesamt 800 mg organischen Cordyceps-Extrakt pro Tag liefert. Dieses Schema gew\u00e4hrleistet eine optimale Aufnahme der bioaktiven Verbindungen des Pilzes, einschlie\u00dflich der Polysaccharide und des Cordycepins, um die Energie, die Immunit\u00e4t und das allgemeine Wohlbefinden zu unterst\u00fctzen. Die besten Ergebnisse erzielen Sie, wenn Sie die Kapseln konsequent im Rahmen einer ausgewogenen Lebensweise einnehmen. Sie k\u00f6nnen mit anderen Nahrungserg\u00e4nzungsmitteln mit dem Heilpilz McMyco kombiniert werden, um ihre Wirkung zu verst\u00e4rken, und bieten so einen anpassbaren Ansatz f\u00fcr die Gesundheit. Die Kapseln sind leicht zu schlucken und ideal f\u00fcr Menschen mit einem vollen Terminkalender, egal ob Sie sich auf ein Training oder einen anstrengenden Arbeitstag vorbereiten oder einfach nur Energie tanken wollen. Wenn Sie Cordyceps zum ersten Mal einnehmen, beginnen Sie mit einer Kapsel t\u00e4glich, um die Vertr\u00e4glichkeit zu testen, bevor Sie auf die volle Dosis umsteigen. Wenden Sie sich immer an Ihren Arzt, wenn Sie besondere gesundheitliche Bedenken haben oder andere Nahrungserg\u00e4nzungsmittel einnehmen m\u00f6chten, um eine sichere und wirksame Anwendung dieses kraftvollen Naturheilmittels zu gew\u00e4hrleisten.<\/p>\n<h2 dir=\"ltr\">Inhaltsstoffe von Cordyceps<\/h2>\n<p dir=\"ltr\">Jede McMyco Cordyceps-Kapsel enth\u00e4lt 400 mg organischen Cordyceps-Extrakt mit vollem Spektrum, der ausschlie\u00dflich aus dem Fruchtk\u00f6rper des Pilzes gewonnen wird. Dieser Extrakt wird durch ein duales H2O- und Ethanol-Extraktionsverfahren gewonnen, um die Wirksamkeit seiner bioaktiven Verbindungen zu maximieren, darunter 30% Polysaccharide, Beta-Glucane und Cordycepin. Diese Bestandteile sind der Schl\u00fcssel f\u00fcr die F\u00e4higkeit des Pilzes, Energie, Immunit\u00e4t und antioxidative Aktivit\u00e4t zu unterst\u00fctzen. Um die Wirksamkeit zu erh\u00f6hen, ist jede Kapsel mit 15 mg Vitamin C angereichert, das dazu beitr\u00e4gt, die M\u00fcdigkeit zu verringern und das Energieniveau zu steigern, sowie mit 2 mg Zink, das die Immunfunktion unterst\u00fctzt. Zus\u00e4tzliche Hilfsstoffe, Magnesiumcitrat und Siliziumdioxid, gew\u00e4hrleisten die Stabilit\u00e4t des Produkts, ohne seine nat\u00fcrliche Integrit\u00e4t zu beeintr\u00e4chtigen. Das Engagement von McMyco f\u00fcr Qualit\u00e4t bedeutet, dass diese Kapseln 100% vegan, frei von k\u00fcnstlichen Zusatzstoffen und so hergestellt sind, dass sie die reinste Form von Cordyceps liefern. Diese sorgf\u00e4ltig kuratierte Formulierung bietet eine robuste, pflanzliche Nahrungserg\u00e4nzung, die mit einem ganzheitlichen Ansatz f\u00fcr die Gesundheit \u00fcbereinstimmt, was sie zu einer ausgezeichneten Wahl f\u00fcr diejenigen macht, die eine nat\u00fcrliche Unterst\u00fctzung f\u00fcr Vitalit\u00e4t und Widerstandsf\u00e4higkeit suchen.<\/p>\n<p dir=\"ltr\"><strong>Warnung<\/strong><br \/>\nCordyceps von McMyco ist ein Nahrungserg\u00e4nzungsmittel und sollte als solches verwendet werden. Die empfohlene Tagesdosis von zwei Kapseln darf nicht \u00fcberschritten werden. Au\u00dferhalb der Reichweite von Kindern aufbewahren. Konsultieren Sie vor der Einnahme Ihren Arzt, wenn Sie schwanger sind, stillen oder gesundheitliche Bedenken haben. An einem k\u00fchlen, dunklen und trockenen Ort aufbewahren, um die Wirksamkeit zu erhalten.<\/p>","protected":false},"excerpt":{"rendered":"<p dir=\"ltr\" data-pm-slice=\"1 1 []\">Entdecken Sie die Kraft des Cordyceps Sinensis mit den hochwertigen veganen Kapseln von McMyco. Diese Kapseln enthalten 400 mg biologischen Vollspektrum-Extrakt, angereichert mit Vitamin C und Zink, und unterst\u00fctzen Energie, Immunit\u00e4t und allgemeine Vitalit\u00e4t. Jede Packung enth\u00e4lt 120 Kapseln, die perfekt f\u00fcr das t\u00e4gliche Wohlbefinden sind und Ihren aktiven Lebensstil auf nat\u00fcrliche Weise unterst\u00fctzen.<\/p>","protected":false},"featured_media":134867,"template":"","meta":[],"product_brand":[],"product_cat":[596,297,512,475,521,523,533,515,476,487,486],"product_tag":[662],"class_list":{"0":"post-32639","1":"product","2":"type-product","3":"status-publish","4":"has-post-thumbnail","6":"product_cat-mcmyco","7":"product_cat-all-products","8":"product_cat-extracts","9":"product_cat-healthshop","10":"product_cat-medicinal-mushrooms","11":"product_cat-medicinal-mushrooms-supplements","12":"product_cat-recovery","13":"product_cat-shroomshop","14":"product_cat-smartshop","15":"product_cat-sport","16":"product_cat-superfoods","17":"product_tag-shrdeal","18":"product_shipping_class-creditcard-on","20":"first","21":"instock","22":"taxable","23":"shipping-taxable","24":"purchasable","25":"product-type-variable","26":"has-default-attributes"},"_links":{"self":[{"href":"https:\/\/www.tatanka.nl\/de\/wp-json\/wp\/v2\/product\/32639","targetHints":{"allow":["GET"]}}],"collection":[{"href":"https:\/\/www.tatanka.nl\/de\/wp-json\/wp\/v2\/product"}],"about":[{"href":"https:\/\/www.tatanka.nl\/de\/wp-json\/wp\/v2\/types\/product"}],"wp:featuredmedia":[{"embeddable":true,"href":"https:\/\/www.tatanka.nl\/de\/wp-json\/wp\/v2\/media\/134867"}],"wp:attachment":[{"href":"https:\/\/www.tatanka.nl\/de\/wp-json\/wp\/v2\/media?parent=32639"}],"wp:term":[{"taxonomy":"product_brand","embeddable":true,"href":"https:\/\/www.tatanka.nl\/de\/wp-json\/wp\/v2\/product_brand?post=32639"},{"taxonomy":"product_cat","embeddable":true,"href":"https:\/\/www.tatanka.nl\/de\/wp-json\/wp\/v2\/product_cat?post=32639"},{"taxonomy":"product_tag","embeddable":true,"href":"https:\/\/www.tatanka.nl\/de\/wp-json\/wp\/v2\/product_tag?post=32639"}],"curies":[{"name":"wp","href":"https:\/\/api.w.org\/{rel}","templated":true}]}}