{"id":32682,"date":"2016-08-04T10:28:54","date_gmt":"2016-08-04T08:28:54","guid":{"rendered":"https:\/\/www.tatanka.nl\/?post_type=product&#038;p=32682"},"modified":"2025-09-23T15:43:33","modified_gmt":"2025-09-23T14:43:33","slug":"lions-mane-30ml","status":"publish","type":"product","link":"https:\/\/www.tatanka.nl\/de\/lions-mane-30ml\/","title":{"rendered":"Lion\u2019s Mane - 30ml"},"content":{"rendered":"<h2 dir=\"auto\">Was ist Lion\u2019s Mane Fl\u00fcssigextrakt<\/h2>\n<p dir=\"auto\">Lion\u2019s Mane Liquid Extract ist ein wirkungsvolles Nahrungserg\u00e4nzungsmittel, das aus dem Pilz Hericium erinaceus gewonnen wird, der f\u00fcr sein einzigartiges, kaskadenf\u00f6rmiges Aussehen, das an eine L\u00f6wenm\u00e4hne erinnert, und seinen langj\u00e4hrigen Ruf im Bereich der nat\u00fcrlichen Wellness bekannt ist. Diese fl\u00fcssige Form erm\u00f6glicht eine einfache Absorption und liefert Alkaloide wie Ericenone und Erinacine, die die k\u00f6rpereigene Produktion des Nervenwachstumsfaktors (NGF) f\u00f6rdern k\u00f6nnen, der f\u00fcr die Entwicklung der Neuronen und die Signal\u00fcbertragung im Gehirn unerl\u00e4sslich ist. Die Benutzer suchen ihn oft wegen seiner potenziellen Vorteile bei der Verbesserung der Konzentration, der Lernf\u00e4higkeit, der Ged\u00e4chtnisleistung, des geistigen Gleichgewichts und der allgemeinen zerebralen Energie, was ihn ideal f\u00fcr diejenigen macht, die einen anspruchsvollen Lebensstil f\u00fchren oder altersbedingte kognitive Probleme haben. Im Gegensatz zu den traditionellen getrockneten Formen wird dieser Extrakt einer fortschrittlichen Verarbeitung unterzogen, um seine Bioaktivstoffe zu konzentrieren und eine Wirksamkeit ohne die Masse zu gew\u00e4hrleisten.<\/p>\n<p dir=\"auto\">Im Bereich der adaptogenen Nahrungserg\u00e4nzungsmittel zeichnet es sich durch seine auf das Gehirn ausgerichteten Eigenschaften aus, ist frei von synthetischen Verst\u00e4rkern und f\u00fcr Vegetarier und Veganer geeignet. Die sch\u00fctzende Violettglasverpackung bewahrt die N\u00e4hrstoffe vor UV-Sch\u00e4den und f\u00f6rdert die Wiederverwendbarkeit und Nachhaltigkeit. Viele verwenden es als t\u00e4glichen Verb\u00fcndeten f\u00fcr geistige Klarheit, der mit ganzheitlichen Ans\u00e4tzen f\u00fcr das Wohlbefinden in Einklang steht. Ob f\u00fcr Studenten, Berufst\u00e4tige oder Senioren, es bietet einen sanften Ansto\u00df f\u00fcr eine sch\u00e4rfere Wahrnehmung.<\/p>\n<p dir=\"auto\">Sein alkoholbasiertes Medium bewahrt die Essenz des Pilzes und vermeidet kohlens\u00e4urehaltige Wechselwirkungen, um die Stabilit\u00e4t zu gew\u00e4hrleisten. Insgesamt verbindet Lion\u2019s Mane Fl\u00fcssigextrakt altes pflanzliches Wissen mit modernen Bed\u00fcrfnissen und erm\u00f6glicht es den Nutzern, die neurologische Gesundheit auf nat\u00fcrliche Weise zu f\u00f6rdern.<\/p>\n<h2 dir=\"auto\">Geschichte von Lion\u2019s Mane Fl\u00fcssigextrakt<\/h2>\n<p dir=\"auto\">Die Geschichte von Lion\u2019s Mane Liquid Extract reicht Jahrhunderte zur\u00fcck bis ins alte Japan und China, wo Hericium erinaceus wegen seiner mystischen, st\u00e4rkenden Eigenschaften auf Geist und Seele als \"Priester der Berge\" bezeichnet wurde. M\u00f6nche und Kr\u00e4uterkundige ernteten es von alten Baumst\u00e4mmen und verwendeten es bei meditativen Praktiken, um Konzentration und Erleuchtung zu f\u00f6rdern, da sie glaubten, es harmonisiere K\u00f6rper und Geist. In der Edo-Periode tauchte er in den Texten der traditionellen Medizin auf und wurde f\u00fcr die St\u00e4rkung der Nerven und die Vitalit\u00e4t bei wissenschaftlichen Arbeiten gesch\u00e4tzt.<\/p>\n<p dir=\"auto\">Im Zuge der Globalisierung dokumentierten Entdecker im 19. Jahrhundert die Verwendung des NGF und f\u00fchrten ihn in die westliche Botanik ein, doch die breite Akzeptanz verz\u00f6gerte sich bis zur Wiederbelebung der nat\u00fcrlichen Gesundheit im 20. Die Forschung in den 1990er Jahren isolierte NGF-stimulierende Verbindungen und weckte das Interesse an Extrakten zur Unterst\u00fctzung der kognitiven F\u00e4higkeiten, was in den 2000er Jahren zu modernen Formulierungen f\u00fchrte. Die Markenhersteller verfeinerten dreifache Extraktionsmethoden, einschlie\u00dflich Ultraschalltechniken, um die Vorteile des gesamten Spektrums zu erfassen, ohne an Wirksamkeit zu verlieren.<\/p>\n<p dir=\"auto\">Heute genie\u00dft es weltweites Ansehen und verbindet Folklore mit Wissenschaft f\u00fcr Liebhaber der Gehirngesundheit. Von den Waldarbeitern bis hin zu den Innovatoren im Labor spiegelt sein Weg die Suche der Menschheit nach geistiger Verbesserung durch die Natur wider. Enthusiasten f\u00fchren seine anhaltende Anziehungskraft auf den anhaltenden anekdotischen Erfolg und auf neue Studien zum Neuroschutz zur\u00fcck.<\/p>\n<p dir=\"auto\">Diese Entwicklung zeigt eine Verlagerung von rituellen Tees zu pr\u00e4zisen Fl\u00fcssigkeiten, die alte Heilmittel f\u00fcr moderne Stressfaktoren zug\u00e4nglich machen. Lion\u2019s Mane Liquid Extract verk\u00f6rpert dieses zeitlose Erbe und bietet in jeder Dosis eine Verbindung zur historischen Weisheit.<\/p>\n<h2 dir=\"auto\">Verwendung von Lion\u2019s Mane Fl\u00fcssigextrakt<\/h2>\n<p dir=\"auto\">Um den Lion\u2019s Mane Fl\u00fcssigextrakt effektiv zu integrieren, nehmen Sie zweimal t\u00e4glich 5 Tropfen ein, vorzugsweise sublingual oder in Wasser ohne Kohlens\u00e4ure, um eine optimale Aufnahme zu gew\u00e4hrleisten, und richten Sie die Einnahme auf die Mahlzeiten aus, um die Verdauung so wenig wie m\u00f6glich zu beeinflussen. Dieses Programm nutzt den 30-Tage-Vorrat effizient aus und erm\u00f6glicht eine allm\u00e4hliche Anh\u00e4ufung von Vorteilen wie verbesserte Konzentration und Energie. Beginnen Sie morgens mit der Einnahme, um die geistige Klarheit zu f\u00f6rdern, und abends zur Unterst\u00fctzung der Regeneration, wobei Sie die Flasche zun\u00e4chst sch\u00fctteln sollten, um die Gleichm\u00e4\u00dfigkeit zu gew\u00e4hrleisten.<\/p>\n<p dir=\"auto\">Die Aufbewahrung im Violettglas bewahrt die Frische, indem sie sch\u00e4dliches Licht abschirmt, daher sollte es k\u00fchl und dunkel aufbewahrt werden. Wenn Sie empfindlich sind, beginnen Sie mit einer Dosis, um die Reaktion abzusch\u00e4tzen, und konsultieren Sie Fachleute f\u00fcr die Integration in bestehende Routinen. Vermeiden Sie das Mischen mit kohlens\u00e4urehaltigen Getr\u00e4nken, um die Stabilit\u00e4t des Extrakts w\u00e4hrend des Konsums zu bewahren.<\/p>\n<p dir=\"auto\">Die Kombination mit Achtsamkeitspraktiken oder einer ausgewogenen Ern\u00e4hrung verst\u00e4rkt die kognitiven Wirkungen und f\u00f6rdert die Gesundheit der Synapsen im Laufe der Zeit. Diese einfache Methode eignet sich f\u00fcr einen vollen Terminkalender und macht die Nahrungserg\u00e4nzung zu einer nahtlosen Gewohnheit f\u00fcr nachhaltige geistige Vitalit\u00e4t.<\/p>\n<p dir=\"auto\">Als nat\u00fcrliches Hilfsmittel erg\u00e4nzt es den Lebensstil, ohne zu erdr\u00fccken; der Fortschritt kann w\u00f6chentlich verfolgt und individuell angepasst werden. Bei konsequenter Anwendung wird es zu einem Eckpfeiler f\u00fcr alle, die ihre kognitiven F\u00e4higkeiten auf sichere Weise verbessern wollen.<\/p>\n<p dir=\"auto\">Denken Sie daran, dass es sich um ein Erg\u00e4nzungsmittel handelt - kombinieren Sie es mit ganzheitlichen Gewohnheiten, um beste Ergebnisse zu erzielen. Dieser Ansatz macht das Potenzial des Pilzes nutzbar und f\u00f6rdert m\u00fchelos eine dauerhafte geistige Widerstandsf\u00e4higkeit.<\/p>\n<h2 dir=\"auto\">Inhaltsstoffe von Lion\u2019s Mane Fl\u00fcssigextrakt<\/h2>\n<p dir=\"auto\">Lion\u2019s Mane Liquid Extract enth\u00e4lt eine konzentrierte Mischung, die von Hericium erinaceus mit 830 mg pro 10 Tropfen angef\u00fchrt wird. Der Kern des Pilzes liefert Ericenone und Erinacine f\u00fcr die NGF-Stimulation. Der Zimt (Cinnamomum verum) mit 29 mg f\u00fcgt w\u00e4rmende und antioxidative Eigenschaften hinzu, die die Synergie der Formel verst\u00e4rken. Vitamin B3 in Form von Niacinamid mit 225\u03bcg (15% Tageswert) unterst\u00fctzt den Energiestoffwechsel und die neurologischen Funktionen und erg\u00e4nzt die Wirkung des Pilzes.<\/p>\n<p dir=\"auto\">Wasser und 20%-Alkohol bilden die Basis, wobei letzterer die Bioaktivstoffe durch fortschrittliche Methoden extrahiert und konserviert, was eine vegane Vertr\u00e4glichkeit ohne tierische Derivate gew\u00e4hrleistet. Diese saubere Zusammensetzung vermeidet F\u00fcllstoffe und stellt die Reinheit f\u00fcr empfindliche Nutzer in den Vordergrund.<\/p>\n<p dir=\"auto\">Durch die dreifache Extraktion, einschlie\u00dflich Ultraschallwellen, werden Polysaccharide und Alkaloide freigesetzt und f\u00fcr eine gleichbleibende Wirksamkeit standardisiert. Die aus ethischen Quellen stammenden Inhaltsstoffe werden einer strengen Verarbeitung unterzogen, um die volle Wirkung zu erhalten.<\/p>\n<p dir=\"auto\">Bewunderer sch\u00e4tzen seine Einfachheit, die frei von \u00fcblichen Reizstoffen ist und mit einer pflanzlichen Ern\u00e4hrung in Einklang steht. Die Kombination f\u00f6rdert die Gesundheit des Gehirns und unterst\u00fctzt auf nat\u00fcrliche Weise das Wachstum von Myelin und Neuronen.<\/p>\n<p dir=\"auto\">Transparenz erm\u00f6glicht Wahlm\u00f6glichkeiten und bietet gezielte Unterst\u00fctzung in fl\u00fcssiger Form. Insgesamt steht die Formel f\u00fcr Qualit\u00e4t und macht sich die Intelligenz der Natur f\u00fcr den t\u00e4glichen Gebrauch zunutze.<\/p>\n<p dir=\"auto\"><strong>Warnung<\/strong> Au\u00dferhalb der Reichweite von Kindern aufbewahren. Konsultieren Sie Ihren Arzt vor der Einnahme, wenn Sie schwanger sind, stillen oder gesundheitliche Probleme haben. Dies ist ein Nahrungserg\u00e4nzungsmittel und sollte als solches verwendet werden.<\/p>","protected":false},"excerpt":{"rendered":"<p dir=\"auto\">Entdecken Sie das kognitionsf\u00f6rdernde Potenzial von Lion\u2019s Mane Liquid Extract, einem Premium-Pilzpr\u00e4parat aus dem verehrten \"Smart Mushroom\". Diese 30-ml-Flasche enth\u00e4lt 60 Dosen f\u00fcr einen Monatsvorrat, mit einem konzentrierten Extrakt zur Unterst\u00fctzung von Konzentration, Ged\u00e4chtnis und geistigem Gleichgewicht durch nat\u00fcrliche, vegane Inhaltsstoffe, die den Nervenwachstumsfaktor stimulieren.<\/p>","protected":false},"featured_media":32688,"template":"","meta":[],"product_brand":[],"product_cat":[475,297,521,523,533,515,476,486],"product_tag":[662],"class_list":{"0":"post-32682","1":"product","2":"type-product","3":"status-publish","4":"has-post-thumbnail","6":"product_cat-healthshop","7":"product_cat-all-products","8":"product_cat-medicinal-mushrooms","9":"product_cat-medicinal-mushrooms-supplements","10":"product_cat-recovery","11":"product_cat-shroomshop","12":"product_cat-smartshop","13":"product_cat-superfoods","14":"product_tag-shrdeal","15":"product_shipping_class-creditcard-on","17":"first","18":"instock","19":"taxable","20":"shipping-taxable","21":"purchasable","22":"product-type-variable","23":"has-default-attributes"},"_links":{"self":[{"href":"https:\/\/www.tatanka.nl\/de\/wp-json\/wp\/v2\/product\/32682","targetHints":{"allow":["GET"]}}],"collection":[{"href":"https:\/\/www.tatanka.nl\/de\/wp-json\/wp\/v2\/product"}],"about":[{"href":"https:\/\/www.tatanka.nl\/de\/wp-json\/wp\/v2\/types\/product"}],"wp:featuredmedia":[{"embeddable":true,"href":"https:\/\/www.tatanka.nl\/de\/wp-json\/wp\/v2\/media\/32688"}],"wp:attachment":[{"href":"https:\/\/www.tatanka.nl\/de\/wp-json\/wp\/v2\/media?parent=32682"}],"wp:term":[{"taxonomy":"product_brand","embeddable":true,"href":"https:\/\/www.tatanka.nl\/de\/wp-json\/wp\/v2\/product_brand?post=32682"},{"taxonomy":"product_cat","embeddable":true,"href":"https:\/\/www.tatanka.nl\/de\/wp-json\/wp\/v2\/product_cat?post=32682"},{"taxonomy":"product_tag","embeddable":true,"href":"https:\/\/www.tatanka.nl\/de\/wp-json\/wp\/v2\/product_tag?post=32682"}],"curies":[{"name":"wp","href":"https:\/\/api.w.org\/{rel}","templated":true}]}}