{"id":32683,"date":"2016-08-04T10:28:55","date_gmt":"2016-08-04T08:28:55","guid":{"rendered":"https:\/\/www.tatanka.nl\/?post_type=product&#038;p=32683"},"modified":"2025-09-23T15:41:31","modified_gmt":"2025-09-23T14:41:31","slug":"chaga-30ml","status":"publish","type":"product","link":"https:\/\/www.tatanka.nl\/de\/chaga-30ml\/","title":{"rendered":"Chaga - 30ml"},"content":{"rendered":"<div>\n<div>\n<div>\n<div><\/div>\n<\/div>\n<\/div>\n<\/div>\n<div>\n<h2 dir=\"auto\">Was ist Chaga Fl\u00fcssigextrakt<\/h2>\n<p dir=\"auto\">Chaga Liquid Extract ist ein hochwertiges Nahrungserg\u00e4nzungsmittel, das aus dem Sklerotium des Inonotus obliquus-Pilzes gewonnen wird, der f\u00fcr sein dichtes N\u00e4hrstoffprofil und seine historische Verehrung in der Naturmedizin bekannt ist. Im Gegensatz zu typischen Pilzen mit Stiel und Kappe w\u00e4chst diese geh\u00e4rtete Form auf Birkenb\u00e4umen und beherbergt eine F\u00fclle bioaktiver Verbindungen, die mit fortschrittlichen Methoden extrahiert werden, um eine maximale Wirksamkeit zu erzielen. Anwender nutzen ihn h\u00e4ufig wegen seiner potenziellen Vorteile, wie der St\u00e4rkung des Immunsystems, der F\u00f6rderung einer gesunden Zellteilung und der Unterst\u00fctzung der Bildung roter Blutk\u00f6rperchen, was ihn zu einem Grundnahrungsmittel in ganzheitlichen Wellness-Routinen macht. Die fl\u00fcssige Darreichungsform sorgt f\u00fcr eine schnelle Absorption und umgeht die Verdauung f\u00fcr eine schnellere Wirkung im Vergleich zu Pulvern oder Tees.<\/p>\n<p dir=\"auto\">In der modernen Nahrungserg\u00e4nzung sprechen Produkte wie dieses diejenigen an, die pflanzliche Alternativen zu synthetischen Vitaminen suchen, da durch die Extraktion auf Alkoholbasis das gesamte Spektrum der Vitalstoffe erhalten bleibt. Die umweltbewusste Violettglasflasche sch\u00fctzt den Inhalt vor UV-Strahlung, erh\u00f6ht die Langlebigkeit und ist gleichzeitig vollst\u00e4ndig wiederverwendbar. Viele verwenden es zur t\u00e4glichen Unterst\u00fctzung gegen Umweltstress und im Einklang mit einem veganen Lebensstil, der frei von tierischen Produkten ist. Ob zur Gesundheitsvorsorge oder zur erg\u00e4nzenden Pflege, es bietet eine sanfte, nicht-invasive M\u00f6glichkeit, die Widerstandskraft der Natur zu nutzen.<\/p>\n<p dir=\"auto\">Seine Standardisierung auf einen hohen Polysaccharidgehalt zeichnet ihn aus und gew\u00e4hrleistet gleichbleibende Qualit\u00e4t in jedem Tropfen. Insgesamt stellt der Chaga Fl\u00fcssigextrakt eine Verschmelzung von Tradition und Innovation dar, die es dem Einzelnen erm\u00f6glicht, sein Wohlbefinden auf nat\u00fcrliche und effektive Weise zu f\u00f6rdern.<\/p>\n<h2 dir=\"auto\">Geschichte des Chaga Fl\u00fcssigextrakts<\/h2>\n<p dir=\"auto\">Die Geschichte des Chaga Fl\u00fcssigextrakts reicht Tausende von Jahren zur\u00fcck und hat ihren Ursprung in den W\u00e4ldern Sibiriens, Chinas und Skandinaviens, wo die Ureinwohner das Sklerotium von Inonotus obliquus wegen seiner angeblichen heilenden Eigenschaften erstmals ernteten. In den amerikanischen \u00dcberlieferungen wird sie als K\u00f6nig des Waldes\" oder K\u00f6nig der Kr\u00e4uter\" bezeichnet und genie\u00dft einen g\u00f6ttlichen Status, da sie in Tees und Umschl\u00e4gen verwendet wird, um das \u00dcberleben in rauen Klimazonen zu sichern, die Ausdauer zu steigern und Beschwerden zu bek\u00e4mpfen. Alte Schamanen und Kr\u00e4uterkundige sch\u00e4tzten seine adaptogenen Qualit\u00e4ten, da sie glaubten, dass er das Gleichgewicht und die Vitalit\u00e4t wiederherstellt, wobei Aufzeichnungen aus chinesischen Texten, die Jahrtausende zur\u00fcckreichen, seine Rolle in Langlebigkeitspraktiken hervorheben.<\/p>\n<p dir=\"auto\">Im Zuge der Entdeckung gelangte das Wissen bis zum 19. Jahrhundert nach Europa und Nordamerika, wo es in Volksheilmitteln verwendet wurde, w\u00e4hrend das Interesse an der Mykotherapie zunahm. Das 20. Jahrhundert brachte eine wissenschaftliche Untersuchung mit sich, bei der die Betulins\u00e4ure und die Polysaccharide isoliert wurden, wodurch die traditionelle Verwendung zur Immunmodulation und als Antioxidans best\u00e4tigt wurde. In den sp\u00e4ten 1900er Jahren kamen moderne Extraktionstechniken, einschlie\u00dflich Ultraschallverfahren, auf, die es erm\u00f6glichten, konzentrierte Fl\u00fcssigkeiten f\u00fcr einen breiteren Zugang als die rohen Formen zu verwenden.<\/p>\n<p dir=\"auto\">Heute floriert es auf den globalen Wellness-M\u00e4rkten und verbindet die Weisheit der Vorfahren mit einer rigorosen Verarbeitung f\u00fcr Reinheit. Enthusiasten auf der ganzen Welt sch\u00e4tzen ihr Erbe und schreiben ihr eine nachhaltige Gesundheit im modernen Lebensstil zu. Diese Entwicklung unterstreicht die dauerhafte Verbundenheit der Menschheit mit Pilzen und verwandelt wilde Ernten in raffinierte Nahrungserg\u00e4nzungsmittel f\u00fcr moderne Bed\u00fcrfnisse.<\/p>\n<h2 dir=\"auto\">Wie man Chaga Fl\u00fcssigextrakt verwendet<\/h2>\n<p dir=\"auto\">Die Einnahme von Chaga Fl\u00fcssigextrakt ist einfach und anpassungsf\u00e4hig, mit einer empfohlenen Dosis von einer halben Pipette zweimal t\u00e4glich, direkt eingenommen oder zur Erleichterung in Wasser verd\u00fcnnt. Halten Sie sich von kohlens\u00e4urehaltigen Getr\u00e4nken fern, um die Integrit\u00e4t des Extrakts w\u00e4hrend der Einnahme zu erhalten. Beginnen Sie damit, ihn in Ihre morgendliche und abendliche Routine einzubauen, vielleicht nach den Mahlzeiten, um sein energetisierendes Potenzial w\u00e4hrend des Tages und seine erholsamen Effekte in der Nacht zu nutzen. Eine konstante Einnahme \u00fcber einen Zeitraum von 30 Tagen f\u00f6rdert die kumulativen Vorteile, so dass der K\u00f6rper die Inhaltsstoffe vollst\u00e4ndig verwerten kann.<\/p>\n<p dir=\"auto\">Um optimale Ergebnisse zu erzielen, bewahren Sie es an einem k\u00fchlen, lichtgesch\u00fctzten Ort auf, um von den sch\u00fctzenden Eigenschaften des Violettglases zu profitieren. Wenn Sie Adaptogene zum ersten Mal einnehmen, beginnen Sie mit einer Dosis, um die Vertr\u00e4glichkeit zu testen, und wenden Sie sich an Experten, um eine ma\u00dfgeschneiderte Beratung zu erhalten. Diese Methode unterst\u00fctzt die nahtlose Zugabe zu Smoothies oder Kr\u00e4utertees und verbessert den Geschmack, ohne zu \u00fcberw\u00e4ltigen.<\/p>\n<p dir=\"auto\">Die Kombination mit einer ausgewogenen Ern\u00e4hrung verst\u00e4rkt seine unterst\u00fctzende Rolle f\u00fcr die Immunit\u00e4t und die Zellgesundheit. Vor Gebrauch immer gut sch\u00fctteln, um die konzentrierte Essenz gleichm\u00e4\u00dfig zu verteilen. Bei regelm\u00e4\u00dfiger Anwendung l\u00e4sst sie sich m\u00fchelos in die Wellness-Gewohnheiten integrieren und f\u00f6rdert auf sichere Weise eine anhaltende Vitalit\u00e4t.<\/p>\n<p dir=\"auto\">Als Nahrungserg\u00e4nzungsmittel erg\u00e4nzt es den Lebensstil und ersetzt nicht die medizinische Beratung. Dieser praktische Ansatz maximiert seine historischen Tugenden und hilft den Anwendern, die nat\u00fcrliche Harmonie t\u00e4glich zu erleben.<\/p>\n<h2 dir=\"auto\">Inhaltsstoffe von Chaga Fl\u00fcssigextrakt<\/h2>\n<p dir=\"auto\">Der Chaga Fl\u00fcssigextrakt besitzt eine reine Formulierung, die von einem Extrakt aus Inonotus obliquus mit 200 mg pro 10 Tropfen angef\u00fchrt wird, der Essenz des Sklerotiums, die reich an Polysacchariden ist, die f\u00fcr seine wichtigsten Vorteile sorgen. Wasser bietet eine saubere Basis, die eine reibungslose Einnahme ohne Zus\u00e4tze erm\u00f6glicht. Alkohol in einer Menge von 20% dient als L\u00f6sungs- und Konservierungsmittel und extrahiert und stabilisiert das gesamte bioaktive Spektrum des Pilzes w\u00e4hrend des dreifachen Prozesses. Vitamin D3 als Cholecalciferol in einer Menge von 1,5 \u03bcg (15% Tageswert) erg\u00e4nzt die Mischung und unterst\u00fctzt synergetisch die Knochengesundheit und Immunit\u00e4t.<\/p>\n<p dir=\"auto\">Diese einfache Zusammenstellung schlie\u00dft unn\u00f6tige F\u00fcllstoffe aus und gew\u00e4hrleistet die Eignung f\u00fcr Vegetarier und eine hohe Bioverf\u00fcgbarkeit. Die Ultraschallextraktion bewahrt Triterpene, Melanin und andere N\u00e4hrstoffe und standardisiert auf 30%-Polysaccharide, um die Wirksamkeit zu gew\u00e4hrleisten. Die Zutaten stammen aus verantwortungsvollen Quellen und werden sorgf\u00e4ltig behandelt, um ihre Wirksamkeit zu erhalten.<\/p>\n<p dir=\"auto\">Bewunderer loben den Minimalismus, der dem Trend zu einer sauberen, synthetik- und allergenfreien Ern\u00e4hrung entspricht. Die Kombination f\u00f6rdert die adaptogene Unterst\u00fctzung, die Stressreaktion und die allgemeine Widerstandsf\u00e4higkeit. Die Transparenz erm\u00f6glicht fundierte Entscheidungen und liefert Kraft aus dem Wald in fl\u00fcssiger Form.<\/p>\n<p dir=\"auto\"><strong>Warnung<\/strong> Au\u00dferhalb der Reichweite von Kindern aufbewahren. Konsultieren Sie Ihren Arzt vor der Einnahme, wenn Sie schwanger sind, stillen oder gesundheitliche Probleme haben. Dies ist ein Nahrungserg\u00e4nzungsmittel und sollte als solches verwendet werden.<\/p>\n<\/div>","protected":false},"excerpt":{"rendered":"<p dir=\"auto\">Entdecken Sie die uralte Kraft des Chaga-Fl\u00fcssigextrakts, ein wirkungsvolles Pilzpr\u00e4parat, das aus dem \"K\u00f6nig des Waldes\" gewonnen wird. Diese 30-ml-Flasche enth\u00e4lt 60 Dosen f\u00fcr einen Monatsvorrat mit einem konzentrierten Extrakt, der auf 30% Polysaccharide standardisiert ist, um die Immunfunktion, Zellgesundheit und Vitalit\u00e4t durch eine nat\u00fcrliche, vegetarierfreundliche Formel zu unterst\u00fctzen.<\/p>\n<h2 dir=\"auto\"><\/h2>","protected":false},"featured_media":32689,"template":"","meta":[],"product_brand":[],"product_cat":[475,297,521,523,533,515,476,486],"product_tag":[662],"class_list":{"0":"post-32683","1":"product","2":"type-product","3":"status-publish","4":"has-post-thumbnail","6":"product_cat-healthshop","7":"product_cat-all-products","8":"product_cat-medicinal-mushrooms","9":"product_cat-medicinal-mushrooms-supplements","10":"product_cat-recovery","11":"product_cat-shroomshop","12":"product_cat-smartshop","13":"product_cat-superfoods","14":"product_tag-shrdeal","15":"product_shipping_class-creditcard-on","17":"first","18":"instock","19":"taxable","20":"shipping-taxable","21":"purchasable","22":"product-type-variable","23":"has-default-attributes"},"_links":{"self":[{"href":"https:\/\/www.tatanka.nl\/de\/wp-json\/wp\/v2\/product\/32683","targetHints":{"allow":["GET"]}}],"collection":[{"href":"https:\/\/www.tatanka.nl\/de\/wp-json\/wp\/v2\/product"}],"about":[{"href":"https:\/\/www.tatanka.nl\/de\/wp-json\/wp\/v2\/types\/product"}],"wp:featuredmedia":[{"embeddable":true,"href":"https:\/\/www.tatanka.nl\/de\/wp-json\/wp\/v2\/media\/32689"}],"wp:attachment":[{"href":"https:\/\/www.tatanka.nl\/de\/wp-json\/wp\/v2\/media?parent=32683"}],"wp:term":[{"taxonomy":"product_brand","embeddable":true,"href":"https:\/\/www.tatanka.nl\/de\/wp-json\/wp\/v2\/product_brand?post=32683"},{"taxonomy":"product_cat","embeddable":true,"href":"https:\/\/www.tatanka.nl\/de\/wp-json\/wp\/v2\/product_cat?post=32683"},{"taxonomy":"product_tag","embeddable":true,"href":"https:\/\/www.tatanka.nl\/de\/wp-json\/wp\/v2\/product_tag?post=32683"}],"curies":[{"name":"wp","href":"https:\/\/api.w.org\/{rel}","templated":true}]}}