{"id":36399,"date":"2025-01-30T17:36:05","date_gmt":"2025-01-30T16:36:05","guid":{"rendered":"https:\/\/www.tatanka.nl\/?post_type=product&#038;p=36399"},"modified":"2025-11-28T12:48:33","modified_gmt":"2025-11-28T11:48:33","slug":"auto-ak-49","status":"publish","type":"product","link":"https:\/\/www.tatanka.nl\/de\/auto-ak-49\/","title":{"rendered":"Auto AK-49 - Vision Saatgut"},"content":{"rendered":"<h2>Auto AK-49 Cannabis-Samen von Vision Seeds<\/h2>\n<p>Auto AK-49 Cannabis-Samen sind einfach zu z\u00fcchten, geil, und einfach f\u00fcr Anf\u00e4nger.<\/p>\n<p>AK-49 Auto Cannabis Seeds von Vision Seeds ist die neue kleine, selbstbl\u00fchende Sch\u00f6nheit, die mit wenig Aufwand eine starke Wirkung erzielt. Durch die perfekte Kreuzung von zwei weiblichen Pflanzen zweier starker Rassen - AK-49 und Lowryder - wird dies wahrscheinlich einer Deiner Lieblingssamen \u00fcberhaupt sein, denn sie gibt Dir nicht nur alles, was Du von einer Pflanze erwartest (starke, robuste Gliedma\u00dfen, wo die buschigen Knospen den Boden treffen), sondern liefert auch starke, skunkige D\u00fcfte zusammen mit einigen frischen Nuancen. Alles zusammen ergibt eine winzige Version einer der bekanntesten Sorten \u00fcberhaupt: AK-49!<\/p>","protected":false},"excerpt":{"rendered":"<p>Diese perfekte Kreuzung von AK-49 und Lowryder f\u00fchrte zu einer stabilen, einfach zu z\u00fcchtenden und winzigen Version der weltber\u00fchmten, starken AK-49, die jeder kennt und liebt. Erwarten Sie, dass die Knospen ziemlich kompakt und dicht mit trichomlastigen Haaren gef\u00fcllt sind. Der Duft ist stark, aber skunky genug, um seine s\u00fc\u00dfe Frische zu erhalten.<\/p>","protected":false},"featured_media":36427,"template":"","meta":[],"product_brand":[],"product_cat":[546,297,547,548,638],"product_tag":[],"class_list":{"0":"post-36399","1":"product","2":"type-product","3":"status-publish","4":"has-post-thumbnail","6":"product_cat-seedshop","7":"product_cat-all-products","8":"product_cat-autoflowering-seeds","9":"product_cat-high-thc-seeds","10":"product_cat-vision-seeds","11":"product_shipping_class-creditcard-on","13":"first","14":"instock","15":"taxable","16":"shipping-taxable","17":"purchasable","18":"product-type-variable","19":"has-default-attributes"},"_links":{"self":[{"href":"https:\/\/www.tatanka.nl\/de\/wp-json\/wp\/v2\/product\/36399","targetHints":{"allow":["GET"]}}],"collection":[{"href":"https:\/\/www.tatanka.nl\/de\/wp-json\/wp\/v2\/product"}],"about":[{"href":"https:\/\/www.tatanka.nl\/de\/wp-json\/wp\/v2\/types\/product"}],"wp:featuredmedia":[{"embeddable":true,"href":"https:\/\/www.tatanka.nl\/de\/wp-json\/wp\/v2\/media\/36427"}],"wp:attachment":[{"href":"https:\/\/www.tatanka.nl\/de\/wp-json\/wp\/v2\/media?parent=36399"}],"wp:term":[{"taxonomy":"product_brand","embeddable":true,"href":"https:\/\/www.tatanka.nl\/de\/wp-json\/wp\/v2\/product_brand?post=36399"},{"taxonomy":"product_cat","embeddable":true,"href":"https:\/\/www.tatanka.nl\/de\/wp-json\/wp\/v2\/product_cat?post=36399"},{"taxonomy":"product_tag","embeddable":true,"href":"https:\/\/www.tatanka.nl\/de\/wp-json\/wp\/v2\/product_tag?post=36399"}],"curies":[{"name":"wp","href":"https:\/\/api.w.org\/{rel}","templated":true}]}}