{"id":36400,"date":"2025-01-30T17:36:05","date_gmt":"2025-01-30T16:36:05","guid":{"rendered":"https:\/\/www.tatanka.nl\/?post_type=product&#038;p=36400"},"modified":"2025-05-16T14:44:26","modified_gmt":"2025-05-16T13:44:26","slug":"auto-amnesia-haze","status":"publish","type":"product","link":"https:\/\/www.tatanka.nl\/de\/auto-amnesia-haze\/","title":{"rendered":"Auto Amnesia Haze - Vision Saatgut"},"content":{"rendered":"<h2>Auto Amnesia Haze Cannabis-Samen von Vision Seeds<\/h2>\n<p>Wahnsinn! Diese Auto Amnesia Haze Cannabis-Samen von Vision Seeds sind der Traum eines jeden Z\u00fcchters. Eine Kreuzung zwischen einer intensiven Sativa, der Sorte Amnesia Haze und Ruderalis, diese kleine Dame hat eine riesige Menge an Kraft mit Ertr\u00e4gen, die ihren unglaublichen Eigenschaften entsprechen.<\/p>\n<p>Manchmal m\u00f6chte ein Z\u00fcchter einfach einen Tag frei nehmen. Amnesia Haze ist daf\u00fcr bekannt, eine der produktivsten selbstbl\u00fchenden Sorten zu sein, aber das bedeutet nicht, dass Du so viel Arbeit investieren musst wie sie. Mit Auto AMNESIA HAZE Cannabis Seeds von Vision Seeds ist es endlich auch f\u00fcr Z\u00fcchter mit vollen Terminkalendern m\u00f6glich, etwas Gras zu genie\u00dfen, ohne sich dar\u00fcber Gedanken zu machen, was als n\u00e4chstes getan werden muss! Sie erhalten gesunde Ertr\u00e4ge von dieser winzigen Pflanze und eine spektakul\u00e4re Harzproduktion bei geringem Zeitaufwand. Tolle Sorte.<\/p>","protected":false},"excerpt":{"rendered":"<p>Vision Seeds Amnesia Haze Auto Cannabis Seeds sind ein Favorit in unserem Outdoor-Anbau! Noch mehr verr\u00fcckter, ertragreicher Rauch mit erstaunlichem Sativa-High. Schauen Sie sich diese Auto-Cannabis-Samen von Vision Seeds an, wenn Sie hochwertiges Gras rauchen wollen, das automatisch w\u00e4chst!<\/p>","protected":false},"featured_media":36429,"template":"","meta":[],"product_brand":[],"product_cat":[546,297,547,548,638],"product_tag":[],"class_list":{"0":"post-36400","1":"product","2":"type-product","3":"status-publish","4":"has-post-thumbnail","6":"product_cat-seedshop","7":"product_cat-all-products","8":"product_cat-autoflowering-seeds","9":"product_cat-high-thc-seeds","10":"product_cat-vision-seeds","11":"product_shipping_class-creditcard-on","13":"first","14":"instock","15":"taxable","16":"shipping-taxable","17":"purchasable","18":"product-type-variable","19":"has-default-attributes"},"_links":{"self":[{"href":"https:\/\/www.tatanka.nl\/de\/wp-json\/wp\/v2\/product\/36400","targetHints":{"allow":["GET"]}}],"collection":[{"href":"https:\/\/www.tatanka.nl\/de\/wp-json\/wp\/v2\/product"}],"about":[{"href":"https:\/\/www.tatanka.nl\/de\/wp-json\/wp\/v2\/types\/product"}],"wp:featuredmedia":[{"embeddable":true,"href":"https:\/\/www.tatanka.nl\/de\/wp-json\/wp\/v2\/media\/36429"}],"wp:attachment":[{"href":"https:\/\/www.tatanka.nl\/de\/wp-json\/wp\/v2\/media?parent=36400"}],"wp:term":[{"taxonomy":"product_brand","embeddable":true,"href":"https:\/\/www.tatanka.nl\/de\/wp-json\/wp\/v2\/product_brand?post=36400"},{"taxonomy":"product_cat","embeddable":true,"href":"https:\/\/www.tatanka.nl\/de\/wp-json\/wp\/v2\/product_cat?post=36400"},{"taxonomy":"product_tag","embeddable":true,"href":"https:\/\/www.tatanka.nl\/de\/wp-json\/wp\/v2\/product_tag?post=36400"}],"curies":[{"name":"wp","href":"https:\/\/api.w.org\/{rel}","templated":true}]}}