{"id":36402,"date":"2025-01-30T17:36:06","date_gmt":"2025-01-30T16:36:06","guid":{"rendered":"https:\/\/www.tatanka.nl\/?post_type=product&#038;p=36402"},"modified":"2025-05-16T14:43:14","modified_gmt":"2025-05-16T13:43:14","slug":"auto-delhi-cheese","status":"publish","type":"product","link":"https:\/\/www.tatanka.nl\/de\/auto-delhi-cheese\/","title":{"rendered":"Auto Delhi Cheese - Vision Seeds"},"content":{"rendered":"<h2><span data-sheets-value=\"{&quot;1&quot;:2,&quot;2&quot;:&quot;Auto Delhi Cheese&quot;}\" data-sheets-userformat=\"{&quot;2&quot;:14915,&quot;3&quot;:{&quot;1&quot;:0},&quot;4&quot;:{&quot;1&quot;:2,&quot;2&quot;:11982760},&quot;9&quot;:0,&quot;12&quot;:0,&quot;14&quot;:{&quot;1&quot;:2,&quot;2&quot;:0},&quot;15&quot;:&quot;Calibri&quot;,&quot;16&quot;:12}\">Auto Delhi Cheese<\/span> Cannabis-Samen von Vision Seeds<\/h2>\n<p>Hochwertige Cheese-Genetik f\u00fcr alle Puff-Liebhaber! Vision Seeds Delhi Cheese Auto ist perfekt f\u00fcr die weicheren Inhalatoren unter den Greifern. Diese Pflanze hat in der Regel eine geringere THC-Produktion als andere Auto-Sorten auf dieser Liste, aber keine Sorge - es gibt immer noch jede Menge gutes Zeug mit dieser g\u00f6ttlichen Genetik-G\u00f6ttin zu genie\u00dfen.<\/p>\n<p>Es dauert nur 10 Wochen, bis sie dir deine sorgf\u00e4ltig gepfl\u00fcckte Charge \u00fcbergibt, also sei geduldig und mach dich bereit f\u00fcr ein puffiges Erlebnis! Der Geruch w\u00e4hrend des Wachstums und beim Rauchen ist ziemlich ausgepr\u00e4gt - also sei darauf vorbereitet.<\/p>","protected":false},"excerpt":{"rendered":"<p>Delhi Cheese Auto ist das perfekte Vergn\u00fcgen eines Liebhabers von weichem Puff. Der Purist unter den Kiffern wird sie als \u00e4u\u00dferst raffiniert und gleicherma\u00dfen potent empfinden - hier wird kein bisschen K\u00e4se verschwendet! Willst du den Geschmack, den du nur von den hochwertigsten handverlesenen Sorten bekommst? Dann ist Delhi Cheese Auto genau das Richtige f\u00fcr Sie.<\/p>","protected":false},"featured_media":36431,"template":"","meta":[],"product_brand":[],"product_cat":[546,297,547,638],"product_tag":[],"class_list":{"0":"post-36402","1":"product","2":"type-product","3":"status-publish","4":"has-post-thumbnail","6":"product_cat-seedshop","7":"product_cat-all-products","8":"product_cat-autoflowering-seeds","9":"product_cat-vision-seeds","10":"product_shipping_class-creditcard-on","12":"first","13":"instock","14":"taxable","15":"shipping-taxable","16":"purchasable","17":"product-type-variable","18":"has-default-attributes"},"_links":{"self":[{"href":"https:\/\/www.tatanka.nl\/de\/wp-json\/wp\/v2\/product\/36402","targetHints":{"allow":["GET"]}}],"collection":[{"href":"https:\/\/www.tatanka.nl\/de\/wp-json\/wp\/v2\/product"}],"about":[{"href":"https:\/\/www.tatanka.nl\/de\/wp-json\/wp\/v2\/types\/product"}],"wp:featuredmedia":[{"embeddable":true,"href":"https:\/\/www.tatanka.nl\/de\/wp-json\/wp\/v2\/media\/36431"}],"wp:attachment":[{"href":"https:\/\/www.tatanka.nl\/de\/wp-json\/wp\/v2\/media?parent=36402"}],"wp:term":[{"taxonomy":"product_brand","embeddable":true,"href":"https:\/\/www.tatanka.nl\/de\/wp-json\/wp\/v2\/product_brand?post=36402"},{"taxonomy":"product_cat","embeddable":true,"href":"https:\/\/www.tatanka.nl\/de\/wp-json\/wp\/v2\/product_cat?post=36402"},{"taxonomy":"product_tag","embeddable":true,"href":"https:\/\/www.tatanka.nl\/de\/wp-json\/wp\/v2\/product_tag?post=36402"}],"curies":[{"name":"wp","href":"https:\/\/api.w.org\/{rel}","templated":true}]}}