{"id":36403,"date":"2025-01-30T17:36:06","date_gmt":"2025-01-30T16:36:06","guid":{"rendered":"https:\/\/www.tatanka.nl\/?post_type=product&#038;p=36403"},"modified":"2025-05-16T14:43:21","modified_gmt":"2025-05-16T13:43:21","slug":"auto-doctor-jamaica","status":"publish","type":"product","link":"https:\/\/www.tatanka.nl\/de\/auto-doctor-jamaica\/","title":{"rendered":"Auto Doctor Jamaica - Vision Saatgut"},"content":{"rendered":"<h2><span data-sheets-value=\"{&quot;1&quot;:2,&quot;2&quot;:&quot;Auto Doctor Jamaica&quot;}\" data-sheets-userformat=\"{&quot;2&quot;:14915,&quot;3&quot;:{&quot;1&quot;:0},&quot;4&quot;:{&quot;1&quot;:2,&quot;2&quot;:11982760},&quot;9&quot;:0,&quot;12&quot;:0,&quot;14&quot;:{&quot;1&quot;:2,&quot;2&quot;:0},&quot;15&quot;:&quot;Calibri&quot;,&quot;16&quot;:12}\">Auto Doctor Jamaica<\/span> Cannabis-Samen von Vision Seeds<\/h2>\n<p>Willst du einen Neuanfang im neuen Jahr? Diese Cannabis-Samen sind alles, wonach Sie gesucht haben. Stell Dir diesen warmen, sonnigen, kalifornischen Tag vor, an dem Deine Pflanze in ihren Anf\u00e4ngen gedeiht und w\u00e4chst, dank der Erfahrung der Z\u00fcchter der alten Schule, die vor uns kamen. Sie wollten eine Sorte, die jeder mit Leichtigkeit anbauen kann, vom Samen bis zur Bl\u00fcte in weniger als zwei Monaten. Es ist leicht zu erkennen, warum diese Marihuana-Samen nach ihrer Entdeckung so beliebt wurden - der hohe THC-Gehalt macht sie zu einer ausgezeichneten Wahl f\u00fcr den Einstieg in die Medizin oder den Freizeitkonsum.<\/p>\n<p>Aber was noch wichtiger ist? Selbst wenn Sie noch nie Marihuana angebaut haben, hatte Vision dieses M\u00e4dchen Z\u00fcchter zu widerstehen \u00fcber alles. Eine gro\u00dfartige Wahl f\u00fcr eine Sorte!<\/p>","protected":false},"excerpt":{"rendered":"<p>Wenn Sie auf der Suche nach einer qualitativ hochwertigen und einfach zu z\u00fcchtenden Sorte sind, haben Sie mit den Auto Doctor Jamaica Cannabis Seeds genau das Richtige gefunden! Diese herrliche Pflanze verstr\u00f6mt ein Orangen- und Zitronenaroma, w\u00e4hrend sie starke Gef\u00fchle der Euphorie hervorruft. Sie ist eine gro\u00dfartige Einstiegssorte, die perfekt f\u00fcr Menschen ist, die sich nicht traurig oder deprimiert f\u00fchlen wollen.<\/p>","protected":false},"featured_media":36432,"template":"","meta":[],"product_brand":[],"product_cat":[546,297,547,548,638],"product_tag":[],"class_list":{"0":"post-36403","1":"product","2":"type-product","3":"status-publish","4":"has-post-thumbnail","6":"product_cat-seedshop","7":"product_cat-all-products","8":"product_cat-autoflowering-seeds","9":"product_cat-high-thc-seeds","10":"product_cat-vision-seeds","11":"product_shipping_class-creditcard-on","13":"first","14":"instock","15":"taxable","16":"shipping-taxable","17":"purchasable","18":"product-type-variable","19":"has-default-attributes"},"_links":{"self":[{"href":"https:\/\/www.tatanka.nl\/de\/wp-json\/wp\/v2\/product\/36403","targetHints":{"allow":["GET"]}}],"collection":[{"href":"https:\/\/www.tatanka.nl\/de\/wp-json\/wp\/v2\/product"}],"about":[{"href":"https:\/\/www.tatanka.nl\/de\/wp-json\/wp\/v2\/types\/product"}],"wp:featuredmedia":[{"embeddable":true,"href":"https:\/\/www.tatanka.nl\/de\/wp-json\/wp\/v2\/media\/36432"}],"wp:attachment":[{"href":"https:\/\/www.tatanka.nl\/de\/wp-json\/wp\/v2\/media?parent=36403"}],"wp:term":[{"taxonomy":"product_brand","embeddable":true,"href":"https:\/\/www.tatanka.nl\/de\/wp-json\/wp\/v2\/product_brand?post=36403"},{"taxonomy":"product_cat","embeddable":true,"href":"https:\/\/www.tatanka.nl\/de\/wp-json\/wp\/v2\/product_cat?post=36403"},{"taxonomy":"product_tag","embeddable":true,"href":"https:\/\/www.tatanka.nl\/de\/wp-json\/wp\/v2\/product_tag?post=36403"}],"curies":[{"name":"wp","href":"https:\/\/api.w.org\/{rel}","templated":true}]}}