{"id":36404,"date":"2025-01-30T17:36:06","date_gmt":"2025-01-30T16:36:06","guid":{"rendered":"https:\/\/www.tatanka.nl\/?post_type=product&#038;p=36404"},"modified":"2025-05-16T14:43:56","modified_gmt":"2025-05-16T13:43:56","slug":"auto-la-blanca-gold","status":"publish","type":"product","link":"https:\/\/www.tatanka.nl\/de\/auto-la-blanca-gold\/","title":{"rendered":"Auto La Blanca Gold - Vision Saatgut"},"content":{"rendered":"<h2><span data-sheets-value=\"{&quot;1&quot;:2,&quot;2&quot;:&quot;Auto La Blanca Gold&quot;}\" data-sheets-userformat=\"{&quot;2&quot;:14915,&quot;3&quot;:{&quot;1&quot;:0},&quot;4&quot;:{&quot;1&quot;:2,&quot;2&quot;:13228792},&quot;9&quot;:0,&quot;12&quot;:0,&quot;14&quot;:{&quot;1&quot;:2,&quot;2&quot;:0},&quot;15&quot;:&quot;Calibri&quot;,&quot;16&quot;:12}\">Auto La Blanca Gold <\/span>Cannabis-Samen von Vision Seeds<\/h2>\n<p>Wir alle kennen das - man nimmt einen kleinen Zug und m\u00f6chte sich am liebsten zusammenrollen. Wenn Sie mit den weniger als idealen Wirkungen von Cannabis zu k\u00e4mpfen haben, ist es vielleicht an der Zeit, La Blanca Gold Auto Cannabis Seeds von Vision Seeds (40% Sativa) einen Versuch zu geben.<\/p>\n<p>100% feminisiert mit erstaunlicher Genetik, die kleine Blumen sicher f\u00fcr den pers\u00f6nlichen Gebrauch produziert, wird diese Sorte kleine unauff\u00e4llige Pflanzen wachsen, dass der Rauch nicht in den Weg Ihrer produktiven Tag bekommen. Mit klassischen Skunk-Genen und s\u00fc\u00dfen Noten von Zitrusfr\u00fcchten und Lavendel ist diese Blume perfekt f\u00fcr den Tagesgebrauch. Eine wirklich besondere Dame!<\/p>","protected":false},"excerpt":{"rendered":"<p>La Blanca Gold kann eine interessante Wahl f\u00fcr Kiffer sein, die es lieben, nach dem Rauchen ihres Joints produktiv zu sein, oder die einfach kleinere Pflanzen f\u00fcr den ganz pers\u00f6nlichen Gebrauch anbauen m\u00f6chten. Man braucht keine Pflanze mit hohem THC-Gehalt, um das Leben eines t\u00e4glichen Cannabiskonsumenten zu genie\u00dfen. Sie ist so eine Sch\u00f6nheit!<\/p>","protected":false},"featured_media":36433,"template":"","meta":[],"product_brand":[],"product_cat":[546,297,547,638],"product_tag":[],"class_list":{"0":"post-36404","1":"product","2":"type-product","3":"status-publish","4":"has-post-thumbnail","6":"product_cat-seedshop","7":"product_cat-all-products","8":"product_cat-autoflowering-seeds","9":"product_cat-vision-seeds","10":"product_shipping_class-creditcard-on","12":"first","13":"instock","14":"taxable","15":"shipping-taxable","16":"purchasable","17":"product-type-variable","18":"has-default-attributes"},"_links":{"self":[{"href":"https:\/\/www.tatanka.nl\/de\/wp-json\/wp\/v2\/product\/36404","targetHints":{"allow":["GET"]}}],"collection":[{"href":"https:\/\/www.tatanka.nl\/de\/wp-json\/wp\/v2\/product"}],"about":[{"href":"https:\/\/www.tatanka.nl\/de\/wp-json\/wp\/v2\/types\/product"}],"wp:featuredmedia":[{"embeddable":true,"href":"https:\/\/www.tatanka.nl\/de\/wp-json\/wp\/v2\/media\/36433"}],"wp:attachment":[{"href":"https:\/\/www.tatanka.nl\/de\/wp-json\/wp\/v2\/media?parent=36404"}],"wp:term":[{"taxonomy":"product_brand","embeddable":true,"href":"https:\/\/www.tatanka.nl\/de\/wp-json\/wp\/v2\/product_brand?post=36404"},{"taxonomy":"product_cat","embeddable":true,"href":"https:\/\/www.tatanka.nl\/de\/wp-json\/wp\/v2\/product_cat?post=36404"},{"taxonomy":"product_tag","embeddable":true,"href":"https:\/\/www.tatanka.nl\/de\/wp-json\/wp\/v2\/product_tag?post=36404"}],"curies":[{"name":"wp","href":"https:\/\/api.w.org\/{rel}","templated":true}]}}