{"id":36408,"date":"2025-01-30T17:36:06","date_gmt":"2025-01-30T16:36:06","guid":{"rendered":"https:\/\/www.tatanka.nl\/?post_type=product&#038;p=36408"},"modified":"2025-05-16T14:44:17","modified_gmt":"2025-05-16T13:44:17","slug":"auto-vision-caramello","status":"publish","type":"product","link":"https:\/\/www.tatanka.nl\/de\/auto-vision-caramello\/","title":{"rendered":"Auto Vision Caramello - Vision Saatgut"},"content":{"rendered":"<h2><span data-sheets-value=\"{&quot;1&quot;:2,&quot;2&quot;:&quot;Auto Vision Caramello&quot;}\" data-sheets-userformat=\"{&quot;2&quot;:14915,&quot;3&quot;:{&quot;1&quot;:0},&quot;4&quot;:{&quot;1&quot;:2,&quot;2&quot;:16777215},&quot;9&quot;:0,&quot;12&quot;:0,&quot;14&quot;:{&quot;1&quot;:2,&quot;2&quot;:0},&quot;15&quot;:&quot;Calibri&quot;,&quot;16&quot;:12}\">Auto Vision Caramello<\/span> Cannabis-Samen von Vision Seeds<\/h2>\n<p>Auto Vision Caramello Cannabis-Samen sind eine gro\u00dfartige Wahl f\u00fcr alle frechen und ultra-s\u00fc\u00dfen Cannabis-Raucher in der Welt! Erwarten Sie, dass diese Samen einen h\u00f6heren CBD-Gehalt haben, was die Z\u00fcge beruhigender macht, auch wenn sie immer noch dick mit Harz sind.<\/p>\n<p>Sei bereit, weggeblasen zu werden, wenn Du dieses k\u00f6stlich reichhaltige Terpen-Aroma probierst. Es gibt einen guten CBD-Gehalt in diesem Baby, der den Rausch angenehm und entspannend macht. Ist sie wirklich die Karamellk\u00f6nigin, nach der Sie gesucht haben? Und ob!<\/p>","protected":false},"excerpt":{"rendered":"<p>Vision's Caramello Auto ist eine feminisierte Sorte, die auch einen hohen CBD-Gehalt hat. Genie\u00dfen Sie den angenehmen karamellartigen Geschmack dieses erstaunlichen Cannabis-Hybridsamens! Die s\u00fc\u00dfen, starken Bl\u00fcten sind perfekt f\u00fcr Menschen, die stinkende Karamellen mit einer Aura der Ruhe genie\u00dfen wollen. Erwarten Sie einen sehr ausgewogenen Zug, mein lieber Kifferfreund!<\/p>","protected":false},"featured_media":36437,"template":"","meta":[],"product_brand":[],"product_cat":[546,297,547,548,638],"product_tag":[],"class_list":{"0":"post-36408","1":"product","2":"type-product","3":"status-publish","4":"has-post-thumbnail","6":"product_cat-seedshop","7":"product_cat-all-products","8":"product_cat-autoflowering-seeds","9":"product_cat-high-thc-seeds","10":"product_cat-vision-seeds","11":"product_shipping_class-creditcard-on","13":"first","14":"instock","15":"taxable","16":"shipping-taxable","17":"purchasable","18":"product-type-variable","19":"has-default-attributes"},"_links":{"self":[{"href":"https:\/\/www.tatanka.nl\/de\/wp-json\/wp\/v2\/product\/36408","targetHints":{"allow":["GET"]}}],"collection":[{"href":"https:\/\/www.tatanka.nl\/de\/wp-json\/wp\/v2\/product"}],"about":[{"href":"https:\/\/www.tatanka.nl\/de\/wp-json\/wp\/v2\/types\/product"}],"wp:featuredmedia":[{"embeddable":true,"href":"https:\/\/www.tatanka.nl\/de\/wp-json\/wp\/v2\/media\/36437"}],"wp:attachment":[{"href":"https:\/\/www.tatanka.nl\/de\/wp-json\/wp\/v2\/media?parent=36408"}],"wp:term":[{"taxonomy":"product_brand","embeddable":true,"href":"https:\/\/www.tatanka.nl\/de\/wp-json\/wp\/v2\/product_brand?post=36408"},{"taxonomy":"product_cat","embeddable":true,"href":"https:\/\/www.tatanka.nl\/de\/wp-json\/wp\/v2\/product_cat?post=36408"},{"taxonomy":"product_tag","embeddable":true,"href":"https:\/\/www.tatanka.nl\/de\/wp-json\/wp\/v2\/product_tag?post=36408"}],"curies":[{"name":"wp","href":"https:\/\/api.w.org\/{rel}","templated":true}]}}