{"id":36409,"date":"2025-01-30T17:36:07","date_gmt":"2025-01-30T16:36:07","guid":{"rendered":"https:\/\/www.tatanka.nl\/?post_type=product&#038;p=36409"},"modified":"2025-05-16T14:42:54","modified_gmt":"2025-05-16T13:42:54","slug":"auto-vision-critical","status":"publish","type":"product","link":"https:\/\/www.tatanka.nl\/de\/auto-vision-critical\/","title":{"rendered":"Auto Vision Critical - Vision Saatgut"},"content":{"rendered":"<h2><span data-sheets-value=\"{&quot;1&quot;:2,&quot;2&quot;:&quot;Auto Vision Critical&quot;}\" data-sheets-userformat=\"{&quot;2&quot;:14915,&quot;3&quot;:{&quot;1&quot;:0},&quot;4&quot;:{&quot;1&quot;:2,&quot;2&quot;:14281427},&quot;9&quot;:0,&quot;12&quot;:0,&quot;14&quot;:{&quot;1&quot;:2,&quot;2&quot;:0},&quot;15&quot;:&quot;Calibri&quot;,&quot;16&quot;:12}\">Auto Vision Critical <\/span>Cannabis-Samen von Vision Seeds<\/h2>\n<p>Klein und diskret, aber nicht zu arm an THC. Du wirst Dir keine Sorgen machen m\u00fcssen, dass diese Damen Dir Deinen heimlichen Anbau vermasseln. Sie ist perfekt, wenn Du einfach nur ein bisschen bet\u00e4ubende Entspannung willst, ohne dass Du dabei allzu gro\u00dfe soziale \u00c4ngste bekommst. Dieses spa\u00dfige und einnehmende autoflowering Baby ist etwas, das selbst die unerfahrensten Z\u00fcchter mit relativer Leichtigkeit handhaben k\u00f6nnen!<\/p>\n<p>Vision Seeds Vision Critical Auto ist die perfekte Sorte, wenn Sie auf der Suche nach einer Sorte sind, die sich gut anbauen l\u00e4sst und erstklassige Geschmacksrichtungen, Aromen und Effekte bietet. Da sie eine gute Wahl f\u00fcr den heimlichen Anbau ist, ist sie ein Kinderspiel f\u00fcr diejenigen, die eine kleine Pflanze suchen, die diskret vor Passanten versteckt werden kann. Dar\u00fcber hinaus spielt es keine Rolle, ob sie geil oder aromatisch ist, denn dieses M\u00e4dchen entt\u00e4uscht nicht!<\/p>","protected":false},"excerpt":{"rendered":"<p>Sie macht es auf ihre Weise und sie ist einfach perfekt. Vision Critical Auto liefert einen sanften, nicht zu THC-lastigen, entspannten und chilligen Zug, der viele mit dem einzigartigen und lieblichen Aroma von Zitrusfr\u00fcchten, Gew\u00fcrzen und H\u00f6lzern erfreuen wird. Oh, und sie ist perfekt f\u00fcr die ultra-stealth-Grower. Versuchen Sie es selbst und Sie werden sie lieben!<\/p>","protected":false},"featured_media":36438,"template":"","meta":[],"product_brand":[],"product_cat":[546,297,547,638],"product_tag":[],"class_list":{"0":"post-36409","1":"product","2":"type-product","3":"status-publish","4":"has-post-thumbnail","6":"product_cat-seedshop","7":"product_cat-all-products","8":"product_cat-autoflowering-seeds","9":"product_cat-vision-seeds","10":"product_shipping_class-creditcard-on","12":"first","13":"instock","14":"taxable","15":"shipping-taxable","16":"purchasable","17":"product-type-variable","18":"has-default-attributes"},"_links":{"self":[{"href":"https:\/\/www.tatanka.nl\/de\/wp-json\/wp\/v2\/product\/36409","targetHints":{"allow":["GET"]}}],"collection":[{"href":"https:\/\/www.tatanka.nl\/de\/wp-json\/wp\/v2\/product"}],"about":[{"href":"https:\/\/www.tatanka.nl\/de\/wp-json\/wp\/v2\/types\/product"}],"wp:featuredmedia":[{"embeddable":true,"href":"https:\/\/www.tatanka.nl\/de\/wp-json\/wp\/v2\/media\/36438"}],"wp:attachment":[{"href":"https:\/\/www.tatanka.nl\/de\/wp-json\/wp\/v2\/media?parent=36409"}],"wp:term":[{"taxonomy":"product_brand","embeddable":true,"href":"https:\/\/www.tatanka.nl\/de\/wp-json\/wp\/v2\/product_brand?post=36409"},{"taxonomy":"product_cat","embeddable":true,"href":"https:\/\/www.tatanka.nl\/de\/wp-json\/wp\/v2\/product_cat?post=36409"},{"taxonomy":"product_tag","embeddable":true,"href":"https:\/\/www.tatanka.nl\/de\/wp-json\/wp\/v2\/product_tag?post=36409"}],"curies":[{"name":"wp","href":"https:\/\/api.w.org\/{rel}","templated":true}]}}