{"id":36411,"date":"2025-01-30T17:36:07","date_gmt":"2025-01-30T16:36:07","guid":{"rendered":"https:\/\/www.tatanka.nl\/?post_type=product&#038;p=36411"},"modified":"2025-05-16T14:42:58","modified_gmt":"2025-05-16T13:42:58","slug":"auto-vision-gorilla","status":"publish","type":"product","link":"https:\/\/www.tatanka.nl\/de\/auto-vision-gorilla\/","title":{"rendered":"Auto Vision Gorilla - Vision Saatgut"},"content":{"rendered":"<h2><span data-sheets-value=\"{&quot;1&quot;:2,&quot;2&quot;:&quot;Auto Vision Gorilla&quot;}\" data-sheets-userformat=\"{&quot;2&quot;:14915,&quot;3&quot;:{&quot;1&quot;:0},&quot;4&quot;:{&quot;1&quot;:2,&quot;2&quot;:16043212},&quot;9&quot;:0,&quot;12&quot;:0,&quot;14&quot;:{&quot;1&quot;:2,&quot;2&quot;:0},&quot;15&quot;:&quot;Calibri&quot;,&quot;16&quot;:12}\">Auto Vision Gorilla<\/span> Cannabis-Samen von Vision Seeds<\/h2>\n<p>Diese Sorte ist die von den meisten Anf\u00e4ngern am meisten gew\u00e4hlte autoflowering K\u00f6nigin aufgrund ihrer einzigartigen Eigenschaften - Vision Gorilla Auto besitzt einen Zitrusgeschmack, mit starken Noten von Kiefernholz, und s\u00fc\u00df-saurem Geschmack.<\/p>\n<p>Die Vision Gorilla Auto Cannabis Seeds sind perfekt f\u00fcr Sie, wenn Sie Ihre eigenen autoflowering Cannabispflanzen anbauen m\u00f6chten, die eine schnelle Bl\u00fctezeit und einen hohen THC-Gehalt haben. Und ja, diese Sorte ist resistent gegen Sch\u00e4dlinge\/Krankheiten, was sie noch besser macht, denn niemand hat die Energie, sich damit zu besch\u00e4ftigen. Mit dem gro\u00dfartigen Geschmack von Zitrusfr\u00fcchten und einem Hauch von Kiefernholz ist dieses M\u00e4dchen perfekt f\u00fcr dich!<\/p>","protected":false},"excerpt":{"rendered":"<p>Vision Seeds Vision Gorilla Auto ist eine der beliebtesten autoflowering Sorten aufgrund ihres hohen THC-Gehalts, ihres einfachen Anbaus in k\u00e4lteren Klimazonen und des modernen Geschmacks, den sie bietet. Diese Sorte wurde von der niederl\u00e4ndischen Firma Vision Seeds f\u00fcr den Innenbereich gez\u00fcchtet und eignet sich hervorragend f\u00fcr Anbauprofis, die mit selbstbl\u00fchenden Marihuanapflanzen beginnen m\u00f6chten!<\/p>","protected":false},"featured_media":36440,"template":"","meta":[],"product_brand":[],"product_cat":[546,297,547,548,638],"product_tag":[],"class_list":{"0":"post-36411","1":"product","2":"type-product","3":"status-publish","4":"has-post-thumbnail","6":"product_cat-seedshop","7":"product_cat-all-products","8":"product_cat-autoflowering-seeds","9":"product_cat-high-thc-seeds","10":"product_cat-vision-seeds","11":"product_shipping_class-creditcard-on","13":"first","14":"instock","15":"taxable","16":"shipping-taxable","17":"purchasable","18":"product-type-variable","19":"has-default-attributes"},"_links":{"self":[{"href":"https:\/\/www.tatanka.nl\/de\/wp-json\/wp\/v2\/product\/36411","targetHints":{"allow":["GET"]}}],"collection":[{"href":"https:\/\/www.tatanka.nl\/de\/wp-json\/wp\/v2\/product"}],"about":[{"href":"https:\/\/www.tatanka.nl\/de\/wp-json\/wp\/v2\/types\/product"}],"wp:featuredmedia":[{"embeddable":true,"href":"https:\/\/www.tatanka.nl\/de\/wp-json\/wp\/v2\/media\/36440"}],"wp:attachment":[{"href":"https:\/\/www.tatanka.nl\/de\/wp-json\/wp\/v2\/media?parent=36411"}],"wp:term":[{"taxonomy":"product_brand","embeddable":true,"href":"https:\/\/www.tatanka.nl\/de\/wp-json\/wp\/v2\/product_brand?post=36411"},{"taxonomy":"product_cat","embeddable":true,"href":"https:\/\/www.tatanka.nl\/de\/wp-json\/wp\/v2\/product_cat?post=36411"},{"taxonomy":"product_tag","embeddable":true,"href":"https:\/\/www.tatanka.nl\/de\/wp-json\/wp\/v2\/product_tag?post=36411"}],"curies":[{"name":"wp","href":"https:\/\/api.w.org\/{rel}","templated":true}]}}