{"id":36413,"date":"2025-01-30T17:36:07","date_gmt":"2025-01-30T16:36:07","guid":{"rendered":"https:\/\/www.tatanka.nl\/?post_type=product&#038;p=36413"},"modified":"2025-05-16T14:43:05","modified_gmt":"2025-05-16T13:43:05","slug":"auto-vision-jack","status":"publish","type":"product","link":"https:\/\/www.tatanka.nl\/de\/auto-vision-jack\/","title":{"rendered":"Auto Vision Jack - Vision Seeds"},"content":{"rendered":"<h2><span data-sheets-value=\"{&quot;1&quot;:2,&quot;2&quot;:&quot;Auto Vision Jack&quot;}\" data-sheets-userformat=\"{&quot;2&quot;:14915,&quot;3&quot;:{&quot;1&quot;:0},&quot;4&quot;:{&quot;1&quot;:2,&quot;2&quot;:13689059},&quot;9&quot;:0,&quot;12&quot;:0,&quot;14&quot;:{&quot;1&quot;:2,&quot;2&quot;:0},&quot;15&quot;:&quot;Calibri&quot;,&quot;16&quot;:12}\">Auto Vision Jack <\/span>Cannabis-Samen von Vision Seeds<\/h2>\n<p>Vision Seeds Vision Jack Auto hat den gleichen skunkigen Geschmack und das gleiche Gef\u00fchl wie ihre gro\u00dfe Schwester, aber diese Sorte wurde speziell gez\u00fcchtet, um drinnen oder drau\u00dfen zu wachsen, egal was - das hei\u00dft, wenn Sie nur eine autoflowering Pflanze suchen, k\u00f6nnen Sie mit Vision Seeds Vision Jack Auto absolut nichts falsch machen.<\/p>\n<p>Auto Vision Jack Hanfsamen sind ein Hybrid aus Sativa und Ruderalis Cannabis. Mit starkem Skunk-Geschmack und kr\u00e4ftigen Moschusnoten ist dies eine Sorte, die Sie gerne in Ihrem Vorrat haben werden! Die Knospen riechen leicht w\u00fcrzig und werden Dich nach nur ein paar Z\u00fcgen mit klaren Gedanken und erh\u00f6htem Energieniveau befl\u00fcgeln. Dies ist Autoflowering vom Feinsten: schnell bl\u00fchend f\u00fcr ein einfacheres Wachstumserlebnis, kombiniert mit der ganzen Kraft der Classic Ruderalis, die wir so sehr lieben.<\/p>","protected":false},"excerpt":{"rendered":"<p>Machen Sie sich bereit, den besten Geschmack der ber\u00fchmten Sativa-Sorte Jack Herer zu erleben! Einfach ausgedr\u00fcckt, ist dies eine dieser Geschmacksrichtungen, die Du nach dem Probieren nicht mehr vergessen kannst. Die einzigartigen w\u00fcrzigen und moschusartigen Aromen stammen von ihrer Ruderalis-Genetik und sorgen f\u00fcr einen \"Komplex wie kein anderer\". Solch ein komplexer Geschmack kommt mit ebenso komplexen, aber angenehmen Wirkungen!<\/p>","protected":false},"featured_media":36441,"template":"","meta":[],"product_brand":[],"product_cat":[546,297,547,548,638],"product_tag":[],"class_list":{"0":"post-36413","1":"product","2":"type-product","3":"status-publish","4":"has-post-thumbnail","6":"product_cat-seedshop","7":"product_cat-all-products","8":"product_cat-autoflowering-seeds","9":"product_cat-high-thc-seeds","10":"product_cat-vision-seeds","11":"product_shipping_class-creditcard-on","13":"first","14":"instock","15":"taxable","16":"shipping-taxable","17":"purchasable","18":"product-type-variable","19":"has-default-attributes"},"_links":{"self":[{"href":"https:\/\/www.tatanka.nl\/de\/wp-json\/wp\/v2\/product\/36413","targetHints":{"allow":["GET"]}}],"collection":[{"href":"https:\/\/www.tatanka.nl\/de\/wp-json\/wp\/v2\/product"}],"about":[{"href":"https:\/\/www.tatanka.nl\/de\/wp-json\/wp\/v2\/types\/product"}],"wp:featuredmedia":[{"embeddable":true,"href":"https:\/\/www.tatanka.nl\/de\/wp-json\/wp\/v2\/media\/36441"}],"wp:attachment":[{"href":"https:\/\/www.tatanka.nl\/de\/wp-json\/wp\/v2\/media?parent=36413"}],"wp:term":[{"taxonomy":"product_brand","embeddable":true,"href":"https:\/\/www.tatanka.nl\/de\/wp-json\/wp\/v2\/product_brand?post=36413"},{"taxonomy":"product_cat","embeddable":true,"href":"https:\/\/www.tatanka.nl\/de\/wp-json\/wp\/v2\/product_cat?post=36413"},{"taxonomy":"product_tag","embeddable":true,"href":"https:\/\/www.tatanka.nl\/de\/wp-json\/wp\/v2\/product_tag?post=36413"}],"curies":[{"name":"wp","href":"https:\/\/api.w.org\/{rel}","templated":true}]}}