{"id":36416,"date":"2025-01-30T17:36:08","date_gmt":"2025-01-30T16:36:08","guid":{"rendered":"https:\/\/www.tatanka.nl\/?post_type=product&#038;p=36416"},"modified":"2025-05-16T14:41:01","modified_gmt":"2025-05-16T13:41:01","slug":"ak-49","status":"publish","type":"product","link":"https:\/\/www.tatanka.nl\/de\/ak-49\/","title":{"rendered":"AK-49 - Vision Saatgut"},"content":{"rendered":"<h2><span data-sheets-value=\"{&quot;1&quot;:2,&quot;2&quot;:&quot;AK-49&quot;}\" data-sheets-userformat=\"{&quot;2&quot;:14915,&quot;3&quot;:{&quot;1&quot;:0},&quot;4&quot;:{&quot;1&quot;:2,&quot;2&quot;:16773836},&quot;9&quot;:0,&quot;12&quot;:0,&quot;14&quot;:{&quot;1&quot;:2,&quot;2&quot;:0},&quot;15&quot;:&quot;docs-Calibri&quot;,&quot;16&quot;:12}\">AK-49<\/span> Cannabis-Samen von Vision Seeds<\/h2>\n<p>Kein Wunder, dass dieser alte Favorit zur Linderung von chronischen Schmerzen, Schlaflosigkeit, Kopfschmerzen und zur Bek\u00e4mpfung von PMS-Symptomen eingesetzt wird - er ist eine wirklich starke Dame. Es ist eine ber\u00fchmte Dame, die von vielen geliebt wird...<\/p>\n<p>Original AK-49 Cannabis-Samen von Vision Seeds sind die perfekten Werkzeuge, um hervorragendes Gras zu z\u00fcchten. Diese kr\u00e4ftige, harzige und kompakte Sorte wurde in den 1990er Jahren f\u00fcr ihre starke Wirkung und ihren hohen THC-Gehalt bekannt. Wenn Sie eine hochwertige Indica mit einem unerwartet glatten Rauch wollen, ist diese Hanfsamen von AK-47 - AK-49 Schwester genau das, was Sie brauchen!<\/p>\n<p>Holen Sie sich diese Samen, um Ihre eigene unglaubliche Ernte einzufahren!<\/p>","protected":false},"excerpt":{"rendered":"<p>Sie k\u00f6nnen immer auf AK-49 Cannabis Seeds f\u00fcr hohe Qualit\u00e4t und euphorischen Rausch z\u00e4hlen. AK-49 ist eine starke Sorte mit leichtem Rauch. Diese Schwestersorte von AK-47 liefert perfekt gro\u00dfe, harzige Knospen, die am besten unter Bedingungen mit hoher Luftfeuchtigkeit angebaut werden. AK-49 arbeitet schnell und wird Dich nicht entt\u00e4uschen!<\/p>","protected":false},"featured_media":36444,"template":"","meta":[],"product_brand":[],"product_cat":[546,297,549,548,638],"product_tag":[],"class_list":{"0":"post-36416","1":"product","2":"type-product","3":"status-publish","4":"has-post-thumbnail","6":"product_cat-seedshop","7":"product_cat-all-products","8":"product_cat-feminized-seeds","9":"product_cat-high-thc-seeds","10":"product_cat-vision-seeds","11":"product_shipping_class-creditcard-on","13":"first","14":"instock","15":"taxable","16":"shipping-taxable","17":"purchasable","18":"product-type-variable","19":"has-default-attributes"},"_links":{"self":[{"href":"https:\/\/www.tatanka.nl\/de\/wp-json\/wp\/v2\/product\/36416","targetHints":{"allow":["GET"]}}],"collection":[{"href":"https:\/\/www.tatanka.nl\/de\/wp-json\/wp\/v2\/product"}],"about":[{"href":"https:\/\/www.tatanka.nl\/de\/wp-json\/wp\/v2\/types\/product"}],"wp:featuredmedia":[{"embeddable":true,"href":"https:\/\/www.tatanka.nl\/de\/wp-json\/wp\/v2\/media\/36444"}],"wp:attachment":[{"href":"https:\/\/www.tatanka.nl\/de\/wp-json\/wp\/v2\/media?parent=36416"}],"wp:term":[{"taxonomy":"product_brand","embeddable":true,"href":"https:\/\/www.tatanka.nl\/de\/wp-json\/wp\/v2\/product_brand?post=36416"},{"taxonomy":"product_cat","embeddable":true,"href":"https:\/\/www.tatanka.nl\/de\/wp-json\/wp\/v2\/product_cat?post=36416"},{"taxonomy":"product_tag","embeddable":true,"href":"https:\/\/www.tatanka.nl\/de\/wp-json\/wp\/v2\/product_tag?post=36416"}],"curies":[{"name":"wp","href":"https:\/\/api.w.org\/{rel}","templated":true}]}}