{"id":36417,"date":"2025-01-30T17:36:08","date_gmt":"2025-01-30T16:36:08","guid":{"rendered":"https:\/\/www.tatanka.nl\/?post_type=product&#038;p=36417"},"modified":"2025-05-16T14:42:11","modified_gmt":"2025-05-16T13:42:11","slug":"amnesia","status":"publish","type":"product","link":"https:\/\/www.tatanka.nl\/de\/amnesia\/","title":{"rendered":"Amnesia - Vision Saatgut"},"content":{"rendered":"<h2><span data-sheets-value=\"{&quot;1&quot;:2,&quot;2&quot;:&quot;Amnesia&quot;}\" data-sheets-userformat=\"{&quot;2&quot;:6723,&quot;3&quot;:{&quot;1&quot;:0},&quot;4&quot;:{&quot;1&quot;:2,&quot;2&quot;:16573901},&quot;9&quot;:0,&quot;12&quot;:0,&quot;14&quot;:{&quot;1&quot;:2,&quot;2&quot;:0},&quot;15&quot;:&quot;Arial&quot;}\">Amnesia <\/span>Cannabis-Samen von Vision Seeds<\/h2>\n<p>Diese Cannabis-Samen sind Ihr Ticket zu einem Rausch, der Sie buchst\u00e4blich mit Gl\u00fcck und Euphorie \u00fcberraschen wird. Vision Seeds Amnesia ist eine perfekte Mischung aus kreativer Motivation und Sativa-Dominanz. Diese Dame wird Deine Kreativit\u00e4t mit ihrem energiegeladenen Gras an die Grenzen bringen, das alles belebt, von Deinen Gedanken bis zu Deinen Muskeln - und Dir kreative Inspiration spendet.<\/p>\n<p>Sie riecht eher subtil, aber erst in dem Moment, in dem sie angez\u00fcndet wird, werden die Genie\u00dfer mit einem dunstigen, blumigen Hauch konfrontiert! Die Wirkung kann bereits 5-15 Minuten nach dem Rauchen eintreten und die Leute berichten von einem gesteigerten Gl\u00fccksgef\u00fchl, gemischt mit einer erh\u00f6hten zerebralen Wirkung.<\/p>","protected":false},"excerpt":{"rendered":"<p>Der Anbau von Cannabis im Haus ist aufregend, aber es gibt viele Dinge zu lernen, bevor Sie ein Experte f\u00fcr den Anbau f\u00fcr sich selbst werden. Amnesia Cannabis Seeds sind der perfekte Einstieg f\u00fcr Anf\u00e4nger in diese neue Welt des Anbaus mit einer schnell bl\u00fchenden Sativa-Sorte, die sich schnell einstellt.<\/p>","protected":false},"featured_media":36445,"template":"","meta":[],"product_brand":[],"product_cat":[546,297,549,638],"product_tag":[],"class_list":{"0":"post-36417","1":"product","2":"type-product","3":"status-publish","4":"has-post-thumbnail","6":"product_cat-seedshop","7":"product_cat-all-products","8":"product_cat-feminized-seeds","9":"product_cat-vision-seeds","10":"product_shipping_class-creditcard-on","12":"first","13":"instock","14":"taxable","15":"shipping-taxable","16":"purchasable","17":"product-type-variable","18":"has-default-attributes"},"_links":{"self":[{"href":"https:\/\/www.tatanka.nl\/de\/wp-json\/wp\/v2\/product\/36417","targetHints":{"allow":["GET"]}}],"collection":[{"href":"https:\/\/www.tatanka.nl\/de\/wp-json\/wp\/v2\/product"}],"about":[{"href":"https:\/\/www.tatanka.nl\/de\/wp-json\/wp\/v2\/types\/product"}],"wp:featuredmedia":[{"embeddable":true,"href":"https:\/\/www.tatanka.nl\/de\/wp-json\/wp\/v2\/media\/36445"}],"wp:attachment":[{"href":"https:\/\/www.tatanka.nl\/de\/wp-json\/wp\/v2\/media?parent=36417"}],"wp:term":[{"taxonomy":"product_brand","embeddable":true,"href":"https:\/\/www.tatanka.nl\/de\/wp-json\/wp\/v2\/product_brand?post=36417"},{"taxonomy":"product_cat","embeddable":true,"href":"https:\/\/www.tatanka.nl\/de\/wp-json\/wp\/v2\/product_cat?post=36417"},{"taxonomy":"product_tag","embeddable":true,"href":"https:\/\/www.tatanka.nl\/de\/wp-json\/wp\/v2\/product_tag?post=36417"}],"curies":[{"name":"wp","href":"https:\/\/api.w.org\/{rel}","templated":true}]}}