{"id":36419,"date":"2025-01-30T17:36:08","date_gmt":"2025-01-30T16:36:08","guid":{"rendered":"https:\/\/www.tatanka.nl\/?post_type=product&#038;p=36419"},"modified":"2025-05-16T14:42:43","modified_gmt":"2025-05-16T13:42:43","slug":"big-bud","status":"publish","type":"product","link":"https:\/\/www.tatanka.nl\/de\/big-bud\/","title":{"rendered":"Big Bud - Vision Saatgut"},"content":{"rendered":"<h2>Big Bud Cannabis-Samen von Vision Seeds<\/h2>\n<p>Big Bud ist eine starke Indica-dominante Sorte, die ihrem Namen alle Ehre macht. Mit ihrer kurzen Bl\u00fctezeit ist diese Kirsche ein wahres Vergn\u00fcgen f\u00fcr den Z\u00fcchter. Sie w\u00e4chst am besten in milden und gem\u00fctlichen Klimazonen und ist bei kommerziellen Z\u00fcchtern wegen ihres hohen Ertrags sehr beliebt.<\/p>\n<p>Big Bud wurde beim renommierten High Times Cannabis Cup drei Jahre in Folge mit dem zweiten Platz ausgezeichnet - nicht zu verachten!<\/p>\n<p>Gro\u00dfe, gut abgerundete Knospen sind das, was diese schwere Indica f\u00fcr ihren unglaublichen Ertrag bekannt macht. Wenn Du Deine mittelgro\u00dfen Gel\u00fcste im Freien ausleben m\u00f6chtest, solltest Du den Anbau dieser enormen, ertragreichen Dame in Betracht ziehen. Sie ist wirklich erstaunlich!<\/p>","protected":false},"excerpt":{"rendered":"<p>Gro\u00dfe Knospen sind die beste Art von Knospen! Mit nur 8-9 Wochen zu bekommen, um Sie auf zu wachsen, k\u00f6nnen Sie ihre leistungsstarke Genetik in Ihrem Garten haben. Big Bud Cannabis Seeds sind f\u00fcr Menschen, die eine verr\u00fcckte solide Pflanze wachsen wollen und wissen, was sie tun. Der Name sagt schon alles!<\/p>","protected":false},"featured_media":36447,"template":"","meta":[],"product_brand":[],"product_cat":[546,297,549,550,638],"product_tag":[],"class_list":{"0":"post-36419","1":"product","2":"type-product","3":"status-publish","4":"has-post-thumbnail","6":"product_cat-seedshop","7":"product_cat-all-products","8":"product_cat-feminized-seeds","9":"product_cat-seedshop-top-10","10":"product_cat-vision-seeds","11":"product_shipping_class-creditcard-on","13":"first","14":"instock","15":"taxable","16":"shipping-taxable","17":"purchasable","18":"product-type-variable","19":"has-default-attributes"},"_links":{"self":[{"href":"https:\/\/www.tatanka.nl\/de\/wp-json\/wp\/v2\/product\/36419","targetHints":{"allow":["GET"]}}],"collection":[{"href":"https:\/\/www.tatanka.nl\/de\/wp-json\/wp\/v2\/product"}],"about":[{"href":"https:\/\/www.tatanka.nl\/de\/wp-json\/wp\/v2\/types\/product"}],"wp:featuredmedia":[{"embeddable":true,"href":"https:\/\/www.tatanka.nl\/de\/wp-json\/wp\/v2\/media\/36447"}],"wp:attachment":[{"href":"https:\/\/www.tatanka.nl\/de\/wp-json\/wp\/v2\/media?parent=36419"}],"wp:term":[{"taxonomy":"product_brand","embeddable":true,"href":"https:\/\/www.tatanka.nl\/de\/wp-json\/wp\/v2\/product_brand?post=36419"},{"taxonomy":"product_cat","embeddable":true,"href":"https:\/\/www.tatanka.nl\/de\/wp-json\/wp\/v2\/product_cat?post=36419"},{"taxonomy":"product_tag","embeddable":true,"href":"https:\/\/www.tatanka.nl\/de\/wp-json\/wp\/v2\/product_tag?post=36419"}],"curies":[{"name":"wp","href":"https:\/\/api.w.org\/{rel}","templated":true}]}}