{"id":36420,"date":"2025-01-30T17:36:08","date_gmt":"2025-01-30T16:36:08","guid":{"rendered":"https:\/\/www.tatanka.nl\/?post_type=product&#038;p=36420"},"modified":"2025-06-20T00:48:32","modified_gmt":"2025-06-19T23:48:32","slug":"blue-power","status":"publish","type":"product","link":"https:\/\/www.tatanka.nl\/de\/blue-power\/","title":{"rendered":"Blue Power - Vision Saatgut"},"content":{"rendered":"<h2>Blue Power Cannabis-Samen von Vision Seeds<\/h2>\n<p>Blue Power Cannabis Seeds sind perfekt f\u00fcr all Deine s\u00fc\u00dfen, fruchtigen Bed\u00fcrfnisse. Durch die Kreuzung von Blueberry mit White Widow und Skunk erzeugen diese Samen ein starkes, nach Zuckerwatte duftendes Kraut. Diese geilen kleinen Jungs werden Dich fragen lassen, warum Du Power-Sorten noch nie Aufmerksamkeit geschenkt hast!<\/p>\n<p>Holen Sie sich ein paar Vision Seeds Blue Power Cannabis-Samen und machen Sie sich bereit, sich selbst mit dem atemberaubend sch\u00f6nen, endlosen Geschmack zu \u00fcberraschen, der mit einem Knall von CBD gekr\u00f6nt wird.<\/p>\n<p>Bonbonfarbene Knospen, sternf\u00f6rmiges Bonbon-High! Das ist es, was Du bekommst, wenn Du Skunk, White Widow und Blueberry miteinander kreuzt, um diese unglaubliche Sorte zu erhalten, die Dir das gibt, was Du jederzeit brauchst - Energie, Euphorie und Gl\u00fcck, verpackt in einem erstaunlichen Duft von Beeren. Alle Naschkatzen m\u00fcssen dieses Baby unbedingt ausprobieren!<\/p>","protected":false},"excerpt":{"rendered":"<p>Blue Power Cannabis ist ein Muss f\u00fcr Ihren Garten! Nachdem Sie diese starke Sorte gerochen haben, werden Sie wissen, warum. Glatt und fruchtig mit einem ausgepr\u00e4gten Beerenaroma, ist Blue Power eine der begehrtesten Cannabisbl\u00fcten in der Kollektion von Vision Seeds. Erstaunlich und lecker K\u00f6nigin, die eine erstaunliche Raucherfahrung bringt!<\/p>","protected":false},"featured_media":36448,"template":"","meta":[],"product_brand":[],"product_cat":[546,297,549,638],"product_tag":[],"class_list":{"0":"post-36420","1":"product","2":"type-product","3":"status-publish","4":"has-post-thumbnail","6":"product_cat-seedshop","7":"product_cat-all-products","8":"product_cat-feminized-seeds","9":"product_cat-vision-seeds","10":"product_shipping_class-creditcard-on","12":"first","13":"instock","14":"taxable","15":"shipping-taxable","16":"purchasable","17":"product-type-variable","18":"has-default-attributes"},"_links":{"self":[{"href":"https:\/\/www.tatanka.nl\/de\/wp-json\/wp\/v2\/product\/36420","targetHints":{"allow":["GET"]}}],"collection":[{"href":"https:\/\/www.tatanka.nl\/de\/wp-json\/wp\/v2\/product"}],"about":[{"href":"https:\/\/www.tatanka.nl\/de\/wp-json\/wp\/v2\/types\/product"}],"wp:featuredmedia":[{"embeddable":true,"href":"https:\/\/www.tatanka.nl\/de\/wp-json\/wp\/v2\/media\/36448"}],"wp:attachment":[{"href":"https:\/\/www.tatanka.nl\/de\/wp-json\/wp\/v2\/media?parent=36420"}],"wp:term":[{"taxonomy":"product_brand","embeddable":true,"href":"https:\/\/www.tatanka.nl\/de\/wp-json\/wp\/v2\/product_brand?post=36420"},{"taxonomy":"product_cat","embeddable":true,"href":"https:\/\/www.tatanka.nl\/de\/wp-json\/wp\/v2\/product_cat?post=36420"},{"taxonomy":"product_tag","embeddable":true,"href":"https:\/\/www.tatanka.nl\/de\/wp-json\/wp\/v2\/product_tag?post=36420"}],"curies":[{"name":"wp","href":"https:\/\/api.w.org\/{rel}","templated":true}]}}