{"id":36421,"date":"2025-01-30T17:36:09","date_gmt":"2025-01-30T16:36:09","guid":{"rendered":"https:\/\/www.tatanka.nl\/?post_type=product&#038;p=36421"},"modified":"2025-05-16T14:40:25","modified_gmt":"2025-05-16T13:40:25","slug":"bona-dea-cbd","status":"publish","type":"product","link":"https:\/\/www.tatanka.nl\/de\/bona-dea-cbd\/","title":{"rendered":"Bona Dea (CBD+) - Vision Saatgut"},"content":{"rendered":"<h2><span data-sheets-value=\"{&quot;1&quot;:2,&quot;2&quot;:&quot;Bona Dea (CBD+)&quot;}\" data-sheets-userformat=\"{&quot;2&quot;:6723,&quot;3&quot;:{&quot;1&quot;:0},&quot;4&quot;:{&quot;1&quot;:2,&quot;2&quot;:14275305},&quot;9&quot;:0,&quot;12&quot;:0,&quot;14&quot;:{&quot;1&quot;:2,&quot;2&quot;:0},&quot;15&quot;:&quot;Arial&quot;}\">Bona Dea (CBD+)<\/span> Cannabis-Samen von Vision Seeds<\/h2>\n<p>Bona Dea ist ein unglaublicher Indica-Hybrid, der f\u00fcr einen hohen CBD-Gehalt optimiert wurde. Perfekt f\u00fcr diejenigen, die medizinisches Marihuana m\u00f6gen, aber nicht die starken psychoaktiven Effekte wollen. Diese Sorte wird Ihre Muskeln entspannen und es Ihnen erm\u00f6glichen, nach einem stressigen Tag auf der Arbeit oder in der Schule leichter einzuschlafen. Das perfekte Gleichgewicht von THC und CBD bedeutet, dass Bona Dea optimale Vorteile f\u00fcr Menschen bietet, die nach medizinischer Linderung suchen, ohne ihren Verstand zu verlieren. Gibt es eine bessere Art, sich zu entspannen als mit k\u00f6stlichem Gras?<\/p>\n<p>Du hast es ausnahmsweise mal in den Arbeitstag geschafft, aber Du hast noch so viele Meetings vor Dir und immer noch diese Schmerzen im Handgelenk. Sei geerdet mit Bona Dea (CBD+) Cannabis Seeds von Vision Seeds, die Deine Muskeln beruhigt und Dir unglaubliche Entspannungseffekte bietet, ohne Dich au\u00dfer Gefecht zu setzen. Vergiss nicht, dass sie immer noch satte 9% THC enth\u00e4lt!<\/p>","protected":false},"excerpt":{"rendered":"<p>Diese erstaunlichen Indica-Cannabis-Knospen lassen Sie entspannt, schmerzfrei und schlafen wie ein Baby. Eine wundersch\u00f6ne Sorte, die perfekt f\u00fcr alle ist, denen die Wirkung von High-THC-Sorten zu stark ist. Der ausgewogene THC- und CBD-Gehalt von Bona Dea sorgt daf\u00fcr, dass Sie alle medizinischen Vorteile nutzen k\u00f6nnen, ohne dass Sie Ihre Gedanken oder k\u00f6rperlichen Gef\u00fchle unterdr\u00fccken m\u00fcssen. Wenn sich vern\u00fcnftige Entspannung f\u00fcr Dich gut anh\u00f6rt, dann ist Bona Dea Dein M\u00e4dchen!<\/p>","protected":false},"featured_media":36449,"template":"","meta":[],"product_brand":[],"product_cat":[546,297,549,550,638],"product_tag":[],"class_list":{"0":"post-36421","1":"product","2":"type-product","3":"status-publish","4":"has-post-thumbnail","6":"product_cat-seedshop","7":"product_cat-all-products","8":"product_cat-feminized-seeds","9":"product_cat-seedshop-top-10","10":"product_cat-vision-seeds","11":"product_shipping_class-creditcard-on","13":"first","14":"instock","15":"taxable","16":"shipping-taxable","17":"purchasable","18":"product-type-variable","19":"has-default-attributes"},"_links":{"self":[{"href":"https:\/\/www.tatanka.nl\/de\/wp-json\/wp\/v2\/product\/36421","targetHints":{"allow":["GET"]}}],"collection":[{"href":"https:\/\/www.tatanka.nl\/de\/wp-json\/wp\/v2\/product"}],"about":[{"href":"https:\/\/www.tatanka.nl\/de\/wp-json\/wp\/v2\/types\/product"}],"wp:featuredmedia":[{"embeddable":true,"href":"https:\/\/www.tatanka.nl\/de\/wp-json\/wp\/v2\/media\/36449"}],"wp:attachment":[{"href":"https:\/\/www.tatanka.nl\/de\/wp-json\/wp\/v2\/media?parent=36421"}],"wp:term":[{"taxonomy":"product_brand","embeddable":true,"href":"https:\/\/www.tatanka.nl\/de\/wp-json\/wp\/v2\/product_brand?post=36421"},{"taxonomy":"product_cat","embeddable":true,"href":"https:\/\/www.tatanka.nl\/de\/wp-json\/wp\/v2\/product_cat?post=36421"},{"taxonomy":"product_tag","embeddable":true,"href":"https:\/\/www.tatanka.nl\/de\/wp-json\/wp\/v2\/product_tag?post=36421"}],"curies":[{"name":"wp","href":"https:\/\/api.w.org\/{rel}","templated":true}]}}