{"id":36422,"date":"2025-01-30T17:36:09","date_gmt":"2025-01-30T16:36:09","guid":{"rendered":"https:\/\/www.tatanka.nl\/?post_type=product&#038;p=36422"},"modified":"2025-05-16T14:40:29","modified_gmt":"2025-05-16T13:40:29","slug":"brainkiller-haze","status":"publish","type":"product","link":"https:\/\/www.tatanka.nl\/de\/brainkiller-haze\/","title":{"rendered":"Brainkiller Haze - Vision Saatgut"},"content":{"rendered":"<h2><span data-sheets-value=\"{&quot;1&quot;:2,&quot;2&quot;:&quot;Brainkiller Haze&quot;}\" data-sheets-userformat=\"{&quot;2&quot;:6723,&quot;3&quot;:{&quot;1&quot;:0},&quot;4&quot;:{&quot;1&quot;:2,&quot;2&quot;:14275305},&quot;9&quot;:0,&quot;12&quot;:0,&quot;14&quot;:{&quot;1&quot;:2,&quot;2&quot;:0},&quot;15&quot;:&quot;Arial&quot;}\">Brainkiller Haze<\/span> Cannabis-Samen von Vision Seeds<\/h2>\n<p>Qualitativ hochwertige Cannabissamen, die sowohl von Anf\u00e4ngern als auch von erfahrenen Profis, die seit Jahren anbauen, gesch\u00e4tzt werden - Brainkiller Haze Cannabis Seeds wird mit seinen riesigen Ertr\u00e4gen an potenten Knospen in k\u00fcrzester Zeit an allen Fronten \u00fcberzeugen!<\/p>\n<p>Brainkiller Haze Cannabis Seeds von Vision Seeds hat ein seltenes, fast reines Haze Genetik Profil und ist auch fast alle Sativa. Sie bl\u00fcht l\u00e4nger als die meisten Pflanzen und w\u00e4chst extrem hoch und verzweigt.<\/p>\n<p>Diese Cannabis-Samen liefern extrem starke, erhebende und fr\u00f6hliche Kopf-Highs f\u00fcr diejenigen, die es am meisten brauchen. Nicht sicher f\u00fcr die Arbeit sollte eine der Warnungen sein, denn diese euphorische, sogar psychedelische Marihuanasorte wird Deinen Geist durcheinander bringen, sobald Du sie anz\u00fcndest!<\/p>","protected":false},"excerpt":{"rendered":"<p>Du wirst das erhebende, aufsteigende High sofort sp\u00fcren. Viele Leute nennen diese Sorte ihren Favoriten, weil sie so kraftvoll und k\u00f6stlich ist! Der berauschende Rausch ist gro\u00dfartig f\u00fcr Kreativit\u00e4t, Inspiration, Kunst oder einfach nur zum Entspannen bei ein paar Melodien an einem faulen Nachmittag. Vergessen Sie nicht, dass diese Dame keine Witze macht! Ganz und gar nicht!<\/p>\n<p>&nbsp;<\/p>","protected":false},"featured_media":36450,"template":"","meta":[],"product_brand":[],"product_cat":[546,297,549,638],"product_tag":[],"class_list":{"0":"post-36422","1":"product","2":"type-product","3":"status-publish","4":"has-post-thumbnail","6":"product_cat-seedshop","7":"product_cat-all-products","8":"product_cat-feminized-seeds","9":"product_cat-vision-seeds","10":"product_shipping_class-creditcard-on","12":"first","13":"instock","14":"taxable","15":"shipping-taxable","16":"purchasable","17":"product-type-variable","18":"has-default-attributes"},"_links":{"self":[{"href":"https:\/\/www.tatanka.nl\/de\/wp-json\/wp\/v2\/product\/36422","targetHints":{"allow":["GET"]}}],"collection":[{"href":"https:\/\/www.tatanka.nl\/de\/wp-json\/wp\/v2\/product"}],"about":[{"href":"https:\/\/www.tatanka.nl\/de\/wp-json\/wp\/v2\/types\/product"}],"wp:featuredmedia":[{"embeddable":true,"href":"https:\/\/www.tatanka.nl\/de\/wp-json\/wp\/v2\/media\/36450"}],"wp:attachment":[{"href":"https:\/\/www.tatanka.nl\/de\/wp-json\/wp\/v2\/media?parent=36422"}],"wp:term":[{"taxonomy":"product_brand","embeddable":true,"href":"https:\/\/www.tatanka.nl\/de\/wp-json\/wp\/v2\/product_brand?post=36422"},{"taxonomy":"product_cat","embeddable":true,"href":"https:\/\/www.tatanka.nl\/de\/wp-json\/wp\/v2\/product_cat?post=36422"},{"taxonomy":"product_tag","embeddable":true,"href":"https:\/\/www.tatanka.nl\/de\/wp-json\/wp\/v2\/product_tag?post=36422"}],"curies":[{"name":"wp","href":"https:\/\/api.w.org\/{rel}","templated":true}]}}