{"id":36423,"date":"2025-01-30T17:36:09","date_gmt":"2025-01-30T16:36:09","guid":{"rendered":"https:\/\/www.tatanka.nl\/?post_type=product&#038;p=36423"},"modified":"2025-05-16T14:40:37","modified_gmt":"2025-05-16T13:40:37","slug":"caramel-monster","status":"publish","type":"product","link":"https:\/\/www.tatanka.nl\/de\/caramel-monster\/","title":{"rendered":"Caramel Monster - Vision Seeds"},"content":{"rendered":"<h2>Caramel Monster Cannabis-Samen von Vision Seeds<\/h2>\n<p>Die Cannabinoide, die in den Caramel Monster Weed-Samen enthalten sind, sind so beruhigend, dass Sie feststellen werden, dass sogar Ihre Sorgen mit nur einem Zug dieser Cannabis-Knospe dahinschmelzen. Mit ihrem s\u00fc\u00dfen Beerengeschmack mit einem lang anhaltenden Karamellunterton wurde diese Cannabissorte f\u00fcr diejenigen geschaffen, die einen leicht zu handhabenden Rauch genie\u00dfen. Mit einem THC-Gehalt von durchschnittlich 16-22% ist das Caramel Monster Weed perfekt f\u00fcr Z\u00fcchter, die eine gute Rendite f\u00fcr ihre Investition erzielen wollen.<\/p>\n<p>Diese Sorte hat einen starken s\u00fc\u00dfen Geschmack und einen leichten Geruch, wenn man wei\u00df, wie man sie pflegt. Denken Sie daran, dass sie nicht nur h\u00fcbsch ist, sondern auch alle Indica-Merkmale in sich tr\u00e4gt, einschlie\u00dflich dichter Knospen mit langen orangefarbenen Haaren und Trichomen!<\/p>","protected":false},"excerpt":{"rendered":"<p>Vision Seeds Caramel Monster ist nicht nur die s\u00fc\u00dfeste Cannabissorte, die Du je kennengelernt hast, sondern sie ist auch absolut k\u00f6stlich in Geschmack und Aroma. Als Mitglied der Lavender-Familie, die in der Mitte des Cannabis-Anbauspektrums angesiedelt ist, wird sie den Z\u00fcchtern eine mittelhohe Pflanze mit einem ausgezeichneten THC-Gehalt liefern. Bei der Verkostung dieser Dame kann man nichts falsch machen, denn ihre Knospen sind dicht und gr\u00fcn mit leuchtend orangen Haaren und Trichomen!<\/p>","protected":false},"featured_media":36451,"template":"","meta":[],"product_brand":[],"product_cat":[546,297,549,548,550,638],"product_tag":[],"class_list":{"0":"post-36423","1":"product","2":"type-product","3":"status-publish","4":"has-post-thumbnail","6":"product_cat-seedshop","7":"product_cat-all-products","8":"product_cat-feminized-seeds","9":"product_cat-high-thc-seeds","10":"product_cat-seedshop-top-10","11":"product_cat-vision-seeds","12":"product_shipping_class-creditcard-on","14":"first","15":"instock","16":"taxable","17":"shipping-taxable","18":"purchasable","19":"product-type-variable","20":"has-default-attributes"},"_links":{"self":[{"href":"https:\/\/www.tatanka.nl\/de\/wp-json\/wp\/v2\/product\/36423","targetHints":{"allow":["GET"]}}],"collection":[{"href":"https:\/\/www.tatanka.nl\/de\/wp-json\/wp\/v2\/product"}],"about":[{"href":"https:\/\/www.tatanka.nl\/de\/wp-json\/wp\/v2\/types\/product"}],"wp:featuredmedia":[{"embeddable":true,"href":"https:\/\/www.tatanka.nl\/de\/wp-json\/wp\/v2\/media\/36451"}],"wp:attachment":[{"href":"https:\/\/www.tatanka.nl\/de\/wp-json\/wp\/v2\/media?parent=36423"}],"wp:term":[{"taxonomy":"product_brand","embeddable":true,"href":"https:\/\/www.tatanka.nl\/de\/wp-json\/wp\/v2\/product_brand?post=36423"},{"taxonomy":"product_cat","embeddable":true,"href":"https:\/\/www.tatanka.nl\/de\/wp-json\/wp\/v2\/product_cat?post=36423"},{"taxonomy":"product_tag","embeddable":true,"href":"https:\/\/www.tatanka.nl\/de\/wp-json\/wp\/v2\/product_tag?post=36423"}],"curies":[{"name":"wp","href":"https:\/\/api.w.org\/{rel}","templated":true}]}}