{"id":36424,"date":"2025-01-30T17:36:09","date_gmt":"2025-01-30T16:36:09","guid":{"rendered":"https:\/\/www.tatanka.nl\/?post_type=product&#038;p=36424"},"modified":"2025-05-16T14:40:37","modified_gmt":"2025-05-16T13:40:37","slug":"cheese","status":"publish","type":"product","link":"https:\/\/www.tatanka.nl\/de\/cheese\/","title":{"rendered":"Cheese - Vision Saatgut"},"content":{"rendered":"<h2>Cheese Cannabis-Samen von Vision Seeds<\/h2>\n<p>Die Cheese Cannabis Seeds von Vision Seeds werden von jedem eingefleischten Cheese-Cannabis-Fan geliebt werden, der aufbl\u00fcht, wenn dieses Moschus-Aroma im Raum schwebt! Die Genetik dieser relativ starken Cheese-Pflanzen ist ziemlich dicht und intensiv, so dass Sie ein tolles starkes Cannabis-Aroma mit Skunk-Untert\u00f6nen erwarten k\u00f6nnen. Nach dem Rauchen bekommst Du einen anst\u00e4ndigen Body-Stone, der mit einer angenehmen Euphorie einhergeht.<\/p>\n<p>Diese Pflanze wird garantiert alle K\u00e4seliebhaber begeistern, die auf der Suche nach einer angenehmen emotionalen, k\u00f6rperlichen und geistigen Erfahrung sind. Vision Seeds Cheese wird Sie mit ihrem funky Aroma von Moschus Skunk Kush verzaubern. Die Sorte bietet ein erstaunliches K\u00f6rpergef\u00fchl gepaart mit angenehmer Euphorie.<\/p>","protected":false},"excerpt":{"rendered":"<p>Cheese ist bekannt f\u00fcr den moschusartigen Geruch, den sie verstr\u00f6mt. Diese Sorte ist f\u00fcr alle gedacht, die alles lieben, was mit K\u00e4se zu tun hat. Mit ihrem starken Einfluss von Skunk und Kush wird sie dich garantiert in mehr als einer Hinsicht zufriedenstellen. Es ist eine verdammt gute Sorte f\u00fcr einen echten Cannabis-Liebhaber!<\/p>","protected":false},"featured_media":36452,"template":"","meta":[],"product_brand":[],"product_cat":[546,297,549,638],"product_tag":[],"class_list":{"0":"post-36424","1":"product","2":"type-product","3":"status-publish","4":"has-post-thumbnail","6":"product_cat-seedshop","7":"product_cat-all-products","8":"product_cat-feminized-seeds","9":"product_cat-vision-seeds","10":"product_shipping_class-creditcard-on","12":"first","13":"instock","14":"taxable","15":"shipping-taxable","16":"purchasable","17":"product-type-variable","18":"has-default-attributes"},"_links":{"self":[{"href":"https:\/\/www.tatanka.nl\/de\/wp-json\/wp\/v2\/product\/36424","targetHints":{"allow":["GET"]}}],"collection":[{"href":"https:\/\/www.tatanka.nl\/de\/wp-json\/wp\/v2\/product"}],"about":[{"href":"https:\/\/www.tatanka.nl\/de\/wp-json\/wp\/v2\/types\/product"}],"wp:featuredmedia":[{"embeddable":true,"href":"https:\/\/www.tatanka.nl\/de\/wp-json\/wp\/v2\/media\/36452"}],"wp:attachment":[{"href":"https:\/\/www.tatanka.nl\/de\/wp-json\/wp\/v2\/media?parent=36424"}],"wp:term":[{"taxonomy":"product_brand","embeddable":true,"href":"https:\/\/www.tatanka.nl\/de\/wp-json\/wp\/v2\/product_brand?post=36424"},{"taxonomy":"product_cat","embeddable":true,"href":"https:\/\/www.tatanka.nl\/de\/wp-json\/wp\/v2\/product_cat?post=36424"},{"taxonomy":"product_tag","embeddable":true,"href":"https:\/\/www.tatanka.nl\/de\/wp-json\/wp\/v2\/product_tag?post=36424"}],"curies":[{"name":"wp","href":"https:\/\/api.w.org\/{rel}","templated":true}]}}