{"id":36425,"date":"2025-01-30T17:36:09","date_gmt":"2025-01-30T16:36:09","guid":{"rendered":"https:\/\/www.tatanka.nl\/?post_type=product&#038;p=36425"},"modified":"2025-05-16T14:40:46","modified_gmt":"2025-05-16T13:40:46","slug":"choco-bud","status":"publish","type":"product","link":"https:\/\/www.tatanka.nl\/de\/choco-bud\/","title":{"rendered":"Choco Bud - Vision Saatgut"},"content":{"rendered":"<h2>Choco Bud Cannabis-Samen von Vision Seeds<\/h2>\n<p>Mit einem h\u00f6heren CBD-Gehalt ist Choco Bud eine potente Cannabissorte zur Linderung vieler k\u00f6rperlicher Beschwerden. Mit Ertr\u00e4gen von 160-180 g\/m2 wird dich diese Sch\u00f6nheit definitiv dazu bringen, dich in die Art und Weise zu verlieben, wie sie w\u00e4chst! Das Hauptaugenmerk eines jeden, der sie jemals angebaut hat, liegt zweifellos darin, wie fantastisch sie schmeckt. Wenn sie getrocknet und vor dem Verzehr ausgeh\u00e4rtet wird, kann man davon ausgehen, dass in jedem Zug dieses Krauts ein Schokoladen-\/Karamellgeschmack enthalten ist.<\/p>\n<p>Mit Eigenschaften, die an Sour Diesel erinnern, die lustig und zerebral ist, zu Purple Kush, die den K\u00f6rper Buzz, die Sie alle gl\u00fccklich im Inneren macht, zu anderen schweren Hand St\u00e4mme wie Strawberry Moonshine oder Tahoe OG Kush, um eine immer eskalierende Kopf Rausch, dass Ihr Geist klar wie sein kann, zu liefern. Eine gute Wahl.<\/p>","protected":false},"excerpt":{"rendered":"<p>Die sind wirklich gut! Gez\u00fcchtet f\u00fcr abenteuerlustige Raucher auf der Suche nach ein wenig Vielseitigkeit in ihrem High, wird dieses M\u00e4dchen genau das Richtige sein. S\u00fc\u00df f\u00fcr die Sinne! Diese k\u00f6nigliche Dame der Cannabisbl\u00fcten bietet einen aufregenden, leichten Schokoladen- bis Karamellgeschmack mit einem fruchtigen Abgang. Ein flauschiges und verzweigtes M\u00e4dchen, Vision Seeds' Choco Bud wurde von vielen als einzigartig und erstaunlich beschrieben!<\/p>","protected":false},"featured_media":36453,"template":"","meta":[],"product_brand":[],"product_cat":[546,297,549,550,638],"product_tag":[],"class_list":{"0":"post-36425","1":"product","2":"type-product","3":"status-publish","4":"has-post-thumbnail","6":"product_cat-seedshop","7":"product_cat-all-products","8":"product_cat-feminized-seeds","9":"product_cat-seedshop-top-10","10":"product_cat-vision-seeds","11":"product_shipping_class-creditcard-on","13":"first","14":"instock","15":"taxable","16":"shipping-taxable","17":"purchasable","18":"product-type-variable","19":"has-default-attributes"},"_links":{"self":[{"href":"https:\/\/www.tatanka.nl\/de\/wp-json\/wp\/v2\/product\/36425","targetHints":{"allow":["GET"]}}],"collection":[{"href":"https:\/\/www.tatanka.nl\/de\/wp-json\/wp\/v2\/product"}],"about":[{"href":"https:\/\/www.tatanka.nl\/de\/wp-json\/wp\/v2\/types\/product"}],"wp:featuredmedia":[{"embeddable":true,"href":"https:\/\/www.tatanka.nl\/de\/wp-json\/wp\/v2\/media\/36453"}],"wp:attachment":[{"href":"https:\/\/www.tatanka.nl\/de\/wp-json\/wp\/v2\/media?parent=36425"}],"wp:term":[{"taxonomy":"product_brand","embeddable":true,"href":"https:\/\/www.tatanka.nl\/de\/wp-json\/wp\/v2\/product_brand?post=36425"},{"taxonomy":"product_cat","embeddable":true,"href":"https:\/\/www.tatanka.nl\/de\/wp-json\/wp\/v2\/product_cat?post=36425"},{"taxonomy":"product_tag","embeddable":true,"href":"https:\/\/www.tatanka.nl\/de\/wp-json\/wp\/v2\/product_tag?post=36425"}],"curies":[{"name":"wp","href":"https:\/\/api.w.org\/{rel}","templated":true}]}}